{"id":2121,"date":"2021-12-17T10:25:46","date_gmt":"2021-12-17T13:25:46","guid":{"rendered":"https:\/\/uenf.br\/posgraduacao\/biociencias-biotecnologia\/?page_id=2121"},"modified":"2024-02-09T21:43:00","modified_gmt":"2024-02-10T00:43:00","slug":"homologacao-das-inscricoes","status":"publish","type":"page","link":"https:\/\/uenf.br\/posgraduacao\/biociencias-biotecnologia\/processo-seletivo\/homologacao-das-inscricoes\/","title":{"rendered":"Mestrado e Doutorado 1\u00ba\/2024: Homologa\u00e7\u00e3o das Inscri\u00e7\u00f5es"},"content":{"rendered":"<ul>\n<li><a href=\"https:\/\/uenf.br\/posgraduacao\/biociencias-biotecnologia\/wp-content\/uploads\/sites\/12\/2023\/12\/HOMOLOGACAO-CANDIDATOS-MESTRADO-2024.1.pdf\">HOMOLOGA\u00c7\u00c3O CANDIDATOS MESTRADO 2024.1<\/a><\/li>\n<li><a href=\"https:\/\/uenf.br\/posgraduacao\/biociencias-biotecnologia\/wp-content\/uploads\/sites\/12\/2023\/12\/HOMOLOGACAO-CANDIDATOS-DOUTORADO-2024.1.pdf\">HOMOLOGA\u00c7\u00c3O CANDIDATOS DOUTORADO 2024.1<\/a><\/li>\n<\/ul>\n","protected":false},"excerpt":{"rendered":"<p>HOMOLOGA\u00c7\u00c3O CANDIDATOS MESTRADO 2024.1 HOMOLOGA\u00c7\u00c3O CANDIDATOS DOUTORADO 2024.1<\/p>\n","protected":false},"author":25,"featured_media":0,"parent":86,"menu_order":1,"comment_status":"closed","ping_status":"closed","template":"","meta":{"footnotes":""},"class_list":["post-2121","page","type-page","status-publish","hentry"],"_links":{"self":[{"href":"https:\/\/uenf.br\/posgraduacao\/biociencias-biotecnologia\/wp-json\/wp\/v2\/pages\/2121","targetHints":{"allow":["GET"]}}],"collection":[{"href":"https:\/\/uenf.br\/posgraduacao\/biociencias-biotecnologia\/wp-json\/wp\/v2\/pages"}],"about":[{"href":"https:\/\/uenf.br\/posgraduacao\/biociencias-biotecnologia\/wp-json\/wp\/v2\/types\/page"}],"author":[{"embeddable":true,"href":"https:\/\/uenf.br\/posgraduacao\/biociencias-biotecnologia\/wp-json\/wp\/v2\/users\/25"}],"replies":[{"embeddable":true,"href":"https:\/\/uenf.br\/posgraduacao\/biociencias-biotecnologia\/wp-json\/wp\/v2\/comments?post=2121"}],"version-history":[{"count":0,"href":"https:\/\/uenf.br\/posgraduacao\/biociencias-biotecnologia\/wp-json\/wp\/v2\/pages\/2121\/revisions"}],"up":[{"embeddable":true,"href":"https:\/\/uenf.br\/posgraduacao\/biociencias-biotecnologia\/wp-json\/wp\/v2\/pages\/86"}],"wp:attachment":[{"href":"https:\/\/uenf.br\/posgraduacao\/biociencias-biotecnologia\/wp-json\/wp\/v2\/media?parent=2121"}],"curies":[{"name":"wp","href":"https:\/\/api.w.org\/{rel}","templated":true}]}}