{"id":2126,"date":"2022-02-03T20:44:42","date_gmt":"2022-02-03T23:44:42","guid":{"rendered":"https:\/\/uenf.br\/posgraduacao\/biociencias-biotecnologia\/?page_id=2126"},"modified":"2024-02-09T21:44:21","modified_gmt":"2024-02-10T00:44:21","slug":"entrevista-ms","status":"publish","type":"page","link":"https:\/\/uenf.br\/posgraduacao\/biociencias-biotecnologia\/processo-seletivo\/entrevista-ms\/","title":{"rendered":"Cronograma de Entrevistas Mestrado"},"content":{"rendered":"<table border=\"0\" width=\"739\" cellspacing=\"0\" cellpadding=\"0\">\n<colgroup>\n<col width=\"88\" \/>\n<col width=\"651\" \/><\/colgroup>\n<tbody>\n<tr>\n<td class=\"xl65\" colspan=\"2\" width=\"739\" height=\"20\"><strong><span style=\"color: #0a85cc\">Entrevistas &#8211; Mestrado &#8211; <span style=\"color: #0b78b3\">Sele\u00e7\u00e3o <\/span><b style=\"color: #0b78b3\">1\u00b0 semestre\/2024<\/b><\/span><\/strong><\/td>\n<\/tr>\n<\/tbody>\n<\/table>\n<p>O link para videochamada da entrevista ser\u00e1 enviado para o email da(o) candidata(o).<\/p>\n<table border=\"0\" width=\"651\" cellspacing=\"0\" cellpadding=\"0\">\n<colgroup>\n<col width=\"651\" \/><\/colgroup>\n<tbody>\n<tr>\n<td style=\"padding-left: 40px\" width=\"651\" height=\"20\"><strong>Ter\u00e7a-feira, 12 de dezembro\u00a0<\/strong><\/td>\n<\/tr>\n<\/tbody>\n<\/table>\n<table border=\"0\" width=\"783\" cellspacing=\"0\" cellpadding=\"0\">\n<colgroup>\n<col width=\"132\" \/>\n<col width=\"651\" \/><\/colgroup>\n<tbody>\n<tr>\n<td class=\"xl65\" width=\"132\" height=\"20\">Hor\u00e1rios<\/td>\n<td class=\"xl65\" width=\"651\">Candidata(o)<\/td>\n<\/tr>\n<tr>\n<td class=\"xl66\" height=\"20\">9:00-9:20<\/td>\n<td class=\"xl67\">Aline Ramos Rocha<\/td>\n<\/tr>\n<tr>\n<td class=\"xl66\" height=\"20\">9:25-9:45<\/td>\n<td class=\"xl67\">Amanda Mello da Silva Oliveira<\/td>\n<\/tr>\n<tr>\n<td class=\"xl66\" height=\"20\">9:50-10:10<\/td>\n<td class=\"xl68\"><span class=\"font5\">\u00a0<\/span><span class=\"font6\">Amanda Toledo Machado<\/span><\/td>\n<\/tr>\n<tr>\n<td class=\"xl66\" height=\"20\">10:15-10:35<\/td>\n<td class=\"xl69\">Ana Fl\u00e1via Ribeiro Mendieta<\/td>\n<\/tr>\n<tr>\n<td class=\"xl66\" height=\"20\">10:40-11:00<\/td>\n<td class=\"xl68\"><span class=\"font5\">\u00a0<\/span><span class=\"font6\">Bianca Oliveira Ribeiro de Souza Portela<\/span><\/td>\n<\/tr>\n<tr>\n<td class=\"xl65\" colspan=\"2\" height=\"20\">Intervalo<\/td>\n<\/tr>\n<tr>\n<td class=\"xl66\" height=\"20\">13:30-13:50<\/td>\n<td class=\"xl70\">Carina Barreto Rangel<\/td>\n<\/tr>\n<tr>\n<td class=\"xl66\" height=\"20\">13:55-14:15<\/td>\n<td class=\"xl69\">Christian Andy Guerra Manihuari Cobos<\/td>\n<\/tr>\n<tr>\n<td class=\"xl66\" height=\"20\">14:20-14:40<\/td>\n<td class=\"xl67\">Daniele do Nascimento Aprijo<\/td>\n<\/tr>\n<tr>\n<td class=\"xl66\" height=\"20\">14:45-15:05<\/td>\n<td class=\"xl67\">Edna Barcelos Alves<\/td>\n<\/tr>\n<tr>\n<td class=\"xl66\" height=\"20\">15:10:15:30<\/td>\n<td class=\"xl69\">Evandro Santos de Oliveira<\/td>\n<\/tr>\n<tr>\n<td class=\"xl66\" height=\"20\">15:35-16:00<\/td>\n<td class=\"xl69\">Gabriela Correa Leoncio<\/td>\n<\/tr>\n<\/tbody>\n<\/table>\n<table border=\"0\" width=\"515\" cellspacing=\"0\" cellpadding=\"0\">\n<colgroup>\n<col width=\"515\" \/><\/colgroup>\n<tbody>\n<tr>\n<td style=\"padding-left: 40px\" width=\"515\" height=\"20\"><strong>Quarta-feira, 13 de dezembro\u00a0<\/strong><\/td>\n<\/tr>\n<\/tbody>\n<\/table>\n<table border=\"0\" width=\"666\" cellspacing=\"0\" cellpadding=\"0\">\n<colgroup>\n<col width=\"151\" \/>\n<col width=\"515\" \/><\/colgroup>\n<tbody>\n<tr>\n<td class=\"xl65\" width=\"151\" height=\"20\">Hor\u00e1rios<\/td>\n<td class=\"xl65\" width=\"515\">Candidata(o)<\/td>\n<\/tr>\n<tr>\n<td class=\"xl66\" height=\"20\">9:00-9:20<\/td>\n<td class=\"xl67\">Jessica Macedo Rafael de Arruda<\/td>\n<\/tr>\n<tr>\n<td class=\"xl66\" height=\"20\">9:25-9:45<\/td>\n<td class=\"xl69\"><span class=\"font5\">\u00a0<\/span><span class=\"font0\">J\u00falio C\u00e9zar Rosa de Souza J\u00fanior<\/span><\/td>\n<\/tr>\n<tr>\n<td class=\"xl66\" height=\"20\">9:50-10:10<\/td>\n<td class=\"xl68\">Lais Nogueira Machado<\/td>\n<\/tr>\n<tr>\n<td class=\"xl66\" height=\"20\">10:15-10:35<\/td>\n<td class=\"xl67\">Lanna de Oliveira Corredouro Pereira<\/td>\n<\/tr>\n<tr>\n<td class=\"xl66\" height=\"20\">10:40-11:00<\/td>\n<td class=\"xl67\">Larissa Freitas Artiles Gon\u00e7alves<\/td>\n<\/tr>\n<tr>\n<td class=\"xl70\" colspan=\"2\" height=\"20\">Intervalo<\/td>\n<\/tr>\n<tr>\n<td class=\"xl66\" height=\"20\">13:30-13:50<\/td>\n<td class=\"xl67\">Let\u00edcia dos Santos Nascimento<\/td>\n<\/tr>\n<tr>\n<td class=\"xl66\" height=\"20\">13:55-14:15<\/td>\n<td class=\"xl67\">Lucas Elohim Cardoso Viana Baptista<\/td>\n<\/tr>\n<tr>\n<td class=\"xl66\" height=\"20\">14:20-14:40<\/td>\n<td class=\"xl68\">Marcos Roberto Dias Campos<\/td>\n<\/tr>\n<tr>\n<td class=\"xl66\" height=\"20\">14:45-15:05<\/td>\n<td class=\"xl67\">Maria Alice Souza do Carmo<\/td>\n<\/tr>\n<tr>\n<td class=\"xl66\" height=\"20\">15:10:15:30<\/td>\n<td class=\"xl68\">Mariana Barreto Martins<\/td>\n<\/tr>\n<tr>\n<td class=\"xl66\" height=\"20\">15:35-16:00<\/td>\n<td class=\"xl67\">Pedro Carvalho Ara\u00fajo<\/td>\n<\/tr>\n<\/tbody>\n<\/table>\n<table border=\"0\" width=\"407\" cellspacing=\"0\" cellpadding=\"0\">\n<colgroup>\n<col width=\"407\" \/><\/colgroup>\n<tbody>\n<tr>\n<td style=\"padding-left: 40px\" width=\"407\" height=\"20\"><strong>Quinta-feira, 14 de dezembro\u00a0<\/strong><\/td>\n<\/tr>\n<\/tbody>\n<\/table>\n<table border=\"0\" width=\"544\" cellspacing=\"0\" cellpadding=\"0\">\n<colgroup>\n<col width=\"137\" \/>\n<col width=\"407\" \/><\/colgroup>\n<tbody>\n<tr>\n<td class=\"xl65\" width=\"137\" height=\"20\">Hor\u00e1rios<\/td>\n<td class=\"xl65\" width=\"407\">Candidata(o)<\/td>\n<\/tr>\n<tr>\n<td class=\"xl66\" height=\"20\">9:00-9:20<\/td>\n<td class=\"xl67\">Pethersen Jos\u00e9 Moraes Dos Reis Bueno Rocha<\/td>\n<\/tr>\n<tr>\n<td class=\"xl66\" height=\"20\">9:25-9:45<\/td>\n<td class=\"xl67\">Remy Gabriel Cabezudo Cobos<\/td>\n<\/tr>\n<tr>\n<td class=\"xl66\" height=\"20\">9:50-10:10<\/td>\n<td class=\"xl68\">Stella Maris da Silva Jardim Cristo<\/td>\n<\/tr>\n<tr>\n<td class=\"xl66\" height=\"20\">10:15-10:35<\/td>\n<td class=\"xl68\">Thais Rangel Figueiredo<\/td>\n<\/tr>\n<tr>\n<td class=\"xl66\" height=\"20\">10:40-11:00<\/td>\n<td class=\"xl67\">Vitor dos Santos Lopes<\/td>\n<\/tr>\n<tr>\n<td class=\"xl65\" colspan=\"2\" height=\"20\">Intervalo<\/td>\n<\/tr>\n<tr>\n<td class=\"xl66\" height=\"20\">13:30-13:50<\/td>\n<td class=\"xl67\">Viviane Carreiro Felipe<\/td>\n<\/tr>\n<tr>\n<td class=\"xl69\" height=\"20\">13:55-14:15<\/td>\n<td class=\"xl67\">Yhony Sumari Misaico<\/td>\n<\/tr>\n<\/tbody>\n<\/table>\n","protected":false},"excerpt":{"rendered":"<p>Entrevistas &#8211; Mestrado &#8211; Sele\u00e7\u00e3o 1\u00b0 semestre\/2024 O link para videochamada da entrevista ser\u00e1 enviado para o email da(o) candidata(o)&#8230;.<\/p>\n","protected":false},"author":25,"featured_media":0,"parent":86,"menu_order":2,"comment_status":"closed","ping_status":"closed","template":"","meta":{"footnotes":""},"class_list":["post-2126","page","type-page","status-publish","hentry"],"_links":{"self":[{"href":"https:\/\/uenf.br\/posgraduacao\/biociencias-biotecnologia\/wp-json\/wp\/v2\/pages\/2126","targetHints":{"allow":["GET"]}}],"collection":[{"href":"https:\/\/uenf.br\/posgraduacao\/biociencias-biotecnologia\/wp-json\/wp\/v2\/pages"}],"about":[{"href":"https:\/\/uenf.br\/posgraduacao\/biociencias-biotecnologia\/wp-json\/wp\/v2\/types\/page"}],"author":[{"embeddable":true,"href":"https:\/\/uenf.br\/posgraduacao\/biociencias-biotecnologia\/wp-json\/wp\/v2\/users\/25"}],"replies":[{"embeddable":true,"href":"https:\/\/uenf.br\/posgraduacao\/biociencias-biotecnologia\/wp-json\/wp\/v2\/comments?post=2126"}],"version-history":[{"count":0,"href":"https:\/\/uenf.br\/posgraduacao\/biociencias-biotecnologia\/wp-json\/wp\/v2\/pages\/2126\/revisions"}],"up":[{"embeddable":true,"href":"https:\/\/uenf.br\/posgraduacao\/biociencias-biotecnologia\/wp-json\/wp\/v2\/pages\/86"}],"wp:attachment":[{"href":"https:\/\/uenf.br\/posgraduacao\/biociencias-biotecnologia\/wp-json\/wp\/v2\/media?parent=2126"}],"curies":[{"name":"wp","href":"https:\/\/api.w.org\/{rel}","templated":true}]}}