{"id":2137,"date":"2022-02-10T08:48:06","date_gmt":"2022-02-10T11:48:06","guid":{"rendered":"https:\/\/uenf.br\/posgraduacao\/biociencias-biotecnologia\/?page_id=2137"},"modified":"2024-02-09T21:41:21","modified_gmt":"2024-02-10T00:41:21","slug":"resultado-selecao-mestrado","status":"publish","type":"page","link":"https:\/\/uenf.br\/posgraduacao\/biociencias-biotecnologia\/processo-seletivo\/resultado-selecao-mestrado\/","title":{"rendered":"Edital de Sele\u00e7\u00e3o Mestrado e Doutorado 1\u00ba\/2024 &#8211; Resultado Final"},"content":{"rendered":"<p><span style=\"color: #0366a8\"><strong>Processo Seletivo PGBB\u00a0 1\u00ba\/2024: Result<span style=\"color: #0366a8\">ado Final<\/span><\/strong><\/span><\/p>\n<p><a href=\"https:\/\/uenf.br\/posgraduacao\/biociencias-biotecnologia\/wp-content\/uploads\/sites\/12\/2023\/12\/Resultado-Mestrado-PGBB-UENF-2024-01-final.pdf\"><span style=\"color: #0366a8\">Resultado Mestrado PGBB UENF 2024 01 final<\/span><\/a><\/p>\n<p><span style=\"color: #0366a8\"><a style=\"color: #0366a8\" href=\"https:\/\/uenf.br\/posgraduacao\/biociencias-biotecnologia\/wp-content\/uploads\/sites\/12\/2023\/12\/Resultado-Doutorado-PGBB-UENF-2024-01-final.pdf\">Resultado Doutorado PGBB UENF 2024 01 final<\/a><\/span><\/p>\n<p><strong>Matr\u00edcula:\u00a0 26 a 28\/02\/2024 <\/strong>(ser\u00e1 de forma on-line, onde o aluno receber\u00e1 um e-mail da Secretaria Acad\u00eamica da UENF com a senha inicial para iniciar seu cadastro e\u00a0 as orienta\u00e7\u00f5es para efetuar sua matr\u00edcula).<\/p>\n<p><a href=\"https:\/\/uenf.br\/posgraduacao\/biociencias-biotecnologia\/wp-content\/uploads\/sites\/12\/2023\/12\/Calendario_Academico___2024_1_aprovado_pela_CPPG_em_11_10_2023.pdf\"><span style=\"color: #960505\">Calendario_Academico___2024_1_aprovado_pela_CPPG_em_11_10_2023<\/span><\/a><\/p>\n","protected":false},"excerpt":{"rendered":"<p>Processo Seletivo PGBB\u00a0 1\u00ba\/2024: Resultado Final Resultado Mestrado PGBB UENF 2024 01 final Resultado Doutorado PGBB UENF 2024 01 final&#8230;<\/p>\n","protected":false},"author":25,"featured_media":0,"parent":86,"menu_order":1,"comment_status":"closed","ping_status":"closed","template":"","meta":{"footnotes":""},"class_list":["post-2137","page","type-page","status-publish","hentry"],"_links":{"self":[{"href":"https:\/\/uenf.br\/posgraduacao\/biociencias-biotecnologia\/wp-json\/wp\/v2\/pages\/2137","targetHints":{"allow":["GET"]}}],"collection":[{"href":"https:\/\/uenf.br\/posgraduacao\/biociencias-biotecnologia\/wp-json\/wp\/v2\/pages"}],"about":[{"href":"https:\/\/uenf.br\/posgraduacao\/biociencias-biotecnologia\/wp-json\/wp\/v2\/types\/page"}],"author":[{"embeddable":true,"href":"https:\/\/uenf.br\/posgraduacao\/biociencias-biotecnologia\/wp-json\/wp\/v2\/users\/25"}],"replies":[{"embeddable":true,"href":"https:\/\/uenf.br\/posgraduacao\/biociencias-biotecnologia\/wp-json\/wp\/v2\/comments?post=2137"}],"version-history":[{"count":0,"href":"https:\/\/uenf.br\/posgraduacao\/biociencias-biotecnologia\/wp-json\/wp\/v2\/pages\/2137\/revisions"}],"up":[{"embeddable":true,"href":"https:\/\/uenf.br\/posgraduacao\/biociencias-biotecnologia\/wp-json\/wp\/v2\/pages\/86"}],"wp:attachment":[{"href":"https:\/\/uenf.br\/posgraduacao\/biociencias-biotecnologia\/wp-json\/wp\/v2\/media?parent=2137"}],"curies":[{"name":"wp","href":"https:\/\/api.w.org\/{rel}","templated":true}]}}