{"id":2183,"date":"2022-03-28T11:03:31","date_gmt":"2022-03-28T14:03:31","guid":{"rendered":"https:\/\/uenf.br\/posgraduacao\/biociencias-biotecnologia\/?page_id=2183"},"modified":"2025-02-13T16:04:10","modified_gmt":"2025-02-13T19:04:10","slug":"ano-2022","status":"publish","type":"page","link":"https:\/\/uenf.br\/posgraduacao\/biociencias-biotecnologia\/teses-defendidas-2\/ano-2022\/","title":{"rendered":"Ano 2022"},"content":{"rendered":"<p><strong>Disserta\u00e7\u00e3o de Mestrado 2022<\/strong><\/p>\n<ul>\n<li>Clique no autor para acessar a disserta\u00e7\u00e3o completa:<\/li>\n<\/ul>\n<p><strong>\u00a0<\/strong><\/p>\n<p><strong>1- <a href=\"https:\/\/uenf.br\/posgraduacao\/biociencias-biotecnologia\/wp-content\/uploads\/sites\/12\/2025\/02\/LIVIA-MARIA-PIMENTEL-MARQUES-1.pdf\">L\u00cdVIA MARIA PIMENTEL MARQUES<\/a> \u00a0 \u00a0 \u00a0 \u00a0 \u00a0 \u00a0 \u00a0 \u00a0\u00a0<\/strong><\/p>\n<p><strong>Data<\/strong>: 24\/02\/2022<\/p>\n<p><strong>T\u00edtulo: \u201cO PAPEL DA V-ATPase NO PROCESSO DE REGENERA\u00c7\u00c3O TECIDUAL EM METAZO\u00c1RIOS.\u201d<\/strong><\/p>\n<p><strong>Orientador: <\/strong>Dr. Arnoldo Rocha Fa\u00e7anha \u2013 UENF<\/p>\n<p><strong>Banca:<\/strong><\/p>\n<p>Dr. Ant\u00f4nio Jesus D. Cogo \u2013 UFRJ<\/p>\n<p>Dr\u00aa Cintia Monteiro de Barros \u2013 UFRJ\/UENF<\/p>\n<p>Dr\u00aa Sheila Esp\u00edrito Santo \u2013 UENF<\/p>\n<p><strong>____________________________________________________________________________<\/strong><\/p>\n<p><strong>2-\u00a0<a href=\"https:\/\/uenf.br\/posgraduacao\/biociencias-biotecnologia\/wp-content\/uploads\/sites\/12\/2023\/05\/DISSERTAC-A-O-YASMIN-MARTINS-CAPA-DA-UENF-Final-2.pdf\">YASMIN VIANA MARTINS<\/a>\u00a0 \u00a0 \u00a0 \u00a0 \u00a0 \u00a0 \u00a0 \u00a0 \u00a0 \u00a0 \u00a0 \u00a0 \u00a0 \u00a0 \u00a0 \u00a0 \u00a0 \u00a0 \u00a0 \u00a0 \u00a0 \u00a0 \u00a0 \u00a0 \u00a0 \u00a0 \u00a0 \u00a0 \u00a0 \u00a0 \u00a0 \u00a0\u00a0<\/strong><\/p>\n<p><strong>Data:<\/strong>\u00a024\/02\/2022<\/p>\n<p><strong>T\u00edtulo: \u201cCARACTERIZA\u00c7\u00c3O DA VIRUL\u00caNCIA DE CEPAS DE\u00a0<em>Mycobacterium tuberculosis<\/em>\u00a0ISOLADAS DE PACIENTES DO ESTADO DO RIO DE JANEIRO E DA RESPOSTA IMUNE INDUZIDA EM MACR\u00d3FAGOS INFECTADOS.\u201d<\/strong><\/p>\n<p><strong>Orientador:\u00a0<\/strong>Dr\u00aa Elisangela Costa da Silva \u2013 LBR\/UENF<strong>\u00a0\/<\/strong>\u00a0Dr. Fabr\u00edcio Moreira Almeida \u2013 UENF<\/p>\n<p><strong>Banca:<\/strong><\/p>\n<p>Dr\u00aa \u00c9rica de Oliveira Mello \u2013 UENF<\/p>\n<p>Dr\u00aa Elena Lassounskaia \u2013 UENF<\/p>\n<p>Dr\u00aa Graziele Fonseca de Sousa \u2013 UFRJ<\/p>\n<p>_________________________________________________________________________________<\/p>\n<p><strong>3 &#8211;<a href=\"https:\/\/uenf.br\/posgraduacao\/biociencias-biotecnologia\/wp-content\/uploads\/sites\/12\/2023\/05\/Dissertacao-Tamara-Mestrado-PGBB-2.pdf\">T\u00c2MARA CAROLINA GOMES RIBEIRO<\/a><\/strong><\/p>\n<p><strong>Data:<\/strong>\u00a025\/02\/2022<\/p>\n<p><strong>T\u00edtulo: \u201cModula\u00e7\u00e3o pela infec\u00e7\u00e3o de\u00a0<em>Toxoplasma gondii<\/em>\u00a0cepa me-49 em macr\u00f3fagos ativados m1 cultivados sobre substrato r\u00edgido e biofilme de col\u00e1geno I.\u201d<\/strong><\/p>\n<p><strong>Orientador:\u00a0<\/strong>Dr. Renato Augusto DaMatta \u2013 UENF<\/p>\n<p><strong>Banca:<\/strong><\/p>\n<p>Dr. Cl\u00f3vis de Paula Santos \u2013 UENF<\/p>\n<p>Dr. F\u00e1bio da Silva de Azevedo Fortes \u2013 UEZO<\/p>\n<p>Dr. Jorge Hudson Petretski \u2013 UENF<\/p>\n<p>___________________________________________________________________________________<\/p>\n<p><strong>4-\u00a0<a href=\"https:\/\/uenf.br\/posgraduacao\/biociencias-biotecnologia\/wp-content\/uploads\/sites\/12\/2025\/02\/ENRICO-COSSI-ARANTES.pdf\">ENRICO COSSI ARANTES<\/a>\u00a0\u00a0 \u00a0 \u00a0 \u00a0 \u00a0 \u00a0 \u00a0 \u00a0 \u00a0 \u00a0 \u00a0 \u00a0 \u00a0 \u00a0 \u00a0 \u00a0 \u00a0 \u00a0 \u00a0 \u00a0 \u00a0 \u00a0 \u00a0 \u00a0 \u00a0 \u00a0 \u00a0 \u00a0 \u00a0 \u00a0 \u00a0 \u00a0 \u00a0 \u00a0 \u00a0 \u00a0 \u00a0 \u00a0 \u00a0 \u00a0 \u00a0 \u00a0 \u00a0 \u00a0 \u00a0 \u00a0 \u00a0 \u00a0 \u00a0 \u00a0 \u00a0 \u00a0 \u00a0 \u00a0 \u00a0 \u00a0 \u00a0 \u00a0 \u00a0<\/strong><\/p>\n<p><strong>Data:<\/strong>\u00a025\/02\/2022<\/p>\n<p><strong>T\u00edtulo: \u201cExpress\u00e3o Diferencial dos Principais Genes de TGF-\u03b2 em Diversos Tecidos Sadios e Tumorais Humanos.\u201d<\/strong><\/p>\n<p><strong>Orientador:\u00a0<\/strong>Dr. Arnoldo Rocha Fa\u00e7anha \u2013 LBCT\/UENF<strong>\u00a0\/<\/strong>\u00a0Dr\u00aa Brunna Xavier Martins \u2013 UENF<\/p>\n<p><strong>Banca:<\/strong><\/p>\n<p>Dr. Abdalla Dib Chacur \u2013 FMC<\/p>\n<p>Dr\u00aa Ar\u00edcia Leone Evangelista Monteiro de Assis \u2013 UENF<\/p>\n<p>Dr Milton Masahiko Kanashiro \u2013 UENF<\/p>\n<p>___________________________________________________________________________________<\/p>\n<p><strong>5-\u00a0<a href=\"https:\/\/uenf.br\/posgraduacao\/biociencias-biotecnologia\/wp-content\/uploads\/sites\/12\/2023\/05\/DISSERTACAO-FINALbarbara-1.pdf\">B\u00c1RBARA ANDRADE BARCELOS RANGEL<\/a>\u00a0 \u00a0 \u00a0 \u00a0 \u00a0 \u00a0 \u00a0 \u00a0 \u00a0 \u00a0 \u00a0 \u00a0 \u00a0 \u00a0 \u00a0 \u00a0 \u00a0 \u00a0 \u00a0 \u00a0 \u00a0 \u00a0 \u00a0 \u00a0 \u00a0 \u00a0 \u00a0 \u00a0 \u00a0 \u00a0 \u00a0 \u00a0 \u00a0 \u00a0 \u00a0 \u00a0 \u00a0 \u00a0 \u00a0\u00a0<\/strong><\/p>\n<p><strong>Data:<\/strong>\u00a025\/02\/2022<\/p>\n<p><strong>T\u00edtulo: \u201cESTUDO SOBRE VIRUL\u00caNCIA DE CEPAS CL\u00cdNICAS DE BCG ISOLADAS DE PACIENTES COM DIAGN\u00d3STICO DE BCGITE.\u201d<\/strong><\/p>\n<p><strong>Orientador:\u00a0<\/strong>Dr\u00aa Elena Lassounskaia \u2013 LBR\/UENF<strong>\u00a0\/<\/strong>\u00a0Dr. Fabr\u00edcio Moreira Almeida \u2013 UENF<\/p>\n<p><strong>Banca:<\/strong><\/p>\n<p>Dr\u00aa Bianca Magnelli Mangiavacchi \u2013 FAMESC<\/p>\n<p>Dr\u00aa Leide Laura Figueiredo Maciel \u2013 UENF<\/p>\n<p>Dr. Jorge Hudson Petretski \u2013 UENF<\/p>\n<p>__________________________________________________________________________________<\/p>\n<p><strong>6-\u00a0<a href=\"https:\/\/uenf.br\/posgraduacao\/biociencias-biotecnologia\/wp-content\/uploads\/sites\/12\/2023\/05\/Dissertacao-Bianca-Moreira-versao-final-2.pdf\">BIANCA DE MATOS MOREIRA<\/a><\/strong><\/p>\n<p><strong>Data:<\/strong>\u00a002\/03\/2022<\/p>\n<p><strong>T\u00edtulo: \u201cAn\u00e1lise transcript\u00f4mica de lncRNAs (<em>long non-coding<\/em>\u00a0RNAs) na Doen\u00e7a de Alzheimer.\u201d<\/strong><\/p>\n<p><strong>Orientador:\u00a0<\/strong>Dr. \u00c1lvaro Fabr\u00edcio Lopes Rios \u2013 UENF<\/p>\n<p><strong>Banca:<\/strong><\/p>\n<p>Dr\u00aa Anna Lvovna Okorokova Fa\u00e7anha \u2013 UENF<\/p>\n<p>Dr. Luciana Andrade Agostinho \u2013 UNIFAMINAS\/UNIRIO<\/p>\n<p>Dr. Victor Martin Quintana Flores \u2013 UENF<\/p>\n<p>___________________________________________________________________________________<\/p>\n<p><strong>7-\u00a0<a href=\"https:\/\/uenf.br\/posgraduacao\/biociencias-biotecnologia\/wp-content\/uploads\/sites\/12\/2023\/05\/Dissertacao-FINAL-Taymara-Sabino-2.pdf\">TAYMARA SABINO TAVARES JORGE<\/a><\/strong><\/p>\n<p><strong>Data:<\/strong>\u00a030\/05\/2022<\/p>\n<p><strong>T\u00edtulo: \u201cESTUDO\u00a0<em>IN VITRO<\/em>\u00a0DA ATIVIDADE CITOT\u00d3XICA DOS COMPOSTOS DE COORDENA\u00c7\u00c3O DE COBRE (H31) E DE PLATINA (H39).\u201d<\/strong><\/p>\n<p><strong>Orientador:\u00a0<\/strong>Dr. Milton Masahiko Kanashiro\u00a0 \u2013 UENF \/ Dr\u00aa Leide Laura Figueiredo Maciel \u2013 UENF<\/p>\n<p><strong>Banca:<\/strong><\/p>\n<p>Dr. Jo\u00e3o Carlos de Aquino Almeida\u00a0 \u2013 UENF<\/p>\n<p>Dr\u00aa Giliane da Silva de Souza Cabral \u2013 UENF<\/p>\n<p>Dr. Wagner da Silva Terra \u2013 IFF<\/p>\n<p>___________________________________________________________________________________<\/p>\n<p><strong>8-\u00a0<a href=\"https:\/\/uenf.br\/posgraduacao\/biociencias-biotecnologia\/wp-content\/uploads\/sites\/12\/2023\/05\/Dissertac-a-o-Final-Izabelli-Martins-da-Silva.pdf\">IZABELLI MARTINS DA SILVA<\/a><\/strong><\/p>\n<p><strong>Data:<\/strong>\u00a021\/07\/2022<\/p>\n<p><strong>T\u00edtulo: \u201cPAPEL BIOL\u00d3GICO DA MELANINA EM\u00a0<em>Arthrobotrys oligospora<\/em>\u00a0(FRES.) NA TOLER\u00c2NCIA AO ESTRESSE AMBIENTAL E NA INTERA\u00c7\u00c3O FUNGO \u2013 NEMATOIDE.\u201d<\/strong><\/p>\n<p><strong>Orientador:\u00a0<\/strong>Dr. Cl\u00f3vis de Paula Santos \u2013 UENF \/ Dr. Deivid Fran\u00e7a Freitas\u00a0 \u2013 UENF<\/p>\n<p><strong>Banca:<\/strong><\/p>\n<p>Dr\u00aa Isabele da Costa Angelo \u2013 UFRRJ<\/p>\n<p>Dr. Olney Vieira da Motta \u2013 UENF<\/p>\n<p>Dr. Richard Ian Samuels \u2013 UENF<\/p>\n<p>___________________________________________________________________________________<\/p>\n<p><strong>9-\u00a0<u>GABRIEL NOGUEIRA ARA\u00daJO\u00a0<\/u><\/strong><\/p>\n<p><strong>Data:<\/strong>\u00a030\/08\/2022<\/p>\n<p><strong>T\u00edtulo: \u201cAn\u00e1lise\u00a0<em>in silico<\/em>\u00a0para detec\u00e7\u00e3o de muta\u00e7\u00f5es na regi\u00e3o SRS29B de\u00a0<em>Toxoplasma gondii<\/em>\u00a0com implica\u00e7\u00f5es na sensibilidade de imunoensaios.\u201d<\/strong><\/p>\n<p><strong>Orientador:\u00a0<\/strong>Dr\u00aa Alba Luc\u00ednia Peixoto Rangel\u00a0 \u2013 UENF<\/p>\n<p><strong>Banca:<\/strong><\/p>\n<p>Dr\u00aa Andrea Cristina Vet\u00f6 Arnholdt\u00a0 \u2013 UENF<\/p>\n<p>Dr. Jorge Hernandez Fernandez \u2013 UENF<\/p>\n<p>Dr. Leandro Mart\u00ednez \u2013 IQM\/UNICAMP<\/p>\n<p>___________________________________________________________________________________<\/p>\n<p><strong>10-\u00a0<a href=\"https:\/\/uenf.br\/posgraduacao\/biociencias-biotecnologia\/wp-content\/uploads\/sites\/12\/2023\/05\/tese-finalizda-nina-aguiar.pdf\">NINA AGUIAR MOTH\u00c9<\/a><\/strong><\/p>\n<p><strong>Data:<\/strong>\u00a030\/09\/2022<\/p>\n<p><strong>T\u00edtulo: \u201cESTUDO DO IMPACTO DA INFEC\u00c7\u00c3O POR CORONAV\u00cdRUS NA PATOGENIA DA TUBERCULOSE EXPERIMENTAL.\u201d<\/strong><\/p>\n<p><strong>Orientador:\u00a0<\/strong>Dr\u00aa Elena Lassounskaia \u2013 LBR\/UENF \/ Dr. Fabr\u00edcio Moreira Almeida \u2013 UENF<\/p>\n<p><strong>Banca:<\/strong><\/p>\n<p>Dr. Edson Oliveira Delatorre\u00a0 \u2013 UFES<\/p>\n<p>Dr. Milton Masahiko Kanashiro \u2013 UENF<\/p>\n<p>Dr\u00aa Anna Lvovna Okorokova Fa\u00e7anha \u2013 UENF<\/p>\n<p>___________________________________________________________________________________<\/p>\n<p><strong>11-\u00a0<a href=\"https:\/\/uenf.br\/posgraduacao\/biociencias-biotecnologia\/wp-content\/uploads\/sites\/12\/2023\/05\/Dissertacao-Frederico-revisto-pos-banca-1.pdf\">FREDERICO NOLASCO CERQUEIRA<\/a><\/strong><\/p>\n<p><strong>Data:<\/strong>\u00a029\/11\/2022<\/p>\n<p><strong>T\u00edtulo: \u201cAtiva\u00e7\u00e3o de tromb\u00f3citos de galinha\u00a0<em>in vitro<\/em>\u00a0aumenta macropinositose e fagocitose.\u201d<\/strong><\/p>\n<p><strong>Orientador:\u00a0<\/strong>Dr. Renato Augusto DaMatta \u2013 UENF<\/p>\n<p><strong>Banca:<\/strong><\/p>\n<p>Dr. Milton Masahiko Kanashiro\u00a0 \u2013 UENF<\/p>\n<p>Dr. Glauber Monteiro Dias \u2013 UENF<\/p>\n<p>Dr. Marco Cesar Cunegundes Guimar\u00e3es \u2013 UFES<\/p>\n<p>___________________________________________________________________________________<\/p>\n","protected":false},"excerpt":{"rendered":"<p>Disserta\u00e7\u00e3o de Mestrado 2022 Clique no autor para acessar a disserta\u00e7\u00e3o completa: \u00a0 1- L\u00cdVIA MARIA PIMENTEL MARQUES \u00a0 \u00a0&#8230;<\/p>\n","protected":false},"author":25,"featured_media":0,"parent":277,"menu_order":0,"comment_status":"closed","ping_status":"closed","template":"","meta":{"footnotes":""},"class_list":["post-2183","page","type-page","status-publish","hentry"],"_links":{"self":[{"href":"https:\/\/uenf.br\/posgraduacao\/biociencias-biotecnologia\/wp-json\/wp\/v2\/pages\/2183","targetHints":{"allow":["GET"]}}],"collection":[{"href":"https:\/\/uenf.br\/posgraduacao\/biociencias-biotecnologia\/wp-json\/wp\/v2\/pages"}],"about":[{"href":"https:\/\/uenf.br\/posgraduacao\/biociencias-biotecnologia\/wp-json\/wp\/v2\/types\/page"}],"author":[{"embeddable":true,"href":"https:\/\/uenf.br\/posgraduacao\/biociencias-biotecnologia\/wp-json\/wp\/v2\/users\/25"}],"replies":[{"embeddable":true,"href":"https:\/\/uenf.br\/posgraduacao\/biociencias-biotecnologia\/wp-json\/wp\/v2\/comments?post=2183"}],"version-history":[{"count":0,"href":"https:\/\/uenf.br\/posgraduacao\/biociencias-biotecnologia\/wp-json\/wp\/v2\/pages\/2183\/revisions"}],"up":[{"embeddable":true,"href":"https:\/\/uenf.br\/posgraduacao\/biociencias-biotecnologia\/wp-json\/wp\/v2\/pages\/277"}],"wp:attachment":[{"href":"https:\/\/uenf.br\/posgraduacao\/biociencias-biotecnologia\/wp-json\/wp\/v2\/media?parent=2183"}],"curies":[{"name":"wp","href":"https:\/\/api.w.org\/{rel}","templated":true}]}}