{"id":22,"date":"2013-11-19T17:11:12","date_gmt":"2013-11-19T17:11:12","guid":{"rendered":"http:\/\/uenf.br\/pos-graduacao\/biociencias-biotecnologia\/?page_id=22"},"modified":"2026-04-10T11:01:24","modified_gmt":"2026-04-10T14:01:24","slug":"calendario-academico","status":"publish","type":"page","link":"https:\/\/uenf.br\/posgraduacao\/biociencias-biotecnologia\/calendario-academico\/","title":{"rendered":"Calend\u00e1rio Acad\u00eamico"},"content":{"rendered":"<div class=\"page\" title=\"Page 1\">\n<div class=\"section\">\n<div class=\"layoutArea\">\n<div class=\"column\">\n<ul>\n<li><span style=\"color: #1358eb\">Calend\u00e1rio Acad\u00eamico<\/span><span style=\"color: #336da6\"><strong> <a style=\"color: #336da6\" href=\"https:\/\/uenf.br\/posgraduacao\/biociencias-biotecnologia\/wp-content\/uploads\/sites\/12\/2026\/02\/CalendarioAcademico2026PROPPG-com-alteracao.pdf\">CalendarioAcademico2026PROPPG com altera\u00e7\u00e3o<\/a><\/strong><\/span><\/li>\n<\/ul>\n<\/div>\n<p>&nbsp;<\/p>\n<p>&nbsp;<\/p>\n<div class=\"column\">\n<p><span style=\"color: #1358bf\">Calend\u00e1rio Acad\u00eamico <\/span><span style=\"color: #000000\"><strong>\u201c<a style=\"color: #000000\" href=\"https:\/\/uenf.br\/posgraduacao\/biociencias-biotecnologia\/wp-content\/uploads\/sites\/12\/2024\/12\/CalendarioAcademicoPROPPG_2025-atualizado.pdf\">CalendarioAcademico1.2025<\/a>\u201c<\/strong><\/span><\/p>\n<div class=\"column\">\n<p>&nbsp;<\/p>\n<\/div>\n<p><span style=\"color: #1358bf\">Matr\u00edcula Inicial dos alunos aprovados no processo seletivo (2025\/1) &#8211; <strong>11\/02\/2025 a 13\/02\/2025<\/strong><\/span><\/p>\n<p><span style=\"color: #1358bf\">Renova\u00e7\u00e3o de Matr\u00edcula dos alunos regulares: <strong>11\/02\/2025 a 18\/02\/2025\u00a0<\/strong><\/span><\/p>\n<p><span style=\"color: #1358bf\">Inicio do 1\u00b0 semestre de 2025:<strong> 10 de mar\u00e7o de 2025<\/strong><\/span><\/p>\n<p><span style=\"color: #1358bf\">Encerramento do 1\u00b0 semestre de 2025: <strong>11 de julho<\/strong><strong> de 2025<\/strong><\/span><\/p>\n<\/div>\n<div class=\"column\">\n<p>&nbsp;<\/p>\n<\/div>\n<\/div>\n<\/div>\n<\/div>\n<p>&nbsp;<\/p>\n<p>&nbsp;<\/p>\n<p>Calend\u00e1rios acad\u00eamicos anteriores: clique <a href=\"https:\/\/uenf.br\/posgraduacao\/calendario-academico\/\" target=\"_blank\" rel=\"noopener\">aqui.<\/a><\/p>\n","protected":false},"excerpt":{"rendered":"<p>Calend\u00e1rio Acad\u00eamico CalendarioAcademico2026PROPPG com altera\u00e7\u00e3o &nbsp; &nbsp; Calend\u00e1rio Acad\u00eamico \u201cCalendarioAcademico1.2025\u201c &nbsp; Matr\u00edcula Inicial dos alunos aprovados no processo seletivo (2025\/1)&#8230;<\/p>\n","protected":false},"author":25,"featured_media":0,"parent":0,"menu_order":3,"comment_status":"closed","ping_status":"closed","template":"","meta":{"footnotes":""},"class_list":["post-22","page","type-page","status-publish","hentry"],"_links":{"self":[{"href":"https:\/\/uenf.br\/posgraduacao\/biociencias-biotecnologia\/wp-json\/wp\/v2\/pages\/22","targetHints":{"allow":["GET"]}}],"collection":[{"href":"https:\/\/uenf.br\/posgraduacao\/biociencias-biotecnologia\/wp-json\/wp\/v2\/pages"}],"about":[{"href":"https:\/\/uenf.br\/posgraduacao\/biociencias-biotecnologia\/wp-json\/wp\/v2\/types\/page"}],"author":[{"embeddable":true,"href":"https:\/\/uenf.br\/posgraduacao\/biociencias-biotecnologia\/wp-json\/wp\/v2\/users\/25"}],"replies":[{"embeddable":true,"href":"https:\/\/uenf.br\/posgraduacao\/biociencias-biotecnologia\/wp-json\/wp\/v2\/comments?post=22"}],"version-history":[{"count":0,"href":"https:\/\/uenf.br\/posgraduacao\/biociencias-biotecnologia\/wp-json\/wp\/v2\/pages\/22\/revisions"}],"wp:attachment":[{"href":"https:\/\/uenf.br\/posgraduacao\/biociencias-biotecnologia\/wp-json\/wp\/v2\/media?parent=22"}],"curies":[{"name":"wp","href":"https:\/\/api.w.org\/{rel}","templated":true}]}}