{"id":223,"date":"2014-02-12T12:17:02","date_gmt":"2014-02-12T12:17:02","guid":{"rendered":"http:\/\/uenf.br\/pos-graduacao\/biociencias-biotecnologia\/?page_id=223"},"modified":"2026-03-18T13:59:41","modified_gmt":"2026-03-18T16:59:41","slug":"credenciamento","status":"publish","type":"page","link":"https:\/\/uenf.br\/posgraduacao\/biociencias-biotecnologia\/docentes\/credenciamento\/","title":{"rendered":"Credenciamento PGBB"},"content":{"rendered":"<h3><span style=\"color: #1788d4\"><strong>Normas de Cred<span style=\"color: #1788d4\">enciamento de docentes para quadri\u00eanio 2025-2028<\/span><\/strong><\/span><\/h3>\n<ul>\n<li><span style=\"color: #1788d4\"><strong><a style=\"color: #1788d4\" href=\"http:\/\/uenf.br\/posgraduacao\/biociencias-biotecnologia\/wp-content\/uploads\/sites\/12\/2025\/09\/RESOLUCAO-PGBB-01_2025.pdf\" target=\"_blank\" rel=\"noopener\">RESOLU\u00c7\u00c3O DO PROGRAMA DE P\u00d3S-GRADUA\u00c7\u00c3O EM BIOCI\u00caNCIAS E BIOTECNOLOGIA No 01\/2025<\/a>:<\/strong> Estabelece normas para credenciamento e recredenciamento de docentes no Programa de P\u00f3s-Gradua\u00e7\u00e3o em Bioci\u00eancias e Biotecnologia.<\/span><\/li>\n<li><strong><span style=\"color: #1684de\"><a style=\"color: #1684de\" href=\"http:\/\/uenf.br\/posgraduacao\/biociencias-biotecnologia\/wp-content\/uploads\/sites\/12\/2025\/12\/Tabela-recredenciamento-docentes-PGBB-2025-1.xlsx\" target=\"_blank\" rel=\"noopener\">Tabela (re)credenciamento docentes PGBB 2025<\/a><\/span><\/strong><\/li>\n<li><strong><span style=\"color: #1684de\"><a style=\"color: #1684de\" href=\"http:\/\/uenf.br\/posgraduacao\/biociencias-biotecnologia\/wp-content\/uploads\/sites\/12\/2025\/12\/Ficha-recredenciamento-2025-PGBB_.docx\" target=\"_blank\" rel=\"noopener\">Ficha-recredenciamento-2025-PGBB_<\/a><\/span><\/strong><em>atualizada em dezembro de 2025<\/em>)<\/li>\n<\/ul>\n<p>&nbsp;<\/p>\n<ul>\n<li>Formul\u00e1rio de Recredenciamento de docentes 2024: <a href=\"http:\/\/uenf.br\/posgraduacao\/biociencias-biotecnologia\/wp-content\/uploads\/sites\/12\/2024\/10\/Ficha-recredenciamento-2024-PGBB.docx\">Ficha (re)credenciamento-2024-PGBB<\/a><\/li>\n<li>As Normas de Credenciamento do Programa:\u00a0<a href=\"http:\/\/uenf.br\/posgraduacao\/biociencias-biotecnologia\/wp-content\/uploads\/sites\/12\/2014\/02\/Normas-Credenciamento-Docentes-PPGBB-2017-2020-aprovada.doc\">Normas Credenciamento Docentes PPGBB &#8211; 2017-2020 aprovada<\/a><\/li>\n<li><span style=\"color: #000000\"><a style=\"color: #000000\" href=\"https:\/\/uenf.br\/posgraduacao\/biociencias-biotecnologia\/docentes\/credenciamento\/docentes-credenciados-na-pgbb\/\">Hist\u00f3rico de Credenciamento na PGBB.<\/a><\/span><\/li>\n<\/ul>\n","protected":false},"excerpt":{"rendered":"<p>Normas de Credenciamento de docentes para quadri\u00eanio 2025-2028 RESOLU\u00c7\u00c3O DO PROGRAMA DE P\u00d3S-GRADUA\u00c7\u00c3O EM BIOCI\u00caNCIAS E BIOTECNOLOGIA No 01\/2025: Estabelece&#8230;<\/p>\n","protected":false},"author":25,"featured_media":0,"parent":35,"menu_order":4,"comment_status":"open","ping_status":"open","template":"","meta":{"footnotes":""},"class_list":["post-223","page","type-page","status-publish","hentry"],"_links":{"self":[{"href":"https:\/\/uenf.br\/posgraduacao\/biociencias-biotecnologia\/wp-json\/wp\/v2\/pages\/223","targetHints":{"allow":["GET"]}}],"collection":[{"href":"https:\/\/uenf.br\/posgraduacao\/biociencias-biotecnologia\/wp-json\/wp\/v2\/pages"}],"about":[{"href":"https:\/\/uenf.br\/posgraduacao\/biociencias-biotecnologia\/wp-json\/wp\/v2\/types\/page"}],"author":[{"embeddable":true,"href":"https:\/\/uenf.br\/posgraduacao\/biociencias-biotecnologia\/wp-json\/wp\/v2\/users\/25"}],"replies":[{"embeddable":true,"href":"https:\/\/uenf.br\/posgraduacao\/biociencias-biotecnologia\/wp-json\/wp\/v2\/comments?post=223"}],"version-history":[{"count":0,"href":"https:\/\/uenf.br\/posgraduacao\/biociencias-biotecnologia\/wp-json\/wp\/v2\/pages\/223\/revisions"}],"up":[{"embeddable":true,"href":"https:\/\/uenf.br\/posgraduacao\/biociencias-biotecnologia\/wp-json\/wp\/v2\/pages\/35"}],"wp:attachment":[{"href":"https:\/\/uenf.br\/posgraduacao\/biociencias-biotecnologia\/wp-json\/wp\/v2\/media?parent=223"}],"curies":[{"name":"wp","href":"https:\/\/api.w.org\/{rel}","templated":true}]}}