{"id":239,"date":"2014-02-12T12:46:07","date_gmt":"2014-02-12T14:46:07","guid":{"rendered":"http:\/\/uenf.br\/pos-graduacao\/biociencias-biotecnologia\/?page_id=239"},"modified":"2025-09-22T23:01:06","modified_gmt":"2025-09-23T02:01:06","slug":"pos-doutorado-pgbb","status":"publish","type":"page","link":"https:\/\/uenf.br\/posgraduacao\/biociencias-biotecnologia\/pos-doutorado-pgbb\/","title":{"rendered":"P\u00f3s-Doutorado PGBB"},"content":{"rendered":"<div class=\"entry clr\">\n<p><span style=\"color: #064296\"><strong>P\u00f3s-doutorandos do PGBB (2025\/1):\u00a0<\/strong><\/span><\/p>\n<p>1- Ar\u00edcia Leone Evangelista Monteiro de Assis &#8211; Bolsa: <strong>FAPERJ<\/strong> &#8211; Supervisor: Prof. Arnoldo R. Fa\u00e7anha (LBCT)<br \/>\n2- Camilla Ribeiro Alexandrino &#8211; Bolsa:<strong>UENF<\/strong> &#8211; Supervisor: Prof<sup>a<\/sup>. Maura da Cunha (LBCT)<\/p>\n<\/div>\n<div class=\"entry clr\">3- Felipe Figueiroa Moreira &#8211; Bolsa:<strong>UENF<\/strong> &#8211; Supervisor: Prof. Sergio H. Seabra (LBCT)<br \/>\n4- Let\u00edcia Cespom Passos &#8211; Bolsa:\u00a0 <strong>UENF<\/strong> &#8211; Supervisor: Prof Arnoldo Rocha Fa\u00e7anha (LBCT)<br \/>\n5- Maria Aparecida Aride Bertonceli &#8211; Bolsa: <strong>UENF<\/strong> &#8211; Supervisor: Prof<sup>a<\/sup>. Katia Valevski Sales Fernandes (LQFPP)<\/div>\n<div class=\"entry clr\">6- Rodrigo Barbosa Braga Feitoza &#8211; Bolsa: <strong>FAPERJ\/CNPq<\/strong> &#8211; Supervisor: Prof<sup>a<\/sup>. Maura da Cunha (LBCT)<br \/>\n7- Sanderson Dias Calixto &#8211; Bolsa: <strong>FAPERJ<\/strong> &#8211; Supervisor: Prof<sup>a<\/sup>. Elena Lassounskaia\u00a0(LBR)<br \/>\n8- Saulo Pireda Fernandes &#8211; Bolsa: <strong>FAPERJ<\/strong> &#8211; Supervisor: Prof<sup>a<\/sup>. Maura da Cunha (LBCT)<\/div>\n<div>9- Thayn\u00e3 Amanda Melo Souza &#8211; Bolsa: <strong>UENF<\/strong> &#8211; Supervisor: Prof. Andr\u00e9 de Oliveira Carvalho<span style=\"font-size: 13.3333px\"> (LFBM)<\/span><\/div>\n<div class=\"entry clr\">10- Vinicius de Oliveira Mussi &#8211; Bolsa: <strong>CNPq<\/strong> &#8211; Supervisor: Prof<sup>a<\/sup>. Elena Lassounskaia (LBR)<br \/>\n11- Viviane Souza de Campos &#8211; Bolsa: <strong>UENF<\/strong> &#8211; Supervisor: Prof. Arnoldo Rocha Fa\u00e7anha (LBCT)<br \/>\n12- Yzabella Alves Campos Nogueira &#8211; Bolsa: <strong>UENF<\/strong> &#8211; Supervisor: Prof\u00aa Anna L. Okorokova (LFBM)<\/div>\n<p>&nbsp;<\/p>\n<p><strong><span style=\"color: #074294\">Jovem Pesquisador Fluminense FAPERJ:\u00a0<\/span><\/strong>Gabriel Bonan Taveira (LFBM)<\/p>\n<div class=\"entry clr\">\n<p><span style=\"color: #074294\"><strong>P\u00f3s-doutorandos do PGBB (2024):\u00a0<\/strong><\/span><\/p>\n<table width=\"612\">\n<tbody>\n<tr>\n<td width=\"215\"><strong>Nome<\/strong><\/td>\n<td width=\"113\"><strong>Bolsa<\/strong><\/td>\n<td width=\"283\"><strong>Supervisor<\/strong><\/td>\n<\/tr>\n<tr>\n<td width=\"215\">Ar\u00edcia Leone Evangelista Monteiro de Assis<\/td>\n<td width=\"113\">FAPERJ<\/td>\n<td width=\"283\">Prof. Arnoldo R. Fa\u00e7anha (LBCT)<\/td>\n<\/tr>\n<tr>\n<td width=\"215\">Camilla Ribeiro Alexandrino<\/td>\n<td width=\"113\">UENF<\/td>\n<td width=\"283\">Prof<sup>a<\/sup>. Maura da Cunha (LBCT)<\/td>\n<\/tr>\n<tr>\n<td width=\"215\">Francianne Galossi de Souza<\/td>\n<td width=\"113\">UENF<\/td>\n<td width=\"283\">Prof<sup>a<\/sup> Olga Lima Tavares Machado (LQFPP)<\/td>\n<\/tr>\n<tr>\n<td width=\"215\">Kayan Eudorico Ventury Baptista<\/td>\n<td width=\"113\">UENF<\/td>\n<td width=\"283\">Antonia Elenir Am\u00e2ncio Oliveira (LQFPP)<\/td>\n<\/tr>\n<tr>\n<td width=\"215\">Let\u00edcia Cespom Passos<\/td>\n<td width=\"113\">UENF<\/td>\n<td width=\"283\">Prof Arnoldo Rocha Fa\u00e7anha (LBCT)<\/td>\n<\/tr>\n<tr>\n<td width=\"215\">Mariana da Silva Mendonca<\/td>\n<td width=\"113\">UENF<\/td>\n<td width=\"283\">Prof. Milton Masahiko Kanashiro (LBR)<\/td>\n<\/tr>\n<tr>\n<td width=\"215\">Milena Bellei Cherene<\/td>\n<td width=\"113\">UENF<\/td>\n<td width=\"283\">Prof<sup>a<\/sup>. Maura da Cunha (LBCT)<\/td>\n<\/tr>\n<tr>\n<td width=\"215\">Rodrigo Barbosa Braga Feitoza<\/td>\n<td width=\"113\">FAPERJ\/CNPq<\/td>\n<td width=\"283\">Prof<sup>a<\/sup>. Maura da Cunha (LBCT)<\/td>\n<\/tr>\n<tr>\n<td width=\"215\">Sanderson Dias Calixto<\/td>\n<td width=\"113\">FAPERJ<\/td>\n<td width=\"283\">Prof<sup>a<\/sup>. Elena Lassounskaia\u00a0(LBR)<\/td>\n<\/tr>\n<tr>\n<td width=\"215\">Saulo Pireda Fernandes<\/td>\n<td width=\"113\">FAPERJ<\/td>\n<td width=\"283\">Prof<sup>a<\/sup>. Maura da Cunha (LBCT)<\/td>\n<\/tr>\n<tr>\n<td width=\"215\">Vinicius de Oliveira Mussi<\/td>\n<td width=\"113\">UENF<\/td>\n<td width=\"283\">Prof<sup>a<\/sup>. Elena Lassounskaia (LBR)<\/td>\n<\/tr>\n<\/tbody>\n<\/table>\n<\/div>\n<p>&nbsp;<\/p>\n<ul>\n<li><span style=\"color: #074191\"><strong><a style=\"color: #074191\" href=\"https:\/\/uenf.br\/posgraduacao\/edital\/pepd\/\" target=\"_blank\" rel=\"noopener\">EDITAL PROPPG 02\/2025<\/a>:<\/strong> Est\u00e1gio P\u00f3s-Doutoral J\u00fanior (EPDJ) para pesquisadores com at\u00e9 7 anos de doutoramento. <\/span>\n<ul>\n<li><em><span style=\"color: #074191\">Inscri\u00e7\u00f5es: 21\/03\/2025 \u00e0 14\/04\/2025; \u00a0Cotas de bolsas para PGBB: 2<\/span><\/em><\/li>\n<\/ul>\n<\/li>\n<\/ul>\n<p><a href=\"https:\/\/uenf.br\/posgraduacao\/wp-content\/uploads\/2020\/09\/Edital_PROPPG-02_2025.pdf\" target=\"_blank\" rel=\"noopener\"><img loading=\"lazy\" decoding=\"async\" class=\"alignnone wp-image-4272 size-medium\" src=\"http:\/\/uenf.br\/posgraduacao\/biociencias-biotecnologia\/wp-content\/uploads\/sites\/12\/2025\/03\/PGBB-Edital-EPEDJ-2025-1-divulgacao--300x300.jpg\" alt=\"\" width=\"300\" height=\"300\" srcset=\"https:\/\/uenf.br\/posgraduacao\/biociencias-biotecnologia\/wp-content\/uploads\/sites\/12\/2025\/03\/PGBB-Edital-EPEDJ-2025-1-divulgacao--300x300.jpg 300w, https:\/\/uenf.br\/posgraduacao\/biociencias-biotecnologia\/wp-content\/uploads\/sites\/12\/2025\/03\/PGBB-Edital-EPEDJ-2025-1-divulgacao--150x150.jpg 150w, https:\/\/uenf.br\/posgraduacao\/biociencias-biotecnologia\/wp-content\/uploads\/sites\/12\/2025\/03\/PGBB-Edital-EPEDJ-2025-1-divulgacao--600x600.jpg 600w, https:\/\/uenf.br\/posgraduacao\/biociencias-biotecnologia\/wp-content\/uploads\/sites\/12\/2025\/03\/PGBB-Edital-EPEDJ-2025-1-divulgacao-.jpg 718w\" sizes=\"auto, (max-width: 300px) 100vw, 300px\" \/><\/a><\/p>\n<ul>\n<li><span style=\"color: #000080\"><strong><a style=\"color: #000080\" href=\"http:\/\/uenf.br\/posgraduacao\/biociencias-biotecnologia\/wp-content\/uploads\/sites\/12\/2025\/03\/Edital_PROPPG-01_2025.pdf\">Edital_PROPPG 01_2025<\/a><\/strong>:<\/span>Edital para sele\u00e7\u00e3o de propostas para a concess\u00e3o de bolsas do Programa de Est\u00e1gio P\u00f3s-Doutoral<br \/>\n(PEPD)<\/li>\n<\/ul>\n<ul>\n<li><strong><span style=\"color: #024870\"><a style=\"color: #024870\" href=\"https:\/\/uenf.br\/posgraduacao\/biociencias-biotecnologia\/wp-content\/uploads\/sites\/12\/2023\/07\/Edital_proppg_001_2023_Recem_Doutor_corrigido.pdf\">Edital Rec\u00e9m Doutor PROPPG 001\/2023<\/a><\/span><span style=\"color: #024870\">:<\/span><\/strong><span style=\"color: #000000\"><a style=\"color: #000000\" href=\"https:\/\/uenf.br\/posgraduacao\/wp-content\/uploads\/2023\/07\/Resultado-Final-Edital-Recem-Doutor-001-2023UE-1.pdf\"> R<\/a><a style=\"color: #000000\" href=\"https:\/\/uenf.br\/posgraduacao\/wp-content\/uploads\/2023\/07\/Resultado-Final-Edital-Recem-Doutor-001-2023UE-1.pdf\">esultado final<\/a> <\/span>dos candidatos aprovados.<\/li>\n<\/ul>\n<p style=\"padding-left: 40px\"><strong>Editais anteriores<\/strong> \u00a0e outras informa\u00e7\u00f5es consulte <a href=\"https:\/\/uenf.br\/posgraduacao\/edital\/recem-doutor1\/\">aqui.<\/a><\/p>\n<div class=\"entry clr\">\n<ul>\n<li><span style=\"color: #02499c\"><strong>Programa de Est\u00e1gio P\u00f3s-Doutoral \u2013 PEPD \u2013 UENF<\/strong><\/span> foi criado para o estimular o crescimento e o desenvolvimento das pesquisas realizadas na UENF, no \u00e2mbito dos Programas de P\u00f3s-Gradua\u00e7\u00e3o (PPG), e a inser\u00e7\u00e3o de pesquisadores nas atividades acad\u00eamicas de ensino, pesquisa e extens\u00e3o da Universidade. As diretrizes do PEPD-UENF est\u00e3o estabelecidas na <a href=\"https:\/\/uenf.br\/posgraduacao\/wp-content\/uploads\/2024\/10\/SEI_85069108_Resolucao___NI_COLAC_No_40.pdf\">Resolu\u00e7\u00e3o COLAC n\u00ba 040\/2024<\/a>.<\/li>\n<li>O Processo de cadastro de <strong><span style=\"color: #02499c\">posdoc volunt\u00e1rio<\/span> <\/strong>deve ser enviado pelo supervisor, atrav\u00e9s da plataforma <a href=\"https:\/\/sei.rj.gov.br\/sip\/login.php?sigla_orgao_sistema=ERJ&amp;sigla_sistema=SEI\">SEI-RJ.\u00a0<\/a><\/li>\n<\/ul>\n<\/div>\n<div class=\"page\" title=\"Page 3\">\n<div class=\"layoutArea\">\n<div class=\"column\">\n<p style=\"padding-left: 40px\">De acordo com a Resolu\u00e7\u00e3o COLAC n\u00ba 040\/2024,\u00a0\u00a72\u00b0- Sera\u0301 exigido do po\u0301s-doutorando vinculado ao PEPD volunta\u0301rio o mi\u0301nimo de 20 h de dedicac\u0327a\u0303o semanal ao Esta\u0301gio Po\u0301s-Doutoral.<\/p>\n<\/div>\n<\/div>\n<\/div>\n","protected":false},"excerpt":{"rendered":"<p>P\u00f3s-doutorandos do PGBB (2025\/1):\u00a0 1- Ar\u00edcia Leone Evangelista Monteiro de Assis &#8211; Bolsa: FAPERJ &#8211; Supervisor: Prof. Arnoldo R. Fa\u00e7anha&#8230;<\/p>\n","protected":false},"author":25,"featured_media":0,"parent":0,"menu_order":12,"comment_status":"open","ping_status":"closed","template":"","meta":{"footnotes":""},"class_list":["post-239","page","type-page","status-publish","hentry"],"_links":{"self":[{"href":"https:\/\/uenf.br\/posgraduacao\/biociencias-biotecnologia\/wp-json\/wp\/v2\/pages\/239","targetHints":{"allow":["GET"]}}],"collection":[{"href":"https:\/\/uenf.br\/posgraduacao\/biociencias-biotecnologia\/wp-json\/wp\/v2\/pages"}],"about":[{"href":"https:\/\/uenf.br\/posgraduacao\/biociencias-biotecnologia\/wp-json\/wp\/v2\/types\/page"}],"author":[{"embeddable":true,"href":"https:\/\/uenf.br\/posgraduacao\/biociencias-biotecnologia\/wp-json\/wp\/v2\/users\/25"}],"replies":[{"embeddable":true,"href":"https:\/\/uenf.br\/posgraduacao\/biociencias-biotecnologia\/wp-json\/wp\/v2\/comments?post=239"}],"version-history":[{"count":0,"href":"https:\/\/uenf.br\/posgraduacao\/biociencias-biotecnologia\/wp-json\/wp\/v2\/pages\/239\/revisions"}],"wp:attachment":[{"href":"https:\/\/uenf.br\/posgraduacao\/biociencias-biotecnologia\/wp-json\/wp\/v2\/media?parent=239"}],"curies":[{"name":"wp","href":"https:\/\/api.w.org\/{rel}","templated":true}]}}