{"id":2514,"date":"2023-04-20T10:38:08","date_gmt":"2023-04-20T13:38:08","guid":{"rendered":"https:\/\/uenf.br\/posgraduacao\/biociencias-biotecnologia\/?page_id=2514"},"modified":"2024-07-16T16:54:00","modified_gmt":"2024-07-16T19:54:00","slug":"trancamento-de-matricula","status":"publish","type":"page","link":"https:\/\/uenf.br\/posgraduacao\/biociencias-biotecnologia\/discentes\/trancamento-de-matricula\/","title":{"rendered":"Trancamento de Matr\u00edcula"},"content":{"rendered":"<p>A solicita\u00e7\u00e3o de trancamento de matr\u00edcula dever\u00e1 ser realizada atrav\u00e9s do sistema acad\u00eamico do aluno e no per\u00edodo que consta no Calend\u00e1rio Acad\u00eamico.<\/p>\n<p><strong>De acordo com o <a href=\"https:\/\/uenf.br\/posgraduacao\/wp-content\/uploads\/2014\/09\/Regimento-Geral-da-P\u00f3s-Gradua\u00e7\u00e3o.pdf\">Regimento Geral da UENF<\/a> sobre o trancamento de matr\u00edcula:<\/strong><\/p>\n<p>Art. 27 &#8211; Dentro dos 02 (dois) primeiros ter\u00e7os do per\u00edodo letivo, de acordo com o calend\u00e1rio escolar, o estudante que, por motivo de for\u00e7a maior, for obrigado a interromper seus estudos poder\u00e1 solicitar o trancamento de sua matr\u00edcula.<br \/>\n\u00a7 1\u00ba &#8211; O pedido justificado, com aprova\u00e7\u00e3o do orientador e ci\u00eancia do Coordenador, dever\u00e1 ser encaminhado \u00e0 SECACAD e comunicado \u00e0 PROPPG.<br \/>\n\u00a7 2\u00ba &#8211; O trancamento ter\u00e1 validade por 01 (um) per\u00edodo letivo regular.<br \/>\n\u00a7 3\u00ba &#8211; O trancamento somente poder\u00e1 ser solicitado ap\u00f3s o aluno haver conclu\u00eddo o seu primeiro semestre letivo e houver tempo regulamentar suficiente para a conclus\u00e3o do curso ap\u00f3s seu retorno.<br \/>\n\u00a7 4\u00ba &#8211; O trancamento de matr\u00edcula ser\u00e1 concedido apenas 01 (uma) vez e ser\u00e1 computado de acordo com \u00a71\u00ba do Art. 3\u00ba deste Regimento.<br \/>\n\u00a7 5\u00ba &#8211; N\u00e3o ser\u00e1 concedido trancamento de matr\u00edcula durante a vig\u00eancia da prorroga\u00e7\u00e3o de prazo para a conclus\u00e3o do curso.<br \/>\nArt. 28 &#8211; A falta de renova\u00e7\u00e3o de matr\u00edcula na \u00e9poca pr\u00f3pria implicar\u00e1 abandono do Programa e desligamento autom\u00e1tico se, nos 30 dias subsequentes ao \u00faltimo dia, o estudante n\u00e3o requerer \u00e0 PROPPG, com aprova\u00e7\u00e3o pr\u00e9via do(a) Coordenador(a), formalmente e devidamente justificada, a matr\u00edcula fora do prazo.<\/p>\n","protected":false},"excerpt":{"rendered":"<p>A solicita\u00e7\u00e3o de trancamento de matr\u00edcula dever\u00e1 ser realizada atrav\u00e9s do sistema acad\u00eamico do aluno e no per\u00edodo que consta&#8230;<\/p>\n","protected":false},"author":25,"featured_media":0,"parent":311,"menu_order":10,"comment_status":"closed","ping_status":"closed","template":"","meta":{"footnotes":""},"class_list":["post-2514","page","type-page","status-publish","hentry"],"_links":{"self":[{"href":"https:\/\/uenf.br\/posgraduacao\/biociencias-biotecnologia\/wp-json\/wp\/v2\/pages\/2514","targetHints":{"allow":["GET"]}}],"collection":[{"href":"https:\/\/uenf.br\/posgraduacao\/biociencias-biotecnologia\/wp-json\/wp\/v2\/pages"}],"about":[{"href":"https:\/\/uenf.br\/posgraduacao\/biociencias-biotecnologia\/wp-json\/wp\/v2\/types\/page"}],"author":[{"embeddable":true,"href":"https:\/\/uenf.br\/posgraduacao\/biociencias-biotecnologia\/wp-json\/wp\/v2\/users\/25"}],"replies":[{"embeddable":true,"href":"https:\/\/uenf.br\/posgraduacao\/biociencias-biotecnologia\/wp-json\/wp\/v2\/comments?post=2514"}],"version-history":[{"count":0,"href":"https:\/\/uenf.br\/posgraduacao\/biociencias-biotecnologia\/wp-json\/wp\/v2\/pages\/2514\/revisions"}],"up":[{"embeddable":true,"href":"https:\/\/uenf.br\/posgraduacao\/biociencias-biotecnologia\/wp-json\/wp\/v2\/pages\/311"}],"wp:attachment":[{"href":"https:\/\/uenf.br\/posgraduacao\/biociencias-biotecnologia\/wp-json\/wp\/v2\/media?parent=2514"}],"curies":[{"name":"wp","href":"https:\/\/api.w.org\/{rel}","templated":true}]}}