{"id":2544,"date":"2023-04-27T10:32:36","date_gmt":"2023-04-27T13:32:36","guid":{"rendered":"https:\/\/uenf.br\/posgraduacao\/biociencias-biotecnologia\/?page_id=2544"},"modified":"2024-06-19T16:35:17","modified_gmt":"2024-06-19T19:35:17","slug":"coordenadores-da-pgbb","status":"publish","type":"page","link":"https:\/\/uenf.br\/posgraduacao\/biociencias-biotecnologia\/apresentacao\/coordenadores-da-pgbb\/","title":{"rendered":"Hist\u00f3rico de Coordenadores da PGBB"},"content":{"rendered":"<p>Fa\u00e7a o download no link abaixo para acessar o Relat\u00f3rio dos Coordenadores que atuaram na PGBB com seus respectivos per\u00edodos de gest\u00e3o:<\/p>\n<p><a href=\"https:\/\/uenf.br\/posgraduacao\/biociencias-biotecnologia\/wp-content\/uploads\/sites\/12\/2023\/04\/Pos-Biociencias-e-biotecnologia-coordenadores-PGBB-nomeados.pdf\">Pos Biociencias e biotecnologia coordenadores PGBB nomeados<\/a><\/p>\n","protected":false},"excerpt":{"rendered":"<p>Fa\u00e7a o download no link abaixo para acessar o Relat\u00f3rio dos Coordenadores que atuaram na PGBB com seus respectivos per\u00edodos&#8230;<\/p>\n","protected":false},"author":25,"featured_media":0,"parent":652,"menu_order":3,"comment_status":"closed","ping_status":"closed","template":"","meta":{"footnotes":""},"class_list":["post-2544","page","type-page","status-publish","hentry"],"_links":{"self":[{"href":"https:\/\/uenf.br\/posgraduacao\/biociencias-biotecnologia\/wp-json\/wp\/v2\/pages\/2544","targetHints":{"allow":["GET"]}}],"collection":[{"href":"https:\/\/uenf.br\/posgraduacao\/biociencias-biotecnologia\/wp-json\/wp\/v2\/pages"}],"about":[{"href":"https:\/\/uenf.br\/posgraduacao\/biociencias-biotecnologia\/wp-json\/wp\/v2\/types\/page"}],"author":[{"embeddable":true,"href":"https:\/\/uenf.br\/posgraduacao\/biociencias-biotecnologia\/wp-json\/wp\/v2\/users\/25"}],"replies":[{"embeddable":true,"href":"https:\/\/uenf.br\/posgraduacao\/biociencias-biotecnologia\/wp-json\/wp\/v2\/comments?post=2544"}],"version-history":[{"count":0,"href":"https:\/\/uenf.br\/posgraduacao\/biociencias-biotecnologia\/wp-json\/wp\/v2\/pages\/2544\/revisions"}],"up":[{"embeddable":true,"href":"https:\/\/uenf.br\/posgraduacao\/biociencias-biotecnologia\/wp-json\/wp\/v2\/pages\/652"}],"wp:attachment":[{"href":"https:\/\/uenf.br\/posgraduacao\/biociencias-biotecnologia\/wp-json\/wp\/v2\/media?parent=2544"}],"curies":[{"name":"wp","href":"https:\/\/api.w.org\/{rel}","templated":true}]}}