{"id":2566,"date":"2023-05-02T16:36:20","date_gmt":"2023-05-02T19:36:20","guid":{"rendered":"https:\/\/uenf.br\/posgraduacao\/biociencias-biotecnologia\/?page_id=2566"},"modified":"2025-09-03T09:13:35","modified_gmt":"2025-09-03T12:13:35","slug":"ano-2022","status":"publish","type":"page","link":"https:\/\/uenf.br\/posgraduacao\/biociencias-biotecnologia\/teses-defendidas\/ano-2022\/","title":{"rendered":"Ano 2022"},"content":{"rendered":"<p><strong>TESES DE DOUTORADO 2022<\/strong><\/p>\n<ul>\n<li>Clique no autor para acessar a tese completa:<\/li>\n<\/ul>\n<p>&nbsp;<\/p>\n<p><strong>1- <a href=\"https:\/\/uenf.br\/posgraduacao\/biociencias-biotecnologia\/wp-content\/uploads\/sites\/12\/2023\/05\/Tese-versao-finalcida.pdf\">MARIA APARECIDA ARIDE BERTONCELI<\/a>\u00a0 \u00a0 \u00a0 \u00a0 \u00a0 \u00a0 \u00a0 \u00a0 \u00a0 \u00a0 \u00a0 \u00a0\u00a0<\/strong><\/p>\n<p><strong>Data:<\/strong> 17\/02\/2022<\/p>\n<p><strong>T\u00edtulo:<\/strong> \u201cIdentifica\u00e7\u00e3o e caracteriza\u00e7\u00e3o de compostos de sementes de Clitoria fairchildiana com atividade inseticida contra Callosobruchus maculatus e <em>Aedes aegypti<\/em>.\u201d<\/p>\n<p><strong>Orientador:<\/strong> Prof\u00aa Katia Valevski Sales Fernandes \u2013 LQFPP\/UENF \/ Dr\u00aa Antonia Elenir Am\u00e2ncio Oliveira (Co-orientadora) &#8211; UENF<\/p>\n<p><strong>Banca:<\/strong><\/p>\n<p>Dr. Jos\u00e9 Roberto da Silva \u2013 UFRJ\/Maca\u00e9<\/p>\n<p>Dr\u00aa Marilvia Dansa de Alencar \u2013 UENF<\/p>\n<p>Dr\u00aa \u00c9rica de Oliveira Mello \u2013 UENF<\/p>\n<p>___________________________________________________________________________________<\/p>\n<p><strong>2- <a href=\"https:\/\/uenf.br\/posgraduacao\/biociencias-biotecnologia\/wp-content\/uploads\/sites\/12\/2025\/02\/VINICIUS-DE-OLIVEIRA-MUSSI.pdf\">VINICIUS DE OLIVEIRA MUSSI<\/a> \u00a0 \u00a0 \u00a0 \u00a0 \u00a0 \u00a0 \u00a0 \u00a0 \u00a0 \u00a0 \u00a0 \u00a0 \u00a0 \u00a0 \u00a0 \u00a0 \u00a0 \u00a0 \u00a0 \u00a0 \u00a0 \u00a0 \u00a0 \u00a0 \u00a0 <\/strong><\/p>\n<p><strong>Data: <\/strong>18\/02\/2022<\/p>\n<p><strong>T\u00edtulo: <\/strong>\u201cESTUDO DA VIRUL\u00caNCIA E PATOGENICIDADE DE CEPAS DE <em>Mycobacterium kansasii<\/em> ISOLADAS DE PACIENTES BRASILEIROS COM DOEN\u00c7A PULMONAR.\u201d<\/p>\n<p><strong>Orientador:<\/strong> Dr\u00aa Elena Lassounskaia \u2013 LBR\/CBB\/UENF \/ Dr\u00aa Thatiana Lopes Bi\u00e1 Ventura Sim\u00e3o (Co-orientadora) \u2013 UENF<\/p>\n<p><strong>Banca:<\/strong><\/p>\n<p>Dr. Milton Masahiko Kanashiro \u2013 LBR\/UENF<\/p>\n<p>Dr. Jo\u00e3o Carlos Aquino Almeida \u2013 LFBM\/UENF<\/p>\n<p>Dr\u00aa Michelle Fraz\u00e3o Muzitano\u00a0 \u2013 NUPEM\/UFRJ<\/p>\n<p>___________________________________________________________________________________<\/p>\n<p><strong>3- <a href=\"https:\/\/uenf.br\/posgraduacao\/biociencias-biotecnologia\/wp-content\/uploads\/sites\/12\/2025\/02\/YREXAM-RODRIGUES-DE-SOUZA-RIBEIRO.pdf\">YREXAM RODRIGUES DE SOUZA RIBEIRO<\/a> \u00a0 \u00a0 \u00a0 \u00a0 \u00a0 \u00a0 \u00a0 \u00a0 \u00a0 \u00a0 \u00a0 \u00a0 \u00a0 \u00a0 \u00a0<\/strong><\/p>\n<p><strong>Data: <\/strong>23\/02\/2022<\/p>\n<p><strong>T\u00edtulo: <\/strong>\u201cEnvolvimento de auxina, prote\u00ednas diferencialmente acumuladas e altera\u00e7\u00f5es de poliaminas no enraizamento ex vitro de brotos micropropagados de <em>Cedrela fissilis<\/em> Vellozo (Meliaceae).\u201d<\/p>\n<p><strong>Orientador: <\/strong>Dr\u00aa Claudete Santa-Catarina \u2013 LBCT\/UENF<\/p>\n<p><strong>Banca:<\/strong><\/p>\n<p>Dr\u00aa Ant\u00f4nia Elenir Am\u00e2ncio Oliveira \u2013 LQFPP\/UENF<\/p>\n<p>Dr. Hugo Pacheco de Freitas Fraga \u2013 UFSC<\/p>\n<p>Dr\u00aa Virginia Silva Carvalho\u00a0 \u2013\u00a0 UENF<\/p>\n<p>___________________________________________________________________________________<\/p>\n<p><strong>4- <a href=\"https:\/\/uenf.br\/posgraduacao\/biociencias-biotecnologia\/wp-content\/uploads\/sites\/12\/2025\/02\/NEILOR-LACORTE-BORGES.pdf\">NEILOR LAC\u00d4RTE BORGES<\/a> \u00a0 \u00a0 \u00a0 \u00a0 \u00a0 \u00a0 \u00a0 \u00a0 \u00a0 \u00a0 \u00a0 \u00a0 \u00a0 \u00a0 \u00a0 \u00a0 \u00a0 \u00a0 \u00a0 \u00a0 \u00a0 \u00a0 \u00a0 \u00a0 \u00a0 \u00a0 \u00a0 <\/strong><\/p>\n<p><strong>Data: <\/strong>24\/02\/2022<\/p>\n<p><strong>T\u00edtulo: <\/strong>\u201cAtributos funcionais da folha e do lenho de esp\u00e9cies arb\u00f3reas ocorrentes em uma floresta ombr\u00f3fila densa alagada do estado do Rio de Janeiro.\u201d<\/p>\n<p><strong>Orientador: <\/strong>Dr\u00aa Maura da Cunha \u2013 LBCT\/UENF<\/p>\n<p><strong>Banca:<\/strong><\/p>\n<p>Dr. Jo\u00e3o Paulo Rodrigues Marques \u2013 USP<\/p>\n<p>Dr\u00aa Ivone Vieira da Silva \u2013 UNEMAT<\/p>\n<p>Dr. F\u00e1bio Lopes Olivares \u2013 LBCT\/UENF<\/p>\n<p>___________________________________________________________________________________<\/p>\n<p><strong>5- <a href=\"https:\/\/uenf.br\/posgraduacao\/biociencias-biotecnologia\/wp-content\/uploads\/sites\/12\/2025\/02\/GABRIELA-PETROCELI-MOTA.pdf\">GABRIELA PETROCELI MOTA<\/a><\/strong><\/p>\n<p><strong>Data: <\/strong>18\/03\/2022<\/p>\n<p><strong>T\u00edtulo: <\/strong>\u201cCaracteriza\u00e7\u00e3o da resposta fisiol\u00f3gica, celular e molecular de <em>Enterobacter cloacae<\/em> UENF P7 a c\u00e1dmio.\u201d<\/p>\n<p><strong>Orientador: <\/strong>Dr\u00aa Aline Chaves Intorne \u2013 LFBM\/UENF \/ Dr\u00aa Mar\u00edlia Amorim Berbert de Molina &#8211; LBT\/UENF<\/p>\n<p><strong>Banca:<\/strong><\/p>\n<p>Dr\u00aa Rachel Ann Hauser Davis &#8211; FIOCRUZ<\/p>\n<p>Dr. F\u00e1bio Lopes Olivares &#8211; LBCT\/UENF<\/p>\n<p>Dr. Diogo de Abreu Meireles &#8211; LFBM\/UENF<\/p>\n<p>___________________________________________________________________________________<\/p>\n<p><strong>6-<a href=\"https:\/\/uenf.br\/posgraduacao\/biociencias-biotecnologia\/wp-content\/uploads\/sites\/12\/2025\/02\/SANDERSON-DIAS-CALIXTO.pdf\">SANDERSON DIAS CALIXTO<\/a> \u00a0 \u00a0 \u00a0 \u00a0 \u00a0 \u00a0 \u00a0 \u00a0 \u00a0 \u00a0 \u00a0 \u00a0 \u00a0 \u00a0 \u00a0 \u00a0 \u00a0 \u00a0 \u00a0 \u00a0 \u00a0 \u00a0 \u00a0 \u00a0 \u00a0 \u00a0 \u00a0 <\/strong><\/p>\n<p><strong>Data: <\/strong>29\/03\/2022<\/p>\n<p><strong>T\u00edtulo: <\/strong>\u201cDERIVADOS DE TIOUREIAS COM ATIVIDADE ANTIMICOBACTERIANA E ANTI-INFLAMAT\u00d3RIA COMO ESTRAT\u00c9GIA DE TRATAMENTO ADJUVANTE DA TUBERCULOSE PULMONAR SEVERA.\u201d<\/p>\n<p><strong>Orientador: <\/strong>Dr\u00aa Michelle Fraz\u00e3o Muzitano &#8211; UENF \/ Dr\u00aa Thatiana Lopes Bi\u00e1 Ventura Sim\u00e3o &#8211; UENF<\/p>\n<p><strong>Banca:<\/strong><\/p>\n<p>Elena Lassounskaia &#8211; LBR\/UENF<\/p>\n<p>Valdirene Moreira Gomes &#8211; LFBM\/UENF<\/p>\n<p>Paula Alvarez Abreu &#8211; NUPEM &#8211; UFRJ<\/p>\n<p>___________________________________________________________________________________<\/p>\n<p><strong>7- <a href=\"https:\/\/uenf.br\/posgraduacao\/biociencias-biotecnologia\/wp-content\/uploads\/sites\/12\/2025\/02\/FRANCIANNE-GALOSSI-DE-SOUZA.pdf\">FRANCIANNE GALOSSI DE SOUZA<\/a> \u00a0 \u00a0 \u00a0 \u00a0 \u00a0 \u00a0 \u00a0 \u00a0 \u00a0 \u00a0 \u00a0 \u00a0 \u00a0 \u00a0 \u00a0 \u00a0 \u00a0 \u00a0 \u00a0 \u00a0 \u00a0 \u00a0 <\/strong><\/p>\n<p><strong>Data: <\/strong>31\/08\/2022<\/p>\n<p><strong>T\u00edtulo: <\/strong>\u201cIdentifica\u00e7\u00e3o de um pept\u00eddeo c\u00edclico, isolado das sementes de mamona (<em>Ricinus communis<\/em>) com atividade antiparasit\u00e1ria (<em>Trypanosoma cruzi<\/em> e <em>Toxoplasma gondii<\/em>).\u201d<\/p>\n<p><strong>Orientador: <\/strong>Dr\u00aa Olga Lima Tavares Machado &#8211; UENF<\/p>\n<p><strong>Banca:<\/strong><\/p>\n<p>Dr. F\u00e1bio C\u00e9sar Sousa Nogueira &#8211; UFRJ<\/p>\n<p>Dra \u00c9rica Oliveira Mello &#8211; LFBM\/UENF<\/p>\n<p>Dr. S\u00e9rgio Henrique Seabra &#8211; LBCT\/UENF<\/p>\n<p>___________________________________________________________________________________<\/p>\n<p><strong>8- <a href=\"https:\/\/uenf.br\/posgraduacao\/biociencias-biotecnologia\/wp-content\/uploads\/sites\/12\/2025\/02\/REBEKA-DA-CONCEICAO-SOUZA.pdf\">REBEKA DA CONCEI\u00c7\u00c3O SOUZA<\/a> \u00a0 \u00a0 \u00a0 \u00a0 \u00a0 \u00a0 \u00a0 \u00a0 \u00a0 \u00a0 \u00a0 \u00a0 \u00a0 \u00a0 \u00a0 \u00a0 \u00a0 \u00a0 \u00a0 \u00a0 \u00a0 \u00a0 \u00a0<\/strong><\/p>\n<p><strong>Data: <\/strong>31\/08\/2022<\/p>\n<p><strong>T\u00edtulo: \u201cAssocia\u00e7\u00e3o de SNPs no gene <em>P2RX7<\/em> com a hansen\u00edase e impacto deste receptor nos efeitos pr\u00f3-inflamat\u00f3rios dos macr\u00f3fagos estimulados pelo <em>Mycobacterium leprae<\/em>.\u201d<\/strong><\/p>\n<p><strong>Orientador: <\/strong>Dr\u00aa Alba Luc\u00ednia Peixoto Rangel &#8211; UENF \/ Dr\u00aa Elena Lassounskaia &#8211; UENF<\/p>\n<p><strong>Banca:<\/strong><\/p>\n<p>Dr. Arnoldo Rocha Fa\u00e7anha &#8211; UENF<\/p>\n<p>Dr. Milton Masahiko Kanashiro &#8211; UENF<\/p>\n<p>Dr\u00aa M\u00e1rcia de B\u00earredo Pinho Moreira &#8211; FIOCRUZ<\/p>\n<p>___________________________________________________________________________________<\/p>\n<p><strong>9- <a href=\"https:\/\/uenf.br\/posgraduacao\/biociencias-biotecnologia\/wp-content\/uploads\/sites\/12\/2025\/09\/FRANCISNEI-PEDROSA-DA-SILVA-ds.pdf\">FRANCISNEI PEDROSA DA SILVA<\/a>\u00a0\u00a0 \u00a0 \u00a0 \u00a0 \u00a0 \u00a0 \u00a0 \u00a0 \u00a0 \u00a0 \u00a0 \u00a0 \u00a0 \u00a0 \u00a0 \u00a0 \u00a0 \u00a0 \u00a0 \u00a0 \u00a0 \u00a0 \u00a0 \u00a0 \u00a0\u00a0<\/strong><\/p>\n<p><strong>Data: <\/strong>29\/11\/2022<\/p>\n<p><strong>T\u00edtulo: <\/strong>\u201cGen\u00f4mica comparativa de bact\u00e9rias promotoras do crescimento vegetal e pertencentes a grupos taxon\u00f4micos associados com infec\u00e7\u00f5es oportunistas.\u201d<\/p>\n<p><strong>Orientador: <\/strong>Dr. Thiago Motta Venancio &#8211; UENF<\/p>\n<p><strong>Banca:<\/strong><\/p>\n<p>Dr. F\u00e1bio Lopes Olivares &#8211; UENF<\/p>\n<p>Dr. Caio C\u00e9zar Guedes Corr\u00eaa &#8211; UENF<\/p>\n<p>Dr. Diogo Antonio Tschoeke &#8211; UFRJ<\/p>\n<p>___________________________________________________________________________________<\/p>\n<p><strong>10- <a href=\"https:\/\/uenf.br\/posgraduacao\/biociencias-biotecnologia\/wp-content\/uploads\/sites\/12\/2025\/09\/ALAN-TARDIN-DA-SILVA-DS.pdf\">ALAN TARDIN DA SILVA <\/a> \u00a0 \u00a0 \u00a0 \u00a0 \u00a0 \u00a0 \u00a0 \u00a0 \u00a0 \u00a0 \u00a0 \u00a0 \u00a0 \u00a0 \u00a0 \u00a0 \u00a0 \u00a0 \u00a0 \u00a0 \u00a0 \u00a0 \u00a0 \u00a0 \u00a0 \u00a0 \u00a0 \u00a0 \u00a0 \u00a0 \u00a0 \u00a0\u00a0<\/strong><\/p>\n<p><strong>Data: <\/strong>01\/12\/2022<\/p>\n<p><strong>T\u00edtulo: <\/strong>\u201cValor Progn\u00f3stico de Assinaturas de Express\u00e3o Diferencial dos Genes do Sistema de Oxida\u00e7\u00e3o Fosforilativa (OXPHOS) em C\u00e2ncer.\u201d<\/p>\n<p><strong>Orientador: <\/strong>Dr. Enrique Medina-Acosta &#8211; UENF<\/p>\n<p><strong>Banca:<\/strong><\/p>\n<p>Dr. Victor Martin Quintana Flores &#8211; UENF<\/p>\n<p>Dr\u00aa Ana Beatriz Garcia &#8211; UENF<\/p>\n<p>Dr. Filipe Brum Machado &#8211; UEMG<\/p>\n<p>___________________________________________________________________________________<\/p>\n<p><strong>11- <a href=\"https:\/\/uenf.br\/posgraduacao\/biociencias-biotecnologia\/wp-content\/uploads\/sites\/12\/2025\/02\/YOLANDA-PORTO-MUNIZ-MARTINS.pdf\">YOLANDA PORTO MUNIZ MARTINS<\/a> \u00a0 \u00a0 \u00a0 \u00a0 \u00a0 \u00a0 \u00a0 \u00a0 \u00a0 \u00a0 \u00a0 \u00a0 \u00a0 \u00a0 \u00a0 \u00a0 \u00a0 \u00a0 \u00a0 \u00a0 \u00a0 \u00a0 \u00a0 \u00a0 \u00a0 \u00a0 \u00a0<\/strong><\/p>\n<p><strong>Data: <\/strong>06\/12\/2022<\/p>\n<p><strong>T\u00edtulo: <\/strong>\u201cESTUDO DO CONTROLE G\u00caNICO RELACIONADO AO METABOLISMO ENERG\u00c9TICO EM C\u00c9LULAS EMBRION\u00c1RIA BME26 DO CARRAPATO <em>Rhipicephalus microplus<\/em>.\u201d<\/p>\n<p><strong>Orientador: <\/strong>Dr. Francisco Jos\u00e9 Alves Lemos &#8211; UENF<\/p>\n<p><strong>Banca:<\/strong><\/p>\n<p>Dr. Victor Martin Quintana Flores &#8211; UENF<\/p>\n<p>Dr. Jos\u00e9 Roberto da Silva &#8211; UFRJ<\/p>\n<p>Dr. Eldo Campos &#8211; UFRJ<\/p>\n<p>___________________________________________________________________________________<\/p>\n<p><strong>12- <a href=\"https:\/\/uenf.br\/posgraduacao\/biociencias-biotecnologia\/wp-content\/uploads\/sites\/12\/2025\/02\/MARIANA-GIAROLA-BENEDITO-BARTHOLAZZI.pdf\">MARIANA GIAROLA BENEDITO BARTHOLAZZI<\/a> \u00a0 \u00a0 \u00a0 \u00a0 \u00a0 \u00a0 \u00a0 \u00a0 \u00a0 \u00a0 \u00a0 \u00a0 \u00a0 \u00a0 \u00a0 \u00a0 \u00a0 \u00a0 <\/strong><\/p>\n<p><strong>Data: <\/strong>15\/12\/2022<\/p>\n<p><strong>T\u00edtulo: <\/strong>\u201cEXPRESS\u00c3O HETER\u00d3LOGA, ISOLAMENTO E CARACTERIZA\u00c7\u00c3O IMUNOL\u00d3GICA DE Ric c 3 mutante, PROTE\u00cdNA DERIVADA DE UM IMPORTANTE AL\u00c9RGENO DE <em>Ricinus communis<\/em>.\u201d<\/p>\n<p><strong>Orientador: <\/strong>Dr\u00aa Olga Lima Tavares Machado &#8211; UENF<\/p>\n<p><strong>Banca:<\/strong><\/p>\n<p>Dr\u00aa Adriana Frohlich Mercadante &#8211; UFPR<\/p>\n<p>Dr\u00aa Ana Eliza Zeraik &#8211; UENF<\/p>\n<p>Dr\u00aa \u00c9rica de Oliveira Mello &#8211; UENF<\/p>\n<p>___________________________________________________________________________________<\/p>\n","protected":false},"excerpt":{"rendered":"<p>TESES DE DOUTORADO 2022 Clique no autor para acessar a tese completa: &nbsp; 1- MARIA APARECIDA ARIDE BERTONCELI\u00a0 \u00a0 \u00a0&#8230;<\/p>\n","protected":false},"author":25,"featured_media":0,"parent":1229,"menu_order":0,"comment_status":"closed","ping_status":"closed","template":"","meta":{"footnotes":""},"class_list":["post-2566","page","type-page","status-publish","hentry"],"_links":{"self":[{"href":"https:\/\/uenf.br\/posgraduacao\/biociencias-biotecnologia\/wp-json\/wp\/v2\/pages\/2566","targetHints":{"allow":["GET"]}}],"collection":[{"href":"https:\/\/uenf.br\/posgraduacao\/biociencias-biotecnologia\/wp-json\/wp\/v2\/pages"}],"about":[{"href":"https:\/\/uenf.br\/posgraduacao\/biociencias-biotecnologia\/wp-json\/wp\/v2\/types\/page"}],"author":[{"embeddable":true,"href":"https:\/\/uenf.br\/posgraduacao\/biociencias-biotecnologia\/wp-json\/wp\/v2\/users\/25"}],"replies":[{"embeddable":true,"href":"https:\/\/uenf.br\/posgraduacao\/biociencias-biotecnologia\/wp-json\/wp\/v2\/comments?post=2566"}],"version-history":[{"count":0,"href":"https:\/\/uenf.br\/posgraduacao\/biociencias-biotecnologia\/wp-json\/wp\/v2\/pages\/2566\/revisions"}],"up":[{"embeddable":true,"href":"https:\/\/uenf.br\/posgraduacao\/biociencias-biotecnologia\/wp-json\/wp\/v2\/pages\/1229"}],"wp:attachment":[{"href":"https:\/\/uenf.br\/posgraduacao\/biociencias-biotecnologia\/wp-json\/wp\/v2\/media?parent=2566"}],"curies":[{"name":"wp","href":"https:\/\/api.w.org\/{rel}","templated":true}]}}