{"id":2621,"date":"2023-05-04T16:15:21","date_gmt":"2023-05-04T19:15:21","guid":{"rendered":"https:\/\/uenf.br\/posgraduacao\/biociencias-biotecnologia\/?page_id=2621"},"modified":"2025-02-13T15:55:01","modified_gmt":"2025-02-13T18:55:01","slug":"ano-2023","status":"publish","type":"page","link":"https:\/\/uenf.br\/posgraduacao\/biociencias-biotecnologia\/teses-defendidas\/ano-2022\/ano-2023\/","title":{"rendered":"Ano 2023"},"content":{"rendered":"<p><strong>\u00a0<\/strong><strong>Disserta\u00e7\u00e3o de Mestrado 2023<\/strong><\/p>\n<ul>\n<li>Clique no autor para acessar a disserta\u00e7\u00e3o completa:<\/li>\n<\/ul>\n<p><strong>1- <\/strong><a href=\"https:\/\/uenf.br\/posgraduacao\/biociencias-biotecnologia\/wp-content\/uploads\/sites\/12\/2025\/02\/VITOR-DEL-CARO-CRISTO.pdf\"><strong>VITOR DEL CARO CRISTO<\/strong><\/a><strong> \u00a0 \u00a0 \u00a0 \u00a0 \u00a0 \u00a0 \u00a0 \u00a0 \u00a0 \u00a0 \u00a0 \u00a0 \u00a0 \u00a0 \u00a0 \u00a0 \u00a0 \u00a0 \u00a0 \u00a0 \u00a0 \u00a0 \u00a0\u00a0<\/strong><\/p>\n<p><strong>Data:<\/strong> <strong>16\/02\/2023\u00a0\u00a0\u00a0 <\/strong><\/p>\n<p><strong>T\u00edtulo:<\/strong>\u201cTOXICIDADE DE ROTEN\u00d3IDE ISOLADO DE SEMENTES DE <em>Clitoria fairchildiana<\/em> SOBRE <em>Aedes aegypti<\/em>.\u201d<\/p>\n<p><strong>Orientador:<\/strong>Dr\u00aa Katia Valevski Sales Fernandes \u2013 LQFPP\/CBB<\/p>\n<p><strong>Banca:<\/strong><\/p>\n<p>Dr\u00aa Maria Aparecida Aride Bertonceli &#8211; UENF<\/p>\n<p>Dr\u00aa Olga Lima Tavares Machado \u2013 UENF<\/p>\n<p>Dr\u00aa Nath\u00e1lia Bastos Lima \u2013 IFF\/QUISSAM\u00c3<\/p>\n<p>Dr. Rodrigo Maciel Lima \u2013 IFF\/CAMPOS<\/p>\n<p>___________________________________________________________________________________<\/p>\n<p><strong>2- <\/strong><a href=\"https:\/\/uenf.br\/posgraduacao\/biociencias-biotecnologia\/wp-content\/uploads\/sites\/12\/2025\/02\/MARCIO-VALERIANO-DA-SILVA-JUNIOR-.pdf\"><strong>MARCIO VALERIANO DA SILVA JUNIOR <\/strong><\/a><strong>\u00a0 \u00a0 \u00a0 \u00a0 \u00a0 \u00a0 \u00a0 \u00a0 \u00a0 \u00a0 \u00a0 \u00a0 \u00a0 \u00a0 \u00a0 \u00a0 \u00a0 \u00a0 \u00a0 \u00a0 \u00a0 \u00a0 \u00a0 \u00a0 \u00a0 \u00a0 \u00a0 \u00a0<\/strong><\/p>\n<p><strong>Data:<\/strong> <strong>28\/02\/2023\u00a0\u00a0\u00a0 <\/strong><\/p>\n<p><strong>T\u00edtulo:<\/strong>\u201cAN\u00c1LISE DA EXPRESS\u00c3O DOS GENES OCT4, NANOG E DE SEUS RESPECTIVOS PSEUDOGENES EM C\u00c9LULAS-TRONCO TUMORAIS DE GLIOBLASTOMA.\u201d<\/p>\n<p><strong>Orientador: <\/strong>Dr. \u00c1lvaro Fabr\u00edcio Lopes Rios \u2013 LBT\/CBB<\/p>\n<p><strong>Banca:<\/strong><\/p>\n<p>Dr\u00aa Daniela Pretti da Cunha Tirapelli \u2013 USP<\/p>\n<p>Dr. Filipe Brum Machado \u2013 UEMG<\/p>\n<p>Dr\u00aa Alba Lucinia Peixoto Rangel \u2013 UENF<\/p>\n<p>___________________________________________________________________________________<\/p>\n<p><strong>3- <\/strong><a href=\"https:\/\/uenf.br\/posgraduacao\/biociencias-biotecnologia\/wp-content\/uploads\/sites\/12\/2025\/02\/GABRIEL-SILVA-DE-OLIVEIRA.pdf\"><strong>GABRIEL SILVA DE OLIVEIRA<\/strong><\/a><\/p>\n<p><strong>Data:<\/strong> <strong>28\/02\/2023\u00a0\u00a0\u00a0 \u00a0 \u00a0\u00a0\u00a0 \u00a0<\/strong><\/p>\n<p><strong>T\u00edtulo: <\/strong>\u201cVariabilidade funcional dos atributos do <em>continuum<\/em> folha-caule de esp\u00e9cies na Floresta Atl\u00e2ntica.\u201d<\/p>\n<p><strong>\u00a0Orientador: <\/strong>Dr\u00aa Maura da Cunha \u2013 LBCT\/UENF<\/p>\n<p><strong>Banca:<\/strong><\/p>\n<p>Dr. Saulo Pireda Fernandes \u2013 UENF<\/p>\n<p>Dr. Marcelo Schramm Mielke &#8211; UESC<\/p>\n<p>Dr. Arno Fritz das Neves Brandes &#8211; UFF<\/p>\n<p>Dr. Warlen Silva da Costa &#8211; UENF<\/p>\n<p>___________________________________________________________________________________<\/p>\n<p><strong>4- <\/strong><a href=\"https:\/\/uenf.br\/posgraduacao\/biociencias-biotecnologia\/wp-content\/uploads\/sites\/12\/2025\/02\/DIOVANA-RAMOS-GERIN.pdf\"><strong>DIOVANA RAMOS GERIN<\/strong><\/a><strong> \u00a0 \u00a0 \u00a0 \u00a0 \u00a0 \u00a0 \u00a0 \u00a0 \u00a0 \u00a0 \u00a0 \u00a0 \u00a0 \u00a0 \u00a0 \u00a0 \u00a0 \u00a0 \u00a0 \u00a0 \u00a0 \u00a0 \u00a0 \u00a0 \u00a0 \u00a0 \u00a0 \u00a0 \u00a0 \u00a0 \u00a0 \u00a0 \u00a0 \u00a0 \u00a0 \u00a0 \u00a0 \u00a0 \u00a0 \u00a0 \u00a0 \u00a0 \u00a0 \u00a0 \u00a0 \u00a0 \u00a0 \u00a0 \u00a0 \u00a0 \u00a0\u00a0<\/strong><\/p>\n<p><strong>Data:<\/strong> <strong>28\/02\/2023\u00a0\u00a0\u00a0 \u00a0 \u00a0<\/strong><\/p>\n<p><strong>T\u00edtulo:<\/strong>\u201cNeuroprote\u00e7\u00e3o e a\u00e7\u00e3o antioxidante em microgli\u00f3citos: o papel do dermatam sulfato extra\u00eddo de <em>Phallusia nigra<\/em>.\u201d<\/p>\n<p><strong>\u00a0Orientador:<\/strong>Dr\u00aa Cintia Monteiro de Barros \u2013 LBCT\/CBB<\/p>\n<p><strong>Banca:<\/strong><\/p>\n<p>Dr. Renato Augusto DaMatta \u2013 UENF<\/p>\n<p>Dr\u00aa Michelle Fraz\u00e3o Muzitano \u2013 UFRJ<\/p>\n<p>Dr\u00aa Tuane Cristine Ramos Gon\u00e7alves Vieira \u2013 UFRJ<\/p>\n<p>___________________________________________________________________________________<\/p>\n<p><strong>5- <\/strong><a href=\"https:\/\/uenf.br\/posgraduacao\/biociencias-biotecnologia\/wp-content\/uploads\/sites\/12\/2025\/02\/SAULO-AUGUSTO-ALVES-DA-CRUZ.pdf\"><strong>SAULO AUGUSTO ALVES DA CRUZ<\/strong><\/a><\/p>\n<p><strong>Data:<\/strong> <strong>28\/02\/2023\u00a0\u00a0\u00a0 \u00a0\u00a0\u00a0 \u00a0<\/strong><\/p>\n<p><strong>T\u00edtulo:<\/strong>\u201cMARCADORES DE ASTR\u00d3CITOS NEUROT\u00d3XICOS E NEUROPROTETORES MODULADOS POR FINGOLIMODE EM MODELO DE DESMIELINIZA\u00c7\u00c3O INFLAMAT\u00d3RIA POR CUPRIZONA.\u201d<\/p>\n<p><strong>\u00a0Orientador:<\/strong>Dr\u00aa Sheila Esp\u00edrito Santo Ara\u00fajo \u2013 LBCT\/UENF<\/p>\n<p><strong>Banca:<\/strong><\/p>\n<p>Dr. Sergio Henrique Seabra &#8211; UENF<\/p>\n<p>Dr\u00aa Anna Lvovna Okorokova Fa\u00e7anha &#8211; UENF<\/p>\n<p>Dr. Rafael Brito da Silva &#8211; UFF<\/p>\n<p>___________________________________________________________________________________<\/p>\n<p><strong>6- <\/strong><a href=\"https:\/\/uenf.br\/posgraduacao\/biociencias-biotecnologia\/wp-content\/uploads\/sites\/12\/2025\/02\/ANA-CAROLINA-DE-PADUA-ALPINO-PEREIRA.pdf\"><strong>ANA CAROLINA DE P\u00c1DUA ALPINO PEREIRA<\/strong><\/a><\/p>\n<p><strong>Data:<\/strong> <strong>01\/03\/2023\u00a0\u00a0\u00a0 \u00a0 \u00a0\u00a0\u00a0\u00a0\u00a0 \u00a0<\/strong><\/p>\n<p><strong>T\u00edtulo:<\/strong>\u201cALTERA\u00c7\u00d5ES SIN\u00c1PTICAS E MECANISMOS ASTROCIT\u00c1RIOS ASSOCIADOS EM MODELO DE ESCLEROSE M\u00daLTIPLA E AP\u00d3S TRATAMENTO COM FINGOLIMODE.\u201d<\/p>\n<p><strong>\u00a0Orientador:<\/strong>Dr\u00aa Sheila Esp\u00edrito Santo Ara\u00fajo \u2013 LBCT\/UENF<\/p>\n<p><strong>Banca:<\/strong><\/p>\n<p>Dr\u00aa C\u00edntia Monteiro de Barros \u2013 LBCT\/UENF<\/p>\n<p>Dr\u00aa Luana da Silva Chagas \u2013 UFF<\/p>\n<p>Dr\u00aa Juliana Vasques \u2013 UFRJ<\/p>\n<p>Dr. Glauber Monteiro Dias \u2013 UENF<\/p>\n<p>___________________________________________________________________________________<\/p>\n<p><strong>7- <\/strong><a href=\"https:\/\/uenf.br\/posgraduacao\/biociencias-biotecnologia\/wp-content\/uploads\/sites\/12\/2025\/02\/SELY-DANIELI-DE-ALMEIDA-AZEVEDO.pdf\"><strong>SELY DANIELI DE ALMEIDA AZEVEDO<\/strong><\/a><\/p>\n<p><strong>Data:<\/strong> <strong>28\/04\/2023\u00a0\u00a0\u00a0 \u00a0 \u00a0\u00a0\u00a0\u00a0\u00a0 \u00a0<\/strong><\/p>\n<p><strong>T\u00edtulo:<\/strong>\u201cReprograma\u00e7\u00e3o metab\u00f3lica de polifosfatos e inositol polifosfatos durante a prolifera\u00e7\u00e3o celular carcinog\u00eanica e em leveduras-modelo.\u201d<\/p>\n<p><strong>\u00a0Orientador:<\/strong>Dr\u00aa Anna Lvovna Okorokova Fa\u00e7anha \u2013 LFBM\/UENF<\/p>\n<p><strong>Banca:<\/strong><\/p>\n<p>Dr. Arnoldo Rocha Fa\u00e7anha \u2013 LBCT\/UENF<\/p>\n<p>Dr\u00aa Ar\u00edcia Leone Evangelista M. de Assis \u2013 UENF<\/p>\n<p>Dr\u00aa Gildeide Aparecida Costa \u2013 CBB<\/p>\n<p>Dr. Andr\u00e9 Lacerda de Abreu Oliveira \u2013 CCTA\/UENF<\/p>\n<p>___________________________________________________________________________________<\/p>\n<p><strong>8- <\/strong><a href=\"https:\/\/uenf.br\/posgraduacao\/biociencias-biotecnologia\/wp-content\/uploads\/sites\/12\/2025\/02\/LETICIA-NASCIMENTO-PEDRA.pdf\"><strong>LET\u00cdCIA NASCIMENTO PEDRA<\/strong><\/a><\/p>\n<p><strong>Data:<\/strong> <strong>30\/08\/2023\u00a0\u00a0\u00a0 \u00a0 \u00a0\u00a0\u00a0 \u00a0\u00a0\u00a0\u00a0\u00a0 \u00a0<\/strong><\/p>\n<p><strong>T\u00edtulo:<\/strong>\u201cAvalia\u00e7\u00e3o <em>in vitro<\/em> da atividade tripanocida de extratos foliares de esp\u00e9cies do g\u00eanero <em>Trichilia<\/em> sobre a forma epimastigota de <em>Trypanosoma cruzi<\/em>.\u201d<\/p>\n<p><strong>\u00a0Orientador:<\/strong>Dr. Ed\u00e9sio Jos\u00e9 Ten\u00f3rio de Melo \u2013 LBCT\/UENF<\/p>\n<p><strong>Banca:<\/strong><\/p>\n<p>Dr. Franz Viana Borges \u2013 IFF<\/p>\n<p>Dr\u00aa Maria Aparecida Aride Bertonceli \u2013 UENF<\/p>\n<p>Dr\u00aa La\u00eds de Almeida Bezerra \u2013 UENF<\/p>\n<p>___________________________________________________________________________________<\/p>\n<p><strong>9-<\/strong><a href=\"https:\/\/uenf.br\/posgraduacao\/biociencias-biotecnologia\/wp-content\/uploads\/sites\/12\/2025\/02\/MARYANA-LYRA-DA-CONCEICAO.pdf\"><strong>MARYANA LYRA DA CONCEI\u00c7\u00c3O<\/strong><\/a><\/p>\n<p><strong>Data:<\/strong> <strong>01\/09\/2023\u00a0\u00a0\u00a0 \u00a0 \u00a0\u00a0\u00a0 \u00a0\u00a0\u00a0 \u00a0\u00a0\u00a0\u00a0\u00a0 \u00a0<\/strong><\/p>\n<p><strong>T\u00edtulo:<\/strong>\u201cEfeitos dos extratos aquosos de tr\u00eas esp\u00e9cies de<em> Trichilia<\/em> P. Browne (Meliaceae) contra <em>Leishmania amazonensis in vitro<\/em>.\u201d<\/p>\n<p><strong>\u00a0Orientador:<\/strong>Dr. Ed\u00e9sio Jos\u00e9 Ten\u00f3rio de Melo \u2013 LBCT\/UENF<\/p>\n<p><strong>Banca:<\/strong><\/p>\n<p>Dr. Franz Viana Borges \u2013 IFF<\/p>\n<p>Dr. Saulo Pireda Fernandes \u2013 UENF<\/p>\n<p>Dr\u00aa La\u00eds de Almeida Bezerra \u2013 UENF<\/p>\n<p>___________________________________________________________________________________<\/p>\n<p><strong>10 &#8211; <a href=\"https:\/\/uenf.br\/posgraduacao\/biociencias-biotecnologia\/wp-content\/uploads\/sites\/12\/2025\/02\/LARISSA-LUANA-DE-OLIVEIRA-MANHAES.pdf\">LARISSA LUANA DE OLIVEIRA MANH\u00c3ES<\/a><\/strong><\/p>\n<p><strong>Data:<\/strong> <strong>01\/09\/2023\u00a0\u00a0\u00a0 \u00a0 \u00a0\u00a0\u00a0 \u00a0\u00a0\u00a0 \u00a0\u00a0\u00a0\u00a0\u00a0 \u00a0<\/strong><\/p>\n<p><strong>T\u00edtulo: <\/strong>&#8220;AN\u00c1LISE COMPARATIVA DE TRANSCRIPTOMAS EM OVOS DO MOSQUITO Anopheles gambiae (Diptera: Culicidae) E DO BESOURO Tribolium castaneum (Coleoptera: Tenebrionidae): BUSCA DE GENES ANCESTRAIS RELACIONADOS COM A FORMA\u00c7\u00c3O DA CUT\u00cdCULA SEROSA.&#8221;<\/p>\n<p><strong>\u00a0Orientador: <\/strong>Gustavo Lazzaro Rezende<\/p>\n<p><strong>Banca: <\/strong>Jose Roberto da Silva<\/p>\n<p>Gustavo Lazzaro Rezende<\/p>\n<p>Katia Valeviski Sales Fernandes<\/p>\n<p>Ana Eliza Zeraik<\/p>\n<p>___________________________________________________________________________________<\/p>\n","protected":false},"excerpt":{"rendered":"<p>\u00a0Disserta\u00e7\u00e3o de Mestrado 2023 Clique no autor para acessar a disserta\u00e7\u00e3o completa: 1- VITOR DEL CARO CRISTO \u00a0 \u00a0 \u00a0&#8230;<\/p>\n","protected":false},"author":25,"featured_media":0,"parent":2566,"menu_order":0,"comment_status":"closed","ping_status":"closed","template":"","meta":{"footnotes":""},"class_list":["post-2621","page","type-page","status-publish","hentry"],"_links":{"self":[{"href":"https:\/\/uenf.br\/posgraduacao\/biociencias-biotecnologia\/wp-json\/wp\/v2\/pages\/2621","targetHints":{"allow":["GET"]}}],"collection":[{"href":"https:\/\/uenf.br\/posgraduacao\/biociencias-biotecnologia\/wp-json\/wp\/v2\/pages"}],"about":[{"href":"https:\/\/uenf.br\/posgraduacao\/biociencias-biotecnologia\/wp-json\/wp\/v2\/types\/page"}],"author":[{"embeddable":true,"href":"https:\/\/uenf.br\/posgraduacao\/biociencias-biotecnologia\/wp-json\/wp\/v2\/users\/25"}],"replies":[{"embeddable":true,"href":"https:\/\/uenf.br\/posgraduacao\/biociencias-biotecnologia\/wp-json\/wp\/v2\/comments?post=2621"}],"version-history":[{"count":0,"href":"https:\/\/uenf.br\/posgraduacao\/biociencias-biotecnologia\/wp-json\/wp\/v2\/pages\/2621\/revisions"}],"up":[{"embeddable":true,"href":"https:\/\/uenf.br\/posgraduacao\/biociencias-biotecnologia\/wp-json\/wp\/v2\/pages\/2566"}],"wp:attachment":[{"href":"https:\/\/uenf.br\/posgraduacao\/biociencias-biotecnologia\/wp-json\/wp\/v2\/media?parent=2621"}],"curies":[{"name":"wp","href":"https:\/\/api.w.org\/{rel}","templated":true}]}}