{"id":2654,"date":"2023-05-25T10:00:19","date_gmt":"2023-05-25T13:00:19","guid":{"rendered":"https:\/\/uenf.br\/posgraduacao\/biociencias-biotecnologia\/?page_id=2654"},"modified":"2025-11-13T23:35:36","modified_gmt":"2025-11-14T02:35:36","slug":"projeto-de-tese","status":"publish","type":"page","link":"https:\/\/uenf.br\/posgraduacao\/biociencias-biotecnologia\/prorrogacao-de-prazos\/projeto-de-tese\/","title":{"rendered":"Prorroga\u00e7\u00e3o de Projeto"},"content":{"rendered":"<p>De acordo com as <strong><a href=\"https:\/\/uenf.br\/posgraduacao\/normas-gerais-da-pos-graduacao-stricto-sensu\/\" target=\"_blank\" rel=\"noopener\">Normas da P\u00f3s-Gradua\u00e7\u00e3o UENF<\/a> , <em>Art. 48\u00a0\u00a7 6\u00ba &#8211; O prazo da defesa de projeto de doutorado poder\u00e1 ser prorrogado por no m\u00e1ximo 6 (seis) meses, mediante solicita\u00e7\u00e3o e aprova\u00e7\u00e3o pela CCP.<span class=\"Apple-converted-space\">\u00a0<\/span><\/em><\/strong><\/p>\n<p>Para solicita\u00e7\u00e3o de prorroga\u00e7\u00e3o de Prazo para <em>DEFESA DE PROJETO DE DOUTORADO<\/em>\u00a0o orientador deve iniciar um processo pela Plataforma <a href=\"https:\/\/sei.rj.gov.br\/sip\/login.php?sigla_orgao_sistema=ERJ&amp;sigla_sistema=SEI&amp;infra_url=L3NlaS8=\">SEI\/RJ<\/a> para a Coordena\u00e7\u00e3o da PGBB, anexando a CI juntamente com o formul\u00e1rio de prorroga\u00e7\u00e3o devidamente preenchido a assinado.<\/p>\n<p><span style=\"color: #036a99\">Acesse o <strong><a style=\"color: #036a99\" href=\"https:\/\/uenf.br\/posgraduacao\/biociencias-biotecnologia\/wp-content\/uploads\/sites\/12\/2023\/06\/Formulario-para-Prorrogacao-de-Projeto-de-Tese-PGBB.pdf\" target=\"_blank\" rel=\"noopener\">Formul\u00e1rio-para-Prorrogacao de Projeto de Tese-PGBB<\/a><\/strong><\/span><\/p>\n","protected":false},"excerpt":{"rendered":"<p>De acordo com as Normas da P\u00f3s-Gradua\u00e7\u00e3o UENF , Art. 48\u00a0\u00a7 6\u00ba &#8211; O prazo da defesa de projeto de&#8230;<\/p>\n","protected":false},"author":25,"featured_media":0,"parent":191,"menu_order":0,"comment_status":"closed","ping_status":"closed","template":"","meta":{"footnotes":""},"class_list":["post-2654","page","type-page","status-publish","hentry"],"_links":{"self":[{"href":"https:\/\/uenf.br\/posgraduacao\/biociencias-biotecnologia\/wp-json\/wp\/v2\/pages\/2654","targetHints":{"allow":["GET"]}}],"collection":[{"href":"https:\/\/uenf.br\/posgraduacao\/biociencias-biotecnologia\/wp-json\/wp\/v2\/pages"}],"about":[{"href":"https:\/\/uenf.br\/posgraduacao\/biociencias-biotecnologia\/wp-json\/wp\/v2\/types\/page"}],"author":[{"embeddable":true,"href":"https:\/\/uenf.br\/posgraduacao\/biociencias-biotecnologia\/wp-json\/wp\/v2\/users\/25"}],"replies":[{"embeddable":true,"href":"https:\/\/uenf.br\/posgraduacao\/biociencias-biotecnologia\/wp-json\/wp\/v2\/comments?post=2654"}],"version-history":[{"count":0,"href":"https:\/\/uenf.br\/posgraduacao\/biociencias-biotecnologia\/wp-json\/wp\/v2\/pages\/2654\/revisions"}],"up":[{"embeddable":true,"href":"https:\/\/uenf.br\/posgraduacao\/biociencias-biotecnologia\/wp-json\/wp\/v2\/pages\/191"}],"wp:attachment":[{"href":"https:\/\/uenf.br\/posgraduacao\/biociencias-biotecnologia\/wp-json\/wp\/v2\/media?parent=2654"}],"curies":[{"name":"wp","href":"https:\/\/api.w.org\/{rel}","templated":true}]}}