{"id":2662,"date":"2023-05-25T10:09:00","date_gmt":"2023-05-25T13:09:00","guid":{"rendered":"https:\/\/uenf.br\/posgraduacao\/biociencias-biotecnologia\/?page_id=2662"},"modified":"2023-10-18T00:42:39","modified_gmt":"2023-10-18T03:42:39","slug":"prorrogacao-de-tese-dissertacao","status":"publish","type":"page","link":"https:\/\/uenf.br\/posgraduacao\/biociencias-biotecnologia\/prorrogacao-de-prazos\/prorrogacao-de-tese-dissertacao\/","title":{"rendered":"Prorroga\u00e7\u00e3o de Tese\/Disserta\u00e7\u00e3o"},"content":{"rendered":"<div>\n<h3>Para solicita\u00e7\u00e3o de Prorroga\u00e7\u00e3o de Prazo para <strong><em>DEFESA DE TESE OU DISSERTA\u00c7\u00c3O<\/em>:<\/strong><\/h3>\n<h4><span style=\"color: #046ab8\"><strong>Fa\u00e7a aqui o download para acessar o\u00a0<a style=\"color: #046ab8\" href=\"https:\/\/uenf.br\/posgraduacao\/biociencias-biotecnologia\/wp-content\/uploads\/sites\/12\/2014\/02\/Formul%C3%A1rio-novo-PRORROGA%C3%87%C3%83O-DE-DEFESA-PROPPG.docx\">formulario-novo-prorrogacao-de-defesa-proppg<\/a><\/strong><\/span><\/h4>\n<h4>De acordo com o <b><a href=\"https:\/\/uenf.br\/posgraduacao\/ecologia-recursosnaturais\/resolucoes-e-normas\/regimento-geral-de-pos-graduacao-da-uenf\/\">Regimento Geral da P\u00f3s-Gradua\u00e7\u00e3o da UENF<\/a>, em vigor,<\/b><\/h4>\n<\/div>\n<div>\n<p><b>Art. 3\u00ba\u00a0<\/b>\u2013 O Mestrado ter\u00e1 dura\u00e7\u00e3o m\u00ednima de 12 (doze) meses e m\u00e1xima de 24 (vinte e quatro) meses e o Doutorado ter\u00e1 dura\u00e7\u00e3o m\u00ednima de 24 (vinte e quatro) meses e m\u00e1xima de 48 (quarenta e oito) meses contados a partir da data de admiss\u00e3o no Programa.<\/p>\n<p><strong>PRIMEIRA PRORROGA\u00c7\u00c3O<\/strong><\/p>\n<p><b>\u00a7 1\u00ba-<\/b>\u00a0O p\u00f3s-graduando poder\u00e1 solicitar \u00e0 Comiss\u00e3o Coordenadora do Programa (PGBB\/CBB) a prorroga\u00e7\u00e3o por at\u00e9 mais 06 (seis) meses\u00a0<strong>(primeira prorroga\u00e7\u00e3o)<\/strong>. Para Tal, o Orientador dever\u00e1 encaminhar a solicita\u00e7\u00e3o de prorroga\u00e7\u00e3o \u00e0 PGBB\/CBB, atrav\u00e9s da Plataforma SEI, <strong>com uma anteced\u00eancia de 03 (tr\u00eas) meses do vencimento do prazo<\/strong>, acompanhada dos seguintes documentos:<\/p>\n<ul>\n<li>Formul\u00e1rio de Prorroga\u00e7\u00e3o de Defesa, constando a data in\u00edcio e fim da prorroga\u00e7\u00e3o, e na justificativa, mencionar a prorroga\u00e7\u00e3o em meses, assinatura do aluno e orientador,<\/li>\n<li>Parecer do Orientador,<\/li>\n<li>Uma vers\u00e3o preliminar da Disserta\u00e7\u00e3o ou da Tese,<\/li>\n<li>Relat\u00f3rio de atividades com respectivo cronograma,<\/li>\n<li>Extrato Escolar atualizado.<\/li>\n<\/ul>\n<p>Em sendo aprovada a solicita\u00e7\u00e3o pela PGBB\/CBB a mesma dever\u00e1 informar \u00e0 Pr\u00f3-Reitoria de Pesquisa e P\u00f3s-Gradua\u00e7\u00e3o (PROPPG) e \u00e0 Secretaria Acad\u00eamica (SECACAD).<\/p>\n<p><strong>SEGUNDA PRORROGA\u00c7\u00c3O<\/strong><\/p>\n<p><b>\u00a7 2\u00ba<\/b>\u2013 Em casos excepcionais o p\u00f3s-graduando poder\u00e1 solicitar extens\u00e3o da prorroga\u00e7\u00e3o por at\u00e9 06 (seis) meses\u00a0<strong>(segunda prorroga\u00e7\u00e3o).<\/strong>\u00a0Para tal o Orientador dever\u00e1 encaminhar a solicita\u00e7\u00e3o de prorroga\u00e7\u00e3o \u00e0 PGBB\/CBB, atrav\u00e9s da Platafoma SEI, <strong>com uma anteced\u00eancia de 03 (tr\u00eas) meses do vencimento do prazo<\/strong>, acompanhada dos seguintes documentos:<\/p>\n<ul>\n<li>Formul\u00e1rio de Prorroga\u00e7\u00e3o de Defesa, constando a data in\u00edcio e fim da prorroga\u00e7\u00e3o, e na justificativa, mencionar a prorroga\u00e7\u00e3o em meses, assinatura do aluno e orientador,<\/li>\n<li>Parecer do orientador,<\/li>\n<li>Relat\u00f3rio de atividades com respectivo cronograma<\/li>\n<li>Uma vers\u00e3o preliminar da disserta\u00e7\u00e3o ou da tese,<\/li>\n<li>Extrato Escolar atualizado.<\/li>\n<\/ul>\n<p>O estudante dever\u00e1 ter cumprido todas as exig\u00eancias regimentais, exceto a defesa. A falta de um desses documentos impedir\u00e1 sua aprecia\u00e7\u00e3o pela CPGCBB. A CPGCBB ap\u00f3s aprova\u00e7\u00e3o da solicita\u00e7\u00e3o encaminhar\u00e1 a mesma para avalia\u00e7\u00e3o da C\u00e2mara de Pesquisa e P\u00f3s-Gradua\u00e7\u00e3o (CPPG).<\/p>\n<p><b>\u00a7 3\u00ba-<\/b>\u00a0Ser\u00e3o computados para c\u00e1lculo da dura\u00e7\u00e3o m\u00e1xima, os per\u00edodos em que o estudante afastar-se da Universidade, salvo os afastamentos motivados por problemas de sa\u00fade e licen\u00e7a maternidade.<\/p>\n<p><b>\u00a7 4\u00ba<\/b>\u2013 A prorroga\u00e7\u00e3o s\u00f3 ser\u00e1 permitida para p\u00f3s-graduando que n\u00e3o tenha no seu hist\u00f3rico escolar reprova\u00e7\u00e3o em nenhuma disciplina do Programa.<\/p>\n<p><span style=\"color: #046ab8\">Fa\u00e7a aqui o download para acessar o\u00a0<a style=\"color: #046ab8\" href=\"https:\/\/uenf.br\/posgraduacao\/biociencias-biotecnologia\/wp-content\/uploads\/sites\/12\/2014\/02\/Formul%C3%A1rio-novo-PRORROGA%C3%87%C3%83O-DE-DEFESA-PROPPG.docx\">formulario-novo-prorrogacao-de-defesa-proppg<\/a><\/span><\/p>\n<\/div>\n","protected":false},"excerpt":{"rendered":"<p>Para solicita\u00e7\u00e3o de Prorroga\u00e7\u00e3o de Prazo para DEFESA DE TESE OU DISSERTA\u00c7\u00c3O: Fa\u00e7a aqui o download para acessar o\u00a0formulario-novo-prorrogacao-de-defesa-proppg De&#8230;<\/p>\n","protected":false},"author":25,"featured_media":0,"parent":191,"menu_order":1,"comment_status":"closed","ping_status":"closed","template":"","meta":{"footnotes":""},"class_list":["post-2662","page","type-page","status-publish","hentry"],"_links":{"self":[{"href":"https:\/\/uenf.br\/posgraduacao\/biociencias-biotecnologia\/wp-json\/wp\/v2\/pages\/2662","targetHints":{"allow":["GET"]}}],"collection":[{"href":"https:\/\/uenf.br\/posgraduacao\/biociencias-biotecnologia\/wp-json\/wp\/v2\/pages"}],"about":[{"href":"https:\/\/uenf.br\/posgraduacao\/biociencias-biotecnologia\/wp-json\/wp\/v2\/types\/page"}],"author":[{"embeddable":true,"href":"https:\/\/uenf.br\/posgraduacao\/biociencias-biotecnologia\/wp-json\/wp\/v2\/users\/25"}],"replies":[{"embeddable":true,"href":"https:\/\/uenf.br\/posgraduacao\/biociencias-biotecnologia\/wp-json\/wp\/v2\/comments?post=2662"}],"version-history":[{"count":0,"href":"https:\/\/uenf.br\/posgraduacao\/biociencias-biotecnologia\/wp-json\/wp\/v2\/pages\/2662\/revisions"}],"up":[{"embeddable":true,"href":"https:\/\/uenf.br\/posgraduacao\/biociencias-biotecnologia\/wp-json\/wp\/v2\/pages\/191"}],"wp:attachment":[{"href":"https:\/\/uenf.br\/posgraduacao\/biociencias-biotecnologia\/wp-json\/wp\/v2\/media?parent=2662"}],"curies":[{"name":"wp","href":"https:\/\/api.w.org\/{rel}","templated":true}]}}