{"id":2689,"date":"2023-05-25T15:37:30","date_gmt":"2023-05-25T18:37:30","guid":{"rendered":"https:\/\/uenf.br\/posgraduacao\/biociencias-biotecnologia\/?page_id=2689"},"modified":"2023-10-17T18:56:44","modified_gmt":"2023-10-17T21:56:44","slug":"ficha-catalografica","status":"publish","type":"page","link":"https:\/\/uenf.br\/posgraduacao\/biociencias-biotecnologia\/entrega-de-exemplar-de-tese\/ficha-catalografica\/","title":{"rendered":"Ficha catalogr\u00e1fica"},"content":{"rendered":"<h2><span style=\"font-size: 16px\">A ficha catalogr\u00e1fica \u00e9 parte integrante da disserta\u00e7\u00e3o\/tese. \u00c9 necess\u00e1rio que seja incorporada ao trabalho para que este seja encadernado.<\/span><\/h2>\n<div class=\"entry clr\">\n<p><strong>Informa\u00e7\u00f5es detalhadas para elabora\u00e7\u00e3o da Ficha Catalogr\u00e1fica para a P\u00f3s-Gradua\u00e7\u00e3o:<\/strong><\/p>\n<ol>\n<li><strong>A elabora\u00e7\u00e3o\u00a0<\/strong><strong>da ficha \u00e9 feita atrav\u00e9s do SISTEMA ACAD\u00caMICO da UENF <\/strong>(<a href=\"https:\/\/academico.uenf.br\/usuarios\/sign_in\">https:\/\/academico.uenf.br\/usuarios\/sign_in<\/a>);<\/li>\n<li>A(O) aluna(o) da P\u00f3s-Gradua\u00e7\u00e3o ter\u00e1 acesso ao sistema para confec\u00e7\u00e3o da ficha quando estiver na fase final, com a defesa conclu\u00edda e o campo resultado preenchido;<\/li>\n<li>Passo a passo para elabora\u00e7\u00e3o da ficha: ACESSAR O SISTEMA ACAD\u00caMICO \u2192 MENU CADASTRO \u2192 MEUS DADOS \u2192 DEFESA DE DISSERTA\u00c7\u00c3O\/TESE \u2192 BOT\u00c3O VER \u2192 ALTERAR DADOS DA FICHA<\/li>\n<\/ol>\n<p>&nbsp;<\/p>\n<p><strong>Em caso de d\u00favidas, entre em contato com a Biblioteca do CBB pelo e-mail: biblcbb@uenf.br<\/strong><\/p>\n<\/div>\n","protected":false},"excerpt":{"rendered":"<p>A ficha catalogr\u00e1fica \u00e9 parte integrante da disserta\u00e7\u00e3o\/tese. \u00c9 necess\u00e1rio que seja incorporada ao trabalho para que este seja encadernado&#8230;.<\/p>\n","protected":false},"author":25,"featured_media":0,"parent":200,"menu_order":0,"comment_status":"closed","ping_status":"closed","template":"","meta":{"footnotes":""},"class_list":["post-2689","page","type-page","status-publish","hentry"],"_links":{"self":[{"href":"https:\/\/uenf.br\/posgraduacao\/biociencias-biotecnologia\/wp-json\/wp\/v2\/pages\/2689","targetHints":{"allow":["GET"]}}],"collection":[{"href":"https:\/\/uenf.br\/posgraduacao\/biociencias-biotecnologia\/wp-json\/wp\/v2\/pages"}],"about":[{"href":"https:\/\/uenf.br\/posgraduacao\/biociencias-biotecnologia\/wp-json\/wp\/v2\/types\/page"}],"author":[{"embeddable":true,"href":"https:\/\/uenf.br\/posgraduacao\/biociencias-biotecnologia\/wp-json\/wp\/v2\/users\/25"}],"replies":[{"embeddable":true,"href":"https:\/\/uenf.br\/posgraduacao\/biociencias-biotecnologia\/wp-json\/wp\/v2\/comments?post=2689"}],"version-history":[{"count":0,"href":"https:\/\/uenf.br\/posgraduacao\/biociencias-biotecnologia\/wp-json\/wp\/v2\/pages\/2689\/revisions"}],"up":[{"embeddable":true,"href":"https:\/\/uenf.br\/posgraduacao\/biociencias-biotecnologia\/wp-json\/wp\/v2\/pages\/200"}],"wp:attachment":[{"href":"https:\/\/uenf.br\/posgraduacao\/biociencias-biotecnologia\/wp-json\/wp\/v2\/media?parent=2689"}],"curies":[{"name":"wp","href":"https:\/\/api.w.org\/{rel}","templated":true}]}}