{"id":2693,"date":"2023-06-06T14:54:34","date_gmt":"2023-06-06T17:54:34","guid":{"rendered":"https:\/\/uenf.br\/posgraduacao\/biociencias-biotecnologia\/?page_id=2693"},"modified":"2026-03-02T10:56:58","modified_gmt":"2026-03-02T13:56:58","slug":"bolsa-capes","status":"publish","type":"page","link":"https:\/\/uenf.br\/posgraduacao\/biociencias-biotecnologia\/bolsas\/bolsa-capes\/","title":{"rendered":"Bolsa CAPES"},"content":{"rendered":"<p><span style=\"font-size: 16px\">A <a href=\"https:\/\/www.gov.br\/capes\/pt-br\">CAPES<\/a> concede bolsas de estudo no Brasil visando estimular a forma\u00e7\u00e3o de recursos humanos de alto n\u00edvel, consolidando assim os padr\u00f5es de excel\u00eancia imprescind\u00edveis ao desenvolvimento do nosso pa\u00eds. Essas a\u00e7\u00f5es s\u00e3o coordenadas pela Diretoria de Programas e Bolsas no Pa\u00eds (DPB).<\/span><\/p>\n<p><span style=\"font-size: 16px\">Para ser beneficiado com uma bolsa CAPES de <a href=\"https:\/\/www.gov.br\/capes\/pt-br\/acesso-a-informacao\/acoes-e-programas\/bolsas\/bolsas-no-pais\/programa-de-demanda-social-ds\">Mestrado ou Doutorado<\/a>, a(o) p\u00f3s-graduanda(o) dever\u00e1 ter sido selecionada(o) por um Programa de P\u00f3s-Gradua\u00e7\u00e3o na UENF e atender aos requisitos de m\u00e9rito, de acordo com cada Edital divulgado pelo respectivo Programa. Al\u00e9m disso, dever\u00e1 atender \u00e0s exig\u00eancias da CAPES de acordo com as portarias estabelecidas por esse \u00f3rg\u00e3o de fomento. Somente a Coordena\u00e7\u00e3o do Programa poder\u00e1 solicitar bolsa CAPES para seus estudantes atrav\u00e9s da Plataforma <a href=\"https:\/\/sei.rj.gov.br\/sip\/login.php?sigla_orgao_sistema=ERJ&amp;sigla_sistema=SEI\">SEI\/RJ<\/a> junto \u00e1 <a href=\"https:\/\/uenf.br\/posgraduacao\/\">Pr\u00f3-Reitoria de Pesquisa e P\u00f3s-Gradua\u00e7\u00e3o<\/a> (ProPPG) da Universidade Estadual do Norte Fluminense Darcy Ribeiro (UENF). Se voc\u00ea tiver d\u00favidas sobre as bolsas CAPES, acesse maiores informa\u00e7\u00f5es <\/span><span style=\"color: #0000ff\"><a style=\"color: #0000ff\" href=\"https:\/\/www.gov.br\/capes\/pt-br\/acesso-a-informacao\/acoes-e-programas\/bolsas\"><span style=\"color: #000000\"><strong>aqui<\/strong>.<\/span><\/a>\u00a0<\/span><\/p>\n<p><span style=\"text-decoration: underline\">Valores das bolsas da CAPES:\u00a0\u00a0<a class=\"external-link\" title=\"\" href=\"http:\/\/cad.capes.gov.br\/ato-administrativo-detalhar?idAtoAdmElastic=10902#anchor\" target=\"_blank\" rel=\"noopener\" data-tippreview-enabled=\"false\" data-tippreview-image=\"\" data-tippreview-title=\"\">Portaria n\u00b0 33, de 16 de fevereiro de 2023 &#8211; Vigente<\/a><\/span><\/p>\n<div class=\"post-headline\">\n<h4><span style=\"color: #800000\"><strong>ACUMULA\u00c7\u00c3O DE BOLSA CAPES COM V\u00cdNCULO EMPREGAT\u00cdCIO:\u00a0<\/strong><\/span><\/h4>\n<div class=\"entry clr\">\n<ul>\n<li>Acesse<strong>\u00a0<a href=\"https:\/\/uenf.br\/posgraduacao\/wp-content\/uploads\/2024\/03\/25-03-24-p19-e-20-Resolucao-COLAC-no-34-2024-dispoe-sobre-implementacao-inicial-e-acumulo-de-bolsas-de-mestrado-e-doutorado.pdf\">aqui<\/a>\u00a0<\/strong>a<strong>\u00a0Resolu\u00e7\u00e3o COLAC n\u00ba 34<\/strong> de 21 de mar\u00e7o de 2024 <em>sobre a implementa\u00e7\u00e3o inicial e o ac\u00famulo de bolsas de Mestrado e Doutorado concedidas pela CAPES no \u00e2mbito da Universidade Estadual do Norte Fluminense Darcy Ribeiro<\/em>.<\/li>\n<li><strong><span style=\"color: #990808\">Acesse <a href=\"https:\/\/uenf.br\/posgraduacao\/biociencias-biotecnologia\/wp-content\/uploads\/sites\/12\/2025\/02\/SEI_SEI_260002_007907_2024.pdf\" target=\"_blank\" rel=\"noopener\">Resolu\u00e7\u00e3o PGBB\u00a0n\u00b0 01\/2024<\/a> que disp\u00f5e sobre a concess\u00e3o e o ac\u00famulo de bolsas de Mestrado e Doutorado <\/span><\/strong><strong><span style=\"color: #990808\">CAPES no \u00e2mbito do Programa de P\u00f3s-Gradua\u00e7\u00e3o em Bioci\u00eancias e Biotecnologia (PPGBB) da Universidade Estadual do Norte Fluminense Darcy Ribeiro (UENF)<\/span><\/strong><\/li>\n<li><a href=\"https:\/\/uenf.br\/posgraduacao\/biociencias-biotecnologia\/wp-content\/uploads\/sites\/12\/2023\/07\/Portaria-no-133-de-10-de-Julho-de-2023-1.pdf\">Portaria n\u00ba 133, de 10 de Julho de 2023<\/a>: <i>Regulamenta o ac\u00famulo de bolsas de mestrado, doutorado e p\u00f3s-doutorado concedidas pela CAPES no Pa\u00eds com atividade remunerada ou outros rendimentos.<\/i><\/li>\n<\/ul>\n<\/div>\n<h4><strong><span style=\"color: #0000ff\">\u21d2 IMPORTANTE: DOCUMENTA\u00c7\u00c3O EXIGIDA PARA PLEITEAR A BOLSA CAPES\u00a0<\/span><\/strong><\/h4>\n<p><strong><em>As(Os) p\u00f3s-graduandas(os) selecionadas(os) para a Bolsa CAPES devem encaminhar arquivo \u00fanico em pdf dos documentos abaixo listados para o e-mail <a href=\"mailto:cpgcbb@uenf.br\">cpgcbb@uenf.br<\/a>\u00a0 da Coordena\u00e7\u00e3o do Programa:<\/em><\/strong><\/p>\n<ul>\n<li><strong><a href=\"https:\/\/uenf.br\/posgraduacao\/biociencias-biotecnologia\/wp-content\/uploads\/sites\/12\/2023\/11\/TermodeCompromissoDS.docx\">TermodeCompromisso CAPES DEMANDA SOCIAL<\/a><\/strong><\/li>\n<li><strong><a href=\"https:\/\/uenf.br\/posgraduacao\/wp-content\/uploads\/2023\/04\/Termo-compromisso-bolsas.docx\">Termo de compromisso CAPES\/UENF;<\/a><\/strong><\/li>\n<li><strong><a href=\"https:\/\/uenf.br\/posgraduacao\/wp-content\/uploads\/2020\/11\/Declaracao-de-inexistencia-de-vinculo-empregaticio-1.doc\">Declaracao-de-inexistencia-de-vinculo-empregaticio<\/a><\/strong><\/li>\n<li><strong><a href=\"https:\/\/uenf.br\/posgraduacao\/wp-content\/uploads\/2016\/12\/FormularioCadastroBolsistaCapes.xls\">Formul\u00e1rio de Cadastro de Bolsist<\/a>a;<\/strong><\/li>\n<li><strong><a href=\"https:\/\/uenf.br\/posgraduacao\/biociencias-biotecnologia\/wp-content\/uploads\/sites\/12\/2026\/03\/Declaracao-de-Acumulo-de-bolsa_PGBB-2025-1.pdf\">Declaracao-de-Acumulo-de-bolsa_PGBB<\/a> <\/strong><\/li>\n<li><strong><strong>C\u00f3pia da Carteira de Identidade \u2013 RG (frente e verso e <\/strong><\/strong><b><u>leg\u00edvel<\/u><\/b><strong>);<\/strong><\/li>\n<li><strong><strong>C\u00f3pia do CPF (frente e verso e <\/strong><\/strong><b><u>leg\u00edvel<\/u><\/b><strong>);<\/strong><\/li>\n<li><strong><strong>Uma c\u00f3pia (<\/strong><\/strong><b><u>leg\u00edvel<\/u><\/b><strong><strong>) do\u00a0<\/strong><\/strong><strong>cart\u00e3o do Banco do Brasil (frente e verso), ou comprovante banc\u00e1rio de abertura de <u>conta corrente <\/u>com o nome da ag\u00eancia, n\u00ba da conta e nome da(o) bolsista.<\/strong><\/li>\n<\/ul>\n<p style=\"font-weight: 400\"><strong><u>OBS<\/u><\/strong><strong>: a(<u>o) bolsista dever\u00e1 ser a(o) titular da conta corrente. n\u00e3o \u00e9 aceito conta poupan\u00e7a.<\/u><\/strong><u><\/u><\/p>\n<p>Em caso de necessidade de \u00a0<strong>devolu\u00e7\u00e3o<\/strong> de bolsas da CAPES as(os) interessadas(os) dever\u00e3o acessar <strong><a href=\"https:\/\/uenf.br\/posgraduacao\/wp-content\/uploads\/2020\/12\/GRU.pdf\">aqui<\/a><\/strong>\u00a0 para instru\u00e7\u00f5es e <a href=\"https:\/\/consulta.tesouro.fazenda.gov.br\/gru_novosite\/gru_simples.asp\"><strong>aqui<\/strong><\/a>\u00a0para gera\u00e7\u00e3o da GRU. Ap\u00f3s o pagamento, o\u00a0<em>comprovante de pagamento e a GRU<\/em>\u00a0ou a\u00a0<em>GRU autenticada<\/em> dever\u00e1 ser entregue \u00e0 Coordena\u00e7\u00e3o do respectivo Programa de P\u00f3s-Gradua\u00e7\u00e3o que o remeter\u00e1 a ProPPG mediante processo SEI devidamente instru\u00eddo.<\/p>\n<h3><span style=\"color: #1470cc\">Agradecimentos em disserta\u00e7\u00f5es e teses para bolsistas CAPES (Portaria CAPES n\u00ba 206, de 04\/09\/2018)<\/span><\/h3>\n<div class=\"entry clr\">\n<p><span style=\"color: #1470cc\">A Portaria CAPES n\u00ba 206, de 4 de setembro de 2018, comunica que os bolsistas CAPES, obrigatoriamente, precisam inserir em suas disserta\u00e7\u00f5es e teses um agradecimento referente ao apoio recebido pela Institui\u00e7\u00e3o. Os agradecimentos precisam ser registrados nas disserta\u00e7\u00f5es e teses seguindo os modelos abaixo:<\/span><\/p>\n<p><span style=\"color: #1470cc\"><strong>Para trabalhos publicados em portugu\u00eas:<\/strong><\/span><\/p>\n<p><span style=\"color: #1470cc\"><em>\u201cO presente trabalho foi realizado com apoio da Coordena\u00e7\u00e3o de Aperfei\u00e7oamento de Pessoal de N\u00edvel Superior \u2013 Brasil (CAPES) \u2013 C\u00f3digo de Financiamento 001\u201d.<\/em><\/span><\/p>\n<p><span style=\"color: #1470cc\"><strong>Para trabalhos publicados em ingl\u00eas:<\/strong><\/span><\/p>\n<p><span style=\"color: #1470cc\"><em>\u201cThis study was financed in part by the Coordena\u00e7\u00e3o de Aperfei\u00e7oamento de Pessoal de N\u00edvel Superior \u2013 Brasil (CAPES) \u2013 Finance Code 001\u201d.<\/em><\/span><\/p>\n<p><span style=\"color: #1470cc\">Acesse aqui a portaria Capes: <a style=\"color: #1470cc\" href=\"https:\/\/uenf.br\/posgraduacao\/biociencias-biotecnologia\/wp-content\/uploads\/sites\/12\/2023\/06\/PORTARIA-206-2018-Agradecimento-.pdf\">PORTARIA-206-2018-Agradecimento-<\/a><\/span><\/p>\n<\/div>\n<p><span style=\"color: #0000ff\"><em><strong>Outros formul\u00e1rios da bolsa CAPES:<\/strong><\/em><\/span><\/p>\n<ul>\n<li><a href=\"https:\/\/uenf.br\/posgraduacao\/wp-content\/uploads\/2016\/12\/FormularioCancelamentoBolsaCapes.xls\"><strong>Formul\u00e1rio de Cancelamento de Bolsa\u00a0CAPES<\/strong><\/a><\/li>\n<li><a href=\"https:\/\/uenf.br\/posgraduacao\/wp-content\/uploads\/2020\/11\/2000-10-05_CAPES-DS_Form-Interrup-Susp.xls\"><strong>Formul\u00e1rio de Suspens\u00e3o\u00a0de Bolsistas CAPES<\/strong><\/a><\/li>\n<\/ul>\n<hr \/>\n<p>&nbsp;<\/p>\n<\/div>\n","protected":false},"excerpt":{"rendered":"<p>A CAPES concede bolsas de estudo no Brasil visando estimular a forma\u00e7\u00e3o de recursos humanos de alto n\u00edvel, consolidando assim&#8230;<\/p>\n","protected":false},"author":25,"featured_media":0,"parent":300,"menu_order":0,"comment_status":"closed","ping_status":"closed","template":"","meta":{"footnotes":""},"class_list":["post-2693","page","type-page","status-publish","hentry"],"_links":{"self":[{"href":"https:\/\/uenf.br\/posgraduacao\/biociencias-biotecnologia\/wp-json\/wp\/v2\/pages\/2693","targetHints":{"allow":["GET"]}}],"collection":[{"href":"https:\/\/uenf.br\/posgraduacao\/biociencias-biotecnologia\/wp-json\/wp\/v2\/pages"}],"about":[{"href":"https:\/\/uenf.br\/posgraduacao\/biociencias-biotecnologia\/wp-json\/wp\/v2\/types\/page"}],"author":[{"embeddable":true,"href":"https:\/\/uenf.br\/posgraduacao\/biociencias-biotecnologia\/wp-json\/wp\/v2\/users\/25"}],"replies":[{"embeddable":true,"href":"https:\/\/uenf.br\/posgraduacao\/biociencias-biotecnologia\/wp-json\/wp\/v2\/comments?post=2693"}],"version-history":[{"count":0,"href":"https:\/\/uenf.br\/posgraduacao\/biociencias-biotecnologia\/wp-json\/wp\/v2\/pages\/2693\/revisions"}],"up":[{"embeddable":true,"href":"https:\/\/uenf.br\/posgraduacao\/biociencias-biotecnologia\/wp-json\/wp\/v2\/pages\/300"}],"wp:attachment":[{"href":"https:\/\/uenf.br\/posgraduacao\/biociencias-biotecnologia\/wp-json\/wp\/v2\/media?parent=2693"}],"curies":[{"name":"wp","href":"https:\/\/api.w.org\/{rel}","templated":true}]}}