{"id":2695,"date":"2023-06-06T15:00:24","date_gmt":"2023-06-06T18:00:24","guid":{"rendered":"https:\/\/uenf.br\/posgraduacao\/biociencias-biotecnologia\/?page_id=2695"},"modified":"2026-03-02T10:53:13","modified_gmt":"2026-03-02T13:53:13","slug":"bolsa-uenf","status":"publish","type":"page","link":"https:\/\/uenf.br\/posgraduacao\/biociencias-biotecnologia\/bolsas\/bolsa-uenf\/","title":{"rendered":"Bolsa UENF"},"content":{"rendered":"<hr \/>\n<p><span style=\"font-size: 16px\">Tradicionalmente, a UENF possui um Programa pr\u00f3prio de bolsas de Mestrado e Doutorado. Os recursos financeiros s\u00e3o oriundos da cota descentralizada da FAPERJ, destinados \u00e0 UENF. Desde a sua cria\u00e7\u00e3o em 1993, esse Programa de bolsas tem sido um diferencial na atra\u00e7\u00e3o de jovens que t\u00eam interesse em completar sua forma\u00e7\u00e3o acad\u00eamica em Programas de P\u00f3s-Gradua\u00e7\u00e3o da nossa Universidade. Esse investimento em forma\u00e7\u00e3o de recursos humanos \u00e9, sem d\u00favida, um elemento transformador e catalisador no desenvolvimento nacional e regional, pois proporciona a participa\u00e7\u00e3o de jovens nas pesquisas conduzidas pelos grupos de pesquisa na UENF.<\/span><\/p>\n<p>Para pleitear uma bolsa de Mestrado ou Doutorado da UENF, discente deve ter sido admitido(a) em processo seletivo para um dos Programas de P\u00f3s-Gradua\u00e7\u00e3o da UENF, atendendo aos crit\u00e9rios de m\u00e9rito e tamb\u00e9m \u00e0s portarias institucionais que regulamentam a concess\u00e3o de bolsas dessa natureza.<\/p>\n<h3><span style=\"color: #3366ff\"><strong><u>\u21d2 Documenta\u00e7\u00e3o necess\u00e1ria para pleitear a bolsa da UENF<\/u><\/strong><\/span><\/h3>\n<p><strong>Documentos a serem providenciados pelos(as) p\u00f3s-graduandos(as) para pleitear a Bolsa UENF\/FAPERJ e entregues na Coordena\u00e7\u00e3o do Programa via e-mail (cpgcbb@uenf.br) em <span style=\"color: #3366ff\">arquivo \u00fanico formato pdf<\/span>:<\/strong><\/p>\n<ol>\n<li style=\"list-style-type: none\">\n<ol>\n<li><a href=\"https:\/\/uenf.br\/posgraduacao\/wp-content\/uploads\/2021\/09\/FICHA-CADASTRAL-DE-BOLSISTA-UENF.doc\">Ficha Cadastral de Bolsista<\/a><\/li>\n<li><a href=\"https:\/\/uenf.br\/posgraduacao\/wp-content\/uploads\/2025\/01\/Declaracao-de-vinculo.docx\">Declara\u00e7\u00e3o de acumula\u00e7\u00e3o de v\u00ednculo empregat\u00edcio e\/ou bolsa<\/a>\u00a0(S\u00f3 ser\u00e1 aceita assinatura eletr\u00f4nica GOV.BR)<\/li>\n<li><a href=\"https:\/\/uenf.br\/posgraduacao\/biociencias-biotecnologia\/wp-content\/uploads\/sites\/12\/2026\/03\/declaracao-termo-de-responsabilidade-GRH.docx\">declaracao termo de responsabilidade GRH<\/a><\/li>\n<li><a href=\"https:\/\/uenf.br\/posgraduacao\/biociencias-biotecnologia\/wp-content\/uploads\/sites\/12\/2026\/02\/Declaracao-de-Acumulo-de-bolsa_PGBB.pdf\">Declaracao-de-Acumulo-de-bolsa_PGBB<\/a><\/li>\n<li><strong><a href=\"https:\/\/uenf.br\/posgraduacao\/wp-content\/uploads\/2023\/04\/Termo-compromisso-bolsas.docx\">Termo de compromisso CAPES\/UENF;<\/a><\/strong><\/li>\n<li><strong>C\u00f3pia da Carteira de Identidade \u2013 RG (frente e verso e LEG\u00cdVEL)<\/strong><\/li>\n<li><strong>C\u00f3pia do CPF (frente e verso e LEG\u00cdVEL)<\/strong><\/li>\n<li><strong>Uma c\u00f3pia (LEG\u00cdVEL) do CART\u00c3O DO BANCO\u00a0<em>BRADESCO<\/em> (frente e verso), ou COMPROVANTE BANC\u00c1RIO DE ABERTURA DE\u00a0<em><u>CONTA CORRENTE\u00a0<\/u><\/em>COM O NOME DA AG\u00caNCIA, N\u00ba DA CONTA E NOME DO BOLSISTA.<span style=\"color: #3366ff\"> (Caso n\u00e3o tenha conta, entrar em contato com a Coordena\u00e7\u00e3o da PGBB via e-mail solicitando declara\u00e7\u00e3o de abertura de conta).<\/span><\/strong><\/li>\n<li>Indica\u00e7\u00e3o do Laborat\u00f3rio a que pertence o orientador com vistas ao envio do do termo para assinatura em bloco via SEI\/RJ. Caso o orientador n\u00e3o seja professor da UENF cadastrado no SEI\/RJ, tamb\u00e9m deve possuir cadastro de usu\u00e1rio externo. E-mail utilizado no cadastro como usu\u00e1rio externo no SEI\/RJ \u2013 O cadastro demanda cadastro pr\u00e9vio na plataforma GOV.BR. (\u00e9 necess\u00e1rio indicar o e-mail de todos os usu\u00e1rios externos que assinar\u00e3o cada termo de outorga)\n<ul>\n<li style=\"list-style-type: none\">\n<ul>\n<li>Para cadastro com GOV.BR n\u00edvel prata ou ouro \u2013\u00a0<a href=\"https:\/\/www.rj.gov.br\/servico\/cadastrar-usuario-externo-sei-rj30\">ACESSE AQUI<\/a>\u00a0\u2013 (Manual\u00a0<a href=\"https:\/\/www.wiki.planejamento.rj.gov.br\/index.php?title=SEIRJ:Manual_do_Usu%C3%A1rio_Externo\">Aqui<\/a>)<\/li>\n<li>Para cadastro com GOV.BR n\u00edvel bronze \u2013\u00a0<a href=\"https:\/\/sei.rj.gov.br\/sei\/controlador_externo.php?acao=usuario_externo_avisar_cadastro&amp;id_orgao_acesso_externo=6\">ACESSE AQUI<\/a>\u00a0\u2013 (Manual\u00a0<a href=\"https:\/\/www.wiki.planejamento.rj.gov.br\/index.php?title=SEIRJ:Manual_do_Usu%C3%A1rio_Externo\">Aqui<\/a>)<\/li>\n<li>Para casos insol\u00faveis relacionados ao cadastro \u2013\u00a0<a href=\"https:\/\/www.atendesei.rj.gov.br\/marketplace\/formcreator\/front\/formdisplay.php?id=7\">ACESSE AQUI<\/a>\u00a0(em geral os casos levam torno de 2 dias \u00fateis para serem sanados)<\/li>\n<\/ul>\n<p><strong><u>Obs1<\/u><\/strong><strong>:\u00a0<em><u>O BOLSISTA DEVER\u00c1 SER O TITULAR DA CONTA CORRENTE. N\u00c3O \u00c9 ACEITO CONTA POUPAN\u00c7A PARA CADASTRO NA FOLHA DE PAGAMENTO.<\/u><\/em><\/strong><\/p>\n<p><span style=\"color: #3366ff\"><strong><u>Obs2<\/u><\/strong><strong>: Todos os termos de outorga ser\u00e3o assinados na plataforma SEI-RJ, sendo assim, n\u00e3o ser\u00e1 poss\u00edvel a implementa\u00e7\u00e3o da bolsa caso qualquer dos assinantes do termo n\u00e3o esteja apto para assinar nesta plataforma.<\/strong><\/span><\/li>\n<\/ul>\n<\/li>\n<\/ol>\n<\/li>\n<\/ol>\n<p>&nbsp;<\/p>\n<p><strong>Documentos a serem providenciados pela Coordena\u00e7\u00e3o do Programa<\/strong>:<\/p>\n<ol>\n<li style=\"list-style-type: none\">\n<ol>\n<li>C.I. da Coordena\u00e7\u00e3o do Programa solicitando Inclus\u00e3o na Folha de Pagamento (Documento preparado pela Coordena\u00e7\u00e3o do Programa de P\u00f3s-Gradua\u00e7\u00e3o)<\/li>\n<li><a href=\"http:\/\/uenf.br\/pos-graduacao\/wp-content\/uploads\/2017\/01\/Planilha-de-Informa%C3%A7%C3%B5es-para-folha-de-pagamento.xls\">Planilha-de-informacoes-para-folha-de-pagamento<\/a>\u00a0GRH (Documento preparado pela Coordena\u00e7\u00e3o do Programa de P\u00f3s-Gradua\u00e7\u00e3o)<\/li>\n<li><a href=\"http:\/\/uenf.br\/pos-graduacao\/wp-content\/uploads\/2017\/01\/Of%C3%ADcio-para-abertura-de-conta-corrente-1.doc\">oficio-para-abertura-de-conta-corrente<\/a><\/li>\n<li><a href=\"http:\/\/uenf.br\/pos-graduacao\/wp-content\/uploads\/2017\/01\/Planilha-COM-INFORMA%C3%87OES-DE-BOLSISTA-ORIENTADOR-E-PROJETO-2017.xlsx\">Planilha de dados para folha de pagamento<\/a> ProPPG \u2013 Setor de Pagamento (Documento preparado pela Coordena\u00e7\u00e3o do Programa de P\u00f3s-Gradua\u00e7\u00e3o)<\/li>\n<\/ol>\n<\/li>\n<\/ol>\n<p><strong>Documento preparado pela Pr\u00f3-Reitoria de Pesquisa e P\u00f3s-Gradua\u00e7\u00e3o ap\u00f3s o envio da documenta\u00e7\u00e3o acima pela Coordena\u00e7\u00e3o<\/strong>:<\/p>\n<p style=\"padding-left: 40px\"><span style=\"color: #3366ff\"><strong>Termo de Outorga <\/strong><\/span>assinado pelo estudante, orientador, pela coordena\u00e7\u00e3o do Programa e Pr\u00f3-Reitoria (Documento preparado pela ProPPG e disponibilizado via SEI-RJ).<\/p>\n<p>&nbsp;<\/p>\n<header class=\"entry-header clr\">\n<h3><strong><u>\u21d2<\/u><\/strong>Imposto de renda 2025: bolsistas UENF j\u00e1 podem solicitar a declara\u00e7\u00e3o de rendimentos \u00e0 PROPPG<\/h3>\n<\/header>\n<div class=\"entry-content clr\">\n<p><strong>A Pr\u00f3-Reitoria de Pesquisa e P\u00f3s-Gradua\u00e7\u00e3o informa que os bolsistas recebedores de bolsas UENF vinculadas \u00e0 programas da ProPPG j\u00e1 podem solicitar a sua declara\u00e7\u00e3o de rendimentos -IRPF ano base 2024. O\u00a0 bolsista deve preencher o formul\u00e1rio e aguardar o envio da declara\u00e7\u00e3o por email.<\/strong><\/p>\n<p>Formul\u00e1rio de solicita\u00e7\u00e3o de declara\u00e7\u00e3o de rendimentos \u2013 IRPF:\u00a0<a href=\"https:\/\/forms.gle\/igopWQ14VJuPEmCC8\">Clique aqui!!\u00a0<\/a><\/p>\n<\/div>\n<p>&nbsp;<\/p>\n<p>_____________________________________________________________________________________________________________________________<\/p>\n<h2 dir=\"auto\"><span style=\"color: #3366ff\"><strong>Cadastro de usu\u00e1rio externo SEI\/RJ para bolsistas:<\/strong><\/span><\/h2>\n<div dir=\"auto\">\n<p dir=\"auto\">Acesse o link abaixo para cadastramento de usu\u00e1rio externo de bolsistas:<\/p>\n<p><a href=\"https:\/\/www.rj.gov.br\/servico\/cadastrar-usuario-externo-sei-rj30\" target=\"_blank\" rel=\"noopener\" data-saferedirecturl=\"https:\/\/www.google.com\/url?q=https:\/\/www.rj.gov.br\/servico\/cadastrar-usuario-externo-sei-rj30&amp;source=gmail&amp;ust=1692280987133000&amp;usg=AOvVaw2z9yTxd7nZXCq-Pp3hjkkU\">https:\/\/www.rj.gov.br\/servico\/cadastrar-usuario-externo-sei-rj30<\/a><\/p>\n<ul>\n<li>Para cadastro com GOV.BR n\u00edvel prata ou ouro \u2013\u00a0<a href=\"https:\/\/www.rj.gov.br\/servico\/cadastrar-usuario-externo-sei-rj30\">ACESSE AQUI<\/a>\u00a0\u2013 (Manual\u00a0<a href=\"https:\/\/www.wiki.planejamento.rj.gov.br\/index.php?title=SEIRJ:Manual_do_Usu%C3%A1rio_Externo\">Aqui<\/a>)<\/li>\n<li>Para cadastro com GOV.BR n\u00edvel bronze \u2013\u00a0<a href=\"https:\/\/sei.rj.gov.br\/sei\/controlador_externo.php?acao=usuario_externo_avisar_cadastro&amp;id_orgao_acesso_externo=6\">ACESSE AQUI<\/a>\u00a0\u2013 (Manual\u00a0<a href=\"https:\/\/www.wiki.planejamento.rj.gov.br\/index.php?title=SEIRJ:Manual_do_Usu%C3%A1rio_Externo\">Aqui<\/a>)<\/li>\n<\/ul>\n<\/div>\n<hr \/>\n<h2><span style=\"color: #3366ff\"><strong>Desist\u00eancia de bolsa UENF (Mestrado\/Doutorado\/Rec\u00e9m-Doutor)<\/strong><\/span><\/h2>\n<p>No caso do p\u00f3s-graduando ou rec\u00e9m-doutor optar por desistir da bolsa dever\u00e1 seguir o procedimento abaixo:<\/p>\n<ol>\n<li>Preencher a declara\u00e7\u00e3o de desist\u00eancia da bolsa (formul\u00e1rio pr\u00f3prio disponibilizado nesta p\u00e1gina).<\/li>\n<li>Providenciar a assinatura do orientador\/supervisor conforme indicado na declara\u00e7\u00e3o.<\/li>\n<li>Providenciar a assinatura do Coordenador do Programa.<\/li>\n<li>Solicitar que a Coordena\u00e7\u00e3o do Programa encaminhe a declara\u00e7\u00e3o para a ProPPG.<\/li>\n<\/ol>\n<p><a href=\"http:\/\/uenf.br\/pos-graduacao\/wp-content\/uploads\/2017\/01\/declaracao_desistencia_bolsaRecemDoutor.doc\">Acesse aqui a declara\u00e7\u00e3o de desist\u00eancia de bolsa de Rec\u00e9m-Doutor<\/a><\/p>\n<p><a href=\"http:\/\/uenf.br\/pos-graduacao\/wp-content\/uploads\/2017\/01\/declaracao_desistencia_bolsa.doc\">Acesse aqui a declara\u00e7\u00e3o de desist\u00eancia de bolsa de Mestrado\/Doutorado<\/a><\/p>\n<div class=\"post-headline\">\n<h2><span style=\"color: #3366ff\"><strong>Procedimento para Devolu\u00e7\u00e3o de bolsa<\/strong><\/span><\/h2>\n<\/div>\n<div class=\"post-bodycopy clearfix\">\n<p>Quando acontece o recebimento indevido de bolsa UENF por mudan\u00e7a do(a) p\u00f3s-graduando(a) para a bolsa CAPES, CNPq, FAPERJ ou por cancelamento tardio da bolsa, o(a) p\u00f3s-graduando(a) dever\u00e1 ressarcir os cofres p\u00fablicos, com a devolu\u00e7\u00e3o integral do valor recebido o mais rapidamente poss\u00edvel.<\/p>\n<p>Para fazer a devolu\u00e7\u00e3o do valor da bolsa o(a)p\u00f3s-graduando(a) dever\u00e1 seguir as instru\u00e7\u00f5es <a href=\"https:\/\/uenf.br\/posgraduacao\/wp-content\/uploads\/2020\/09\/PROCEDIMENTO-PARA-DEVOLUCAO-DE-BOLSA-GRE-1.pdf\">AQUI<\/a>:<\/p>\n<p>Ap\u00f3s a devolu\u00e7\u00e3o, o comprovante dever\u00e1 ser entregue na respectiva coordena\u00e7\u00e3o que remeter\u00e1 \u00e0 Pr\u00f3-PPG, \u00a0salientando que devem ser entregues a GRE e o comprovante de pagamento ou a GRE autenticada.<\/p>\n<\/div>\n<hr \/>\n<div class=\"post-headline\"><\/div>\n<p>&nbsp;<\/p>\n","protected":false},"excerpt":{"rendered":"<p>Tradicionalmente, a UENF possui um Programa pr\u00f3prio de bolsas de Mestrado e Doutorado. Os recursos financeiros s\u00e3o oriundos da cota&#8230;<\/p>\n","protected":false},"author":25,"featured_media":0,"parent":300,"menu_order":1,"comment_status":"closed","ping_status":"closed","template":"","meta":{"footnotes":""},"class_list":["post-2695","page","type-page","status-publish","hentry"],"_links":{"self":[{"href":"https:\/\/uenf.br\/posgraduacao\/biociencias-biotecnologia\/wp-json\/wp\/v2\/pages\/2695","targetHints":{"allow":["GET"]}}],"collection":[{"href":"https:\/\/uenf.br\/posgraduacao\/biociencias-biotecnologia\/wp-json\/wp\/v2\/pages"}],"about":[{"href":"https:\/\/uenf.br\/posgraduacao\/biociencias-biotecnologia\/wp-json\/wp\/v2\/types\/page"}],"author":[{"embeddable":true,"href":"https:\/\/uenf.br\/posgraduacao\/biociencias-biotecnologia\/wp-json\/wp\/v2\/users\/25"}],"replies":[{"embeddable":true,"href":"https:\/\/uenf.br\/posgraduacao\/biociencias-biotecnologia\/wp-json\/wp\/v2\/comments?post=2695"}],"version-history":[{"count":0,"href":"https:\/\/uenf.br\/posgraduacao\/biociencias-biotecnologia\/wp-json\/wp\/v2\/pages\/2695\/revisions"}],"up":[{"embeddable":true,"href":"https:\/\/uenf.br\/posgraduacao\/biociencias-biotecnologia\/wp-json\/wp\/v2\/pages\/300"}],"wp:attachment":[{"href":"https:\/\/uenf.br\/posgraduacao\/biociencias-biotecnologia\/wp-json\/wp\/v2\/media?parent=2695"}],"curies":[{"name":"wp","href":"https:\/\/api.w.org\/{rel}","templated":true}]}}