{"id":2699,"date":"2023-06-06T15:03:38","date_gmt":"2023-06-06T18:03:38","guid":{"rendered":"https:\/\/uenf.br\/posgraduacao\/biociencias-biotecnologia\/?page_id=2699"},"modified":"2026-01-26T20:39:48","modified_gmt":"2026-01-26T23:39:48","slug":"bolsa-faperj","status":"publish","type":"page","link":"https:\/\/uenf.br\/posgraduacao\/biociencias-biotecnologia\/bolsas\/bolsa-faperj\/","title":{"rendered":"Bolsa FAPERJ"},"content":{"rendered":"<ul>\n<li>As bolsas s\u00e3o solicitados pelo <span style=\"color: #3366ff\"><a style=\"color: #3366ff\" href=\"https:\/\/sisfaperj.faperj.br\/\" target=\"_blank\" rel=\"noopener\">sisFAPERJ<\/a><\/span> ap\u00f3s indica\u00e7\u00e3o da ProPPG e Coordena\u00e7\u00e3o do PPG. Docentes e discentes devem manter atualizado seu cadastro no sisFAPERJ e Lattes.<\/li>\n<\/ul>\n<p style=\"padding-left: 40px\"><a href=\"https:\/\/uenf.br\/posgraduacao\/biociencias-biotecnologia\/wp-content\/uploads\/sites\/12\/2025\/02\/Declaracao-de-Acumulo-de-bolsa_PGBB-2025.pdf\" target=\"_blank\" rel=\"noopener\">Declaracao-de-Acumulo de bolsa_PGBB <\/a><\/p>\n<p style=\"padding-left: 40px\"><span style=\"color: #3366ff\"><a style=\"color: #3366ff\" href=\"https:\/\/siteantigo.faperj.br\/downloads\/formularios\/decl_bolsa.rtf\" target=\"_blank\" rel=\"noopener\">Declara\u00e7\u00e3o FAPERJ aus\u00eancia vinculo<\/a><\/span><\/p>\n<div style=\"padding-left: 40px\"><span style=\"color: #0000ff\"><u><a style=\"color: #0000ff\" href=\"https:\/\/www.faperj.br\/?id=84.7.0#:~:text=Por%20Ascom%20Faperj,de%20ensino%20e%20de%20pesquisa\">Nota sobre acumula\u00e7\u00e3o de bolsa FAPERJ com v\u00ednculo empregat\u00edcio<\/a><\/u><\/span><\/div>\n<div><\/div>\n<ul>\n<li><strong>E Toda disserta\u00e7\u00e3o, tese, publica\u00e7\u00e3o, apresenta\u00e7\u00e3o em eventos ou exposi\u00e7\u00e3o apoiada com recursos provenientes da FAPERJ dever\u00e1 citar, obrigatoriamente, o apoio da FAPERJ e devem ser referenciadas no Relat\u00f3rio Final;<\/strong><\/li>\n<li><span style=\"color: #940303\"><strong>Instru\u00e7\u00f5es para envio de Relat\u00f3rios de Atividades de Bolsas via SisFaperj: <\/strong><\/span>Os alunos que receberam a bolsa FAPERJ devem encaminhar o relat\u00f3rio final (uma c\u00f3pia da Tese\/Disserta\u00e7\u00e3o e a Declara\u00e7\u00e3o de Defesa) no prazo indicado no termo de outorga. Confira <span style=\"color: #0000ff\"><a style=\"color: #0000ff\" href=\"https:\/\/www.faperj.br\/?id=100.5.6\">aqui<\/a><\/span> as instru\u00e7\u00f5es.<\/li>\n<\/ul>\n<div><\/div>\n<div><a href=\"https:\/\/www.faperj.br\/?id=73.6.8\">Confira as instru\u00e7\u00f5es para quem recebeu e-mail da FAPERJ solicitando cadastramento de &#8220;usu\u00e1rio externo&#8221; no ambiente SEI-RJ<\/a><\/div>\n<div><\/div>\n<div>\n<div class=\"entry clr\">\n<p>&nbsp;<\/p>\n<\/div>\n<\/div>\n<div><\/div>\n","protected":false},"excerpt":{"rendered":"<p>As bolsas s\u00e3o solicitados pelo sisFAPERJ ap\u00f3s indica\u00e7\u00e3o da ProPPG e Coordena\u00e7\u00e3o do PPG. Docentes e discentes devem manter atualizado&#8230;<\/p>\n","protected":false},"author":25,"featured_media":0,"parent":300,"menu_order":2,"comment_status":"closed","ping_status":"closed","template":"","meta":{"footnotes":""},"class_list":["post-2699","page","type-page","status-publish","hentry"],"_links":{"self":[{"href":"https:\/\/uenf.br\/posgraduacao\/biociencias-biotecnologia\/wp-json\/wp\/v2\/pages\/2699","targetHints":{"allow":["GET"]}}],"collection":[{"href":"https:\/\/uenf.br\/posgraduacao\/biociencias-biotecnologia\/wp-json\/wp\/v2\/pages"}],"about":[{"href":"https:\/\/uenf.br\/posgraduacao\/biociencias-biotecnologia\/wp-json\/wp\/v2\/types\/page"}],"author":[{"embeddable":true,"href":"https:\/\/uenf.br\/posgraduacao\/biociencias-biotecnologia\/wp-json\/wp\/v2\/users\/25"}],"replies":[{"embeddable":true,"href":"https:\/\/uenf.br\/posgraduacao\/biociencias-biotecnologia\/wp-json\/wp\/v2\/comments?post=2699"}],"version-history":[{"count":0,"href":"https:\/\/uenf.br\/posgraduacao\/biociencias-biotecnologia\/wp-json\/wp\/v2\/pages\/2699\/revisions"}],"up":[{"embeddable":true,"href":"https:\/\/uenf.br\/posgraduacao\/biociencias-biotecnologia\/wp-json\/wp\/v2\/pages\/300"}],"wp:attachment":[{"href":"https:\/\/uenf.br\/posgraduacao\/biociencias-biotecnologia\/wp-json\/wp\/v2\/media?parent=2699"}],"curies":[{"name":"wp","href":"https:\/\/api.w.org\/{rel}","templated":true}]}}