{"id":2706,"date":"2023-06-15T09:32:56","date_gmt":"2023-06-15T12:32:56","guid":{"rendered":"https:\/\/uenf.br\/posgraduacao\/biociencias-biotecnologia\/?page_id=2706"},"modified":"2024-06-19T19:09:08","modified_gmt":"2024-06-19T22:09:08","slug":"viii-conpg","status":"publish","type":"page","link":"https:\/\/uenf.br\/posgraduacao\/biociencias-biotecnologia\/discentes\/viii-conpg\/","title":{"rendered":"IX CONPG"},"content":{"rendered":"<p>A Universidade Estadual do Norte Fluminense Darcy Ribeiro (UENF), o Instituto Federal Fluminense (IFF) e a Universidade Federal Fluminense (UFF) promoveu, de <b>10<\/b><b>\u00a0<\/b><strong>a 14\/06\/2024<\/strong>, o <strong><span style=\"color: #064894\">XVI\u00a0Congresso Fluminense de Inicia\u00e7\u00e3o Cient\u00edfica e Tecnol\u00f3gica (CONFICT) e o IX\u00a0Congresso Fluminense de P\u00f3s-Gradua\u00e7\u00e3o<\/span>.<\/strong><\/p>\n<h3><span style=\"color: #800000\">Discentes da PGBB premiados :<\/span><\/h3>\n<p><strong><span style=\"text-decoration: underline\">1\u00b0 Lugar na Sess\u00e3o \u201cMinha Tese em 3 minutos\u201d<\/span> <\/strong>(Eixo 1 &#8211; Clima e sustentabilidade &amp; Eixo\u00a0 2 &#8211; Fome zero, Sa\u00fade e bem-estar):<\/p>\n<p style=\"padding-left: 40px\">Higor Almeida Cordeiro Nogueira \/ Orientador Prof. Enrique Medina-Acosta<\/p>\n<p><strong><span style=\"text-decoration: underline\">1\u00b0 Lugar na Sess\u00e3o de Banner<\/span><\/strong> (Eixo 2 \u2013 Fome zero, Sa\u00fade e bem-estar):<\/p>\n<p style=\"padding-left: 40px\">Igor Nascimento Carvalho \/\u00a0Orientador\u00a0Prof. Diogo\u00a0 de Abreu Meireles<\/p>\n<p><strong><span style=\"text-decoration: underline\">2\u00b0 Lugar na Sess\u00e3o de Banner<\/span> <\/strong>(Eixo 2 \u2013 Fome zero, Sa\u00fade e bem-estar):<\/p>\n<p style=\"padding-left: 40px\">Caroline Ribeiro Pessanha Porto \/ Orientadora\u00a0Profa. Olga Lima Tavares<\/p>\n<p><strong><span style=\"text-decoration: underline\">2\u00b0 Lugar na Sess\u00e3o\u00a0de Apresenta\u00e7\u00e3o Oral\u00a0<\/span><\/strong>(Eixo 2 \u2013 Fome zero, Sa\u00fade e bem-estar):<\/p>\n<p style=\"padding-left: 40px\">Karla Livramento Mendon\u00e7a\u00a0de Souza Oliveira \/\u00a0Orientador\u00a0Prof. S\u00e9rgio Henrique Seabra<\/p>\n<p>&nbsp;<\/p>\n<p>Sobre o evento acesse aqui: <a href=\"https:\/\/www.even3.com.br\/confict-conpg-2024\/\">https:\/\/www.even3.com.br\/confict-conpg-2024\/<\/a><\/p>\n<p>&nbsp;<\/p>\n","protected":false},"excerpt":{"rendered":"<p>A Universidade Estadual do Norte Fluminense Darcy Ribeiro (UENF), o Instituto Federal Fluminense (IFF) e a Universidade Federal Fluminense (UFF)&#8230;<\/p>\n","protected":false},"author":25,"featured_media":0,"parent":311,"menu_order":12,"comment_status":"closed","ping_status":"closed","template":"","meta":{"footnotes":""},"class_list":["post-2706","page","type-page","status-publish","hentry"],"_links":{"self":[{"href":"https:\/\/uenf.br\/posgraduacao\/biociencias-biotecnologia\/wp-json\/wp\/v2\/pages\/2706","targetHints":{"allow":["GET"]}}],"collection":[{"href":"https:\/\/uenf.br\/posgraduacao\/biociencias-biotecnologia\/wp-json\/wp\/v2\/pages"}],"about":[{"href":"https:\/\/uenf.br\/posgraduacao\/biociencias-biotecnologia\/wp-json\/wp\/v2\/types\/page"}],"author":[{"embeddable":true,"href":"https:\/\/uenf.br\/posgraduacao\/biociencias-biotecnologia\/wp-json\/wp\/v2\/users\/25"}],"replies":[{"embeddable":true,"href":"https:\/\/uenf.br\/posgraduacao\/biociencias-biotecnologia\/wp-json\/wp\/v2\/comments?post=2706"}],"version-history":[{"count":0,"href":"https:\/\/uenf.br\/posgraduacao\/biociencias-biotecnologia\/wp-json\/wp\/v2\/pages\/2706\/revisions"}],"up":[{"embeddable":true,"href":"https:\/\/uenf.br\/posgraduacao\/biociencias-biotecnologia\/wp-json\/wp\/v2\/pages\/311"}],"wp:attachment":[{"href":"https:\/\/uenf.br\/posgraduacao\/biociencias-biotecnologia\/wp-json\/wp\/v2\/media?parent=2706"}],"curies":[{"name":"wp","href":"https:\/\/api.w.org\/{rel}","templated":true}]}}