{"id":2716,"date":"2023-06-15T10:47:49","date_gmt":"2023-06-15T13:47:49","guid":{"rendered":"https:\/\/uenf.br\/posgraduacao\/biociencias-biotecnologia\/?page_id=2716"},"modified":"2023-10-17T19:08:26","modified_gmt":"2023-10-17T22:08:26","slug":"agradecimentos-na-tese","status":"publish","type":"page","link":"https:\/\/uenf.br\/posgraduacao\/biociencias-biotecnologia\/entrega-de-exemplar-de-tese\/agradecimentos-na-tese\/","title":{"rendered":"Agradecimentos na Tese"},"content":{"rendered":"<h2>Agradecimentos em disserta\u00e7\u00f5es e teses para bolsistas CAPES (Portaria CAPES n\u00ba 206, de 04\/09\/2018)<\/h2>\n<div class=\"entry clr\">\n<p>A Portaria CAPES n\u00ba 206, de 4 de setembro de 2018, comunica que os bolsistas CAPES, obrigatoriamente, precisam inserir em suas disserta\u00e7\u00f5es e teses um agradecimento referente ao apoio recebido pela Institui\u00e7\u00e3o. Os agradecimentos precisam ser registrados nas disserta\u00e7\u00f5es e teses seguindo os modelos abaixo:<\/p>\n<p><strong>Para trabalhos publicados em portugu\u00eas:<\/strong><\/p>\n<p><em>\u201cO presente trabalho foi realizado com apoio da Coordena\u00e7\u00e3o de Aperfei\u00e7oamento de Pessoal de N\u00edvel Superior \u2013 Brasil (CAPES) \u2013 C\u00f3digo de Financiamento 001\u201d.<\/em><\/p>\n<p><strong>Para trabalhos publicados em ingl\u00eas:<\/strong><\/p>\n<p><em>\u201cThis study was financed in part by the Coordena\u00e7\u00e3o de Aperfei\u00e7oamento de Pessoal de N\u00edvel Superior \u2013 Brasil (CAPES) \u2013 Finance Code 001\u201d.<\/em><\/p>\n<p>Acesse aqui a portaria Capes: <a href=\"https:\/\/uenf.br\/posgraduacao\/biociencias-biotecnologia\/wp-content\/uploads\/sites\/12\/2023\/06\/PORTARIA-206-2018-Agradecimento-.pdf\">PORTARIA-206-2018-Agradecimento-<\/a><\/p>\n<\/div>\n","protected":false},"excerpt":{"rendered":"<p>Agradecimentos em disserta\u00e7\u00f5es e teses para bolsistas CAPES (Portaria CAPES n\u00ba 206, de 04\/09\/2018) A Portaria CAPES n\u00ba 206, de&#8230;<\/p>\n","protected":false},"author":25,"featured_media":0,"parent":200,"menu_order":1,"comment_status":"closed","ping_status":"closed","template":"","meta":{"footnotes":""},"class_list":["post-2716","page","type-page","status-publish","hentry"],"_links":{"self":[{"href":"https:\/\/uenf.br\/posgraduacao\/biociencias-biotecnologia\/wp-json\/wp\/v2\/pages\/2716","targetHints":{"allow":["GET"]}}],"collection":[{"href":"https:\/\/uenf.br\/posgraduacao\/biociencias-biotecnologia\/wp-json\/wp\/v2\/pages"}],"about":[{"href":"https:\/\/uenf.br\/posgraduacao\/biociencias-biotecnologia\/wp-json\/wp\/v2\/types\/page"}],"author":[{"embeddable":true,"href":"https:\/\/uenf.br\/posgraduacao\/biociencias-biotecnologia\/wp-json\/wp\/v2\/users\/25"}],"replies":[{"embeddable":true,"href":"https:\/\/uenf.br\/posgraduacao\/biociencias-biotecnologia\/wp-json\/wp\/v2\/comments?post=2716"}],"version-history":[{"count":0,"href":"https:\/\/uenf.br\/posgraduacao\/biociencias-biotecnologia\/wp-json\/wp\/v2\/pages\/2716\/revisions"}],"up":[{"embeddable":true,"href":"https:\/\/uenf.br\/posgraduacao\/biociencias-biotecnologia\/wp-json\/wp\/v2\/pages\/200"}],"wp:attachment":[{"href":"https:\/\/uenf.br\/posgraduacao\/biociencias-biotecnologia\/wp-json\/wp\/v2\/media?parent=2716"}],"curies":[{"name":"wp","href":"https:\/\/api.w.org\/{rel}","templated":true}]}}