{"id":2725,"date":"2023-06-15T10:52:51","date_gmt":"2023-06-15T13:52:51","guid":{"rendered":"https:\/\/uenf.br\/posgraduacao\/biociencias-biotecnologia\/?page_id=2725"},"modified":"2023-10-17T18:55:43","modified_gmt":"2023-10-17T21:55:43","slug":"normas-para-elaboracao-de-teses-na-uenf","status":"publish","type":"page","link":"https:\/\/uenf.br\/posgraduacao\/biociencias-biotecnologia\/entrega-de-exemplar-de-tese\/normas-para-elaboracao-de-teses-na-uenf\/","title":{"rendered":"Normas para elabora\u00e7\u00e3o de Teses na UENF"},"content":{"rendered":"<p>Acesse aqui: <a href=\"https:\/\/uenf.br\/posgraduacao\/biociencias-biotecnologia\/wp-content\/uploads\/sites\/12\/2023\/06\/ELABORACAO-DE-TESE.pdf\">ELABORA\u00c7AO-DE-TESE<\/a> (RESOLU\u00c7\u00c3O COLAC N\u00ba 003\/98)<\/p>\n","protected":false},"excerpt":{"rendered":"<p>Acesse aqui: ELABORA\u00c7AO-DE-TESE (RESOLU\u00c7\u00c3O COLAC N\u00ba 003\/98)<\/p>\n","protected":false},"author":25,"featured_media":0,"parent":200,"menu_order":2,"comment_status":"closed","ping_status":"closed","template":"","meta":{"footnotes":""},"class_list":["post-2725","page","type-page","status-publish","hentry"],"_links":{"self":[{"href":"https:\/\/uenf.br\/posgraduacao\/biociencias-biotecnologia\/wp-json\/wp\/v2\/pages\/2725","targetHints":{"allow":["GET"]}}],"collection":[{"href":"https:\/\/uenf.br\/posgraduacao\/biociencias-biotecnologia\/wp-json\/wp\/v2\/pages"}],"about":[{"href":"https:\/\/uenf.br\/posgraduacao\/biociencias-biotecnologia\/wp-json\/wp\/v2\/types\/page"}],"author":[{"embeddable":true,"href":"https:\/\/uenf.br\/posgraduacao\/biociencias-biotecnologia\/wp-json\/wp\/v2\/users\/25"}],"replies":[{"embeddable":true,"href":"https:\/\/uenf.br\/posgraduacao\/biociencias-biotecnologia\/wp-json\/wp\/v2\/comments?post=2725"}],"version-history":[{"count":0,"href":"https:\/\/uenf.br\/posgraduacao\/biociencias-biotecnologia\/wp-json\/wp\/v2\/pages\/2725\/revisions"}],"up":[{"embeddable":true,"href":"https:\/\/uenf.br\/posgraduacao\/biociencias-biotecnologia\/wp-json\/wp\/v2\/pages\/200"}],"wp:attachment":[{"href":"https:\/\/uenf.br\/posgraduacao\/biociencias-biotecnologia\/wp-json\/wp\/v2\/media?parent=2725"}],"curies":[{"name":"wp","href":"https:\/\/api.w.org\/{rel}","templated":true}]}}