{"id":2767,"date":"2023-08-15T15:01:35","date_gmt":"2023-08-15T18:01:35","guid":{"rendered":"https:\/\/uenf.br\/posgraduacao\/biociencias-biotecnologia\/?page_id=2767"},"modified":"2024-05-23T15:48:00","modified_gmt":"2024-05-23T18:48:00","slug":"procedimentos-para-assinatura","status":"publish","type":"page","link":"https:\/\/uenf.br\/posgraduacao\/biociencias-biotecnologia\/entrega-de-exemplar-de-tese\/procedimentos-para-assinatura\/","title":{"rendered":"Procedimentos para Assinatura"},"content":{"rendered":"<ul>\n<li><span style=\"color: #0727b5\"><strong><a style=\"color: #0727b5\" href=\"https:\/\/uenf.br\/posgraduacao\/wp-content\/uploads\/2024\/03\/06_03_24_p35_Resolucao_COLAC_no_33_2024_revoga_Resol._COLAC_no_28_2023_e_estabelece_novos_proced._para_assinatura_de_ata_de_aprovacao.pdf\">Resolu\u00e7\u00e3o COLAC UENF n\u00ba 33\/2024<\/a> REVOGA A RESOLU\u00c7\u00c3O COLAC N\u00ba 28\/2023 E ESTABELECE NOVOS PROCEDIMENTOS PARA ASSINATURA DE ATA DE APROVA\u00c7\u00c3O<\/strong><\/span><br \/>\n<span style=\"color: #0727b5\"><strong>E FOLHA DE APROVA\u00c7\u00c3O DE DISSERTA\u00c7\u00c3O E TESE E D\u00c1 OUTRAS PROVID\u00caNCIAS.<\/strong><\/span><\/li>\n<\/ul>\n<div><\/div>\n<div>A PRESIDENTE DO COLEGIADO ACAD\u00caMICO &#8211; COLAC DA UNIVERSIDADE ESTADUAL DO NORTE FLUMINENSE DARCY RIBEIRO &#8211; UENF, no uso de suas atribui\u00e7\u00f5es Estatut\u00e1rias e tendo em vista o Processo n\u00ba SEI-260009\/002221\/2023 e aprova\u00e7\u00e3o prolatada na 293\u00aa reuni\u00e3o do referido \u00f3rg\u00e3o colegiado,<br \/>\nR E S O LV E :<br \/>\nArt. 1\u00ba &#8211; No \u00e2mbito da UENF, ser\u00e3o reconhecidas e aceitas, com presun\u00e7\u00e3o de legalidade, em conson\u00e2ncia com o art. 28\u00ba do Decreto Estadual n\u00ba 48.209\/2022, as assinaturas eletr\u00f4nicas avan\u00e7adas de membros da banca examinadora na ata de aprova\u00e7\u00e3o e folha de aprova\u00e7\u00e3o vers\u00e3o final das disserta\u00e7\u00f5es e teses que utilizarem:<br \/>\nI &#8211; certificado ICPEdu, emitido para os membros da comunidade universit\u00e1ria da UENF com acesso ao Sistema Acad\u00eamico;<br \/>\nII &#8211; assinatura eletr\u00f4nica do Gov.BR, emitida pelo Portal de Assinatura Eletr\u00f4nica do Gov.BR.<\/div>\n<div>Art. 2\u00ba &#8211; Em caso de impossibilidade de assinatura eletr\u00f4nica pelo membro da banca, o presidente da banca emitir\u00e1 uma declara\u00e7\u00e3o utilizando o sistema SEI.<br \/>\n\u00a7 1\u00ba &#8211; Para a ata de defesa, a declara\u00e7\u00e3o no SEI dever\u00e1 conter o texto \u201cDeclaro que a ata de defesa (nome do aluno, n\u00edvel, e t\u00edtulo da disserta\u00e7\u00e3o ou tese) foi aprovada pelo(s) membro(s) (citar o nome completo de cada membro) da banca impossibilitado(s) de assinar o documento\u201d. Esta declara\u00e7\u00e3o dever\u00e1 ser anexada \u00e0 ata de defesa impressa e\/ou digital.<br \/>\n\u00a7 2\u00ba &#8211; Para entrega da vers\u00e3o final das disserta\u00e7\u00f5es e teses, a declara\u00e7\u00e3o do SEI dever\u00e1 conter o texto \u201cDeclaro que a vers\u00e3o final da disserta\u00e7\u00e3o (nome do aluno, n\u00edvel, e t\u00edtulo da disserta\u00e7\u00e3o ou tese) foi aprovada pelo(s) membro(s) (citar o nome completo de cada membro) da banca impossibilitado(s) de assinar o documento\u201d. Esta declara\u00e7\u00e3o dever\u00e1 ser anexada \u00e0 vers\u00e3o final impressa e\/ou digital.<\/div>\n<div>Art. 3\u00ba &#8211; Esta Resolu\u00e7\u00e3o entrar\u00e1 em vigor na data de sua publica\u00e7\u00e3o.<\/div>\n<div>Campos dos Goytacazes, 04 de mar\u00e7o de 2024<br \/>\nROSANA RODRIGUES<br \/>\nPresidente do Colegiado Acad\u00eamico<\/div>\n<div><\/div>\n<div><\/div>\n<ul>\n<li><a href=\"https:\/\/pgmp.uenf.br\/wp-content\/uploads\/2023\/08\/Resolucao_COLAC_28-10-08-2023.pdf\">Resolu\u00e7\u00e3o COLAC UENF n\u00ba 28\/2023<\/a> <strong><span style=\"color: #ff0000\">(<\/span><span style=\"color: #ff0000\">revogada)<\/span><\/strong><b><br \/>\n<\/b><\/li>\n<\/ul>\n","protected":false},"excerpt":{"rendered":"<p>Resolu\u00e7\u00e3o COLAC UENF n\u00ba 33\/2024 REVOGA A RESOLU\u00c7\u00c3O COLAC N\u00ba 28\/2023 E ESTABELECE NOVOS PROCEDIMENTOS PARA ASSINATURA DE ATA DE&#8230;<\/p>\n","protected":false},"author":25,"featured_media":0,"parent":200,"menu_order":0,"comment_status":"closed","ping_status":"closed","template":"","meta":{"footnotes":""},"class_list":["post-2767","page","type-page","status-publish","hentry"],"_links":{"self":[{"href":"https:\/\/uenf.br\/posgraduacao\/biociencias-biotecnologia\/wp-json\/wp\/v2\/pages\/2767","targetHints":{"allow":["GET"]}}],"collection":[{"href":"https:\/\/uenf.br\/posgraduacao\/biociencias-biotecnologia\/wp-json\/wp\/v2\/pages"}],"about":[{"href":"https:\/\/uenf.br\/posgraduacao\/biociencias-biotecnologia\/wp-json\/wp\/v2\/types\/page"}],"author":[{"embeddable":true,"href":"https:\/\/uenf.br\/posgraduacao\/biociencias-biotecnologia\/wp-json\/wp\/v2\/users\/25"}],"replies":[{"embeddable":true,"href":"https:\/\/uenf.br\/posgraduacao\/biociencias-biotecnologia\/wp-json\/wp\/v2\/comments?post=2767"}],"version-history":[{"count":0,"href":"https:\/\/uenf.br\/posgraduacao\/biociencias-biotecnologia\/wp-json\/wp\/v2\/pages\/2767\/revisions"}],"up":[{"embeddable":true,"href":"https:\/\/uenf.br\/posgraduacao\/biociencias-biotecnologia\/wp-json\/wp\/v2\/pages\/200"}],"wp:attachment":[{"href":"https:\/\/uenf.br\/posgraduacao\/biociencias-biotecnologia\/wp-json\/wp\/v2\/media?parent=2767"}],"curies":[{"name":"wp","href":"https:\/\/api.w.org\/{rel}","templated":true}]}}