{"id":2786,"date":"2023-09-19T10:41:08","date_gmt":"2023-09-19T13:41:08","guid":{"rendered":"https:\/\/uenf.br\/posgraduacao\/biociencias-biotecnologia\/?page_id=2786"},"modified":"2024-06-19T17:29:15","modified_gmt":"2024-06-19T20:29:15","slug":"desligamento-do-programa","status":"publish","type":"page","link":"https:\/\/uenf.br\/posgraduacao\/biociencias-biotecnologia\/discentes\/desligamento-do-programa\/","title":{"rendered":"Desligamento do Programa"},"content":{"rendered":"<p><strong><span style=\"font-family: arial, sans-serif\">De acordo com Art. 42 do <a href=\"https:\/\/uenf.br\/posgraduacao\/wp-content\/uploads\/2014\/09\/Regimento-Geral-da-P\u00f3s-Gradua\u00e7\u00e3o.pdf\">Regimento Geral da P\u00f3s-Gradua\u00e7\u00e3o<\/a> da UENF:<\/span><\/strong><\/p>\n<p>Art. 42 &#8211; Ser\u00e1 desligado pela Coordena\u00e7\u00e3o do Programa o estudante que se enquadrar em uma ou mais,<br \/>\ndas seguintes situa\u00e7\u00f5es:<br \/>\nI &#8211; obtiver, no seu primeiro per\u00edodo letivo, coeficiente de rendimento inferior a 1,2 (um e dois d\u00e9cimos);<br \/>\nII &#8211; obtiver, no seu segundo per\u00edodo letivo, coeficiente de rendimento acumulado inferior a 1,6 (um e seis d\u00e9cimos);<br \/>\nIII &#8211; obtiver, no seu terceiro per\u00edodo letivo e nos subseq\u00fcentes, coeficiente de rendimento acumulado inferior a 2,0 (dois);<br \/>\nIV &#8211; obtiver nota R (reprova\u00e7\u00e3o) ou N (n\u00e3o satisfat\u00f3ria) em qualquer Disciplina repetida;<br \/>\nV &#8211; n\u00e3o completar todos os requisitos do Programa no prazo estabelecido;<br \/>\nVI &#8211; por solicita\u00e7\u00e3o do orientador e ou da comiss\u00e3o coordenadora do Programa, com motivos devidamente justificados;<br \/>\nVII &#8211; for reprovado pela 2\u00aa vez no Exame de Qualifica\u00e7\u00e3o, conforme art. 66, deste Regimento;<br \/>\nVIII &#8211; n\u00e3o cumprir a exig\u00eancia de Profici\u00eancia em L\u00edngua Estrangeira, conforme art. 51, deste Regimento;<br \/>\nIX &#8211; n\u00e3o renovar sua matr\u00edcula, conforme o art. 28, deste Regimento.<br \/>\n\u00a7 1\u00ba &#8211; O desligamento dever\u00e1 ser comunicado \u00e0 CPPG.<br \/>\n\u00a7 2\u00ba &#8211; Em caso de solicita\u00e7\u00e3o de desligamento ser\u00e1 concedido ao estudante amplo direito de defesa.<br \/>\n\u00a7 3\u00ba &#8211; O estudante poder\u00e1 solicitar voluntariamente o seu desligamento do Programa.<\/p>\n","protected":false},"excerpt":{"rendered":"<p>De acordo com Art. 42 do Regimento Geral da P\u00f3s-Gradua\u00e7\u00e3o da UENF: Art. 42 &#8211; Ser\u00e1 desligado pela Coordena\u00e7\u00e3o do&#8230;<\/p>\n","protected":false},"author":25,"featured_media":0,"parent":311,"menu_order":11,"comment_status":"closed","ping_status":"closed","template":"","meta":{"footnotes":""},"class_list":["post-2786","page","type-page","status-publish","hentry"],"_links":{"self":[{"href":"https:\/\/uenf.br\/posgraduacao\/biociencias-biotecnologia\/wp-json\/wp\/v2\/pages\/2786","targetHints":{"allow":["GET"]}}],"collection":[{"href":"https:\/\/uenf.br\/posgraduacao\/biociencias-biotecnologia\/wp-json\/wp\/v2\/pages"}],"about":[{"href":"https:\/\/uenf.br\/posgraduacao\/biociencias-biotecnologia\/wp-json\/wp\/v2\/types\/page"}],"author":[{"embeddable":true,"href":"https:\/\/uenf.br\/posgraduacao\/biociencias-biotecnologia\/wp-json\/wp\/v2\/users\/25"}],"replies":[{"embeddable":true,"href":"https:\/\/uenf.br\/posgraduacao\/biociencias-biotecnologia\/wp-json\/wp\/v2\/comments?post=2786"}],"version-history":[{"count":0,"href":"https:\/\/uenf.br\/posgraduacao\/biociencias-biotecnologia\/wp-json\/wp\/v2\/pages\/2786\/revisions"}],"up":[{"embeddable":true,"href":"https:\/\/uenf.br\/posgraduacao\/biociencias-biotecnologia\/wp-json\/wp\/v2\/pages\/311"}],"wp:attachment":[{"href":"https:\/\/uenf.br\/posgraduacao\/biociencias-biotecnologia\/wp-json\/wp\/v2\/media?parent=2786"}],"curies":[{"name":"wp","href":"https:\/\/api.w.org\/{rel}","templated":true}]}}