{"id":2798,"date":"2023-10-11T10:46:36","date_gmt":"2023-10-11T13:46:36","guid":{"rendered":"https:\/\/uenf.br\/posgraduacao\/biociencias-biotecnologia\/?page_id=2798"},"modified":"2025-10-03T00:12:32","modified_gmt":"2025-10-03T03:12:32","slug":"verba-proap-capes-2023","status":"publish","type":"page","link":"https:\/\/uenf.br\/posgraduacao\/biociencias-biotecnologia\/verba-proap-capes-2023\/","title":{"rendered":"PROAP CAPES"},"content":{"rendered":"<p>Para a solicita\u00e7\u00e3o de aux\u00edlio di\u00e1rio PROAP\/CAPES (2023\u2013 ), o docente orientador dever\u00e1 encaminhar o pedido por meio da Plataforma <a href=\"https:\/\/sei.rj.gov.br\/sip\/login.php?sigla_orgao_sistema=ERJ&amp;sigla_sistema=SEI\">SEI-RJ<\/a>, anexando o <a href=\"https:\/\/uenf.br\/posgraduacao\/biociencias-biotecnologia\/wp-content\/uploads\/sites\/12\/2025\/05\/Formulario-para-solicitacao-do-recurso-PROAP-CAPES-PGBB-4.docx\" target=\"_blank\" rel=\"noopener\">Formul\u00e1rio<\/a> devidamente preenchido e assinado, acompanhado da justificativa e de todas as comprova\u00e7\u00f5es exigidas, com anteced\u00eancia m\u00ednima de 15 dias. No caso de solicita\u00e7\u00e3o feita por docente, dever\u00e1 ser anexado tamb\u00e9m o pedido de afastamento da UENF.<\/p>\n<ul>\n<li><span style=\"color: #1d398f\"><strong><a style=\"color: #1d398f\" href=\"https:\/\/uenf.br\/posgraduacao\/biociencias-biotecnologia\/wp-content\/uploads\/sites\/12\/2025\/05\/Formulario-para-solicitacao-do-recurso-PROAP-CAPES-PGBB-4.docx\" target=\"_blank\" rel=\"noopener\">Formulario-para-solicitacao-do-recurso-PROAP-CAPES-PGBB<\/a>\u00a0<\/strong><\/span><\/li>\n<li><strong><span><span style=\"color: #0962ab\">Modelo A CAPES <\/span><\/span><\/strong><span style=\"color: #0962ab\">(ser\u00e1 preparado pela coordena\u00e7\u00e3o para <\/span><span style=\"color: #0962ab\"><span>assinatura do solicitante)<\/span><\/span><\/li>\n<li><strong><span><a style=\"color: #0962ab\" href=\"https:\/\/uenf.br\/posgraduacao\/biociencias-biotecnologia\/verba-proap-capes-2023\/modelo-de-relatorio-de-atividades\/\">Modelo de Relat\u00f3rio de Atividades<\/a> <span><span style=\"color: #800000\">&#8211; este relat\u00f3rio dever\u00e1 ser enviado por e-mail para a coordena\u00e7\u00e3o, com assinatura GOV, no prazo m\u00e1ximo de 1 (um) dia \u00fatil ap\u00f3s o t\u00e9rmino do evento, acompanhado dos comprovantes de participa\u00e7\u00e3o.<\/span><\/span><\/span><\/strong><\/li>\n<\/ul>\n<p>O valor do aux\u00edlio di\u00e1rio \u00e9 <strong>R$320,00<\/strong> para eventos ou atividades no \u00e2mbito nacional.<\/p>\n<p style=\"text-align: left\"><span style=\"color: #000000\"><strong>O <a style=\"color: #000000\" href=\"https:\/\/www.gov.br\/capes\/pt-br\/acesso-a-informacao\/acoes-e-programas\/bolsas\/bolsas-no-pais\/proap\">Programa de Apoio \u00e0 P\u00f3s-Gradua\u00e7\u00e3o <\/a>(PROAP) \u00e9 regulamentado pela <a class=\"external-link\" style=\"color: #000000\" title=\"\" href=\"http:\/\/cad.capes.gov.br\/ato-administrativo-detalhar?idAtoAdmElastic=438#anchor\" target=\"_self\" rel=\"noopener\" data-tippreview-enabled=\"false\" data-tippreview-image=\"\" data-tippreview-title=\"\">Portaria n\u00ba 156, de 28 de novembro de 2014<\/a>.<\/strong><\/span><\/p>\n<p style=\"padding-left: 40px\"><b>Descri\u00e7\u00e3o do programa<\/b><\/p>\n<p style=\"padding-left: 40px\">O Programa de Apoio \u00e0 P\u00f3s-gradua\u00e7\u00e3o (PROAP) se destina a proporcionar melhores condi\u00e7\u00f5es para a forma\u00e7\u00e3o de recursos humanos e para a produ\u00e7\u00e3o e o aprofundamento do conhecimento nos cursos de p\u00f3s-gradua\u00e7\u00e3o stricto sensu, mantidos por institui\u00e7\u00f5es p\u00fablicas de ensino superior.<\/p>\n<p style=\"padding-left: 40px\"><b>Objetivo<\/b><\/p>\n<p style=\"padding-left: 40px\">O Programa de Apoio \u00e0 P\u00f3s-Gradua\u00e7\u00e3o (PROAP) tem por objetivo financiar as atividades dos cursos de p\u00f3s-gradua\u00e7\u00e3o, envolvendo:<\/p>\n<p style=\"padding-left: 40px\">I &#8211; apoio \u00e0s atividades inovadoras dos programas de p\u00f3s-gradua\u00e7\u00e3o (PPGs), voltadas para o seu desenvolvimento acad\u00eamico, visando oferecer forma\u00e7\u00e3o cada vez mais qualificada e diversificada aos estudantes de p\u00f3s-gradua\u00e7\u00e3o e pesquisadores em est\u00e1gio p\u00f3s-doutoral;<\/p>\n<p style=\"padding-left: 40px\">II &#8211; utiliza\u00e7\u00e3o dos recursos dispon\u00edveis no custeio das atividades cient\u00edfico- acad\u00eamicas relacionadas \u00e0 titula\u00e7\u00e3o de mestres e doutores e ao est\u00e1gio p\u00f3s-doutoral;<\/p>\n<p style=\"padding-left: 40px\">III &#8211; o apoio ao desenvolvimento dos trabalhos de planejamento e de execu\u00e7\u00e3o da pol\u00edtica institucional de p\u00f3s-gradua\u00e7\u00e3o.<\/p>\n<p>&nbsp;<\/p>\n<div>\n<p><a href=\"https:\/\/uenf.br\/posgraduacao\/biociencias-biotecnologia\/proap\/portarias\/\"><span style=\"color: #0c6091\"><strong>PORTARIAS CAPES<\/strong><\/span><\/a><\/p>\n<\/div>\n","protected":false},"excerpt":{"rendered":"<p>Para a solicita\u00e7\u00e3o de aux\u00edlio di\u00e1rio PROAP\/CAPES (2023\u2013 ), o docente orientador dever\u00e1 encaminhar o pedido por meio da Plataforma&#8230;<\/p>\n","protected":false},"author":25,"featured_media":0,"parent":0,"menu_order":20,"comment_status":"closed","ping_status":"closed","template":"","meta":{"footnotes":""},"class_list":["post-2798","page","type-page","status-publish","hentry"],"_links":{"self":[{"href":"https:\/\/uenf.br\/posgraduacao\/biociencias-biotecnologia\/wp-json\/wp\/v2\/pages\/2798","targetHints":{"allow":["GET"]}}],"collection":[{"href":"https:\/\/uenf.br\/posgraduacao\/biociencias-biotecnologia\/wp-json\/wp\/v2\/pages"}],"about":[{"href":"https:\/\/uenf.br\/posgraduacao\/biociencias-biotecnologia\/wp-json\/wp\/v2\/types\/page"}],"author":[{"embeddable":true,"href":"https:\/\/uenf.br\/posgraduacao\/biociencias-biotecnologia\/wp-json\/wp\/v2\/users\/25"}],"replies":[{"embeddable":true,"href":"https:\/\/uenf.br\/posgraduacao\/biociencias-biotecnologia\/wp-json\/wp\/v2\/comments?post=2798"}],"version-history":[{"count":0,"href":"https:\/\/uenf.br\/posgraduacao\/biociencias-biotecnologia\/wp-json\/wp\/v2\/pages\/2798\/revisions"}],"wp:attachment":[{"href":"https:\/\/uenf.br\/posgraduacao\/biociencias-biotecnologia\/wp-json\/wp\/v2\/media?parent=2798"}],"curies":[{"name":"wp","href":"https:\/\/api.w.org\/{rel}","templated":true}]}}