{"id":29,"date":"2013-11-19T17:19:47","date_gmt":"2013-11-19T19:19:47","guid":{"rendered":"http:\/\/uenf.br\/pos-graduacao\/biociencias-biotecnologia\/?page_id=29"},"modified":"2025-04-01T09:56:09","modified_gmt":"2025-04-01T12:56:09","slug":"normas-de-funcionamento","status":"publish","type":"page","link":"https:\/\/uenf.br\/posgraduacao\/biociencias-biotecnologia\/normas-de-funcionamento\/","title":{"rendered":"Regimento e Normas"},"content":{"rendered":"<p><span style=\"color: #0554a3\"><strong><a style=\"color: #0554a3\" href=\"https:\/\/uenf.br\/posgraduacao\/normas-gerais-da-pos-graduacao-stricto-sensu\/\" target=\"_blank\" rel=\"noopener\">Normas da P\u00f3s-Gradua\u00e7\u00e3o UENF<\/a><\/strong><\/span><\/p>\n<p><span style=\"color: #0554a3\"><strong><a style=\"color: #0554a3\" href=\"https:\/\/uenf.br\/posgraduacao\/regimento-camara-de-pesquisa-e-pos-graduacao\/\" target=\"_blank\" rel=\"noopener\">Regimento da C\u00e2mara de Pesquisa e P\u00f3s-Gradua\u00e7\u00e3o (CPPG) da UENF<\/a><\/strong><\/span><\/p>\n<p>https:\/\/uenf.br\/posgraduacao\/regimento-camara-de-pesquisa-e-pos-graduacao\/<\/p>\n<ul>\n<li><span style=\"color: #000000\">Acesse a <a style=\"color: #000000\" href=\"https:\/\/uenf.br\/posgraduacao\/biociencias-biotecnologia\/wp-content\/uploads\/sites\/12\/2025\/03\/RESOLUCAO-COLAC-No-43-DE-20-DE-FEVEREIRO-DE-2025-QUE-DISPOE-SOBRE-AS-NORMAS-GERAIS-DE-POS-GRADUACAO-STRICTU-SENSU-DA-UENF.pdf\">RESOLU\u00c7\u00c3O COLAC No 43 DE 20 DE FEVEREIRO DE 2025 QUE DISP\u00d5E SOBRE AS NORMAS GERAIS DE P\u00d3S-GRADUA\u00c7\u00c3O STRICTU SENSU DA UENF<\/a><\/span><\/li>\n<li><span style=\"color: #000000\">Acesse o D.O. da <a style=\"color: #000000\" href=\"https:\/\/uenf.br\/posgraduacao\/biociencias-biotecnologia\/wp-content\/uploads\/sites\/12\/2025\/02\/25_02_25_p31_a_35_Resolucao_COLAC_no_43_2025_dispoe_sobre_normas_gerais_de_pos_graduacao_strictu_sensu_da_UENF-1.pdf\">RESOLU\u00c7\u00c3O COLAC No 43 DE 20 DE FEVEREIRO DE 2025 QUE DISP\u00d5E SOBRE AS NORMAS GERAIS DE P\u00d3S-GRADUA\u00c7\u00c3O STRICTU SENSU DA UENF<\/a><\/span><\/li>\n<li><span style=\"color: #000000\">Acesse a <a style=\"color: #000000\" href=\"https:\/\/uenf.br\/posgraduacao\/biociencias-biotecnologia\/wp-content\/uploads\/sites\/12\/2025\/02\/25_02_25_p35_e_36_Resolucao_CONSUNI_no_48_2025_dispoe_sobre_regimento_da_camara_de_pesquisa_e_pos_graduacao.pdf\">RESOLU\u00c7\u00c3O CONSUNI N\u00ba 48 DE 20 DE FEVEREIRO DE 2025 QUE DISP\u00d5E SOBRE O REGIMENTO DA C\u00c2MARA DE PESQUISA E P\u00d3S-GRADUA\u00c7\u00c3O, REVOGA A RESOLU\u00c7\u00c3O CONSUNI N\u00ba 002\/2011.<\/a><\/span><\/li>\n<li><span style=\"color: #000000\">Acesse a <a style=\"color: #000000\" href=\"https:\/\/uenf.br\/posgraduacao\/biociencias-biotecnologia\/wp-content\/uploads\/sites\/12\/2025\/02\/25_02_25_p35_e_36_Resolucao_CONSUNI_no_48_2025_dispoe_sobre_regimento_da_camara_de_pesquisa_e_pos_graduacao-pag-36.pdf\">RESOLU\u00c7\u00c3O CONSUNI N\u00ba 49 DE 20 DE FEVEREIRO DE 2025 ALTERA O REGIMENTO GERAL DA UNIVERSIDADE ESTADUAL DO NORTE FLUMINENSE DARCY RIBEIRO (UENF).<\/a><\/span><\/li>\n<\/ul>\n<div id=\"materiaPrincipal\">\n<p>&nbsp;<\/p>\n<\/div>\n","protected":false},"excerpt":{"rendered":"<p>Normas da P\u00f3s-Gradua\u00e7\u00e3o UENF Regimento da C\u00e2mara de Pesquisa e P\u00f3s-Gradua\u00e7\u00e3o (CPPG) da UENF https:\/\/uenf.br\/posgraduacao\/regimento-camara-de-pesquisa-e-pos-graduacao\/ Acesse a RESOLU\u00c7\u00c3O COLAC No&#8230;<\/p>\n","protected":false},"author":25,"featured_media":0,"parent":0,"menu_order":11,"comment_status":"open","ping_status":"closed","template":"","meta":{"footnotes":""},"class_list":["post-29","page","type-page","status-publish","hentry"],"_links":{"self":[{"href":"https:\/\/uenf.br\/posgraduacao\/biociencias-biotecnologia\/wp-json\/wp\/v2\/pages\/29","targetHints":{"allow":["GET"]}}],"collection":[{"href":"https:\/\/uenf.br\/posgraduacao\/biociencias-biotecnologia\/wp-json\/wp\/v2\/pages"}],"about":[{"href":"https:\/\/uenf.br\/posgraduacao\/biociencias-biotecnologia\/wp-json\/wp\/v2\/types\/page"}],"author":[{"embeddable":true,"href":"https:\/\/uenf.br\/posgraduacao\/biociencias-biotecnologia\/wp-json\/wp\/v2\/users\/25"}],"replies":[{"embeddable":true,"href":"https:\/\/uenf.br\/posgraduacao\/biociencias-biotecnologia\/wp-json\/wp\/v2\/comments?post=29"}],"version-history":[{"count":0,"href":"https:\/\/uenf.br\/posgraduacao\/biociencias-biotecnologia\/wp-json\/wp\/v2\/pages\/29\/revisions"}],"wp:attachment":[{"href":"https:\/\/uenf.br\/posgraduacao\/biociencias-biotecnologia\/wp-json\/wp\/v2\/media?parent=29"}],"curies":[{"name":"wp","href":"https:\/\/api.w.org\/{rel}","templated":true}]}}