{"id":300,"date":"2014-06-26T14:32:49","date_gmt":"2014-06-26T17:32:49","guid":{"rendered":"http:\/\/uenf.br\/pos-graduacao\/biociencias-biotecnologia\/?page_id=300"},"modified":"2025-09-19T09:52:25","modified_gmt":"2025-09-19T12:52:25","slug":"bolsas","status":"publish","type":"page","link":"https:\/\/uenf.br\/posgraduacao\/biociencias-biotecnologia\/bolsas\/","title":{"rendered":"Bolsas"},"content":{"rendered":"<p>Discentes do PPGBB podem pleitear as bolsas da CAPES, CNPq, FAPERJ e UENF. As bolsas s\u00e3o administradas pela Pr\u00f3-Reitoria de Pesquisa e P\u00f3s-Gradua\u00e7\u00e3o da UENF e pela Coordena\u00e7\u00e3o do PGBB. A concess\u00e3o de bolsa est\u00e1 condicionada a disponibilidade or\u00e7ament\u00e1ria da institui\u00e7\u00e3o e dos \u00f3rg\u00e3os de fomento e atendimento das exig\u00eancias dos \u00f3rg\u00e3os de fomento. Os bolsistas s\u00e3o indicados pela ordem de classifica\u00e7\u00e3o no processo seletivo, baseada em crit\u00e9rios definidos em Edital de Sele\u00e7\u00e3o para o mestrado e para o doutorado no PGBB.<\/p>\n<p>Acesse<span style=\"color: #015078\"><strong> <a style=\"color: #015078\" href=\"https:\/\/uenf.br\/posgraduacao\/wp-content\/uploads\/2024\/03\/25-03-24-p19-e-20-Resolucao-COLAC-no-34-2024-dispoe-sobre-implementacao-inicial-e-acumulo-de-bolsas-de-mestrado-e-doutorado.pdf\">aqui<\/a> <\/strong><\/span>a<span style=\"color: #015078\"><strong> Resolu\u00e7\u00e3o COLAC n\u00ba 34<\/strong><\/span> de 21 de mar\u00e7o de 2024 sobre a implementa\u00e7\u00e3o inicial e o ac\u00famulo de bolsas de Mestrado e Doutorado concedidas pela CAPES no \u00e2mbito da Universidade Estadual do Norte Fluminense Darcy Ribeiro.<\/p>\n<p>Clique abaixo nos links para saber mais sobre as bolsas:<\/p>\n<h3 style=\"font-weight: 400\"><span style=\"color: #0565ad\"><strong>\u21d2<\/strong><strong>\u00a0<\/strong><strong><a style=\"color: #0565ad\" href=\"https:\/\/uenf.br\/posgraduacao\/biociencias-biotecnologia\/bolsas\/bolsa-capes\/\">Bolsas CAPES<\/a><\/strong><\/span><\/h3>\n<h3 style=\"font-weight: 400\"><span style=\"color: #0565ad\"><strong>\u21d2<\/strong><strong>\u00a0<\/strong><a style=\"color: #0565ad\" href=\"https:\/\/uenf.br\/posgraduacao\/biociencias-biotecnologia\/bolsas\/bolsa-faperj\/\"><strong>Bolsas FAPERJ<\/strong><\/a><\/span><\/h3>\n<h3 style=\"font-weight: 400\"><span style=\"color: #0565ad\"><strong>\u21d2<\/strong><strong>\u00a0<\/strong><a style=\"color: #0565ad\" href=\"https:\/\/uenf.br\/posgraduacao\/biociencias-biotecnologia\/bolsas\/bolsa-uenf\/\"><strong>Bolsas UENF<\/strong><\/a><\/span><\/h3>\n<h3 style=\"font-weight: 400\"><span style=\"color: #0565ad\"><strong>\u21d2<\/strong><strong>\u00a0<\/strong><a style=\"color: #0565ad\" href=\"https:\/\/uenf.br\/posgraduacao\/biociencias-biotecnologia\/bolsas\/bolsa-cnpq\/\" target=\"_blank\" rel=\"noopener\"><strong>Bolsas CNPq<\/strong><\/a><\/span><\/h3>\n<h3 style=\"font-weight: 400\"><span style=\"color: #0565ad\"><strong>\u21d2<\/strong> <strong><a style=\"color: #0565ad\" href=\"https:\/\/uenf.br\/posgraduacao\/biociencias-biotecnologia\/bolsas\/cadastramento-de-usuario-externo-sei\/\">Cadastramento de Usu\u00e1rio Externo SEI-RJ<\/a><\/strong><\/span><\/h3>\n<h3 style=\"font-weight: 400\"><span style=\"color: #0565ad\"><strong>\u21d2<\/strong><strong>\u00a0<a style=\"color: #0565ad\" href=\"https:\/\/uenf.br\/posgraduacao\/biociencias-biotecnologia\/bolsas\/devolucao-de-bolsas\/\">Devolu\u00e7\u00e3o de Bolsas<\/a><\/strong><\/span><\/h3>\n<p>&nbsp;<\/p>\n","protected":false},"excerpt":{"rendered":"<p>Discentes do PPGBB podem pleitear as bolsas da CAPES, CNPq, FAPERJ e UENF. As bolsas s\u00e3o administradas pela Pr\u00f3-Reitoria de&#8230;<\/p>\n","protected":false},"author":25,"featured_media":0,"parent":0,"menu_order":21,"comment_status":"open","ping_status":"closed","template":"","meta":{"footnotes":""},"class_list":["post-300","page","type-page","status-publish","hentry"],"_links":{"self":[{"href":"https:\/\/uenf.br\/posgraduacao\/biociencias-biotecnologia\/wp-json\/wp\/v2\/pages\/300","targetHints":{"allow":["GET"]}}],"collection":[{"href":"https:\/\/uenf.br\/posgraduacao\/biociencias-biotecnologia\/wp-json\/wp\/v2\/pages"}],"about":[{"href":"https:\/\/uenf.br\/posgraduacao\/biociencias-biotecnologia\/wp-json\/wp\/v2\/types\/page"}],"author":[{"embeddable":true,"href":"https:\/\/uenf.br\/posgraduacao\/biociencias-biotecnologia\/wp-json\/wp\/v2\/users\/25"}],"replies":[{"embeddable":true,"href":"https:\/\/uenf.br\/posgraduacao\/biociencias-biotecnologia\/wp-json\/wp\/v2\/comments?post=300"}],"version-history":[{"count":0,"href":"https:\/\/uenf.br\/posgraduacao\/biociencias-biotecnologia\/wp-json\/wp\/v2\/pages\/300\/revisions"}],"wp:attachment":[{"href":"https:\/\/uenf.br\/posgraduacao\/biociencias-biotecnologia\/wp-json\/wp\/v2\/media?parent=300"}],"curies":[{"name":"wp","href":"https:\/\/api.w.org\/{rel}","templated":true}]}}