{"id":3061,"date":"2023-11-13T10:21:56","date_gmt":"2023-11-13T13:21:56","guid":{"rendered":"https:\/\/uenf.br\/posgraduacao\/biociencias-biotecnologia\/?page_id=3061"},"modified":"2024-06-19T15:14:45","modified_gmt":"2024-06-19T18:14:45","slug":"edital-pdse-2024","status":"publish","type":"page","link":"https:\/\/uenf.br\/posgraduacao\/biociencias-biotecnologia\/processo-seletivo\/edital-pdse-2024\/","title":{"rendered":"Edital CAPES PDSE 2023"},"content":{"rendered":"<p><strong><span style=\"color: #0a59ad\">DOUTORADO SANDU\u00cdCHE NO EXTERIOR<\/span><\/strong><\/p>\n<p>Edital <strong><span style=\"color: #045394\"><a style=\"color: #045394\" href=\"https:\/\/uenf.br\/posgraduacao\/wp-content\/uploads\/2023\/03\/SEI_SEI_260009_005666_2023-3-Edital-certo.pdf\">UENF-PROPPG-02-23 PDSE<\/a><\/span><\/strong><\/p>\n<p><strong><a href=\"https:\/\/www.gov.br\/capes\/pt-br\/centrais-de-conteudo\/editais\/06112023_Edital_2263037_SEI_2261948_Edital_30_2023.pdf\"><span style=\"color: #0972ab\"><span style=\"color: #045394\">Edital PDSE-CAPES 30-23<\/span><\/span><\/a><\/strong><\/p>\n<div class=\"page\" title=\"Page 1\">\n<div class=\"section\">\n<div class=\"layoutArea\">\n<div class=\"column\">\n<p><span style=\"color: #008080\"><strong>EDITAL No 30\/2023 \u2013 Publicac\u0327a\u0303o da Relac\u0327a\u0303o de Homologados: <span style=\"color: #008080\"><a style=\"color: #008080\" href=\"https:\/\/www.gov.br\/capes\/pt-br\/centrais-de-conteudo\/resultados-dos-editais\/23012024_Lista_Homologador_PDSE_30_2023.pdf\">https:\/\/www.gov.br\/capes\/pt-br\/centrais-de-conteudo\/resultados-dos-editais\/23012024_Lista_Homologador_PDSE_30_2023.pdf<\/a><\/span><\/strong><\/span><\/p>\n<\/div>\n<\/div>\n<\/div>\n<\/div>\n<p><span style=\"color: #0a59ad\"><span style=\"color: #000000\">Edital interno<\/span> <span style=\"color: #0c5eab\"><a style=\"color: #0c5eab\" href=\"https:\/\/uenf.br\/posgraduacao\/biociencias-biotecnologia\/wp-content\/uploads\/sites\/12\/2023\/11\/Edital-PDSE-PPGBB-UENF-2023_2024.pdf\">Edital-PDSE-PPGBB-UENF-2023_2024<\/a><\/span><\/span><\/p>\n<p><strong>Candidatos inscritos:<\/strong><\/p>\n<p style=\"padding-left: 40px\">Daphne Alves Dias<br \/>\nSara Nallia de Oliveira Costa<br \/>\nTaynan Motta Portal<\/p>\n<p><strong>Processo Seletivo PDSE PGBB\/Comiss\u00e3o Especial de Avalia\u00e7\u00e3o<\/strong>: Prof. Alvaro Rios (LBT), Profa. Ana Eliza Zeraik (LQFPP), Prof. Andre de Oliveira Carvalho (LFBM), Prof. Arnoldo Fa\u00e7anha (LBCT).<\/p>\n<p><strong><span style=\"color: #008080\">Candidatos aprovados<\/span> (ordem classificat\u00f3ria):<\/strong><\/p>\n<p style=\"padding-left: 40px\">1\u00aa coloca\u00e7\u00e3o &#8211; Taynan Motta Portal<br \/>\n2\u00aa coloca\u00e7\u00e3o &#8211; Sara Nallia de Oliveira Costa<br \/>\n3\u00aa coloca\u00e7\u00e3o &#8211; Daphne Alves Dias<\/p>\n<p>Para a<span style=\"color: #003366\"><strong> inscri\u00e7\u00e3o<\/strong> <\/span>no formul\u00e1rio online da Capes, dispon\u00edvel no <a href=\"https:\/\/sso.capes.gov.br\/sso\/oauth?response_type=token&amp;redirect_uri=https:\/\/inscricao.capes.gov.br&amp;realm=2&amp;client_id=individual.capes.gov.br&amp;scope=&amp;state=capes_oauth\"><span style=\"color: #0c5eab\">link<\/span><\/a>: inscri\u00e7ao.capes.gov.br\/#\/dashboard, at\u00e9 <span style=\"color: #339966\"><strong>18 de dezembro<\/strong><\/span>, vide Edital <a href=\"https:\/\/www.gov.br\/capes\/pt-br\/centrais-de-conteudo\/editais\/06112023_Edital_2263037_SEI_2261948_Edital_30_2023.pdf\">PDSE CAPES 30-23<\/a> (item 9.3).<\/p>\n<p>Maiores informa\u00e7\u00f5es acesse : <a href=\"https:\/\/www.gov.br\/capes\/pt-br\/acesso-a-informacao\/acoes-e-programas\/bolsas\/bolsas-e-auxilios-internacionais\/encontre-aqui\/paises\/multinacional\/programa-de-doutorado-sanduiche-no-exterior-pdse\" target=\"_blank\" rel=\"noopener\">https:\/\/www.gov.br\/capes\/pt-br\/acesso-a-informacao\/acoes-e-programas\/bolsas\/bolsas-e-auxilios-internacionais\/encontre-aqui\/paises\/multinacional\/programa-de-doutorado-sanduiche-no-exterior-pdse<\/a><\/p>\n","protected":false},"excerpt":{"rendered":"<p>DOUTORADO SANDU\u00cdCHE NO EXTERIOR Edital UENF-PROPPG-02-23 PDSE Edital PDSE-CAPES 30-23 EDITAL No 30\/2023 \u2013 Publicac\u0327a\u0303o da Relac\u0327a\u0303o de Homologados: https:\/\/www.gov.br\/capes\/pt-br\/centrais-de-conteudo\/resultados-dos-editais\/23012024_Lista_Homologador_PDSE_30_2023.pdf&#8230;<\/p>\n","protected":false},"author":25,"featured_media":0,"parent":86,"menu_order":2,"comment_status":"closed","ping_status":"closed","template":"","meta":{"footnotes":""},"class_list":["post-3061","page","type-page","status-publish","hentry"],"_links":{"self":[{"href":"https:\/\/uenf.br\/posgraduacao\/biociencias-biotecnologia\/wp-json\/wp\/v2\/pages\/3061","targetHints":{"allow":["GET"]}}],"collection":[{"href":"https:\/\/uenf.br\/posgraduacao\/biociencias-biotecnologia\/wp-json\/wp\/v2\/pages"}],"about":[{"href":"https:\/\/uenf.br\/posgraduacao\/biociencias-biotecnologia\/wp-json\/wp\/v2\/types\/page"}],"author":[{"embeddable":true,"href":"https:\/\/uenf.br\/posgraduacao\/biociencias-biotecnologia\/wp-json\/wp\/v2\/users\/25"}],"replies":[{"embeddable":true,"href":"https:\/\/uenf.br\/posgraduacao\/biociencias-biotecnologia\/wp-json\/wp\/v2\/comments?post=3061"}],"version-history":[{"count":0,"href":"https:\/\/uenf.br\/posgraduacao\/biociencias-biotecnologia\/wp-json\/wp\/v2\/pages\/3061\/revisions"}],"up":[{"embeddable":true,"href":"https:\/\/uenf.br\/posgraduacao\/biociencias-biotecnologia\/wp-json\/wp\/v2\/pages\/86"}],"wp:attachment":[{"href":"https:\/\/uenf.br\/posgraduacao\/biociencias-biotecnologia\/wp-json\/wp\/v2\/media?parent=3061"}],"curies":[{"name":"wp","href":"https:\/\/api.w.org\/{rel}","templated":true}]}}