{"id":307,"date":"2014-06-27T12:56:54","date_gmt":"2014-06-27T12:56:54","guid":{"rendered":"http:\/\/uenf.br\/pos-graduacao\/biociencias-biotecnologia\/?page_id=307"},"modified":"2026-03-18T14:02:03","modified_gmt":"2026-03-18T17:02:03","slug":"produtividade-do-programa","status":"publish","type":"page","link":"https:\/\/uenf.br\/posgraduacao\/biociencias-biotecnologia\/produtividade-do-programa\/","title":{"rendered":"Produtividade do Programa"},"content":{"rendered":"<p><span style=\"color: #0d4db5\"><a style=\"color: #0d4db5\" href=\"https:\/\/uenf.br\/posgraduacao\/biociencias-biotecnologia\/produtividade-do-programa\/premios-de-discentes-e-docentes\/\" target=\"_blank\" rel=\"noopener\"><strong>Premia\u00e7\u00f5es ou outros tipos de reconhecimento de docentes ou discentes\/egressos PGBB<\/strong><\/a><\/span><\/p>\n<p><a href=\"https:\/\/uenf.br\/posgraduacao\/biociencias-biotecnologia\/trabalhos-de-conclusao\/\" target=\"_blank\" rel=\"noopener\"><strong><span style=\"color: #043385\">Trabalhos de conclus\u00e3o: Teses e Disserta\u00e7\u00f5es defendidas<\/span><\/strong><\/a><\/p>\n<p><span style=\"color: #056eab\"><strong>Artigos em Peri\u00f3dicos \u2013PRODU\u00c7\u00c3O BIBLIOGR\u00c1FICA 2025<\/strong><\/span><\/p>\n<p><span style=\"color: #056eab\"><strong>Artigos em Peri\u00f3dicos<\/strong><\/span> \u2013<a href=\"https:\/\/uenf.br\/posgraduacao\/biociencias-biotecnologia\/wp-content\/uploads\/sites\/12\/2025\/03\/Artigos-PGBB-2024.pdf\" target=\"_blank\" rel=\"noopener\">PRODU\u00c7\u00c3O BIBLIOGR\u00c1FICA 2024<\/a><\/p>\n<p><span style=\"color: #056eab\"><strong>Artigos em Peri\u00f3dicos<\/strong><\/span> &#8211;<a href=\"https:\/\/uenf.br\/posgraduacao\/biociencias-biotecnologia\/wp-content\/uploads\/sites\/12\/2024\/04\/PRODUCAO-BIBLIOGRAFICA-2023.pdf\" target=\"_blank\" rel=\"noopener\">PRODU\u00c7\u00c3O BIBLIOGR\u00c1FICA 2023<\/a><\/p>\n<p><span style=\"color: #056eab\"><strong>Artigos em Peri\u00f3dicos<\/strong><\/span> \u2013PRODU\u00c7\u00c3O BIBLIOGR\u00c1FICA 2022<\/p>\n<p><span style=\"color: #056eab\"><strong>Artigos em Peri\u00f3dicos<\/strong><\/span> \u2013PRODU\u00c7\u00c3O BIBLIOGR\u00c1FICA 2021<\/p>\n<p><span style=\"color: #056eab\"><strong>Artigos em Peri\u00f3dicos<\/strong><\/span> &#8211; Produ\u00e7\u00e3o bibliogr\u00e1fica mais relevante no quadri\u00eanio 2017-2020 clique <a href=\"https:\/\/uenf.br\/posgraduacao\/biociencias-biotecnologia\/produtividade-do-programa\/artigos-mais-relevantes\/\">aqui<\/a><\/p>\n<p><span style=\"color: #056eab\"><strong>Teses destaque<\/strong><\/span> quadri\u00eanio 2017-2020 clique aqui<\/p>\n<p><a href=\"https:\/\/uenf.br\/posgraduacao\/biociencias-biotecnologia\/teses-defendidas\/\" target=\"_blank\" rel=\"noopener\"><strong><span style=\"color: #056eab\">Trabalhos de Conclus\u00e3o Doutorado<\/span><\/strong><\/a><\/p>\n<p><a href=\"https:\/\/uenf.br\/posgraduacao\/biociencias-biotecnologia\/teses-defendidas-2\/\" target=\"_blank\" rel=\"noopener\"><strong><span style=\"color: #056eab\">Trabalhos de Conclus\u00e3o Mestrado<\/span><\/strong><\/a><\/p>\n<p>&nbsp;<\/p>\n<p><span style=\"color: #076bad\"><a style=\"color: #076bad\" href=\"https:\/\/uenf.br\/posgraduacao\/biociencias-biotecnologia\/capes\/\">Qualis Peri\u00f3dicos CAPES<\/a><\/span><\/p>\n<p>&nbsp;<\/p>\n<p>&nbsp;<\/p>\n","protected":false},"excerpt":{"rendered":"<p>Premia\u00e7\u00f5es ou outros tipos de reconhecimento de docentes ou discentes\/egressos PGBB Trabalhos de conclus\u00e3o: Teses e Disserta\u00e7\u00f5es defendidas Artigos em&#8230;<\/p>\n","protected":false},"author":25,"featured_media":0,"parent":0,"menu_order":11,"comment_status":"closed","ping_status":"closed","template":"","meta":{"footnotes":""},"class_list":["post-307","page","type-page","status-publish","hentry"],"_links":{"self":[{"href":"https:\/\/uenf.br\/posgraduacao\/biociencias-biotecnologia\/wp-json\/wp\/v2\/pages\/307","targetHints":{"allow":["GET"]}}],"collection":[{"href":"https:\/\/uenf.br\/posgraduacao\/biociencias-biotecnologia\/wp-json\/wp\/v2\/pages"}],"about":[{"href":"https:\/\/uenf.br\/posgraduacao\/biociencias-biotecnologia\/wp-json\/wp\/v2\/types\/page"}],"author":[{"embeddable":true,"href":"https:\/\/uenf.br\/posgraduacao\/biociencias-biotecnologia\/wp-json\/wp\/v2\/users\/25"}],"replies":[{"embeddable":true,"href":"https:\/\/uenf.br\/posgraduacao\/biociencias-biotecnologia\/wp-json\/wp\/v2\/comments?post=307"}],"version-history":[{"count":0,"href":"https:\/\/uenf.br\/posgraduacao\/biociencias-biotecnologia\/wp-json\/wp\/v2\/pages\/307\/revisions"}],"wp:attachment":[{"href":"https:\/\/uenf.br\/posgraduacao\/biociencias-biotecnologia\/wp-json\/wp\/v2\/media?parent=307"}],"curies":[{"name":"wp","href":"https:\/\/api.w.org\/{rel}","templated":true}]}}