{"id":31,"date":"2013-11-19T17:20:19","date_gmt":"2013-11-19T19:20:19","guid":{"rendered":"http:\/\/uenf.br\/pos-graduacao\/biociencias-biotecnologia\/?page_id=31"},"modified":"2023-10-17T18:47:55","modified_gmt":"2023-10-17T21:47:55","slug":"regimento-geral-pg-aprovado","status":"publish","type":"page","link":"https:\/\/uenf.br\/posgraduacao\/biociencias-biotecnologia\/normas-de-funcionamento\/regimento-geral-pg-aprovado\/","title":{"rendered":"Regimento Geral de P\u00f3s-Gradua\u00e7\u00e3o da UENF"},"content":{"rendered":"<p>&nbsp;<\/p>\n<p>Clique para download: <a href=\"http:\/\/uenf.br\/posgraduacao\/biociencias-biotecnologia\/wp-content\/uploads\/sites\/12\/2013\/11\/REGIMENTO-GERAL-DA-P\u00d3S-GRADUA\u00c7\u00c3O-RESOLU\u00c7\u00c3O-CONSUNI-N\u00ba-02-DE-25.02.2011-PUBLICADA-DOERJ-DE-08.09.2011.pdf\">REGIMENTO GERAL DA P\u00d3S-GRADUA\u00c7\u00c3O\u00a0<\/a><\/p>\n","protected":false},"excerpt":{"rendered":"<p>&nbsp; Clique para download: REGIMENTO GERAL DA P\u00d3S-GRADUA\u00c7\u00c3O\u00a0<\/p>\n","protected":false},"author":25,"featured_media":0,"parent":29,"menu_order":1,"comment_status":"open","ping_status":"closed","template":"","meta":{"footnotes":""},"class_list":["post-31","page","type-page","status-publish","hentry"],"_links":{"self":[{"href":"https:\/\/uenf.br\/posgraduacao\/biociencias-biotecnologia\/wp-json\/wp\/v2\/pages\/31","targetHints":{"allow":["GET"]}}],"collection":[{"href":"https:\/\/uenf.br\/posgraduacao\/biociencias-biotecnologia\/wp-json\/wp\/v2\/pages"}],"about":[{"href":"https:\/\/uenf.br\/posgraduacao\/biociencias-biotecnologia\/wp-json\/wp\/v2\/types\/page"}],"author":[{"embeddable":true,"href":"https:\/\/uenf.br\/posgraduacao\/biociencias-biotecnologia\/wp-json\/wp\/v2\/users\/25"}],"replies":[{"embeddable":true,"href":"https:\/\/uenf.br\/posgraduacao\/biociencias-biotecnologia\/wp-json\/wp\/v2\/comments?post=31"}],"version-history":[{"count":0,"href":"https:\/\/uenf.br\/posgraduacao\/biociencias-biotecnologia\/wp-json\/wp\/v2\/pages\/31\/revisions"}],"up":[{"embeddable":true,"href":"https:\/\/uenf.br\/posgraduacao\/biociencias-biotecnologia\/wp-json\/wp\/v2\/pages\/29"}],"wp:attachment":[{"href":"https:\/\/uenf.br\/posgraduacao\/biociencias-biotecnologia\/wp-json\/wp\/v2\/media?parent=31"}],"curies":[{"name":"wp","href":"https:\/\/api.w.org\/{rel}","templated":true}]}}