{"id":311,"date":"2014-06-27T13:01:33","date_gmt":"2014-06-27T16:01:33","guid":{"rendered":"http:\/\/uenf.br\/pos-graduacao\/biociencias-biotecnologia\/?page_id=311"},"modified":"2026-03-23T17:22:21","modified_gmt":"2026-03-23T20:22:21","slug":"discentes","status":"publish","type":"page","link":"https:\/\/uenf.br\/posgraduacao\/biociencias-biotecnologia\/discentes\/","title":{"rendered":"Discentes PGBB"},"content":{"rendered":"<p><span style=\"color: #800000;\"><strong><a style=\"color: #800000;\" href=\"https:\/\/uenf.br\/posgraduacao\/normas-gerais-da-pos-graduacao-stricto-sensu\/\" target=\"_blank\" rel=\"noopener\">Normas da P\u00f3s-Gradua\u00e7\u00e3o da UENF\u00a0<\/a><\/strong><\/span><\/p>\n<ul>\n<li><span style=\"color: #086ebd;\"><strong><a style=\"color: #086ebd;\" href=\"https:\/\/uenf.br\/posgraduacao\/biociencias-biotecnologia\/discentes\/relacao-de-alunos-atuais\/\" target=\"_blank\" rel=\"noopener\">Rela\u00e7\u00e3o de discentes atuais<\/a><\/strong><\/span><\/li>\n<li><span style=\"color: #086ebd;\"><a style=\"color: #086ebd;\" href=\"https:\/\/uenf.br\/posgraduacao\/biociencias-biotecnologia\/trabalhos-de-conclusao\/\" target=\"_blank\" rel=\"noopener\"><strong>Rela\u00e7\u00e3o de discentes titulados\/Egressos<\/strong><\/a><\/span><\/li>\n<li><a href=\"https:\/\/uenf.br\/posgraduacao\/biociencias-biotecnologia\/fluxo-discente\/\" target=\"_blank\" rel=\"noopener\"><span style=\"color: #0761ab;\"><strong>Fluxo discente<\/strong><\/span><\/a><\/li>\n<\/ul>\n<ul>\n<li><span style=\"color: #333333;\"><strong><a style=\"color: #333333;\" href=\"https:\/\/uenf.br\/posgraduacao\/biociencias-biotecnologia\/discentes\/aluno-inicial\/\" target=\"_blank\" rel=\"noopener\">Aluno Inicial<\/a><\/strong><\/span><\/li>\n<li><span style=\"color: #333333;\"><strong><a style=\"color: #333333;\" href=\"https:\/\/uenf.br\/posgraduacao\/biociencias-biotecnologia\/discentes\/renovacao-de-matricula\/\" target=\"_blank\" rel=\"noopener\">Renova\u00e7\u00e3o de Matr\u00edcula<\/a><\/strong><\/span><\/li>\n<li><a href=\"https:\/\/uenf.br\/posgraduacao\/biociencias-biotecnologia\/disciplinas\/\" target=\"_blank\" rel=\"noopener\"><strong>Disciplinas PGBB<\/strong><\/a><\/li>\n<li><span style=\"color: #333333;\"><a style=\"color: #333333;\" href=\"https:\/\/uenf.br\/posgraduacao\/biociencias-biotecnologia\/calendario-academico\/\" target=\"_blank\" rel=\"noopener\"><strong>Calend\u00e1rio acad\u00eamico<\/strong><\/a>\u00a0<\/span><\/li>\n<\/ul>\n<ul>\n<li><span style=\"color: #3481cf;\"><strong><a style=\"color: #3481cf;\" href=\"https:\/\/uenf.br\/posgraduacao\/biociencias-biotecnologia\/discentes\/exigencias-academicas-ms-e-ds\/\" target=\"_blank\" rel=\"noopener\">Exig\u00eancias acad\u00eamicas MS e DS<\/a><\/strong><\/span><\/li>\n<li><span style=\"color: #3481cf;\"><strong><a style=\"color: #3481cf;\" href=\"https:\/\/uenf.br\/posgraduacao\/biociencias-biotecnologia\/normas-para-defesas-2\/\" target=\"_blank\" rel=\"noopener\">Projeto, Disserta\u00e7\u00e3o, Qualifica\u00e7\u00e3o e Tese<\/a><\/strong><\/span><\/li>\n<\/ul>\n<ul>\n<li><span style=\"color: #0b5e96;\"><strong><a style=\"color: #0b5e96;\" href=\"https:\/\/uenf.br\/posgraduacao\/biociencias-biotecnologia\/discentes\/trancamento-de-matricula\/\" target=\"_blank\" rel=\"noopener\">Trancamento de Matr\u00edcula<\/a><\/strong><\/span><\/li>\n<li><span style=\"color: #0b5e96;\"><strong><a style=\"color: #0b5e96;\" href=\"https:\/\/uenf.br\/posgraduacao\/biociencias-biotecnologia\/discentes\/licenca-maternidade\/\" target=\"_blank\" rel=\"noopener\">Licen\u00e7a Maternidade<\/a><\/strong><\/span><\/li>\n<li><span style=\"color: #0b5e96;\"><strong><a style=\"color: #0b5e96;\" href=\"https:\/\/uenf.br\/posgraduacao\/biociencias-biotecnologia\/discentes\/desligamento-do-programa\/\" target=\"_blank\" rel=\"noopener\">Desligamento do Programa<\/a><\/strong><\/span><\/li>\n<li><strong><span style=\"color: #405bad;\"><a style=\"color: #405bad;\" href=\"https:\/\/uenf.br\/posgraduacao\/biociencias-biotecnologia\/wp-content\/uploads\/sites\/12\/2026\/02\/Formulario-solicitacao-Co-orientacao-PGBB.pdf\">Formulario solicitacao Co-orientacao PGBB<\/a><\/span><\/strong>\u00a0(<em>de acordo com o Regimento Geral de P\u00f3s-Gradua\u00e7\u00e3o da UENF, <span style=\"text-decoration: underline;\">somente os portadores do t\u00edtulo de doutor<\/span> podem atuar como orientadores e coorientadores de alunos de p\u00f3s-gradua\u00e7\u00e3o<\/em>)<\/li>\n<li><span style=\"color: #339966;\"><strong>NEBBIO: <a style=\"color: #339966;\" href=\"https:\/\/uenf.br\/posgraduacao\/biociencias-biotecnologia\/nebio\/\" target=\"_blank\" rel=\"noopener\">N\u00facleo de Estudos em Bioci\u00eancias e Biotecnologia<\/a><\/strong><\/span><\/li>\n<\/ul>\n<ul>\n<li><span style=\"color: #05429e;\"><a style=\"color: #05429e;\" href=\"https:\/\/uenf.br\/posgraduacao\/biociencias-biotecnologia\/bolsas\/\" target=\"_blank\" rel=\"noopener\"><strong>Bolsas<\/strong><\/a><\/span><\/li>\n<\/ul>\n<ul>\n<li><span style=\"color: #0b5e96;\"><strong><a style=\"color: #0b5e96;\" href=\"https:\/\/uenf.br\/posgraduacao\/biociencias-biotecnologia\/discentes\/missoes-de-discente-no-exterior\/\" target=\"_blank\" rel=\"noopener\">Miss\u00f5es de Discente no Exterior<\/a><\/strong><\/span><\/li>\n<\/ul>\n<ul>\n<li><span style=\"color: #3481cf;\"><a style=\"color: #3481cf;\" href=\"https:\/\/uenf.br\/posgraduacao\/biociencias-biotecnologia\/discentes\/viii-conpg\/\" target=\"_blank\" rel=\"noopener\"><strong>IX CONPG<\/strong><\/a>: <strong>Discentes da PGBB premiados<\/strong><\/span><\/li>\n<\/ul>\n","protected":false},"excerpt":{"rendered":"<p>Normas da P\u00f3s-Gradua\u00e7\u00e3o da UENF\u00a0 Rela\u00e7\u00e3o de discentes atuais Rela\u00e7\u00e3o de discentes titulados\/Egressos Fluxo discente Aluno Inicial Renova\u00e7\u00e3o de Matr\u00edcula&#8230;<\/p>\n","protected":false},"author":25,"featured_media":0,"parent":0,"menu_order":6,"comment_status":"closed","ping_status":"closed","template":"","meta":{"footnotes":""},"class_list":["post-311","page","type-page","status-publish","hentry"],"_links":{"self":[{"href":"https:\/\/uenf.br\/posgraduacao\/biociencias-biotecnologia\/wp-json\/wp\/v2\/pages\/311","targetHints":{"allow":["GET"]}}],"collection":[{"href":"https:\/\/uenf.br\/posgraduacao\/biociencias-biotecnologia\/wp-json\/wp\/v2\/pages"}],"about":[{"href":"https:\/\/uenf.br\/posgraduacao\/biociencias-biotecnologia\/wp-json\/wp\/v2\/types\/page"}],"author":[{"embeddable":true,"href":"https:\/\/uenf.br\/posgraduacao\/biociencias-biotecnologia\/wp-json\/wp\/v2\/users\/25"}],"replies":[{"embeddable":true,"href":"https:\/\/uenf.br\/posgraduacao\/biociencias-biotecnologia\/wp-json\/wp\/v2\/comments?post=311"}],"version-history":[{"count":0,"href":"https:\/\/uenf.br\/posgraduacao\/biociencias-biotecnologia\/wp-json\/wp\/v2\/pages\/311\/revisions"}],"wp:attachment":[{"href":"https:\/\/uenf.br\/posgraduacao\/biociencias-biotecnologia\/wp-json\/wp\/v2\/media?parent=311"}],"curies":[{"name":"wp","href":"https:\/\/api.w.org\/{rel}","templated":true}]}}