{"id":315,"date":"2014-06-27T13:03:15","date_gmt":"2014-06-27T16:03:15","guid":{"rendered":"http:\/\/uenf.br\/pos-graduacao\/biociencias-biotecnologia\/?page_id=315"},"modified":"2024-09-10T16:23:44","modified_gmt":"2024-09-10T19:23:44","slug":"exigencias-academicas-ms-e-ds","status":"publish","type":"page","link":"https:\/\/uenf.br\/posgraduacao\/biociencias-biotecnologia\/discentes\/exigencias-academicas-ms-e-ds\/","title":{"rendered":"Exig\u00eancias acad\u00eamicas MS e DS"},"content":{"rendered":"<p style=\"text-align: center\"><strong>EXIG\u00caNCIAS ACAD\u00caMICAS PARA <em>TODOS<\/em> OS P\u00d3S-GRADUANDOS DO PROGRAMA PGBB<\/strong><\/p>\n<p><span style=\"text-decoration: underline;color: #0b68d4\"><strong>MESTRADO:<\/strong><\/span><\/p>\n<p><strong>1. Dura\u00e7\u00e3o do Curso: <\/strong>De acordo com o <a href=\"https:\/\/uenf.br\/posgraduacao\/biociencias-biotecnologia\/wp-content\/uploads\/sites\/12\/2013\/11\/REGIMENTO-GERAL-DA-P\u00d3S-GRADUA\u00c7\u00c3O-RESOLU\u00c7\u00c3O-CONSUNI-N\u00ba-02-DE-25.02.2011-PUBLICADA-DOERJ-DE-08.09.2011.pdf\">Regimento Geral da P\u00f3s-Gradua\u00e7\u00e3o da UENF<\/a>, o Mestrado ter\u00e1 dura\u00e7\u00e3o m\u00ednima de 12 meses e m\u00e1xima de 24 meses, contados a partir da data de admiss\u00e3o no programa.\u00a0 Ressalta-se que a bolsa de estudos \u00e9 cancelada no prazo de 24 meses de curso, independente da data inicial da bolsa e\/ou da defesa de disserta\u00e7\u00e3o.<\/p>\n<p><strong>2. Contagem de Cr\u00e9ditos<\/strong>: O mestrando ao final do curso dever\u00e1 cumprir 25 cr\u00e9ditos, sendo 8 cr\u00e9ditos H e 17 cr\u00e9ditos formais (com conceito A,B,C).<\/p>\n<p><strong>3.<\/strong>\u00a0<strong>Defesa de Projeto de Disserta\u00e7\u00e3o<\/strong>: \u00c9 recomend\u00e1vel que seja realizada at\u00e9 6 meses ap\u00f3s o ingresso no Programa. Tempo m\u00e1ximo para defesa \u00e9 de 30 minutos. Discente deve incluir cada semestre a disciplina <span style=\"text-decoration: underline\">CBB2701 Pesquisa de Tese de Mestrado<\/span>.<\/p>\n<p><strong>4. Semin\u00e1rio do Laborat\u00f3rio:<\/strong> O aluno dever\u00e1 cumprir no m\u00ednimo 2 (dois) semin\u00e1rios do seu laborat\u00f3rio (disciplinas LBC2707, LBR2609, LBT2601, LFM2704 ou QFP2623). Ressalta-se que as disciplinas valer\u00e3o 1 cr\u00e9dito (H).<\/p>\n<p><strong>5<\/strong>. <strong>Semin\u00e1rio do CBB:<\/strong> o aluno dever\u00e1 cumprir 2 (dois) semin\u00e1rios, <span style=\"text-decoration: underline\">CBB2709 e CBB2710<\/span>. Em caso de aus\u00eancia, \u00e0s sess\u00f5es semanais, poder\u00e1 ser abonada a falta, com a presen\u00e7a de atestado m\u00e9dico, ou equivalente.<\/p>\n<p><strong>6. Cr\u00e9dito Did\u00e1tico:<\/strong> O aluno deve incluir a disciplina <span style=\"text-decoration: underline\">CBB2700<\/span> no plano de estudo e solicitar na Coordena\u00e7\u00e3o o seu cr\u00e9dito did\u00e1tico, anexando as declara\u00e7\u00f5es de cumprimento do mesmo. O cr\u00e9dito did\u00e1tico \u00e9 obtido diante do cumprimento de dura\u00e7\u00e3o m\u00ednima de 34 horas te\u00f3ricas ou 68 horas pr\u00e1ticas para aluno de Mestrado, revertendo em 2 (dois) cr\u00e9ditos.<\/p>\n<p><strong>7. Profici\u00eancia na L\u00edngua Inglesa<\/strong>: Ter sido aprovado em profici\u00eancia em ingl\u00eas na sele\u00e7\u00e3o de MS \u00e9 condi\u00e7\u00e3o obrigat\u00f3ria para solicita\u00e7\u00e3o da Defesa de Disserta\u00e7\u00e3o (clique<a href=\"https:\/\/uenf.br\/posgraduacao\/biociencias-biotecnologia\/discentes\/proficiencia-em-ingles\/\"> aqui<\/a> para maiores informa\u00e7\u00f5es).<\/p>\n<p><strong>8. Relat\u00f3rio Anual de Atividades<\/strong>: Entregue no final de cada ano, mediante a solicita\u00e7\u00e3o da Coordena\u00e7\u00e3o do PGBB, com hist\u00f3rico escolar atualizado anexado e acompanhado de um parecer do orientador sobre seu desempenho. O relat\u00f3rio deve conter a descri\u00e7\u00e3o das atividades realizadas, suas participa\u00e7\u00f5es em congressos e o cronograma das pr\u00f3ximas etapas. O relat\u00f3rio ser\u00e1 avaliado por algum dos docentes do programa na condi\u00e7\u00e3o de <em>ad hoc<\/em>. Este docente acompanhar\u00e1 a progress\u00e3o do aluno no programa.<\/p>\n<p><strong>9. Pr\u00e9via de Tese<\/strong>: Condi\u00e7\u00e3o obrigat\u00f3ria para solicita\u00e7\u00e3o da Defesa de Disserta\u00e7\u00e3o. O aluno deve entregar na Coordena\u00e7\u00e3o do Programa a lista de assinatura dos presentes no evento.<\/p>\n<p><strong>10. Defesa de Disserta\u00e7\u00e3o: <\/strong>Consulte <a href=\"https:\/\/uenf.br\/posgraduacao\/biociencias-biotecnologia\/normas-para-defesas-2\/normas-para-defesas\/\">aqui<\/a> os procedimentos para a realiza\u00e7\u00e3o da defesa. Tempo m\u00e1ximo para defesa \u00e9 de 40 minutos.<\/p>\n<p><strong>11. Extrato Escolar:<\/strong>\u00a0\u00c9 obriga\u00e7\u00e3o prim\u00e1ria do aluno acompanhar o registro de seu desempenho acad\u00eamico por verifica\u00e7\u00e3o rigorosa de seu extrato escolar disponibilizado pela Secretaria Acad\u00eamica ao final de cada semestre. Casos de incorre\u00e7\u00f5es de nota, n\u00fameros de cr\u00e9ditos e outros devem ser notificados \u00e0 Coordena\u00e7\u00e3o do Programa.<\/p>\n<p><strong>12.Curr\u00edculo Lattes<\/strong>: Obrigat\u00f3rio o preenchimento e atualiza\u00e7\u00e3o do\u00a0<a href=\"https:\/\/lattes.cnpq.br\"><em>CV Lattes<\/em><\/a>\u00a0ao longo do per\u00edodo do curso; aconselha-se uma freq\u00fc\u00eancia m\u00ednima trimestral de atualiza\u00e7\u00e3o das informa\u00e7\u00f5es.<\/p>\n<p>&nbsp;<\/p>\n<p><span style=\"text-decoration: underline;color: #0b68d4\"><strong>DOUTORADO:<\/strong><\/span><\/p>\n<p><strong>1. Dura\u00e7\u00e3o do Curso: <\/strong>De acordo com o <a href=\"https:\/\/uenf.br\/posgraduacao\/biociencias-biotecnologia\/wp-content\/uploads\/sites\/12\/2013\/11\/REGIMENTO-GERAL-DA-P\u00d3S-GRADUA\u00c7\u00c3O-RESOLU\u00c7\u00c3O-CONSUNI-N\u00ba-02-DE-25.02.2011-PUBLICADA-DOERJ-DE-08.09.2011.pdf\">Regimento Geral da P\u00f3s-Gradua\u00e7\u00e3o da UENF<\/a>, o Doutorado ter\u00e1 dura\u00e7\u00e3o m\u00ednima de 24 meses e m\u00e1xima de 48 meses, contados a partir da data de admiss\u00e3o no programa.\u00a0 Ressalta-se que a bolsa de estudos \u00e9 cancelada no prazo de 48 meses de curso, independente da data inicial da bolsa e\/ou da defesa de tese.<\/p>\n<p><strong>2. Contagem de Cr\u00e9ditos<\/strong>: O doutorando ao final do curso dever\u00e1 cumprir 35 cr\u00e9ditos, sendo 12 cr\u00e9ditos H e 23 cr\u00e9ditos formais (com conceito A,B,C).<\/p>\n<p><strong>3.<\/strong>\u00a0<strong>Defesa de Projeto de Tese<\/strong>: \u00e9 recomend\u00e1vel que seja realizada entre 6 meses e 12 meses ap\u00f3s o ingresso no Programa. Tempo m\u00e1ximo para defesa \u00e9 de 30 minutos. Discente deve incluir cada semestre a disciplina <span style=\"text-decoration: underline\">CBB2702 Pesquisa de Tese de Doutorado<\/span>.<\/p>\n<p><strong>4. Semin\u00e1rio do Laborat\u00f3rio:<\/strong> O aluno dever\u00e1 cumprir no m\u00ednimo 4 semin\u00e1rios do seu laborat\u00f3rio (disciplinas LBC2707, LBR2609, LBT2601, LFM2704 ou QFP2623). Ressalta-se que as disciplinas valer\u00e3o 1 cr\u00e9dito (H).<\/p>\n<p><strong>5. Semin\u00e1rio do CBB:<\/strong> o aluno dever\u00e1 cumprir 4 semin\u00e1rios,\u00a0<span style=\"text-decoration: underline\">CBB2709, CBB2710, CBB2711 e CBB2712<\/span>. Em caso de aus\u00eancia, poder\u00e1 ser abonada a falta, com a presen\u00e7a de atestado m\u00e9dico.<\/p>\n<p><strong>6. Cr\u00e9dito Did\u00e1tico:<\/strong> O aluno deve incluir a disciplina <span style=\"text-decoration: underline\">CBB2700<\/span> no plano de estudo e solicitar na Coordena\u00e7\u00e3o o seu cr\u00e9dito did\u00e1tico, anexando as declara\u00e7\u00f5es de cumprimento do mesmo. O cr\u00e9dito did\u00e1tico \u00e9 obtido diante do cumprimento de dura\u00e7\u00e3o m\u00ednima de 34 horas te\u00f3ricas ou 68 horas pr\u00e1ticas para aluno de Doutorado, revertendo em 2 (dois) cr\u00e9ditos.<\/p>\n<p><strong>7.<\/strong>\u00a0<strong>Profici\u00eancia na L\u00edngua Inglesa<\/strong>: condi\u00e7\u00e3o obrigat\u00f3ria para solicita\u00e7\u00e3o da Defesa de Disserta\u00e7\u00e3o. O aluno deve ter sido aprovado na sele\u00e7\u00e3o do doutorado. Em caso de reprova\u00e7\u00e3o, o aluno dever\u00e1 prestar novo exame em data divulgada pela Coordena\u00e7\u00e3o. Clique<a href=\"https:\/\/uenf.br\/posgraduacao\/biociencias-biotecnologia\/discentes\/proficiencia-em-ingles\/\"> aqui<\/a> para maiores informa\u00e7\u00f5es.<\/p>\n<p><strong>8. Exame de Qualifica\u00e7\u00e3o<\/strong>: Para agendamento do exame, o aluno dever\u00e1 ter integralizado todos os cr\u00e9ditos formais. Clique <a href=\"https:\/\/uenf.br\/posgraduacao\/biociencias-biotecnologia\/normas-para-defesas-2\/exame-de-qualificacao\/\">aqui<\/a> para maiores informa\u00e7\u00f5es.<\/p>\n<p><strong>9. Relat\u00f3rio Anual de Atividades<\/strong>: Entregue obrigatoriamente no final de cada ano, na Coordena\u00e7\u00e3o do Programa, com hist\u00f3rico escolar atualizado anexado<strong>.<\/strong>\u00a0Observar as exig\u00eancias espec\u00edficas no item Normas de Funcionamento \u2013 Relat\u00f3rio de Atividades. Em caso de aus\u00eancia do relat\u00f3rio, o aluno ter\u00e1 sua bolsa suspensa at\u00e9 a regulariza\u00e7\u00e3o junto ao Programa.<\/p>\n<p><strong>10. Aceite de artigo cient\u00edfico referente \u00e0 tese:<\/strong>\u00a0\u00e9 obrigat\u00f3ria a apresenta\u00e7\u00e3o do artigo submetido e aceito, antes da realiza\u00e7\u00e3o da defesa de tese.<\/p>\n<p><strong>11. Pr\u00e9via de Tese<\/strong>: Condi\u00e7\u00e3o obrigat\u00f3ria para solicita\u00e7\u00e3o da Defesa de Tese. O aluno deve entregar na Coordena\u00e7\u00e3o do Programa a lista de assinatura dos presentes no evento.<\/p>\n<p><strong>12. Defesa de Tese:<\/strong> Consulte <a href=\"https:\/\/uenf.br\/posgraduacao\/biociencias-biotecnologia\/normas-para-defesas-2\/normas-para-defesas\/\">aqui<\/a> os procedimentos para a realiza\u00e7\u00e3o da defesa. Tempo m\u00e1ximo para defesa \u00e9 de 50 minutos.<\/p>\n<p><strong>13.Curr\u00edculo Lattes<\/strong>: Obrigat\u00f3rio o preenchimento e atualiza\u00e7\u00e3o do \u00a0<a href=\"https:\/\/lattes.cnpq.br\"><em>CV Lattes<\/em><\/a>\u00a0\u00a0ao longo do per\u00edodo do curso; aconselha-se uma freq\u00fc\u00eancia m\u00ednima trimestral de atualiza\u00e7\u00e3o das informa\u00e7\u00f5es.<\/p>\n<p><strong>14. Extrato Escolar:<\/strong>\u00a0\u00c9 obriga\u00e7\u00e3o prim\u00e1ria do aluno acompanhar o registro de seu desempenho acad\u00eamico por verifica\u00e7\u00e3o rigorosa de seu extrato escolar disponibilizado pela Secretaria Acad\u00eamica ao final de cada semestre. Casos de incorre\u00e7\u00f5es de nota, n\u00fameros de cr\u00e9ditos e outros devem ser notificados \u00e0 Coordena\u00e7\u00e3o do Programa.<\/p>\n","protected":false},"excerpt":{"rendered":"<p>EXIG\u00caNCIAS ACAD\u00caMICAS PARA TODOS OS P\u00d3S-GRADUANDOS DO PROGRAMA PGBB MESTRADO: 1. Dura\u00e7\u00e3o do Curso: De acordo com o Regimento Geral&#8230;<\/p>\n","protected":false},"author":25,"featured_media":0,"parent":311,"menu_order":4,"comment_status":"closed","ping_status":"closed","template":"","meta":{"footnotes":""},"class_list":["post-315","page","type-page","status-publish","hentry"],"_links":{"self":[{"href":"https:\/\/uenf.br\/posgraduacao\/biociencias-biotecnologia\/wp-json\/wp\/v2\/pages\/315","targetHints":{"allow":["GET"]}}],"collection":[{"href":"https:\/\/uenf.br\/posgraduacao\/biociencias-biotecnologia\/wp-json\/wp\/v2\/pages"}],"about":[{"href":"https:\/\/uenf.br\/posgraduacao\/biociencias-biotecnologia\/wp-json\/wp\/v2\/types\/page"}],"author":[{"embeddable":true,"href":"https:\/\/uenf.br\/posgraduacao\/biociencias-biotecnologia\/wp-json\/wp\/v2\/users\/25"}],"replies":[{"embeddable":true,"href":"https:\/\/uenf.br\/posgraduacao\/biociencias-biotecnologia\/wp-json\/wp\/v2\/comments?post=315"}],"version-history":[{"count":0,"href":"https:\/\/uenf.br\/posgraduacao\/biociencias-biotecnologia\/wp-json\/wp\/v2\/pages\/315\/revisions"}],"up":[{"embeddable":true,"href":"https:\/\/uenf.br\/posgraduacao\/biociencias-biotecnologia\/wp-json\/wp\/v2\/pages\/311"}],"wp:attachment":[{"href":"https:\/\/uenf.br\/posgraduacao\/biociencias-biotecnologia\/wp-json\/wp\/v2\/media?parent=315"}],"curies":[{"name":"wp","href":"https:\/\/api.w.org\/{rel}","templated":true}]}}