{"id":3222,"date":"2024-02-09T21:52:31","date_gmt":"2024-02-10T00:52:31","guid":{"rendered":"https:\/\/uenf.br\/posgraduacao\/biociencias-biotecnologia\/?page_id=3222"},"modified":"2024-10-01T21:35:38","modified_gmt":"2024-10-02T00:35:38","slug":"mestrado-e-doutorado-1o-2024","status":"publish","type":"page","link":"https:\/\/uenf.br\/posgraduacao\/biociencias-biotecnologia\/processo-seletivo\/mestrado-e-doutorado-1o-2024\/","title":{"rendered":"Mestrado e Doutorado 1\u00ba\/2024"},"content":{"rendered":"<ul>\n<li><a href=\"https:\/\/uenf.br\/posgraduacao\/biociencias-biotecnologia\/processo-seletivo\/resultado-selecao-mestrado\/\">Resultado Final<\/a><\/li>\n<li><a href=\"https:\/\/uenf.br\/posgraduacao\/biociencias-biotecnologia\/processo-seletivo\/edital-da-pgbb-1o-semestre2014\/\">Edital e Formul\u00e1rios<\/a><\/li>\n<li><a href=\"https:\/\/uenf.br\/posgraduacao\/biociencias-biotecnologia\/processo-seletivo\/homologacao-das-inscricoes\/\">Homologa\u00e7\u00e3o das Inscri\u00e7\u00f5es<\/a><\/li>\n<li>Cronograma de Entrevistas: <a href=\"https:\/\/uenf.br\/posgraduacao\/biociencias-biotecnologia\/processo-seletivo\/cronograma-de-entrevistas-ds\/\">Doutorado<\/a> e <a href=\"https:\/\/uenf.br\/posgraduacao\/biociencias-biotecnologia\/processo-seletivo\/entrevista-ms\/\">Mestrado<\/a><\/li>\n<li><a href=\"https:\/\/uenf.br\/posgraduacao\/biociencias-biotecnologia\/processo-seletivo\/orientacoes-para-a-prova-de-ingles\/\">Orienta\u00e7\u00f5es para a Prova de Ingl\u00eas<\/a><\/li>\n<li><a href=\"https:\/\/uenf.br\/posgraduacao\/biociencias-biotecnologia\/processo-seletivo\/bancas-de-selecao\/\">Bancas de Sele\u00e7\u00e3o<\/a><\/li>\n<li><a href=\"https:\/\/uenf.br\/posgraduacao\/biociencias-biotecnologia\/processo-seletivo\/requerimento-para-assistir-a-entrevista-ms\/\">Requerimento para assistir a entrevista<\/a><\/li>\n<\/ul>\n<p><img loading=\"lazy\" decoding=\"async\" class=\"alignnone wp-image-3021\" src=\"https:\/\/uenf.br\/posgraduacao\/biociencias-biotecnologia\/wp-content\/uploads\/sites\/12\/2023\/10\/FOLDER-PGBB-2024-300x300.png\" alt=\"\" width=\"448\" height=\"448\" srcset=\"https:\/\/uenf.br\/posgraduacao\/biociencias-biotecnologia\/wp-content\/uploads\/sites\/12\/2023\/10\/FOLDER-PGBB-2024-300x300.png 300w, https:\/\/uenf.br\/posgraduacao\/biociencias-biotecnologia\/wp-content\/uploads\/sites\/12\/2023\/10\/FOLDER-PGBB-2024-150x150.png 150w, https:\/\/uenf.br\/posgraduacao\/biociencias-biotecnologia\/wp-content\/uploads\/sites\/12\/2023\/10\/FOLDER-PGBB-2024-600x600.png 600w, https:\/\/uenf.br\/posgraduacao\/biociencias-biotecnologia\/wp-content\/uploads\/sites\/12\/2023\/10\/FOLDER-PGBB-2024.png 720w\" sizes=\"auto, (max-width: 448px) 100vw, 448px\" \/><\/p>\n","protected":false},"excerpt":{"rendered":"<p>Resultado Final Edital e Formul\u00e1rios Homologa\u00e7\u00e3o das Inscri\u00e7\u00f5es Cronograma de Entrevistas: Doutorado e Mestrado Orienta\u00e7\u00f5es para a Prova de Ingl\u00eas&#8230;<\/p>\n","protected":false},"author":25,"featured_media":0,"parent":86,"menu_order":1,"comment_status":"closed","ping_status":"closed","template":"","meta":{"footnotes":""},"class_list":["post-3222","page","type-page","status-publish","hentry"],"_links":{"self":[{"href":"https:\/\/uenf.br\/posgraduacao\/biociencias-biotecnologia\/wp-json\/wp\/v2\/pages\/3222","targetHints":{"allow":["GET"]}}],"collection":[{"href":"https:\/\/uenf.br\/posgraduacao\/biociencias-biotecnologia\/wp-json\/wp\/v2\/pages"}],"about":[{"href":"https:\/\/uenf.br\/posgraduacao\/biociencias-biotecnologia\/wp-json\/wp\/v2\/types\/page"}],"author":[{"embeddable":true,"href":"https:\/\/uenf.br\/posgraduacao\/biociencias-biotecnologia\/wp-json\/wp\/v2\/users\/25"}],"replies":[{"embeddable":true,"href":"https:\/\/uenf.br\/posgraduacao\/biociencias-biotecnologia\/wp-json\/wp\/v2\/comments?post=3222"}],"version-history":[{"count":0,"href":"https:\/\/uenf.br\/posgraduacao\/biociencias-biotecnologia\/wp-json\/wp\/v2\/pages\/3222\/revisions"}],"up":[{"embeddable":true,"href":"https:\/\/uenf.br\/posgraduacao\/biociencias-biotecnologia\/wp-json\/wp\/v2\/pages\/86"}],"wp:attachment":[{"href":"https:\/\/uenf.br\/posgraduacao\/biociencias-biotecnologia\/wp-json\/wp\/v2\/media?parent=3222"}],"curies":[{"name":"wp","href":"https:\/\/api.w.org\/{rel}","templated":true}]}}