{"id":3228,"date":"2024-02-09T22:02:32","date_gmt":"2024-02-10T01:02:32","guid":{"rendered":"https:\/\/uenf.br\/posgraduacao\/biociencias-biotecnologia\/?page_id=3228"},"modified":"2026-03-24T10:17:35","modified_gmt":"2026-03-24T13:17:35","slug":"docentes-orientadores","status":"publish","type":"page","link":"https:\/\/uenf.br\/posgraduacao\/biociencias-biotecnologia\/docentes\/docentes-orientadores\/","title":{"rendered":"Docentes Orientadores por Laborat\u00f3rio"},"content":{"rendered":"<p>O Programa de P\u00f3s-Gradua\u00e7\u00e3o em Bioci\u00eancias e Biotecnologia \u00e9 constitu\u00eddo por docentes do <a href=\"https:\/\/uenf.br\/cbb\/\">Centro de Bioci\u00eancias e Biotecnologia<\/a> e docentes de outros centros\/IES. Os laborat\u00f3rios s\u00e3o as unidades administrativas do Centro de Bioci\u00eancias e Biotecnologia. Confere abaixo os Curr\u00edculos Lattes e e-mail dos docentes do Programa:<\/p>\n<div id=\"tituloPrincipal\"><span style=\"color: #4d92d6\"><strong>LBCT &#8211; LABORAT\u00d3RIO DE BIOLOGIA CELULAR E TECIDUAL<\/strong><\/span><\/div>\n<ul>\n<li>Prof. Ant\u00f4nio Jesus Dorighetto Cogo &#8211; <a href=\"https:\/\/buscatextual.cnpq.br\/buscatextual\/visualizacv.do?id=K4427653D0&amp;tokenCaptchar=0cAFcWeA5RUwn8VZ-qmm1b49jxckyMamW2qAOMpc95k7ryL30ICHEvSjzuOVhSuV_YnxJE6GjgpWa1axILXAKe0SWu0Hv01aCLSUBD3_6Px2-0K54rZ5e2MaLMMfGTzFxIxtoT9eadtMotedlelqsmDPOSYWhx6rlz447r0EjHIIhT9QtztO84whvf9UuVWuqc6VWopW071oRQ08mhdf2X9oxIPgNcvaDWcvVs3ZjnIPPlV3-MO2MtFEJSTHbYRsakck_uIFIsCNQYPxxH6o1lYYCPODLGuIrUuOirTqBdx-wXVxOkBLBk0fvcgBW2qSNKWuJmqUUVywiHzhCGrkN4ywMlPB3x8Ap4xtqLY9oFKUnC_TG5PPlf5jMesGLSxrcLQ9QINB1BoqgxaYMXDMJfph5vmt53wK_-pJ9_LC9zSQiyDfI7mGxqpyT3VuF-YRUJ1tOy2ZbPAyRcsixPmVtoJOhiAQuQm6Ghu8AIeaXoHE7UMIdfK7EX1zWHslf4T_WTw5X2h-ufEWdbNGBYghm_E24sUUt2PpSLvGTgYx9qP1hDP3jWyazWZuYwtpZWfkNLyw_s0s2zzWT2UPi5QoulE7C08SBzYw5oKaTEZQcRWXeclSQBiIOMOC_ACFmjrbjmKrZUgTcZJUoN_-2nqrfgLPZwHCQuga6yNvjy5TdMFxR6aju0vhbxFDHjD041MZp7nzAPsqVKeyiMYS9Pl1weQhYVnoX8O5xFQJt1TuXA-breMM3tOG6gJE2x8CGs40DxynjcjGySIzMd8XVl7Crh5NN_pPiLUVV6X2xrspAv4mLQwHOrKmsaUzM\">CV Lattes<\/a>\u00a0 -E-mail: <a href=\"mailto:antoniocogo@uenf.br\">antoniocogo@uenf.br<\/a><\/li>\n<li>\n<div>Prof. Arnoldo Rocha Fa\u00e7anha\u00a0 &#8211;<a href=\"https:\/\/buscatextual.cnpq.br\/buscatextual\/visualizacv.do?id=K4723483Y8&amp;tokenCaptchar=0cAFcWeA6TSy8LEHGcyqm4H08Yb-HYg97YRF6mgweGrjqbG1xV3p--pqLSGGwYLb7b0RIjixESa-btOVI-AT6QhWG2Eq926pBgxsApUHABMsGmM1ICBsLl6MXmQ-plqKVRddXzsil-BEV6NlXuwQnl_jMJsV3LRGhvi23uLv87qfFhg_oMgVTBQVFE1hNSsKxGAT7stOAEXfhzJgEo4kkv9SclKJQeitefNClaB-J7sHTVT05Yj1WpmQR7frUzGXFbtAo53nGr3dSJuJv8LdLF1dQjQBbZ7We-mdxLdED_LqVvtvTefH9HSYktcQwo-WGMKm16jXdX0vpaLKTSuvpsOfcYs0TkKBYUllvCwHDiHAhqwO2spFBsapuUOZ7zn3VhaRqSnp5MwnhjrAav6MAygHwUaX2igSn0Gx_bzga3Pmpoa94dtKo9SGa27TM8z6VOeWy8O6XbD1QEEDF2gEzrYigXpdd_N79bEOWtvGOaJn9nhrUE57svxE9OBxfqAh9-4EUZtf3b66mtSmnQAK2JgXIJH_rSlRn_PRmFBVoB73Zg3x_S23a0jg5aul51ESVpZNL0ZuNyPbKH3puM0t7pZki_n6tWwlZdCh1gurnNr96r-Zt2_FLBKNRoL6BIIHdMW6N3K5FTKuq19nGK5uHKnZLKirpKggjcFfQPgATDwvDMCiiaRXujB4Rim-h0p9J_4inL_lMx1HoNayk4LE1VYPI8iMwtGg_nDVNNoU1Gx8UNBqxi7lbfhiC_5_yYSxTWol5CBOJEuMFUKm-PDmZFC_SfNPegH-XzQuYD5LDfj8TMqTNykcWXzV61weXBTqsMhA4IP4RgLfUG9_HJBNIgSxYUfkytnbXiADjWvIjIHMhym86urG6nw-kDSszm6oMvUF_4dj1PVCfpXFu83bU3-P1Q8CfG1diNZTeedFx0ZGwZhRxspYOlLGjJYll5PMKiJoxae3re08aU_Vjui9GFhAVvqctRTeO6ZUtUH8pQF7IVug0u3A8ZgrmuebluEcbWV446U4Kq3gpDWY7g6xXCWWoh3X4a-joo8pk4Io0Y1QY8S-UXKCpwBvALhEefg5zHL_tUv5sUPyQKzR8LSQS_CUsXjLVcqUkNgrzPQ2ZskqG_jh73XSrfHmBKC3dTFoocWGT0CuD5RNYMIQJJdqQNxRdNsj6P3V-W_mEi6I0tGsr1NxObMX04fis_mm1C7zjwsRU2zwuLz9H9cyGnB16SySazBAQ5R_3YqRgv3Jzduq9pI6mi6b5Ggc72w1fVbsFPFu_26MVaTp2k_nnOVMdcje47It5eMCShH5JGKV589FGES4Gd-3NkIROTzdC9UoQgwkhcZptNnXYQTj_STExLHXioY1WTYmXdkj3pQA3H210sL8RSqyMHmI1NTII4W1SH2Y8PVCp042OOm_w13Bc3arlrIf3dG_Vexwk9sWxRHITCCb5BADUYbyycwgdOLoHR8OjRAgo7ktLUj0Q-895QDqe1mohzEyfI9GLGyFPZVUceQ0Jw3NRuIX-p-IutshQYKe0KkQG41OIzs2I_-NZ5m-myBo_cbn9nYneFmWhkLl1rp18PNJPyavZNo3rFacm6yR8MPmpChCLHw-bxmyq89mWwBSWLlhpeMtY86Mszs4f9sCphfiFjJwanhnsy1lpbOATZLlXnQ-Ozvcr_N_zigSuPefZJdWUBeNl29aWQYfmdkOlA3RytWM_4zXxtnY1MwdGf8Jk5hFGAaHTtWcjdGTViEAMM7yccOmQSGUVo2c1LS8Pxbgbt1-yV7_ykWsCpAQGY74W4DIdNQY_kxtgTYs169NjF5qftFUt1Tm1_tVLeqNOOXzmu4p2_esBCGfmoqcxNOIKAyoLXMsS5TUdmI3apQGtncXAT8RXM6zA6z9kq2ol8DZcGhClF5LT3BBNghn1kGjJI6JZIZ0TNfqOAfJ1ZwFNJrraiCAVygYir-SxdCworBx_KaFZzkoNrpYI26vAc_47_lclNvzlCwh9sAGhn6ELg55x7VbSWo47Gwr0iLo1tU4IKFbP-hdaLBkkLh7g_XfAdNcRJk769T0TE75DGs1Qg1yXlXfRJorQ85CFydsLiP1E1sbhgMyi_-zu0TPeGNfjp4WeFcEefpV_stbN63QC04jp3uBV2sjxoEtsGXhR6bwwA5rJ59NfduDAW-bbKKUy4HIze\">CV Lattes<\/a> -E-mail:<a href=\"mailto:arnoldo@uenf.br\"> arnoldo@uenf.br<\/a><\/div>\n<\/li>\n<li>Prof. Cl\u00f3vis de Paula Santos &#8211; <a href=\"http:\/\/lattes.cnpq.br\/3167591609809163\">CV Lattes<\/a> &#8211; E-mail: <a href=\"mailto:cps@uenf.br\">cps@uenf.br<\/a><\/li>\n<li>Prof. Glauber Monteiro Dias\u00a0 &#8211; <a href=\"https:\/\/buscatextual.cnpq.br\/buscatextual\/visualizacv.do?id=K4775436Z8&amp;tokenCaptchar=03AIIukzi9OkJrg7XxvoZyNm5xXlTZpVWxiGy1B0eCAOGUYSLPkKUo2kyafx1d7m9qovZQ3X1ogWsDm8RHWnxufSIxESm3jEcSVnCF7CUA8FCXLJFpVUO6u9DboBw7z8htThvsLtTBiFeY9h-a9VxYk3Qg8XoBOgLxqB6KMtmaw2EWs7nN2SqLb2v2A8nwDWSl4FdCrB7FwZm5-kfpxa0D1mYhH4yzFlb9KWnn39rzIaEDWUkF6i1JleiiVqe-4_qzmc47xlRYsZSC8fQLnJj8g7nSEzTo_7Uj2DFj9bIJClNsC2BmaYNjk2qCd4QuoZ9fpynYRTAMmLKMTAcNhe054llCAjGKBmvI-2PhN1Yig7uxBmFTDGNce2u_J7RbsQ-zCSb5B9a7pwzo37yfUVXYn3owBi71816AcNO1gNQZanFk5Y2We4YTBnOoXv1G3_RMfz6p_09l81lJwUB1aAecL8NAxWE9hBmeGeRvCVbdt--Cze6-kazpGQVHk5wZKNDmEYArfCGbT0yEI5GOFAu8QzW9LmWsYENUbA\">CV Lattes<\/a> -E-mail: <a href=\"mailto:glauber@uenf.br\">glauber@uenf.br<\/a><\/li>\n<li>Prof\u00aa Maura da Cunha &#8211; <a href=\"http:\/\/lattes.cnpq.br\/3555799356851041\">CV Lattes<\/a> &#8211; E-mail: <a href=\"mailto:maura@uenf.br\">maura@uenf.br <\/a><\/li>\n<li>Prof. Renato Augusto DaMatta\u00a0&#8211; <a href=\"http:\/\/lattes.cnpq.br\/6212140983414786\">CV Lattes<\/a> -E-mail: <a href=\"mailto:renato@uenf.br\">renato@uenf.br <\/a><\/li>\n<li>Prof. S\u00e9rgio Henrique Seabra &#8211; <a href=\"https:\/\/buscatextual.cnpq.br\/buscatextual\/visualizacv.do?id=K4794282D4&amp;tokenCaptchar=03AIIukzjoIsSFWXCJYwvqDhrxPPydMA4d3RgW9Tp-0TVzUGhC7x9PTN4s6D9VwXxvqSQK1wqOB_0jLINLftQdsKwOrM9Y37gguI_dNOGbxSB_ybM4Sp0YVF2nDAFPF-8VjmwcC2R_I6-f5t6axIO6vW9JnUCgqF7AwqsmL09syZnt4o08oBseAxAPqYMiyrKUOffn4e5eyyXgdxIL5NuvY1z0PPqFgduIX7IqglYQayXagBPsulpORrzF-Ad102RR6I_t6GX3CUE2Xa4FNtnl_gNWvL1uqd7vYlSnEUin3tfN3T8L5FhCOTgTZsaqvHDmrEETu8X_xSNDjLoX1CiVFOx6shKK8hCunpIuW0bkzaYwwfrKyOUYecfQ18mV_cy2JgZQV9RbILIU1qukmloGiLVQiGR9sWD91OMRiorBIVPUnn1ZOtSspRqNZ1DDgJJF_DMc8E0I1WjUKokWGKtqmfutZO2cB88rFza3-ugogHGwWmH9h3TGGRgubXlXPJRYtA5vIfHvSH3LIhN_aPfOZoSwbSgpP80_9w\">CV Lattes<\/a> -E-mail: <a href=\"mailto:seabrash@uenf.br\">seabrash@uenf.br<\/a><\/li>\n<li>\u00a0Profa. Sheila Esp\u00edrito Santo Ara\u00fajo\u00a0 &#8211; <a href=\"https:\/\/buscatextual.cnpq.br\/buscatextual\/visualizacv.do?id=K4167227D4&amp;tokenCaptchar=03AIIukzj3yl5PVDZe2YefdHpsTrSFd89GobVjBVNB-eIYj54Z1uXRYKRvQwkcuACow8NTcPbqEyjLbOsBeXb15rnNmk9-6T-19kp3LxPIPQa_fWIw5q7tLvszRagX4Ba16o1CNCcv3FGKd_NL8FiFgUO80bLd6qYaU3ubSonTMTIEDlrORn_LFMhOPt81g2bFkTotMQ09eJKde9gXZNmqWismzy-uA9KHS_R0QPsTEJfU_h7qhDHTBTf8UZeYS4EaEHzHcgc3TjU4Q65ZeEsTHopgAXicgyDzxOrECzKQ0tfFVpxsQWOSX4Q3gYKotrlTXxPBTfjHosagB9ZEmOeifJvthvMsJqjiE3uKLSlmFbGBtHjjsJTyVmDqp0uxFqfYDv4h1GSiN79rSaEt0U4OHVMIP0bCC7SlQr0su3G31zkSoEarLL1bsoy-js7t3j6cqZfUXTk2bhi9QguMsIWYRVeNvAuI23mlzlYcXXOIO3Gl_iz_66o4G2Cewbb1RX4qeu149qmZCx05bUXAwGQITDRnqQcIG1H8iQ\">CV Lattes<\/a> -E-mail: <a href=\"mailto:espiritosanto.sheila@uenf.br\">espiritosanto.sheila@uenf.br<\/a><\/li>\n<\/ul>\n<div id=\"tituloPrincipal\"><span style=\"color: #4d92d6\"><strong>LBR &#8211; <a style=\"color: #4d92d6\" title=\"Link para o site do LBR\" href=\"http:\/\/www.uenf.br\/Uenf\/Pages\/CBB\/LBR\/\" target=\"_blank\" rel=\"noopener noreferrer\">LABORAT\u00d3RIO DE BIOLOGIA DO RECONHECER<\/a><\/strong><\/span><\/div>\n<ul>\n<li>Prof\u00aa <a href=\"https:\/\/uenf.br\/cbb\/lbr\/docentes\/\">Alba Luc\u00ednia Peixoto Rangel<\/a> &#8211; <a href=\"http:\/\/lattes.cnpq.br\/4255695875749237\">CV Lattes <\/a>&#8211; E-mail:alba@uenf.br\u00a0 <a href=\"alba@uenf.br\">E-mail<\/a><\/li>\n<li>Prof\u00aa <a href=\"https:\/\/uenf.br\/cbb\/lbr\/docentes\/\">Elena Lassounskaia<\/a> &#8211; <a href=\"http:\/\/lattes.cnpq.br\/9109005884667366\">CV Lattes<\/a> &#8211; E-mail:elena@uenf.br\u00a0 <a href=\"mailto:elena@uenf.br\">E-mail<\/a><\/li>\n<li>Prof. <a href=\"https:\/\/uenf.br\/cbb\/lbr\/docentes\/\">Milton Masahiko Kanashiro<\/a> &#8211; <a href=\"http:\/\/lattes.cnpq.br\/5325753251589251\">CV Lattes<\/a> &#8211; E-mail: kmilton@uenf.br <a href=\"mailto:kmilton@uenf.br\">E-mail<\/a><\/li>\n<li>Prof\u00aa <a href=\"https:\/\/uenf.br\/cbb\/lbr\/docentes\/\">Rebeka da Concei\u00e7\u00e3o Souza<\/a> &#8211; <a href=\"https:\/\/buscatextual.cnpq.br\/buscatextual\/visualizacv.do?id=K4658991T2&amp;tokenCaptchar=0cAFcWeA6MJlTygmsISlJdDiOl8tomb5pXXwsaDewAI9r3a5RuKo5ZucWq3hioSt3wSce4pFv3EFCwg74K1Qre1QPNYO5isc7qPkzbL3OYC9S3bFrp1DWqwSCA1t6TIuvbDCLB4MEoK2Pu-vw1L72r-EMdVqXDob2Vj5qjxUCu_MSGr7dEPwf9WzNmQB_WEPfRbPRS-VDdoM96OQ389HiZtl7IsJtzK03LxX3Y8I47YC3IbW4Kv5SmmQpeMRVCr90CbAwsniJwLMT5JI65p7RsHx6S9eox1YuS20b6pXtclPtXoHd0QodnFEGtWDfx3eIT2x7ACTYkigtQd9i_5pEvK_Abe9wbMo21JbMxJHkmKSRYjY_-gAbnrIogJeZ2yA5KWmEUQkatynoIiTYbTkzlL3DaVboN5AaL_aOOPeuIASZ5r5el7XvCyPbxeZtt17cLtICZ3jd8kumJ2mNH7guveg8xnBGk3d3x_6NlnpcOyy_RI9bBpx14df4r_bZF-skoEhSPN3ET3sWwQy0KroPjNWSUZlDelMFaTdhBj01SJ62W2fAVX6yXpSUFX9x2xhBQoVhu_vH4OelQqDerCEADIfQSv8uyFoz2A4C4B3kwtkWFXv7w1FaBcn_z8QkD73aqo3PzD-JWinJVIXnajOX6VifjgwMjkZnmNsxe6DiXD9crZohzQwsItgJn81eKDfMbG-TE6o9IWb46-oJ0QO_RaRRvgo1U6Vn7TChjChgSUjJntUfvUizHAJwcGO2zz4u9Kk86ORkaXEV-tkUl-lID1WMiiZ2bkuYNKNNeMlhXQG_GWG6t-vmvNVip37c9iTjW1YEPutwuMrAWLlXKA5DdsiqTcE5Fe3qzm1-5hXeExw8QJ5jCsdNWLfycC-eDl3WtigyIsyvVdolClmDis6Ho1DqfrpadPS0bnuY8hcUfqYlDlZs0HTt2U-81UXOT-5kHxxReiS_gG86QvcgwE3IxlixmgF-pKjLVnrjnOTRjMQipu1k7Ax1PQZQoOe0gRtvChQUe52WA2iAw0AU4sYwkFNDomaTofyA5sZKFxyZWrjs6kdZSd4ugfD6OvboLhtC9JywODWTMgTfDX7mMuu06BGAKPZp81R-SFKPJSNTq2TFNrH9RJRVMY4n8LNKh-KV3AGr-AW5pSH5rYBJn3Ko0WndMDl47j8t0t5AFMPWewRIEF3WTtYjoBVR72Ui7zAijTOE5IxbS7hFMFrJxjiL4ej6TbY0j6zH_R00XMBNZcswV-LnSdWMb-i3bt9iY8lJv5WXbvkTZNTDf29Of2a0WofKSv1fmLYCvxKwUIlmbdARZ2aZ-bcyY0znXO3cGsCD3y__ofDJIoWJDbGpUMWQhZQBRcAIPy1SulNbB4sY1-AduNo3R1GrDpZBCMOvWtaOkp-BqnR6AyKqFtpe9dPLDvAI5SWFtW4Or4LiNSFMoky1kNkQJLBwkzSAmoL-gAGfM8DQNRZd4trsdzIbDzKfdctxs_pQ00Af9aiIeEzrmRps4o5uozIW50Kicp7Letg3LK49T3_iKVQxT5DPduZOjgJivRBA8HfcSV2oy5Rf1azcGCLAxvl9snpaEHp3GyS7WGEgAmgWpPfYioiohQRJ5m9n5qau_jaoT8YmN7Ll4nXAMb4PB1xFIIsOS2URfV2UU-Ne1DfJ-xRmZFUJAugbQWtXrxKurZSNkM_nOFGhn4_oeb79xWRagm9Z6oJqzSekQfGO29gYJMDbbySWmvnZ1dh1mGUzVxS2DI2FSBhWsQxvXr5JL0PyvHkmMbwDY8z6C295E0uJ7x0IVB_F7WThPVFu7VXkzFO3Q3m8hpZcEj9EoYWvL_NalmglrTGAqN1uVMuV6vNNy56boS1kiyQFMwerRItoAyucV6IVlo8sQS6W6-iKxhH9IWyA5xg0tmiqfI7JogsrvP3TvMPph6GEN-_Td8YWMdJVtVHcK7sYFBbLbCIs5l3NNeYKyEDJfpqVQEu3U8TQ6AFSZrnRgTm6XaryRBaF0cU-gNlJpARhKJAa1sMQoQcdJtFGE3shPo4lMbGHzRGNty-KtFY6sGzqYMcj8hPxhFz4NtG4EbwpEV_UYJXN2GHvi3YoLk7Z0UBGDeZv9py1uF0wzgpd8onKaAu2xFdgAHgGX4FWGtW1OzDf2WyOFqeNdd1HPFdHzGQaLSYTNY0oISwwh\">CV Lattes<\/a> &#8211; E-mail:<a href=\"mailto:rebekacsouza@uenf.br\">rebekacsouza@uenf.br<\/a><\/li>\n<li>Prof\u00aa <a href=\"https:\/\/uenf.br\/cbb\/lbr\/docentes\/\">Thatiana Lopes Bi\u00e1 Ventura Sim\u00e3o<\/a> &#8211; <a href=\"http:\/\/lattes.cnpq.br\/1497305034539892\">CV Lattes<\/a> \u00a0&#8211; Email: <a href=\"mailto:thativentura@uenf.br\">thativentura@uenf.br<\/a><\/li>\n<\/ul>\n<div id=\"tituloPrincipal\"><span style=\"color: #4d92d6\"><strong>LBT &#8211; LABORAT\u00d3RIO DE BIOTECNOLOGIA<\/strong><\/span><\/div>\n<ul>\n<li>Prof. Alvaro Fabr\u00edcio Lopes Rios &#8211;<a href=\"https:\/\/buscatextual.cnpq.br\/buscatextual\/visualizacv.do?id=K4779869P9&amp;tokenCaptchar=03AKH6MRHoPu2O0IDgYUBSjUHogdVZTo5BhIQTMFGYSo66f4crDNszokOChTIcVmIA4RQm0F3P-VqSHB-s0sp0TbFXwUSbrSDx_-B2ONZT8oJLuj5GCLspkJND145hIbvy_da-ruKWp_fiWSKZ4NHPcma8507J_vQao_M0D_Mpi09926O2hnCYycz4JYWtqSDxOC7JhCXOj5CeCAH-tHmi7l37vduF-iCYz_9WsDFceP5nHbh4vREnwGiWFsvuoVNRya02dhToJ0U95bDnABACxrKVCUc4bHIQXWBvoJsusEMZcwLGS82qUfRI_mmueqozsQ8XHOT5Kwck5qMJx4ESzBD0bvbOeG3_DmOro64S-TcoMayKMmj7yBgByrTeIwLfw5SsqSbpyjUW1vvslA0ja9eYtpci9OjC--UhVwOGE7Soy9rDQrWM8CSPt5bip385Idjo0todZIp43Izas47ZhO3O_Aai0Y40qgA4S6HsZwkY7JBeLZyFFzxc3I60RZV_wU-bm3NCRXXaMW3uJRbCqg0Nyu6uV8N4mg\"> CV Lattes<\/a> &#8211; E-mail: <a href=\"aflrios@uenf.br\">aflrios@uenf.br<\/a><\/li>\n<li>Prof. Enrique Medina-Acosta &#8211; <a href=\"http:\/\/lattes.cnpq.br\/0494533350878531\">CV Lattes<\/a> &#8211; E-mail: quique@uenf.br <a href=\"mailto:quique@uenf.br\">E-mail<\/a><\/li>\n<\/ul>\n<div id=\"tituloPrincipal\"><span style=\"color: #4d92d6\"><strong>LFBM &#8211; <a style=\"color: #4d92d6\" href=\"https:\/\/uenf.br\/cbb\/lfbm\/\">LABORAT\u00d3RIO DE FISIOLOGIA E BIOQU\u00cdMICA DE MICRORGANISMOS<\/a><\/strong><\/span><\/div>\n<ul>\n<li>\n<div><a href=\"https:\/\/buscatextual.cnpq.br\/buscatextual\/visualizacv.do?id=K4798375Z4&amp;tokenCaptchar=03AKH6MRHN_svG8jdqJa9OapfRAYG0ib49D-3FwUXT-7frUC-9SMabrqyMTObsim5cb-Ut8viCAyA7uT0zPTVA6slNaFxdcPMZ5CoO8Xr78RtEy2CBogP2DaX5VQTJz_lzh-HB5s5GSH0UUL5OuN-p-V5I45m3gdSFN1XT4CPqVkCcOi3LdJOEdcWaYmERuN2ZBPrgyZ4TD3qgd4zsvVLLIWGlDYfo03VwPqH39UzGYn6_vceLrwsnEOxSQopA0wmJWt6I9-3dgirivFHMO4TzpGnaS4LfqkWyA8wmI6EFZ5FIasVs2C-MbwEithGeE8hQJNlaRM1rsT4TWvSDxOafEoQMtZvtSqrIF15Ig6nFRP30EHmc1g85Xd299nT-p2wlE9VqgmJ6azj17Z53lduMA-vWy6pHFUkcpVh8hsTEpk3XI-r8ke2HzsLIqJZFZb6CgDMTojAUNoe9ZW6ZnCQg97NOcJUjmN_vM5M92voPhVqRJVkGhA863YjQSNHyRmYCMY35MTBch9INKOLd1gLVpwT2hZkTa2SK8Aa9rxYFcR7xKo3cUFbDZcDlCUPtAqDBab34ISKcrZpTQaXZZT239Rlj6VB6kMxPyw\">Prof\u00aa Anna Lvovna Okorokova Fa\u00e7anha<\/a> &#8211; <a href=\"https:\/\/buscatextual.cnpq.br\/buscatextual\/visualizacv.do?id=K4798375Z4&amp;tokenCaptchar=0cAFcWeA7a6h0_KC-QTz3N4JKXPeZzq-1kTs-0coeM-pzU06gQl8QnPAeOlUt7OuR8ZbxXLcYyJc8K6Dir5OOILMOZXv1ncrFElnQI8qePf8rMT0y778xkGomuBgvrUd7WkSZx0OmKEUcLOex64ITptmIBcVeXck3_n1KwOkF_Xayoz5xGPnkcnCPuy_DP_YiEN2TNII8TFBeMVELrWZQ3toGbMPuKHkISSXYLW7ES37jJl099Trggvq29NrsvCTiO1gbl7LL15E-lLs2l_lPnQ8MuW-ruTKpYsQ-bmB0y7PTNo-Pg43zU9LaZVcASdabkBWpJ_4G_4uFURE8GeknY68Q2kjpVKthrJpDnrO3D2b4oxkXbSmp7LH-7Kb4vnfgdjs1VTNHNOynE7-n6Tany2IJPsBjNXfqfn60-lv0LHhv15feEUjODospWvAYmjHp1mVIHdQr0Repb7dwCWfNk3RL1huGnUbYgRT_nNztLaymQqGAO7Z2ugYEScJR2Qbuii44lQW9qfKBUDzpdXQtMq1nct7jyiNEPpY66mwPUEukmKT0XlJDghbH4PIEUaKpEfYit9gDh8gN54tvGm7YThOMVp3OsQNIoKsMbOKoJQh5iBZCRzaxIqf8ujn_-Fi6kU6zHXjJpvFUfArpOfCYjpQrSHVgEJeyIGdX5j9v0sRv8k-irzMlwRHNSggfUZCaNAwqrqnGxwiMnzvoeXfvmePmDqXG4PQL7chhCQNtsavisygWv9k90ih_EoPMfOugeF1k7iN52VSzc9bYks2x0HE4uB5PyJFb9adc3HtItXLS4lo0adrQGbtIaQLrfSR_n5HZ2GCw7ZCHVIhe6nvQCYH6S9zJ11GMZEpezXfEETlIjjPEiat0gixBKS41P6soaPkj5poQRhdjduj6OMzydlImBnGkB6bYbWJ6Q67RGc_X1NIkSaoiQmAwgDbbRpI8SVzqTyQTFImjpbYDVTnH_slrBjlbgH7Pwo0ZujHikf4fX-gpR_nP1JyV_eVXJEJ_CeFA8q5WieTWQB-AMVx2fidXCE97dzKD_-L6Flii39ZqlNiEpp0WvgXC7SxLLRBymkca8rVxwFZB_6WfQoRVnMgp6IhepWJ_Grf5MlpmH0MKQpVsvjwm8YQJvyDxZ2oOjpZcdoYzLpGIXRAhkVyeMadPT4agS0B8WOKEv2RyuNJ_aQF3GWNeJ3ltNFBdjz6SXGDdAuDNJ6QxK7mnm8EOka1NK7Qz3fS9CAVhviTTOfqwh3_ia5oijD_isuAyKjDlykikrAOj-DzOTkYQuAIa4vROD5Eyb9ewRR6VJEcbhSuo1MlU_1EoXXbNRHWT8qlgV9643XqU7iS8JPCfQoDDVOdnU8Ow6ztKg8XcD-VARdirFWS0tpqpS9srUMYlUw2jlBZUe2GZlEpP8Zc05rpqOxb73svxwqhX_KnTt5_7ts99hAnFMiyNVc7pke7ewM12nxojrj_fsVePe1XmNC2qFZ7YshlOGYQyuvqE8WWq3MsRcbuHEXZ4RsP04BivSinPExvyIgxAdFW9F30Q6d10nDclAVvu6S3T2nraQiRvk-O6HDtOnp00wmjM4aofsuBogxAbkGthtOhSgFlD_vl0haUlBCPtEYTlaiioZgQrgj5DmkNwXXD3GDp7-4u0oK0we79WCm58x3dQ8UGUbWz6gwJ99MP4f7gs5v-xHXrOPd9FP7GemxVTcM9lQbgWc9UnDNljHVycRbABiE1eXfoBKgezlsa5Bi5Y37ilhiYKoVBLaIDwt7tNQoZtevbgNHopd7d3XOIa7flslOmR9hByHvwIat-cDO9lr1gTm97jiYAYcoRJ0l3W_gGJ8bXiIcQtyxnvnUx9K35_Ihzs3off0NsYehLwnofXjI4cOGK68mdOvHbjaDONzaQTa2_KQB9br06YUFn8_RmGKytjM-WcwWC4xZgtkVU5X30mqyc5Is_5zk_XMJ0yS65hGq_qLSAEJ5vl2Zw52pvkLgfw-JoxEXovadPR_JZ0bz-LiVpcbo4701qkplV1J64HIgPbpGiI1yM5ppS4IUiwhp_sR1CvouJxOvJ21tC3l5weFx4mlhlb5TDImL4xPjXIJ5mPI5JBs6wAm9Kf4ntBPvkHLnWMsAtc5Zk49tMdwUSjOnCvv62-pQTYpm0mP3RFIXgUak55AKFj2V4DGK6UwpXNobuZRHZCcfPt6i6S68x6Iu9F8sdMN_OEkgmuLKv0\">CV Lattes<\/a>\u00a0&#8211; E-mail:anna@uenf.br <a href=\"mailto:anna@uenf.br\">E-mail<\/a><\/div>\n<\/li>\n<li><a href=\"https:\/\/uenf.br\/cbb\/lfbm\/professores\/andre-de-oliveira-carvalho\/\">Prof\u00aa Andr\u00e9 de Oliveira Carvalho<\/a> &#8211; <a href=\"http:\/\/lattes.cnpq.br\/9321225256365199\">CV Lattes<\/a> &#8211; E-mail: andre@uenf.br <a href=\"mailto:ANDR%C3%89%20DE%20OLIVEIRA%20CARVALHO\">E-mail<\/a><\/li>\n<li><a href=\"https:\/\/uenf.br\/cbb\/lfbm\/professores\/diogo-de-abreu-meireles\/\">Prof. Diogo de Abreu Meireles<\/a> &#8211;<a href=\"https:\/\/buscatextual.cnpq.br\/buscatextual\/visualizacv.do?id=K4705028T6&amp;tokenCaptchar=03AIIukzhSudGLddqiUPksWOnYFEIls5dLhtNr5G2ccdhPGOIYydiocF03Xg6sR2Po4w3C5ZeTklGuaZsFLmPTBOSu3US-jAacnRk0_gFKJvar1nJhWu3EMn-CDH6NEM_7vxSF1-nLTvCCzhwMGJsiZeOBsfLBdJi86J0zT9Y7iFOjq45jvml08m9xuFKkZZuiH477verwna2D1Yfk7BTCA-YS2GMiQuMSqcPFjzcYKUbYXD49VOESaevbUwpA27xQzPaU7ufrOfsHtvMFdFQeV6mPMufBM1djNc66sQr0_ShusZJLVFddIeZRdJfxYgJXTziB-M18JWMaUuXDM8LYCMdAcYaSw2zIU7Vpd8Cj-4NEIoZeqimseN6tGI8nrG70XBKbauDQ_rZABDtayuOnZuHVBNEaL7gkBuAQ94-1di8BIb8bPBDQYzreOoozq7BdlIUgAqMkYdpb0JPWPRWXsB_dhrFpi3MFgPz4ILfxpmNwx7OCLGa20ii2rk7boFGmAJXXNcx4vGRiJ_QX7U9IlFWnO-xr6wof0Q\"> CV Lattes <\/a>-E-mail:diogo@uenf.br \u00a0<a href=\"diogo@uenf.br\">E-mail<\/a><\/li>\n<li><a href=\"https:\/\/uenf.br\/cbb\/lfbm\/professores\/erica-de-oliveira-mello\/\">Prof<\/a><a href=\"https:\/\/uenf.br\/cbb\/lfbm\/professores\/profa-dra-valdirene-moreira-gomes\/\">\u00aa<\/a><a href=\"https:\/\/uenf.br\/cbb\/lfbm\/professores\/erica-de-oliveira-mello\/\">. \u00c9rica de Oliveira Mello<\/a> &#8211; <a href=\"https:\/\/buscatextual.cnpq.br\/buscatextual\/visualizacv.do?id=K4120062H3&amp;tokenCaptchar=03AIIukzgMKbkUIGW1frHoG9oCKGqJ681zUeNLWb2E4rhaLrJi9q9D13B7vG1OTKypM2U5RYA21OIH7B8mSspq4phjZdLePjfh3rC1W0jIfDK56AOfxWCpw0IxxNb9KttYIMFZ2uIcXzdbOzSBKq5s7GIdbAZywt2M_puhsTJxamfC_vYTfgiLXsr4q4MbkHW_oFQMQc5CpQGcyKqu1CQwlNqxpznkBsWKzSThzXVbj-ZzjeAz34kJD2EMCltrDgdU0nY6Pq54fS-rVgI75YUfA_RixyPJum_RCj3SYsmnCLvofmHxK_jmDdUu8BaDXgbdbpXOKuePFb83AZTtzvR2mp4MIyWWvb2MNVJCp5_rhFlOoJg-x5v3aDCM25waicllze-eLw26GpqTc3pplQlSc_fSbj2XhzzoAomzVnQs6GUrYU-LVsisCIoYXEy0zeoJZsPjT-DCjmg5pUCt8_gI4ubHBmz_dOMis9hlvnMQKiD6o9PLA7lN2T3xTTa6KRe_6qQ-g9NyLJF_-9LCQD9swOwuxstxapxbGA\">CV Lattes<\/a> -E-mail:erica@uenf.br \u00a0<a href=\"erica@uenf.br\">E-mail<\/a><\/li>\n<li><a href=\"https:\/\/uenf.br\/cbb\/lfbm\/professores\/profa-dra-valdirene-moreira-gomes\/\">Prof\u00aa Valdirene Moreira Gomes<\/a> &#8211; <a href=\"http:\/\/lattes.cnpq.br\/1764637588910599\">CV Lattes<\/a> &#8211; E-mail:valmg@uenf.br <a href=\"mailto:valmg@uenf.br\">E-mail<\/a><\/li>\n<\/ul>\n<p><span style=\"color: #4d92d6\"><strong>LQFPP &#8211; LABORAT\u00d3RIO DE QU\u00cdMICA E FUN\u00c7\u00c3O DE PROTE\u00cdNAS E PEPT\u00cdDEOS<\/strong><\/span><\/p>\n<ul>\n<li>Prof\u00aa\u00a0 Ana Eliza Zeraik &#8211; \u00a0<a href=\"https:\/\/buscatextual.cnpq.br\/buscatextual\/visualizacv.do?id=K4744455A7&amp;tokenCaptchar=03AIIukziQ4xPOWJdfnYbCA7UxcxQu_fyl7ThWEPexBn9_GsAaF2VN5tKawrR3KX2jm2AXt7HCNRYrAlu5aBRvCDIdon4lAY5T5XPOq_hzvsCzVPankMdP7zuw8kFlghZAIu2HFHwRwNA9qeqKn2OBXihwJFPlVZkbei53csPxrJpIEj3_cncuw96UQmTZqHUokkoy_qq4U_87mqeZefwVNVcrd6-vjOkulp5dC2ERGsZ7g-BJpRsi7hNSlpZOjD5DW4s3OFU68Kx59_AT77ZdV9qi-WtS_PYZJrZhaJE0cp1fUgQHRBy7-Cg8tm5gDCObtB7jZ06BCz1QIAWvMkWs8w7SbDSyhbl7A6lELYEbCJKTtNbU5yOEiFFOJWAE4mI24NjDOFOXoUOSE6s6hnuXw9QrbqXD_v02VCyXqVYMa5q8REYyvVcwnI2NCOoCHqJ-Av4NiFK9gVEyM0nqleRpr8sTRarRb_5EpehIFftc9I6JPeYfMiqv4SkroKOcNRWXU1XH5M9wtMO6u1_HCpfuWlegythvoTkTRQ\">CV Lattes <\/a>&#8211; E-mail: anazeraik@uenf.br <a href=\"anazeraik@uenf.br\">E-mail<\/a><\/li>\n<li>Prof. Jorge Hernandez Fernandez &#8211;\u00a0<a href=\"https:\/\/buscatextual.cnpq.br\/buscatextual\/visualizacv.do?id=K4792474Y6&amp;tokenCaptchar=0cAFcWeA4ylbqreBvmIm6lOMIW7wfd3r194OH4WbddtzOjlRpS7SFzqOW6vSl4sdtvSOLqzq9Mvt36M3q2XqkzSzKbQb7o4gO7F-KQwx_EXHJrDJHYFMAZw3lxyi9afmG7GC5MqswJUXA2jV1t9Fupd7cers55ZTxnzQMeUoZBVkx79jdkzSc9DpyHITPOQzfsrtbKxvIpCftE7RP8T8i03Ywj0JWsWFeFp6XdBHwwn9iQZF0yIbjkk_78QS3ZjDzIvhW780AXrxQU8RatFFt9C0ww0xMxRdDBwicYqh6Lw3AguKWolgX-3TWO5WeT_bAy7LGhUsRFM8wMyiWsjJKixLZ0IsD0zUQPi71Uta9TcrucpygsSFtXldXkks3gSK7PtCoKHJBNoJvrPHgzDbjAH-YNCF8lGng2RCvKFoleMQ1ciVaTMJa3SIY9TMW5XRtbPkym_fDlexM7uX4cpmc8xCgCk96t9FoxXyvos1a2fBUE5P3QEe3UvNb9Z8aHOPDYzca9CrmXCpp3987fD7Jk_KPW5tn4hE_2MnLwQ17XOaMtqkALgX3o-XQeEcozN7nvEU0Xk36NzcV07AcpmzTQO4IzGT6z_x5hKtMo7LSinhHr9GE9Yt-9pX3bsqEPEhFURW57z85K0R1YY_QSJtnX1kGTNChsKODWljCldMjrostjTlRhLowkYGP9YDjJ-peAsBkknuJfF7bOreRprNa036mXxkWv75vsndqkaPBncVwx1UDH0mpf7nb0Dj6QYDM0Ci0Jrqctw_ubnpKetML36FFhAaXL0zpEFg1zth7cSCWr-KBfTB2OJC8\">CV Lattes<\/a> &#8211; <a href=\"jorgehf@uenf.br\">E-mail<\/a>:<a href=\"mailto:jorgehf@uenf.br\">jorgehf@uenf.br<\/a><\/li>\n<li>Prof\u00aa K\u00e1tia Valevski Sales Fernandes &#8211; <a href=\"http:\/\/lattes.cnpq.br\/9925246120897790\">CV Lattes<\/a> &#8211; E-mail:cowpkat@uenf.br &#8211;<a href=\"mailto:cowpkat@uenf.br\">E-mail<\/a><\/li>\n<li>Prof\u00aa Olga Lima Tavares Machado &#8211; <a href=\"http:\/\/lattes.cnpq.br\/8204780680625242\">CV Lattes<\/a>&#8211; E-mail: olga@uenf.br &#8211;\u00a0<a href=\"mailto:olga@uenf.br\">E-mail\u00a0<\/a><\/li>\n<\/ul>\n<ul>\n<li><strong style=\"color: #4d92d6\">Docentes de outros Centros\/IES<\/strong><\/li>\n<\/ul>\n<div id=\"materiaPrincipal\">\n<ul>\n<li>Profa. Marinete Pinheiro Carrera (UENF\/CCTA)\u00a0 &#8211;<a href=\"https:\/\/buscatextual.cnpq.br\/buscatextual\/visualizacv.do?id=K4785618P7&amp;tokenCaptchar=03AIIukzgc5tauZPUPfbxXqDP62c3A4yWgd5MwN4gyHsfvQaY8qndq12xj-2q3sHd69A9TEk_HnQjgbUuW3eRh7ObK-0wac4j7V8kPwZBgmXA5V8dI3D309RUrHmGR319ApbSzbo68Flf94w8xa9F4hK1OIceJnrl9kCqCMyJ2I00AipPUJJmX1YIE4gJUhWDTiXcNzXfrWEhjIYtZZdR_zuChgYHIQ9WFBZwHEyuHunJPFPRNBHogSaZJGssV-e7LCekNrugxqWiYBVUJo3vK9ZckYmlm6dY3Hde4RsZeOIy2k3-V10umpMLlXOeA52PblsoEY2yQSzT1AKBR--mhwlcq74gNh41dASiQk5xMEWapWact11WalyXLDnos2K-gCvC6IV7kXtbCzpKo-pgHpbNpUEzasy6506QxVyWtCH0uSL6Qf-6_KjF0ru0ptRSrTU5clYqAZV-tGcsOJaINVJkWMBrqP_fRE3KR8B7b5DtWIMYnnHGYSXDk6UZC2Edab4rhvUrQt8tczdun7dpQwD4spqM6DRPaDg\"> CV Lattes<\/a> &#8211;<a href=\"mailto:marinete@uenf.br\">E-mail\u00a0<\/a>: marinete@uenf.br<\/li>\n<li>\u00a0Profa. Cintia Monteiro de Barros (UFRJ- Maca\u00e9) &#8211; <a href=\"http:\/\/buscatextual.cnpq.br\/buscatextual\/visualizacv.do?id=K4777425E7&amp;tokenCaptchar=03AGdBq26Zs4G-N5Y_8JbRERRtV91HTrMD6BkBQFO7RNCOMQAfEnliDnydAqBgccCOJDbk0--oOZL5oapng5rXcyTxVIiDtYEbkOTnBskWG4HcpIRGSY5Mc973YbNL5nu35z0YtQN0MT9tgBbnai1zKRs3sV3qnRQVPECsidgl2vChRvcw0Ph2MXuyiuI1Ut8LU5NHamaheCATFLwZeCt7yNX88_oZCj2oMQKVvRvyRT2IIJWLQJInDF-o9gcuF-LRrynryxbSR3ylw2CgB-x-MHPqMiycu0YfzbZBpARuAzihruOg6Qd6f57XxkMB31Lub-eosckUIaikDqRnOeOwILRs6sO4aMhJVziRfKYobMlEQLuuvFHp5i_dXaiX9R2F2bN_1jLvE_VfR9UrVzhzGwSx6ZciqYwJCcfEyUguEUcjsfVAgLGoAsYOrbCiiNCR_3yMOnfZz7c_soklybN0IpwhQdpV6O0g5Q\">CV Lattes<\/a> &#8211;<a href=\"mailto:cintiabarrosmacae@gmail.com\">E-mail<\/a>: cintiabarrosmacae@gmail.com<\/li>\n<li>Prof.\u00aa Michelle Fraz\u00e3o Muzitano (UFRJ- Maca\u00e9) &#8211; \u00a0<a href=\"http:\/\/lattes.cnpq.br\/6637126351943749\">CV Lattes<\/a>\u00a0&#8211; <a href=\"mailto:mfmuzitano@gmail.com\">E-mail<\/a>: mfmuzitano@gmail.com<\/li>\n<li><a href=\"https:\/\/sites.google.com\/uenf.br\/luisbasso\/people\">Prof. Luis Guilherme Mansor Basso<\/a> (UENF\/CCT\/LFIS) &#8211; <a href=\"https:\/\/buscatextual.cnpq.br\/buscatextual\/visualizacv.do?id=K4713042Z9&amp;tokenCaptchar=03AIIukzgaSxsepvwBQMGu9F8PMjXXTQ0sTmGPBP_BKxqocjeNpM42cwI3QwXpOZEfeKHKtLvnyVqbL32CZQgAP-NNgv7UNG0J2KlIBb_nvrKcxEkGevAAH6ViX49DlQgVP5m-fh1q_z1m83FMUDl7gSIvQJ3XozlAEojR_i_ib-OpmgJ463lkSnmH3L_kQzivvXiLZKZk34b6sfBMBKowlcyWpqDdtCmWobTx7YXeOVi3dY-vlJuWml4rBNOHsja5DpBhqn29gpliLd_P4Bo3JVNivOA5eBcilWM1k3qAq_JlF7IYq0ax82xZK-CTlYCZ7zyePXj8ZS3pxYE0rnhdvnqchJ2r1B1d0SIQ1g0cPCLQovur406L0rNjA4Mo9F-o9M0OQpiiPKBvlN57wwZ8RyB56Xjvbc8qG69c9qhIj8o1fS7E6aL7OqLxWVaIQboSW9I8QsGColz-_WvVXzpEyt5oi6cgMQ1ryjgbAA-OztLIKoGbwugmq94bt1zAH_bdgozDlE-IsJGf5JjViCT8IfQWlbNQIEOjRw\">CV Lattes<\/a> &#8211;<a href=\"mailto:luisbasso@uenf.br\">E-mail<\/a>: luisbasso@uenf.br<\/li>\n<li>Prof. Jo\u00e3o Luiz Mendes Wanderley (UFRJ- Maca\u00e9) &#8211; <a href=\"http:\/\/buscatextual.cnpq.br\/buscatextual\/visualizacv.do?id=K4739178D9&amp;tokenCaptchar=03AGdBq27zRz5yt_zYUz-u-g6TydkgP7ZL3lRhqP2DmlH-18JNsdcMI-KDK0Jh4Hir4YwASPkXuNsklzJaOhk6XVN0y_iNTwZYPHAOJ3sTnaiLjLkhV59GlZyxDBxlfteogwUbzjTsjO_tHLK22yJCJWoYO9acAoc_YxcToJT6AkOagePjXeTsu4uuEAcSgNhLJRG9cNt7buvCYSnySmBgu5tl0cIkk3W0kZG-5HSP2socJJBDap7bN8bBMq6vPoPPwMkLznQp3IR29GC5TEYmAEdM_79uaktNU85FDI-9uLz70q8OD0pqgco3NHkiIEMuudr4HJvRn797ZbvFxR3xNutAziYCOa6GUI4B4V8k_HQ_A81JHD9zSvbeFBUVkSrs9PbvwwZXBxI607_eAkrzOUSVOOaZnmGZYf373EttvJTwcBcyS0qcTc41AvECNfeS-pUkLk5Db-w4aq2F7bYTrXAWNJb2MrhEOQ\">CV Lattes<\/a> &#8211;<a href=\"mailto:lmwjoao@gmail.com\"> E-mail<\/a>: lmwjoao@gmail.com<\/li>\n<\/ul>\n<div id=\"materiaPrincipal\"><\/div>\n<\/div>\n","protected":false},"excerpt":{"rendered":"<p>O Programa de P\u00f3s-Gradua\u00e7\u00e3o em Bioci\u00eancias e Biotecnologia \u00e9 constitu\u00eddo por docentes do Centro de Bioci\u00eancias e Biotecnologia e docentes&#8230;<\/p>\n","protected":false},"author":25,"featured_media":0,"parent":35,"menu_order":1,"comment_status":"closed","ping_status":"closed","template":"","meta":{"footnotes":""},"class_list":["post-3228","page","type-page","status-publish","hentry"],"_links":{"self":[{"href":"https:\/\/uenf.br\/posgraduacao\/biociencias-biotecnologia\/wp-json\/wp\/v2\/pages\/3228","targetHints":{"allow":["GET"]}}],"collection":[{"href":"https:\/\/uenf.br\/posgraduacao\/biociencias-biotecnologia\/wp-json\/wp\/v2\/pages"}],"about":[{"href":"https:\/\/uenf.br\/posgraduacao\/biociencias-biotecnologia\/wp-json\/wp\/v2\/types\/page"}],"author":[{"embeddable":true,"href":"https:\/\/uenf.br\/posgraduacao\/biociencias-biotecnologia\/wp-json\/wp\/v2\/users\/25"}],"replies":[{"embeddable":true,"href":"https:\/\/uenf.br\/posgraduacao\/biociencias-biotecnologia\/wp-json\/wp\/v2\/comments?post=3228"}],"version-history":[{"count":0,"href":"https:\/\/uenf.br\/posgraduacao\/biociencias-biotecnologia\/wp-json\/wp\/v2\/pages\/3228\/revisions"}],"up":[{"embeddable":true,"href":"https:\/\/uenf.br\/posgraduacao\/biociencias-biotecnologia\/wp-json\/wp\/v2\/pages\/35"}],"wp:attachment":[{"href":"https:\/\/uenf.br\/posgraduacao\/biociencias-biotecnologia\/wp-json\/wp\/v2\/media?parent=3228"}],"curies":[{"name":"wp","href":"https:\/\/api.w.org\/{rel}","templated":true}]}}