{"id":3258,"date":"2024-03-24T20:28:57","date_gmt":"2024-03-24T23:28:57","guid":{"rendered":"https:\/\/uenf.br\/posgraduacao\/biociencias-biotecnologia\/?page_id=3258"},"modified":"2024-06-19T15:41:32","modified_gmt":"2024-06-19T18:41:32","slug":"edital-capes-pdse-2024","status":"publish","type":"page","link":"https:\/\/uenf.br\/posgraduacao\/biociencias-biotecnologia\/processo-seletivo\/edital-capes-pdse-2024\/","title":{"rendered":"Edital CAPES PDSE 2024"},"content":{"rendered":"<p><strong>DOUTORADO SANDU\u00cdCHE NO EXTERIOR<\/strong><\/p>\n<p>Sele\u00e7\u00e3o dos candidatos na IES &#8211; at\u00e9 <strong>30 de abril de 2024<\/strong>.<\/p>\n<p>Inicio das atividades no exterior <strong>setembro \u00e0 novembro de 2024<\/strong>.<\/p>\n<p><strong><span style=\"color: #0887cc\">Editais:<\/span><\/strong><\/p>\n<p><span style=\"color: #ff0000\"><strong>\u21d2\u00a0<a style=\"color: #ff0000\" href=\"https:\/\/uenf.br\/posgraduacao\/biociencias-biotecnologia\/wp-content\/uploads\/sites\/12\/2024\/04\/Edital_PDSE_PPGBB_UENF_2024.pdf\">Edital_PDSE_PPGBB_UENF_2024<\/a>\u00a0<\/strong><\/span><\/p>\n<p><span style=\"color: #0886c9\"><strong> \u21d2 <a href=\"https:\/\/uenf.br\/posgraduacao\/biociencias-biotecnologia\/wp-content\/uploads\/sites\/12\/2024\/04\/SEI_70985153_Edital_de_Selecao_10-PROPPG.pdf\">SEI_70985153_Edital_de_Selecao_10 PROPPG<\/a><\/strong><\/span><\/p>\n<p>Acesse\u00a0<span style=\"color: #0887cc\"><strong><a style=\"color: #0887cc\" href=\"https:\/\/www.gov.br\/capes\/pt-br\/centrais-de-conteudo\/editais\/21032024_Edital_2344636_SEI_2343579_Edital_6_2024.pdf\">Edital CAPES \u00a0N\u00ba 06\/2024 &#8211; PDSE<\/a>\u00a0<\/strong><\/span><\/p>\n<div class=\"acordeon-content\">\n<table class=\"arquivos listing\" summary=\"Lista de arquivos dispon\u00edveis para download\">\n<thead>\n<tr>\n<th class=\"c1\"><a class=\"internal-link\" title=\"\" href=\"https:\/\/www.gov.br\/capes\/pt-br\/centrais-de-conteudo\/editais\/16022022_Edital_1633531_Anexo_II___Proficiencia.pdf\" target=\"_blank\" rel=\"noopener\" data-tippreview-image=\"\" data-tippreview-title=\"\" data-tippreview-enabled=\"false\">Publica\u00e7\u00e3o na WEB<\/a><\/th>\n<th class=\"c2\"><a class=\"internal-link\" title=\"\" href=\"https:\/\/www.gov.br\/capes\/pt-br\/centrais-de-conteudo\/editais\/16022022_Edital_1633531_Anexo_II___Proficiencia.pdf\" target=\"_blank\" rel=\"noopener\" data-tippreview-image=\"\" data-tippreview-title=\"\" data-tippreview-enabled=\"false\">Nome do documento<\/a><\/th>\n<\/tr>\n<\/thead>\n<tbody>\n<tr class=\"bg\">\n<td class=\"c1\">21\/03\/2024<\/td>\n<td class=\"c2\"><a class=\"internal-link\" href=\"https:\/\/www.gov.br\/capes\/pt-br\/centrais-de-conteudo\/editais\/21032024_Edital_2339734_MODELO_DA_DECLARACAO_DO_COORIENTADOR_NO_EXTERIOR_2.pdf\" target=\"_blank\" rel=\"noopener\" data-tippreview-image=\"\" data-tippreview-title=\"\" data-tippreview-enabled=\"true\" data-tippy=\"\">Modelo da Carta do Coorientador no Exterior do Edital n\u00ba 06\/2024 &#8211; PDSE &#8211; formato, pdf, 88kb<\/a><\/td>\n<\/tr>\n<tr class=\"bg\">\n<td class=\"c1\">21\/03\/2024<\/td>\n<td class=\"c2\"><a class=\"internal-link\" href=\"https:\/\/www.gov.br\/capes\/pt-br\/centrais-de-conteudo\/editais\/21032024_Edital_2339730_Anexo_IV__Proficiencia_2024.pdf\" target=\"_blank\" rel=\"noopener\" data-tippreview-image=\"\" data-tippreview-title=\"\" data-tippreview-enabled=\"true\" data-tippy=\"\">Anexo IV Declara\u00e7\u00e3o\u00a0Proficiencia do\u00a0Edital n\u00ba 06\/2024 &#8211; PDSE &#8211; formato, pdf, 85kb<\/a><\/td>\n<\/tr>\n<tr class=\"bg\">\n<td class=\"c1\">21\/03\/2024<\/td>\n<td class=\"c2\"><a class=\"internal-link\" href=\"https:\/\/www.gov.br\/capes\/pt-br\/centrais-de-conteudo\/editais\/21032024_Edital_2287463_Declaracao_Reconhecimento_da_Fluencia___Orient_Brasileiro.pdf\" target=\"_blank\" rel=\"noopener\" data-tippreview-image=\"\" data-tippreview-title=\"\" data-tippreview-enabled=\"true\" data-tippy=\"\">Anexo III Profici\u00eancia do\u00a0Edital n\u00ba 06\/2024 &#8211; PDSE &#8211; formato, pdf, 114kb<\/a><\/td>\n<\/tr>\n<tr class=\"bg\">\n<td class=\"c1\">21\/03\/2024<\/td>\n<td class=\"c2\"><a class=\"internal-link\" href=\"https:\/\/www.gov.br\/capes\/pt-br\/centrais-de-conteudo\/editais\/21032024_Edital_2287461_Declaracao_Reconhecimento_da_Fluencia_Linguistica_do_cooorientador_no_exterior__1_.pdf\" target=\"_blank\" rel=\"noopener\" data-tippreview-image=\"\" data-tippreview-title=\"\" data-tippreview-enabled=\"true\" data-tippy=\"\">Anexo II Declara\u00e7\u00e3o de Reconhecimento da Flu\u00eancia Lingu\u00edstica Institui\u00e7\u00e3o no Exterior do\u00a0Edital n\u00ba 06\/2024 &#8211; PDSE &#8211; formato, pdf, 38kb<\/a><\/td>\n<\/tr>\n<tr class=\"bg\">\n<td class=\"c1\">21\/03\/2024<\/td>\n<td class=\"c2\"><a class=\"internal-link\" href=\"https:\/\/www.gov.br\/capes\/pt-br\/centrais-de-conteudo\/editais\/21032024_Edital_2339728_Anexo_I___Termo_de_Outorga_.pdf\" target=\"_blank\" rel=\"noopener\" data-tippreview-image=\"\" data-tippreview-title=\"\" data-tippreview-enabled=\"true\" data-tippy=\"\">Anexo I Termo de Outorga do\u00a0Edital n\u00ba 06\/2024 &#8211; PDSE &#8211; formato, pdf, 238kb<\/a><\/td>\n<\/tr>\n<tr class=\"bg\">\n<td class=\"c1\">21\/03\/2024<\/td>\n<td class=\"c2\"><a class=\"internal-link\" href=\"https:\/\/www.gov.br\/capes\/pt-br\/centrais-de-conteudo\/editais\/21032024_Edital_2344636_SEI_2343579_Edital_6_2024.pdf\" target=\"_blank\" rel=\"noopener\" data-tippreview-image=\"\" data-tippreview-title=\"\" data-tippreview-enabled=\"true\" data-tippy=\"\">Edital n\u00ba 06\/2024 &#8211; PDSE &#8211; formato, pdf, 133kb<\/a><\/td>\n<\/tr>\n<\/tbody>\n<\/table>\n<\/div>\n<p>&nbsp;<\/p>\n<p><strong><span style=\"color: #0887cc\">Editais:<\/span><\/strong><\/p>\n<p><strong><span style=\"color: #0887cc\"> <a href=\"https:\/\/uenf.br\/posgraduacao\/biociencias-biotecnologia\/wp-content\/uploads\/sites\/12\/2024\/04\/EDITAL-PDSE-PROPPG-2024.pdf\">\u21d2 EDITAL PDSE PROPPG 2024<\/a> <\/span><\/strong><\/p>\n<p><strong><span style=\"color: #0887cc\"><span style=\"color: #333333\">\u21d2<\/span>\u00a0<a href=\"https:\/\/uenf.br\/posgraduacao\/biociencias-biotecnologia\/wp-content\/uploads\/sites\/12\/2024\/04\/Edital_PDSE_PPGBB_UENF_2024.pdf\">Edital_PDSE_PPGBB_UENF_2024<\/a>\u00a0<\/span><\/strong><\/p>\n<p>Maiores informa\u00e7\u00f5es acesse : <a href=\"https:\/\/www.gov.br\/capes\/pt-br\/acesso-a-informacao\/acoes-e-programas\/bolsas\/bolsas-e-auxilios-internacionais\/encontre-aqui\/paises\/multinacional\/programa-de-doutorado-sanduiche-no-exterior-pdse\" target=\"_blank\" rel=\"noopener\">https:\/\/www.gov.br\/capes\/pt-br\/acesso-a-informacao\/acoes-e-programas\/bolsas\/bolsas-e-auxilios-internacionais\/encontre-aqui\/paises\/multinacional\/programa-de-doutorado-sanduiche-no-exterior-pdse<\/a><\/p>\n","protected":false},"excerpt":{"rendered":"<p>DOUTORADO SANDU\u00cdCHE NO EXTERIOR Sele\u00e7\u00e3o dos candidatos na IES &#8211; at\u00e9 30 de abril de 2024. Inicio das atividades no&#8230;<\/p>\n","protected":false},"author":25,"featured_media":0,"parent":86,"menu_order":0,"comment_status":"closed","ping_status":"closed","template":"","meta":{"footnotes":""},"class_list":["post-3258","page","type-page","status-publish","hentry"],"_links":{"self":[{"href":"https:\/\/uenf.br\/posgraduacao\/biociencias-biotecnologia\/wp-json\/wp\/v2\/pages\/3258","targetHints":{"allow":["GET"]}}],"collection":[{"href":"https:\/\/uenf.br\/posgraduacao\/biociencias-biotecnologia\/wp-json\/wp\/v2\/pages"}],"about":[{"href":"https:\/\/uenf.br\/posgraduacao\/biociencias-biotecnologia\/wp-json\/wp\/v2\/types\/page"}],"author":[{"embeddable":true,"href":"https:\/\/uenf.br\/posgraduacao\/biociencias-biotecnologia\/wp-json\/wp\/v2\/users\/25"}],"replies":[{"embeddable":true,"href":"https:\/\/uenf.br\/posgraduacao\/biociencias-biotecnologia\/wp-json\/wp\/v2\/comments?post=3258"}],"version-history":[{"count":0,"href":"https:\/\/uenf.br\/posgraduacao\/biociencias-biotecnologia\/wp-json\/wp\/v2\/pages\/3258\/revisions"}],"up":[{"embeddable":true,"href":"https:\/\/uenf.br\/posgraduacao\/biociencias-biotecnologia\/wp-json\/wp\/v2\/pages\/86"}],"wp:attachment":[{"href":"https:\/\/uenf.br\/posgraduacao\/biociencias-biotecnologia\/wp-json\/wp\/v2\/media?parent=3258"}],"curies":[{"name":"wp","href":"https:\/\/api.w.org\/{rel}","templated":true}]}}