{"id":3323,"date":"2024-05-02T12:03:58","date_gmt":"2024-05-02T15:03:58","guid":{"rendered":"https:\/\/uenf.br\/posgraduacao\/biociencias-biotecnologia\/?page_id=3323"},"modified":"2026-02-04T11:08:42","modified_gmt":"2026-02-04T14:08:42","slug":"formularios-pgbb","status":"publish","type":"page","link":"https:\/\/uenf.br\/posgraduacao\/biociencias-biotecnologia\/formularios-pgbb\/","title":{"rendered":"Formul\u00e1rios"},"content":{"rendered":"<p><span style=\"color: #008080\"><strong>Inscri\u00e7\u00e3o Aluno novo:\u00a0<\/strong><\/span><\/p>\n<ul>\n<li><span style=\"color: #008080\"><a style=\"color: #008080\" href=\"https:\/\/uenf.br\/posgraduacao\/wp-content\/uploads\/2019\/12\/Fomulario-inscricao-Processo-seletivo_PG.pdf\">Formul\u00e1rio-de-Inscri\u00e7\u00e3o_UENF<\/a>\u00a0<\/span><\/li>\n<li><span style=\"color: #008080\"><a style=\"color: #008080\" href=\"https:\/\/uenf.br\/posgraduacao\/wp-content\/uploads\/2019\/12\/Fomulario-inscricao-Processo-seletivo_Carta.pdf\">Carta-de-Refer\u00eancia_UENF<\/a>\u00a0<\/span><\/li>\n<li><span style=\"color: #008080\"><a style=\"color: #008080\" href=\"https:\/\/uenf.br\/posgraduacao\/wp-content\/uploads\/2019\/12\/Recommendation-letter.pdf\">Recommendation letter form (English)\u00a0 \u00a0<\/a><\/span><\/li>\n<\/ul>\n<p><span style=\"color: #0737a8\"><strong>Prorroga\u00e7\u00e3o de Prazos de Defesas Projetos, Qualifica\u00e7\u00e3o e Tese:\u00a0<\/strong><\/span><\/p>\n<ul>\n<li><span style=\"color: #0737a8\"><a style=\"color: #0737a8\" href=\"https:\/\/uenf.br\/posgraduacao\/biociencias-biotecnologia\/wp-content\/uploads\/sites\/12\/2023\/06\/Formulario-para-Prorrogacao-de-Projeto-de-Tese-PGBB.pdf\">Formul\u00e1rio-para-Prorroga\u00e7\u00e3o de Projeto de Tese-PGBB<\/a><\/span><\/li>\n<li><span style=\"color: #0737a8\"><a style=\"color: #0737a8\" href=\"https:\/\/uenf.br\/posgraduacao\/biociencias-biotecnologia\/wp-content\/uploads\/sites\/12\/2023\/05\/Formulario-para-Prorrogacao-Exame-Qualificacao-Doutorado-PGBB.pdf\">Formul\u00e1rio para Prorroga\u00e7\u00e3o Exame Qualifica\u00e7\u00e3o Doutorado PGBB<\/a><\/span><\/li>\n<li><span style=\"color: #0737a8\"><a style=\"color: #0737a8\" href=\"https:\/\/uenf.br\/posgraduacao\/wp-content\/uploads\/2014\/11\/Formul\u00e1rio-novo-PRORROGA\u00c7\u00c3O-DE-DEFESA-PROPPG.docx\">Formul\u00e1rio de Prorroga\u00e7\u00e3o de Defesa (novo)<\/a><\/span><\/li>\n<\/ul>\n<p><span style=\"color: #1296e3\"><strong>Marca\u00e7\u00e3o de Defesas Projetos, Qualifica\u00e7\u00e3o e Tese:\u00a0<\/strong><\/span><\/p>\n<ul>\n<li><span style=\"color: #1296e3\"><a style=\"color: #1296e3\" href=\"https:\/\/uenf.br\/posgraduacao\/biociencias-biotecnologia\/normas-para-defesas-2\/projeto-de-tese\/\"><strong>Defesa de PROJETO de Tese de Doutorado e Disserta\u00e7\u00e3o de Mestrado<\/strong><\/a><\/span><\/li>\n<li><span style=\"color: #1296e3\"><a style=\"color: #1296e3\" href=\"https:\/\/uenf.br\/posgraduacao\/biociencias-biotecnologia\/normas-para-defesas-2\/exame-de-qualificacao\/\"><strong>Defesa de QUALIFICA\u00c7\u00c3O\u00a0de DOUTORADO<\/strong><\/a><\/span><\/li>\n<li><span style=\"color: #1296e3\"><a style=\"color: #1296e3\" href=\"https:\/\/uenf.br\/posgraduacao\/biociencias-biotecnologia\/normas-para-defesas-2\/normas-para-defesas\/\"><strong>Defesa de TESE de DOUTORADO e DISSERTA\u00c7\u00c3O\u00a0de MESTRADO<\/strong><\/a><\/span><\/li>\n<\/ul>\n<p><strong><span style=\"color: #0c32f2\">OUTROS FORMUL\u00c1RIOS<\/span><\/strong><\/p>\n<ul>\n<li><span style=\"color: #0c32f2\">Formul\u00e1rio para Cadastro de novas Disciplinas:<a href=\"https:\/\/uenf.br\/reitoria\/secacad\/files\/2025\/06\/PROGRAMA-ANALITICO-DE-DISCIPLINA-modelo-para-Docente.docx\"> download aqui<\/a><\/span><\/li>\n<li><span style=\"color: #3366ff\"><a style=\"color: #3366ff\" href=\"https:\/\/uenf.br\/posgraduacao\/biociencias-biotecnologia\/wp-content\/uploads\/sites\/12\/2026\/02\/Formulario-solicitacao-Co-orientacao-PGBB.pdf\">Formulario solicitacao Co-orientacao PGBB<\/a>)<\/span> (<em>de acordo com o Regimento Geral de P\u00f3s-Gradua\u00e7\u00e3o da UENF, <span style=\"text-decoration: underline\">somente os portadores do t\u00edtulo de doutor<\/span> podem atuar como orientadores e coorientadores de alunos de p\u00f3s-gradua\u00e7\u00e3o<\/em>)<\/li>\n<li><span style=\"color: #0c32f2\"><a style=\"color: #0c32f2\" href=\"https:\/\/uenf.br\/posgraduacao\/biociencias-biotecnologia\/wp-content\/uploads\/sites\/12\/2024\/07\/declaracao-do-revisor-atualizada-PGBB.docx\">Declara\u00e7\u00e3o do Revisor PGBB<\/a><\/span><\/li>\n<li><a href=\"https:\/\/uenf.br\/posgraduacao\/biociencias-biotecnologia\/wp-content\/uploads\/sites\/12\/2024\/05\/Formulario-de-Afastamento-do-Campus-PGBB.pdf\">Formul\u00e1rio de Afastamento do Campus PGBB<\/a><\/li>\n<li><a href=\"https:\/\/uenf.br\/posgraduacao\/biociencias-biotecnologia\/wp-content\/uploads\/sites\/12\/2021\/11\/Mobilidade___Formulario_Saida.pdf\">Formul\u00e1rio de sa\u00edda de discente para miss\u00f5es no exterior<\/a><\/li>\n<\/ul>\n<p>&nbsp;<\/p>\n","protected":false},"excerpt":{"rendered":"<p>Inscri\u00e7\u00e3o Aluno novo:\u00a0 Formul\u00e1rio-de-Inscri\u00e7\u00e3o_UENF\u00a0 Carta-de-Refer\u00eancia_UENF\u00a0 Recommendation letter form (English)\u00a0 \u00a0 Prorroga\u00e7\u00e3o de Prazos de Defesas Projetos, Qualifica\u00e7\u00e3o e Tese:\u00a0 Formul\u00e1rio-para-Prorroga\u00e7\u00e3o&#8230;<\/p>\n","protected":false},"author":25,"featured_media":0,"parent":0,"menu_order":21,"comment_status":"closed","ping_status":"closed","template":"","meta":{"footnotes":""},"class_list":["post-3323","page","type-page","status-publish","hentry"],"_links":{"self":[{"href":"https:\/\/uenf.br\/posgraduacao\/biociencias-biotecnologia\/wp-json\/wp\/v2\/pages\/3323","targetHints":{"allow":["GET"]}}],"collection":[{"href":"https:\/\/uenf.br\/posgraduacao\/biociencias-biotecnologia\/wp-json\/wp\/v2\/pages"}],"about":[{"href":"https:\/\/uenf.br\/posgraduacao\/biociencias-biotecnologia\/wp-json\/wp\/v2\/types\/page"}],"author":[{"embeddable":true,"href":"https:\/\/uenf.br\/posgraduacao\/biociencias-biotecnologia\/wp-json\/wp\/v2\/users\/25"}],"replies":[{"embeddable":true,"href":"https:\/\/uenf.br\/posgraduacao\/biociencias-biotecnologia\/wp-json\/wp\/v2\/comments?post=3323"}],"version-history":[{"count":0,"href":"https:\/\/uenf.br\/posgraduacao\/biociencias-biotecnologia\/wp-json\/wp\/v2\/pages\/3323\/revisions"}],"wp:attachment":[{"href":"https:\/\/uenf.br\/posgraduacao\/biociencias-biotecnologia\/wp-json\/wp\/v2\/media?parent=3323"}],"curies":[{"name":"wp","href":"https:\/\/api.w.org\/{rel}","templated":true}]}}