{"id":3382,"date":"2024-06-19T16:40:17","date_gmt":"2024-06-19T19:40:17","guid":{"rendered":"https:\/\/uenf.br\/posgraduacao\/biociencias-biotecnologia\/?page_id=3382"},"modified":"2024-07-16T16:09:54","modified_gmt":"2024-07-16T19:09:54","slug":"secretaria-do-programa","status":"publish","type":"page","link":"https:\/\/uenf.br\/posgraduacao\/biociencias-biotecnologia\/apresentacao\/secretaria-do-programa\/","title":{"rendered":"Secretaria do Programa"},"content":{"rendered":"<p><strong>Secretaria do Programa de P\u00f3s-Gradua\u00e7\u00e3o em Bioci\u00eancias e Biotecnologia <\/strong><br \/>\nUniversidade Estadual do Norte Fluminense Darcy Ribeiro<br \/>\nAv. Alberto Lamego, 2000 \u2013 Parque Calif\u00f3rnia<br \/>\nPr\u00e9dio CBB &#8211; Centro de Bioci\u00eancias e Biotecnologia, 1\u00ba andar<br \/>\nCEP 28013-602 \u2013 Campos dos Goytacazes, RJ, Brasil<\/p>\n<p><strong>Contato:<\/strong><br \/>\nBeatriz Moraes Gomes de Almeida<br \/>\nMarlene Flauzindo dos Santos<\/p>\n<p><strong>E-mail:<\/strong> <a href=\"mailto:cpgcbb@uenf.br\">cpgcbb@uenf.br<\/a> <a href=\"mailto:cpgcbb@uenf.br\"><img loading=\"lazy\" decoding=\"async\" class=\"alignnone wp-image-3543\" src=\"https:\/\/uenf.br\/posgraduacao\/biociencias-biotecnologia\/wp-content\/uploads\/sites\/12\/2024\/07\/unnamed-150x150.jpg\" alt=\"\" width=\"56\" height=\"50\" srcset=\"https:\/\/uenf.br\/posgraduacao\/biociencias-biotecnologia\/wp-content\/uploads\/sites\/12\/2024\/07\/unnamed-300x270.jpg 300w, https:\/\/uenf.br\/posgraduacao\/biociencias-biotecnologia\/wp-content\/uploads\/sites\/12\/2024\/07\/unnamed.jpg 512w\" sizes=\"auto, (max-width: 56px) 100vw, 56px\" \/><\/a><br \/>\n<strong>Telefone:<\/strong> <a href=\"tel:2227486053\">(22) 2748-6053<\/a><\/p>\n","protected":false},"excerpt":{"rendered":"<p>Secretaria do Programa de P\u00f3s-Gradua\u00e7\u00e3o em Bioci\u00eancias e Biotecnologia Universidade Estadual do Norte Fluminense Darcy Ribeiro Av. Alberto Lamego, 2000&#8230;<\/p>\n","protected":false},"author":25,"featured_media":0,"parent":652,"menu_order":3,"comment_status":"closed","ping_status":"closed","template":"","meta":{"footnotes":""},"class_list":["post-3382","page","type-page","status-publish","hentry"],"_links":{"self":[{"href":"https:\/\/uenf.br\/posgraduacao\/biociencias-biotecnologia\/wp-json\/wp\/v2\/pages\/3382","targetHints":{"allow":["GET"]}}],"collection":[{"href":"https:\/\/uenf.br\/posgraduacao\/biociencias-biotecnologia\/wp-json\/wp\/v2\/pages"}],"about":[{"href":"https:\/\/uenf.br\/posgraduacao\/biociencias-biotecnologia\/wp-json\/wp\/v2\/types\/page"}],"author":[{"embeddable":true,"href":"https:\/\/uenf.br\/posgraduacao\/biociencias-biotecnologia\/wp-json\/wp\/v2\/users\/25"}],"replies":[{"embeddable":true,"href":"https:\/\/uenf.br\/posgraduacao\/biociencias-biotecnologia\/wp-json\/wp\/v2\/comments?post=3382"}],"version-history":[{"count":0,"href":"https:\/\/uenf.br\/posgraduacao\/biociencias-biotecnologia\/wp-json\/wp\/v2\/pages\/3382\/revisions"}],"up":[{"embeddable":true,"href":"https:\/\/uenf.br\/posgraduacao\/biociencias-biotecnologia\/wp-json\/wp\/v2\/pages\/652"}],"wp:attachment":[{"href":"https:\/\/uenf.br\/posgraduacao\/biociencias-biotecnologia\/wp-json\/wp\/v2\/media?parent=3382"}],"curies":[{"name":"wp","href":"https:\/\/api.w.org\/{rel}","templated":true}]}}