{"id":3414,"date":"2024-06-19T19:58:50","date_gmt":"2024-06-19T22:58:50","guid":{"rendered":"https:\/\/uenf.br\/posgraduacao\/biociencias-biotecnologia\/?page_id=3414"},"modified":"2025-11-13T23:42:23","modified_gmt":"2025-11-14T02:42:23","slug":"marcacao-de-defesas","status":"publish","type":"page","link":"https:\/\/uenf.br\/posgraduacao\/biociencias-biotecnologia\/normas-para-defesas-2\/marcacao-de-defesas\/","title":{"rendered":"Defesas de Projeto, Disserta\u00e7\u00e3o, Qualifica\u00e7\u00e3o e Tese"},"content":{"rendered":"<p>Disponibilizamos as normas e formul\u00e1rios para a marca\u00e7\u00e3o de defesas de disserta\u00e7\u00f5es\/teses e exames de qualifica\u00e7\u00e3o:<\/p>\n<ul>\n<li><a href=\"https:\/\/uenf.br\/posgraduacao\/biociencias-biotecnologia\/normas-para-defesas-2\/projeto-de-tese\/\"><strong><span style=\"color: #026199\">Defesa de PROJETO de Tese de Doutorado e Disserta\u00e7\u00e3o de Mestrado<\/span><\/strong><\/a><\/li>\n<li><a href=\"https:\/\/uenf.br\/posgraduacao\/biociencias-biotecnologia\/normas-para-defesas-2\/normas-para-defesas\/\"><strong><span style=\"color: #026199\">Defesa de TESE de DOUTORADO e DISSERTA\u00c7\u00c3O\u00a0de MESTRADO<\/span><\/strong><\/a><\/li>\n<li><a href=\"https:\/\/uenf.br\/posgraduacao\/biociencias-biotecnologia\/normas-para-defesas-2\/exame-de-qualificacao\/\"><strong><span style=\"color: #026199\">Defesa de QUALIFICA\u00c7\u00c3O\u00a0de DOUTORADO<\/span><\/strong><\/a><\/li>\n<li><span style=\"color: #026199\"><a style=\"color: #026199\" href=\"https:\/\/uenf.br\/posgraduacao\/biociencias-biotecnologia\/entrega-de-exemplar-de-tese\/procedimentos-para-assinatura\/\"><b>Resolu\u00e7\u00e3o sobre ASSINATURA de ATA de APROVA\u00c7\u00c3O e FOLHA de APROVA\u00c7\u00c3O de DISSERTA\u00c7\u00c3O e TESE<\/b><\/a><\/span><\/li>\n<\/ul>\n<p><span style=\"color: #000000\">Os formul\u00e1rios devem ser encaminhados pelo docente orientador para Coordena\u00e7\u00e3o do PGBB via <strong>SEI-RJ<\/strong>.<\/span><\/p>\n<p><span style=\"color: #0567b3\"><strong>De acordo com as <a style=\"color: #0567b3\" href=\"https:\/\/uenf.br\/posgraduacao\/normas-gerais-da-pos-graduacao-stricto-sensu\/\" target=\"_blank\" rel=\"noopener\">Normas da P\u00f3s-Gradua\u00e7\u00e3o UENF<\/a> , Art. 48 &#8211; <em>O (a) discente de mestrado ou doutorado acad\u00eamico dever\u00e1 defender o Projeto de Disserta\u00e7\u00e3o ou de Tese at\u00e9 12 (doze) meses ap\u00f3s a matr\u00edcula no PPG, consistindo esse exame na an\u00e1lise do projeto por uma banca com o intuito de verificar sua relev\u00e2ncia, originalidade (se aplic\u00e1vel) e exequibilidade, bem como conhecimentos e atualiza\u00e7\u00e3o bibliogr\u00e1fica. <\/em><\/strong>(&#8230;)\u00a0<em><strong>O Projeto de Disserta\u00e7\u00e3o ou de Tese ser\u00e1 apresentado e discutido em Comiss\u00e3o Examinadora constitu\u00edda por: I &#8211; Mestrado: o orientador, como seu presidente, e no m\u00ednimo 02 (dois) examinadores portadores de t\u00edtulo de Doutor e 01 (um) suplente.<\/strong><\/em><\/span><\/p>\n","protected":false},"excerpt":{"rendered":"<p>Disponibilizamos as normas e formul\u00e1rios para a marca\u00e7\u00e3o de defesas de disserta\u00e7\u00f5es\/teses e exames de qualifica\u00e7\u00e3o: Defesa de PROJETO de&#8230;<\/p>\n","protected":false},"author":25,"featured_media":0,"parent":169,"menu_order":1,"comment_status":"closed","ping_status":"closed","template":"","meta":{"footnotes":""},"class_list":["post-3414","page","type-page","status-publish","hentry"],"_links":{"self":[{"href":"https:\/\/uenf.br\/posgraduacao\/biociencias-biotecnologia\/wp-json\/wp\/v2\/pages\/3414","targetHints":{"allow":["GET"]}}],"collection":[{"href":"https:\/\/uenf.br\/posgraduacao\/biociencias-biotecnologia\/wp-json\/wp\/v2\/pages"}],"about":[{"href":"https:\/\/uenf.br\/posgraduacao\/biociencias-biotecnologia\/wp-json\/wp\/v2\/types\/page"}],"author":[{"embeddable":true,"href":"https:\/\/uenf.br\/posgraduacao\/biociencias-biotecnologia\/wp-json\/wp\/v2\/users\/25"}],"replies":[{"embeddable":true,"href":"https:\/\/uenf.br\/posgraduacao\/biociencias-biotecnologia\/wp-json\/wp\/v2\/comments?post=3414"}],"version-history":[{"count":0,"href":"https:\/\/uenf.br\/posgraduacao\/biociencias-biotecnologia\/wp-json\/wp\/v2\/pages\/3414\/revisions"}],"up":[{"embeddable":true,"href":"https:\/\/uenf.br\/posgraduacao\/biociencias-biotecnologia\/wp-json\/wp\/v2\/pages\/169"}],"wp:attachment":[{"href":"https:\/\/uenf.br\/posgraduacao\/biociencias-biotecnologia\/wp-json\/wp\/v2\/media?parent=3414"}],"curies":[{"name":"wp","href":"https:\/\/api.w.org\/{rel}","templated":true}]}}