{"id":3439,"date":"2024-06-26T15:18:25","date_gmt":"2024-06-26T18:18:25","guid":{"rendered":"https:\/\/uenf.br\/posgraduacao\/biociencias-biotecnologia\/?page_id=3439"},"modified":"2026-03-24T08:57:14","modified_gmt":"2026-03-24T11:57:14","slug":"mestrado","status":"publish","type":"page","link":"https:\/\/uenf.br\/posgraduacao\/biociencias-biotecnologia\/discentes\/relacao-de-alunos-atuais\/mestrado\/","title":{"rendered":"Discentes de Mestrado PGBB e Orientadores"},"content":{"rendered":"<ul>\n<li>Arthur Queiroz de Oliveira &#8211; Alba Lucinia Peixoto Rangel<\/li>\n<li>Aurenita \u00c9mile S\u00e1 Miranda &#8211; Sheila Esp\u00edrito Santo Ara\u00fajo<\/li>\n<li>Carolina Amado Marquez &#8211; Anna Lvovna Okorokova Fa\u00e7anha<\/li>\n<li>Cleiton Quintanilha Bastos &#8211; Orientador:\u00a0Maura da Cunha \/ <strong>Coorientador:<\/strong>Rodrigo Barbosa Braga Feitoza<\/li>\n<li>Daniel Areias da Silva Raquita &#8211; Sheila Esp\u00edrito Santo Ara\u00fajo<\/li>\n<li>Daniele Gomes dos Santos Carvalho &#8211; \u00c1lvaro Fabr\u00edcio Lopes Rios<\/li>\n<li>Edison Palomino Guerrera &#8211; Diogo de Abreu Meireles<\/li>\n<li>Edna Barcelos Alves Orientador:\u00a0Clovis de Paula Santos \/<strong>Coorientador:<\/strong>\u00a0Renato Augusto DaMatta<\/li>\n<li>Emanuell Rodrigues de Souza &#8211; Enrique Medina- Acosta<\/li>\n<li>Emily Dias Pita &#8211; Glauber Monteiro Dias<\/li>\n<li>Evandro Santos de Oliveira &#8211; Ant\u00f4nio Jesus Dorighetto Cogo<\/li>\n<li>Francine Peixoto Ferreira &#8211; Glauber Monteiro Dias<\/li>\n<li>Gabriely Zaniratti Damica &#8211; Andr\u00e9 de Oliveira Carvalho<\/li>\n<li>Gigliola de Matos Macchi &#8211; Renato Augusto Damatta<\/li>\n<li>Giullia Madeira Rios &#8211; Renato Augusto Damatta<\/li>\n<li>Ismael Mot\u00e9 Soares Reis &#8211; Arnoldo Rocha Fa\u00e7anha<\/li>\n<li>Jadson de Souza Almeida &#8211; Sergio Henrique Seabra<\/li>\n<li>Jeniffer Cristina Serpa da Rosa Santos &#8211; Gabriel Bonan Taveira<\/li>\n<li>Karine Terra de Souza &#8211; Orientador:\u00a0Jorge Hernandez Fernandez \/ <strong>Coorientador:<\/strong>Ana Eliza Zeraik<\/li>\n<li>Karoline Rezende Benvindo Pessanha &#8211; Rebeka da Concei\u00e7\u00e3o Souza<\/li>\n<li>Lara Manh\u00e3es Rezende &#8211; Sergio Henrique Seabra<\/li>\n<li>Laura Irene Ferreira Alves &#8211; Valdirene Moreira Gomes<\/li>\n<li>Let\u00edcia Rangel Aguiar &#8211; Orientador:\u00a0Milton Masahiko Kanashiro \/ <strong>Coorientador:<\/strong>\u00c1lvaro Fabr\u00edcio Lopes Rios<\/li>\n<li>Lucas Elohim Cardoso Viana Baptista &#8211; Milton Masahiko Kanashiro<\/li>\n<li>Ludmarry Custodio Pessanha &#8211; Sheila Esp\u00edrito Santo Ara\u00fajo<\/li>\n<li>Luren Nieves Sevilla Casta\u00f1eda &#8211; Thatiana Lopes Bi\u00e1 Ventura Sim\u00e3o<\/li>\n<li>Maria Alice Souza do Carmo Manh\u00e3es &#8211; Sergio Henrique Seabra<\/li>\n<li>Maria Clara dos Santos Fernandes &#8211; Glauber Monteiro Dias<\/li>\n<li>Maria Clara Menezes dos Santos &#8211; Valdirene Moreira Gomes<\/li>\n<li>Maria de Lourdes Naffah Marinho &#8211; Sheila Esp\u00edrito Santo Ara\u00fajo<\/li>\n<li>Maria Vit\u00f3ria Lam\u00f3glia Bastos Ferreira &#8211; Clovis de Paula Santos<\/li>\n<li>Mayra dos Santos Gomes &#8211; Ant\u00f4nio Jesus Dorighetto Cogo<\/li>\n<li>Maysa de Almeida Ribeiro &#8211; Arnoldo Rocha Fa\u00e7anha<\/li>\n<li>Nadine Lobo Siqueira &#8211; Ana Eliza Zeraik<\/li>\n<li>Nubia Silva Freitas &#8211; Sheila Esp\u00edrito Santo Ara\u00fajo<\/li>\n<li>Paulo V\u00edtor Maravilha Braga &#8211; \u00c1lvaro Fabr\u00edcio Lopes Rios<\/li>\n<li>Rodrigo Aires de Morais &#8211; Glauber Monteiro Dias<\/li>\n<li>Silvia Aparecida Ribeiro dos Santos &#8211; Anna Lvovna Okorokova Fa\u00e7anha<\/li>\n<li>Thiago Cavalcante Cordeiro &#8211; Glauber Monteiro Dias<\/li>\n<li>Victor Pessanha de Freitas &#8211; Sheila Esp\u00edrito Santo Ara\u00fajo<\/li>\n<\/ul>\n<p><span style=\"color: #993300\"><strong>Atualizado em 24 de mar\u00e7o\/2026<\/strong><\/span><\/p>\n","protected":false},"excerpt":{"rendered":"<p>Arthur Queiroz de Oliveira &#8211; Alba Lucinia Peixoto Rangel Aurenita \u00c9mile S\u00e1 Miranda &#8211; Sheila Esp\u00edrito Santo Ara\u00fajo Carolina Amado&#8230;<\/p>\n","protected":false},"author":25,"featured_media":0,"parent":313,"menu_order":0,"comment_status":"closed","ping_status":"closed","template":"","meta":{"footnotes":""},"class_list":["post-3439","page","type-page","status-publish","hentry"],"_links":{"self":[{"href":"https:\/\/uenf.br\/posgraduacao\/biociencias-biotecnologia\/wp-json\/wp\/v2\/pages\/3439","targetHints":{"allow":["GET"]}}],"collection":[{"href":"https:\/\/uenf.br\/posgraduacao\/biociencias-biotecnologia\/wp-json\/wp\/v2\/pages"}],"about":[{"href":"https:\/\/uenf.br\/posgraduacao\/biociencias-biotecnologia\/wp-json\/wp\/v2\/types\/page"}],"author":[{"embeddable":true,"href":"https:\/\/uenf.br\/posgraduacao\/biociencias-biotecnologia\/wp-json\/wp\/v2\/users\/25"}],"replies":[{"embeddable":true,"href":"https:\/\/uenf.br\/posgraduacao\/biociencias-biotecnologia\/wp-json\/wp\/v2\/comments?post=3439"}],"version-history":[{"count":0,"href":"https:\/\/uenf.br\/posgraduacao\/biociencias-biotecnologia\/wp-json\/wp\/v2\/pages\/3439\/revisions"}],"up":[{"embeddable":true,"href":"https:\/\/uenf.br\/posgraduacao\/biociencias-biotecnologia\/wp-json\/wp\/v2\/pages\/313"}],"wp:attachment":[{"href":"https:\/\/uenf.br\/posgraduacao\/biociencias-biotecnologia\/wp-json\/wp\/v2\/media?parent=3439"}],"curies":[{"name":"wp","href":"https:\/\/api.w.org\/{rel}","templated":true}]}}