{"id":3441,"date":"2024-06-26T15:19:46","date_gmt":"2024-06-26T18:19:46","guid":{"rendered":"https:\/\/uenf.br\/posgraduacao\/biociencias-biotecnologia\/?page_id=3441"},"modified":"2026-03-24T09:13:49","modified_gmt":"2026-03-24T12:13:49","slug":"doutorado","status":"publish","type":"page","link":"https:\/\/uenf.br\/posgraduacao\/biociencias-biotecnologia\/discentes\/relacao-de-alunos-atuais\/doutorado\/","title":{"rendered":"Alunos Doutorado PGBB\u00a0e Orientadores"},"content":{"rendered":"<ul>\n<li>Ademila Soares Fernandes &#8211; Sergio Henrique Seabra<\/li>\n<li>Allan da Silva Concei\u00e7\u00e3o &#8211; Andr\u00e9 de Oliveira Carvalho<\/li>\n<li>Amanda Mello da Silva Oliveira &#8211; Sergio Henrique Seabra<\/li>\n<li>Amanda Toledo Machado &#8211; Ana Eliza Zeraik<\/li>\n<li>Ana Beatriz Miranda de S\u00e1 &#8211; Cintia Monteiro de Barros<\/li>\n<li>Ana Carolina de P\u00e1dua Alpino Pereira &#8211; Sheila Esp\u00edrito Santo Ara\u00fajo\/ <strong>Coorientador:<\/strong>Henrique Rocha Mendon\u00e7a<\/li>\n<li>Ana Clara Oliveira Lopes Soares &#8211; Erica de Oliveira Mello<\/li>\n<li>Ana Luiza da Concei\u00e7\u00e3o Silva -Maura da Cunha\/<strong> Coorientador:<\/strong>La\u00eds de Almeida Bezerra<\/li>\n<li>B\u00e1rbara Andrade Barcelos Rangel &#8211; Elena Lassounskaia<\/li>\n<li>Bianca de Matos Moreira &#8211; \u00c1lvaro Fabr\u00edcio Lopes Rios<\/li>\n<li>Diana Neres dos Santos &#8211; Maura da Cunha\/<strong>Coorientador:<\/strong>Glaziele Campbell da Silva<\/li>\n<li>Eliane Irani Barbosa Pegado &#8211; Jo\u00e3o Luiz Mendes Wanderley\/Coorientador:Sergio Henrique Seabra<\/li>\n<li>Enrico Cossi Arantes &#8211; Arnoldo Rocha Fa\u00e7anha<\/li>\n<li>Fab\u00edolla Patusco Dias &#8211; Marinete Pinheiro Carrera<\/li>\n<li>Fernanda Soares dos Santos &#8211; Anna Lvovna Okorokova Fa\u00e7anha<\/li>\n<li>Frederico Nolasco Cerqueira &#8211; Renato Augusto DaMatta<\/li>\n<li>Gabriela Martins Pereira &#8211; Valdirene Moreira Gomes \/ <strong>Coorientador:<\/strong>Gabriel Bonan Taveira<\/li>\n<li>Gustavo Duncan Franco &#8211; Maura da Cunha\/ <strong>Coorientador:<\/strong>Rodrigo Barbosa Braga Feitoza<\/li>\n<li>Higor Almeida Cordeiro Nogueira &#8211; Enrique Medina- Acosta<\/li>\n<li>Igor Nascimento de Carvalho &#8211; Erica de Oliveira Mello<\/li>\n<li>Jessica Macedo Rafael de Arruda &#8211; \u00c1lvaro Fabr\u00edcio Lopes Rios<\/li>\n<li>Jos\u00e9 Francisco Marques Cardoso &#8211; Arnoldo Rocha Fa\u00e7anha<\/li>\n<li>Kathelyn Ferreira Cordeiro &#8211; Alba Lucinia Peixoto Rangel\/<strong>Coorientador:<\/strong>\u00a0Edwards Frazao Teixeira<\/li>\n<li>K\u00edssila Soares Ad\u00e3o Pereira &#8211; Andr\u00e9 de Oliveira Carvalho<\/li>\n<li>Lais Nogueira Machado &#8211; Alba Lucinia Peixoto Rangel<\/li>\n<li>Lanna de Oliveira Corredouro Pereira &#8211; Elena Lassounskaia<\/li>\n<li>Laryssa da Silva Luz Firmino &#8211; Jo\u00e3o Luiz Mendes Wanderley<\/li>\n<li>Leticia dos Santos Nascimento &#8211; \u00c1lvaro Fabr\u00edcio Lopes Rios<\/li>\n<li>L\u00edcia da Silva Paula &#8211; Renato Augusto Damatta<\/li>\n<li>L\u00edvia Maria Pimentel Marques Duarte &#8211; Arnoldo Rocha Fa\u00e7anha<\/li>\n<li>Lorena Mendes dos Santos &#8211; Andr\u00e9 de Oliveira Carvalho<\/li>\n<li>Lorran Yves Machado de Sousa &#8211; Ana Eliza Zeraik<\/li>\n<li>Luiz Gustavo Soares de Carvalho Crespo &#8211; Marinete Pinheiro Carrera<\/li>\n<li>Maiclley Ferreira Pereira &#8211; Sergio Henrique Seabra\/<strong>Coorientador:<\/strong>Renato Augusto DaMatta<\/li>\n<li>M\u00e1rcio Valeriano da Silva Junior &#8211; \u00c1lvaro Fabr\u00edcio Lopes Rios<\/li>\n<li>Marcos Joel Hern\u00e1ndez Pe\u00f1a &#8211; Lu\u00eds Guilherme Mansor Basso<\/li>\n<li>Marcos Roberto Dias Campos &#8211; Renato Augusto DaMatta<\/li>\n<li>Maria Nubia de Alencar Couto &#8211; Milton Masahiko Kanashiro<\/li>\n<li>Marilucia de Carvalho Ribeiro &#8211; Andr\u00e9 de Oliveira Carvalho<\/li>\n<li>Mariana Barreto Martins &#8211; Glauber Monteiro Dias<\/li>\n<li>Mayara Cristina de Freitas Correia &#8211; Anna Lvovna Okorokova Fa\u00e7anha<\/li>\n<li>Miguel Eduardo Salazar Aurich &#8211; Lu\u00eds Guilherme Mansor Basso<\/li>\n<li>Paola Negri Fernandes &#8211; Glauber Monteiro Dias<\/li>\n<li>Pedro Igor Ara\u00fajo Zocateli &#8211; Sergio Henrique Seabra<\/li>\n<li>Saulo Augusto Alves da Cruz &#8211; Sheila Esp\u00edrito Santo Ara\u00fajo\/<strong>Coorientador:<\/strong>\u00a0Renato Augusto Damatta<\/li>\n<li>Saulo Machado Moreira Sousa &#8211; Arnoldo Rocha Fa\u00e7anha<\/li>\n<li>T\u00e2mara Carolina Gomes Ribeiro &#8211; Renato Augusto DaMatta<\/li>\n<li>Taymara Sabino Tavares Gon\u00e7alves &#8211; Renato Augusto DaMatta \/ <strong>Coorientador:<\/strong>Sergio Henrique Seabra<\/li>\n<li>Thais Rangel Figueiredo &#8211; Ana Eliza Zeraik<\/li>\n<li>Vanessa Cola Thomazini &#8211; Clovis de Paula Santos<\/li>\n<li>Victor dos Santos Lopes &#8211; Enrique Medina- Acosta<\/li>\n<li>Victoria Benazio da Silva &#8211; Marinete Pinheiro Carrera<\/li>\n<li>V\u00edtor Del Caro Cristo &#8211; Katia Valevski Sales Fernandes\/ <strong>Coorientador:<\/strong>\u00a0Maria Aparecida Aride Bertonceli<\/li>\n<li>Yago Moreira Rodrigues &#8211; Sergio Henrique Seabra<\/li>\n<li>Yasmin Viana Martins &#8211; Thatiana Lopes Bi\u00e1 Ventura Sim\u00e3o\/ <strong>Coorientador:<\/strong>Michelle Fraz\u00e3o Muzitano<\/li>\n<li>Yhony Sumari Misaico &#8211; Ana Eliza Zeraik<\/li>\n<\/ul>\n<p><span style=\"color: #993300\"><strong>Atualizado 24 de mar\u00e7o de 2026<\/strong><\/span><\/p>\n","protected":false},"excerpt":{"rendered":"<p>Ademila Soares Fernandes &#8211; Sergio Henrique Seabra Allan da Silva Concei\u00e7\u00e3o &#8211; Andr\u00e9 de Oliveira Carvalho Amanda Mello da Silva&#8230;<\/p>\n","protected":false},"author":25,"featured_media":0,"parent":313,"menu_order":1,"comment_status":"closed","ping_status":"closed","template":"","meta":{"footnotes":""},"class_list":["post-3441","page","type-page","status-publish","hentry"],"_links":{"self":[{"href":"https:\/\/uenf.br\/posgraduacao\/biociencias-biotecnologia\/wp-json\/wp\/v2\/pages\/3441","targetHints":{"allow":["GET"]}}],"collection":[{"href":"https:\/\/uenf.br\/posgraduacao\/biociencias-biotecnologia\/wp-json\/wp\/v2\/pages"}],"about":[{"href":"https:\/\/uenf.br\/posgraduacao\/biociencias-biotecnologia\/wp-json\/wp\/v2\/types\/page"}],"author":[{"embeddable":true,"href":"https:\/\/uenf.br\/posgraduacao\/biociencias-biotecnologia\/wp-json\/wp\/v2\/users\/25"}],"replies":[{"embeddable":true,"href":"https:\/\/uenf.br\/posgraduacao\/biociencias-biotecnologia\/wp-json\/wp\/v2\/comments?post=3441"}],"version-history":[{"count":0,"href":"https:\/\/uenf.br\/posgraduacao\/biociencias-biotecnologia\/wp-json\/wp\/v2\/pages\/3441\/revisions"}],"up":[{"embeddable":true,"href":"https:\/\/uenf.br\/posgraduacao\/biociencias-biotecnologia\/wp-json\/wp\/v2\/pages\/313"}],"wp:attachment":[{"href":"https:\/\/uenf.br\/posgraduacao\/biociencias-biotecnologia\/wp-json\/wp\/v2\/media?parent=3441"}],"curies":[{"name":"wp","href":"https:\/\/api.w.org\/{rel}","templated":true}]}}