{"id":3579,"date":"2024-07-31T10:49:25","date_gmt":"2024-07-31T13:49:25","guid":{"rendered":"https:\/\/uenf.br\/posgraduacao\/biociencias-biotecnologia\/?page_id=3579"},"modified":"2024-09-10T16:16:02","modified_gmt":"2024-09-10T19:16:02","slug":"move-la-america","status":"publish","type":"page","link":"https:\/\/uenf.br\/posgraduacao\/biociencias-biotecnologia\/processo-seletivo\/move-la-america\/","title":{"rendered":"MOVE LA AMERICA"},"content":{"rendered":"<p><span style=\"color: #ff0000\"><strong> Inscripci\u00f3n extendida hasta el 15 de agosto!<\/strong><\/span><\/p>\n<p>O\u00a0<span style=\"color: #08298c\"><strong><a style=\"color: #08298c\" href=\"https:\/\/www.gov.br\/capes\/pt-br\/acesso-a-informacao\/acoes-e-programas\/bolsas\/bolsas-e-auxilios-internacionais\/encontre-aqui\/paises\/multinacional\/programa-move-la-america\">Programa\u00a0<i>Move\u00a0La\u00a0Am\u00e9rica<\/i><\/a><\/strong><\/span>\u00a0\u00e9 uma a\u00e7\u00e3o da CAPES para internacionalizar a p\u00f3s-gradua\u00e7\u00e3o brasileira a partir da atra\u00e7\u00e3o de pesquisadores dos outros pa\u00edses da\u00a0Am\u00e9rica\u00a0Latina e do Caribe. S\u00e3o concedidas bolsas de mestrado-sandu\u00edche e doutorado-sandu\u00edche para que profissionais das na\u00e7\u00f5es participantes complementem seus estudos no Brasil.<\/p>\n<p style=\"font-weight: 400\"><span style=\"color: #ff0000\"><strong>O Programa PGBB oferece 5 vagas para Doutorado-sandu\u00edche no Programa <em>Move La Am\u00e9rica<\/em>. <\/strong><\/span><\/p>\n<p style=\"font-weight: 400\"><span style=\"color: #08298c\"><strong>As inscri\u00e7\u00f5es v\u00e3o at\u00e9 15 de agosto, 17h.<\/strong><\/span><\/p>\n<p style=\"font-weight: 400\">A apresenta\u00e7\u00e3o da candidatura deve ser realizada pelos estudantes estrangeiros por meio do Sistema de Inscri\u00e7\u00f5es da CAPES (<a href=\"https:\/\/www.bing.com\/ck\/a?!&amp;&amp;p=47a4168f546a0a96JmltdHM9MTcxMDk3OTIwMCZpZ3VpZD0yOTdlMmJiMS05MmYwLTYyZjgtMmFjZC0zZjljOTNhMTYzNTEmaW5zaWQ9NTIwMQ&amp;ptn=3&amp;ver=2&amp;hsh=3&amp;fclid=297e2bb1-92f0-62f8-2acd-3f9c93a16351&amp;psq=sicapes&amp;u=a1aHR0cHM6Ly9pbnNjcmljYW8uY2FwZXMuZ292LmJyLw&amp;ntb=1\" target=\"_blank\" rel=\"noreferrer noopener\">Sicapes<\/a>).<\/p>\n<p>Acesse o <a href=\"https:\/\/uenf.br\/posgraduacao\/biociencias-biotecnologia\/wp-content\/uploads\/sites\/12\/2024\/07\/Anexo_79773660_ManualinscrioMoveLaAmericaPDF.pdf\">Manual de Inscri\u00e7\u00f5es<\/a> e <a href=\"https:\/\/uenf.br\/posgraduacao\/biociencias-biotecnologia\/wp-content\/uploads\/sites\/12\/2024\/07\/Anexo_79773658_SEI_2421859_Edital_7_2024__1_.pdf\">Edital<\/a>.<\/p>\n<p><img loading=\"lazy\" decoding=\"async\" src=\"https:\/\/uenf.br\/posgraduacao\/biociencias-biotecnologia\/wp-content\/uploads\/sites\/12\/2024\/08\/Move-La-America-PGBB.jpg\" alt=\"\" width=\"720\" height=\"720\" \/><\/p>\n","protected":false},"excerpt":{"rendered":"<p>Inscripci\u00f3n extendida hasta el 15 de agosto! O\u00a0Programa\u00a0Move\u00a0La\u00a0Am\u00e9rica\u00a0\u00e9 uma a\u00e7\u00e3o da CAPES para internacionalizar a p\u00f3s-gradua\u00e7\u00e3o brasileira a partir da&#8230;<\/p>\n","protected":false},"author":25,"featured_media":0,"parent":86,"menu_order":0,"comment_status":"closed","ping_status":"closed","template":"","meta":{"footnotes":""},"class_list":["post-3579","page","type-page","status-publish","hentry"],"_links":{"self":[{"href":"https:\/\/uenf.br\/posgraduacao\/biociencias-biotecnologia\/wp-json\/wp\/v2\/pages\/3579","targetHints":{"allow":["GET"]}}],"collection":[{"href":"https:\/\/uenf.br\/posgraduacao\/biociencias-biotecnologia\/wp-json\/wp\/v2\/pages"}],"about":[{"href":"https:\/\/uenf.br\/posgraduacao\/biociencias-biotecnologia\/wp-json\/wp\/v2\/types\/page"}],"author":[{"embeddable":true,"href":"https:\/\/uenf.br\/posgraduacao\/biociencias-biotecnologia\/wp-json\/wp\/v2\/users\/25"}],"replies":[{"embeddable":true,"href":"https:\/\/uenf.br\/posgraduacao\/biociencias-biotecnologia\/wp-json\/wp\/v2\/comments?post=3579"}],"version-history":[{"count":0,"href":"https:\/\/uenf.br\/posgraduacao\/biociencias-biotecnologia\/wp-json\/wp\/v2\/pages\/3579\/revisions"}],"up":[{"embeddable":true,"href":"https:\/\/uenf.br\/posgraduacao\/biociencias-biotecnologia\/wp-json\/wp\/v2\/pages\/86"}],"wp:attachment":[{"href":"https:\/\/uenf.br\/posgraduacao\/biociencias-biotecnologia\/wp-json\/wp\/v2\/media?parent=3579"}],"curies":[{"name":"wp","href":"https:\/\/api.w.org\/{rel}","templated":true}]}}