{"id":3641,"date":"2024-09-12T15:09:11","date_gmt":"2024-09-12T18:09:11","guid":{"rendered":"https:\/\/uenf.br\/posgraduacao\/biociencias-biotecnologia\/?page_id=3641"},"modified":"2026-05-11T16:50:48","modified_gmt":"2026-05-11T19:50:48","slug":"ano-2024","status":"publish","type":"page","link":"https:\/\/uenf.br\/posgraduacao\/biociencias-biotecnologia\/teses-defendidas\/ano-2024\/","title":{"rendered":"Ano 2024"},"content":{"rendered":"<p><strong>Disserta\u00e7\u00f5es de Mestrado 2024<\/strong><\/p>\n<ul>\n<li>Clique no autor para acessar a tese completa:<\/li>\n<\/ul>\n<p><strong>1-<\/strong><strong>\u00a0LORRAN YVES MACHADO DE SOUSA\u00a0 \u00a0 \u00a0 \u00a0 \u00a0 \u00a0 \u00a0 \u00a0 \u00a0 \u00a0 \u00a0 \u00a0 \u00a0 \u00a0 \u00a0 \u00a0 \u00a0 \u00a0 \u00a0 \u00a0 \u00a0 \u00a0 \u00a0 \u00a0 \u00a0 \u00a0 \u00a0 \u00a0 \u00a0 \u00a0 \u00a0 \u00a0 \u00a0 \u00a0 \u00a0 \u00a0<\/strong><\/p>\n<p><strong>Data:<\/strong> <strong>15\/02\/2024\u00a0\u00a0\u00a0 <\/strong><\/p>\n<p><strong>T\u00edtulo:<\/strong>\u201cISOLAMENTO, CARACTERIZA\u00c7\u00c3O DA ATIVIDADE ANTIMICROBIANA E AN\u00c1LISE PROTE\u00d4MICA DE PEPT\u00cdDEOS DE FRUTOS IMATUROS DE <em>Capsicum annuum<\/em>.\u201d<\/p>\n<p><strong>Orientador:<\/strong>Dr\u00aa Valdirene Moreira Gomes \u2013 UENF<\/p>\n<p><strong>Banca:<\/strong><\/p>\n<p>Dr. Em\u00edlio de Castro Miguel \u2013 UFC<\/p>\n<p>Dr\u00aa Maura da Cunha \u2013 UENF<\/p>\n<p>Dr. Olney Vieira da Motta \u2013 UENF<\/p>\n<p>______________________________________________________________________<\/p>\n<p><strong>2- ANA CLARA OLIVEIRA LOPES SOARES\u00a0\u00a0\u00a0\u00a0\u00a0\u00a0\u00a0\u00a0\u00a0\u00a0\u00a0\u00a0 \u00a0\u00a0\u00a0\u00a0\u00a0 \u00a0 \u00a0 \u00a0 \u00a0 \u00a0 \u00a0 \u00a0 \u00a0 \u00a0\u00a0\u00a0 \u00a0 \u00a0 \u00a0 \u00a0 \u00a0 \u00a0 \u00a0 \u00a0 \u00a0 \u00a0 \u00a0 \u00a0 \u00a0 \u00a0 \u00a0 \u00a0 \u00a0 \u00a0 \u00a0\u00a0 \u00a0 \u00a0 \u00a0 \u00a0 \u00a0\u00a0<\/strong><\/p>\n<p><strong>Data:<\/strong> <strong>16\/02\/2024\u00a0\u00a0\u00a0 <\/strong><\/p>\n<p><strong>T\u00edtulo:<\/strong>\u201cAtividade antibiofilme, mecanismo de a\u00e7\u00e3o e potencial terap\u00eautico de<\/p>\n<p>pept\u00eddeos bioinspirados na defensina P<sub>v<\/sub>D<sub>1<\/sub> de <em>Phaseolus vulgaris<\/em>.\u201d<\/p>\n<p><strong>Orientador:<\/strong>Dr\u00aa \u00c9rica de Oliveira Mello \u00a0\u2013 UENF<\/p>\n<p><strong>Banca:<\/strong><\/p>\n<p>Dr\u00aa Patr\u00edcia Dias Games \u2013 UFV<\/p>\n<p>Dr. Ant\u00f4nio Jesus Dorighetto Cogo \u2013 UENF<\/p>\n<p>Dr. Kayan Eudorico Ventury Baptista \u2013 UENF<\/p>\n<p>________________________________________________________________________________<\/p>\n<p><strong>3- ELIANE IRANI BARBOSA PEGADO\u00a0\u00a0\u00a0\u00a0\u00a0\u00a0\u00a0\u00a0\u00a0\u00a0\u00a0\u00a0\u00a0\u00a0\u00a0\u00a0\u00a0 \u00a0\u00a0\u00a0\u00a0\u00a0\u00a0\u00a0\u00a0\u00a0 \u00a0 \u00a0 \u00a0 \u00a0 \u00a0 \u00a0\u00a0 \u00a0 \u00a0 \u00a0 \u00a0 \u00a0 \u00a0 \u00a0 \u00a0 \u00a0\u00a0\u00a0 \u00a0 \u00a0 \u00a0 \u00a0 \u00a0 \u00a0 \u00a0 \u00a0 \u00a0 \u00a0 \u00a0 \u00a0 \u00a0 \u00a0 \u00a0 \u00a0 \u00a0 \u00a0 \u00a0\u00a0\u00a0 \u00a0 \u00a0 \u00a0 \u00a0 \u00a0<\/strong><\/p>\n<p><strong>Data:<\/strong> <strong>22\/02\/2024\u00a0\u00a0\u00a0 \u00a0 \u00a0\u00a0<\/strong><\/p>\n<p><strong>T\u00edtulo: <\/strong>&#8220;Regula\u00e7\u00e3o da atividade inflamat\u00f3ria de macr\u00f3fagos por fosfatidilserina exposta em amastigotas de <em>Leishmania amazonensis<\/em>: produ\u00e7\u00e3o de \u00f3xido n\u00edtrico e radicais de oxig\u00eanio<\/p>\n<p><strong>Orientador:<\/strong>Dr\u00aa \u00c9rica de Oliveira Mello \u00a0\u2013 UENF<\/p>\n<p><strong>Banca:<\/strong><\/p>\n<p>Dr\u00aa Alba Luc\u00ednia Peixoto Rangel \u2013 UENF<\/p>\n<p>Dr. Sergio Henrique Seabra\u2013 UENF<\/p>\n<p>Dr\u00aa Suzana Passos Chaves \u2013 UFRJ<\/p>\n<p>_________________________________________________________________________________<\/p>\n<p><strong>4- ANA BEATRIZ MIRANDA DE S\u00c1\u00a0\u00a0\u00a0\u00a0\u00a0\u00a0\u00a0\u00a0\u00a0 \u00a0\u00a0\u00a0\u00a0\u00a0\u00a0\u00a0\u00a0\u00a0\u00a0\u00a0\u00a0\u00a0\u00a0\u00a0\u00a0\u00a0\u00a0\u00a0\u00a0\u00a0\u00a0 \u00a0 \u00a0 \u00a0 \u00a0 \u00a0 \u00a0 \u00a0 \u00a0 \u00a0 \u00a0\u00a0 \u00a0 \u00a0 \u00a0 \u00a0 \u00a0 \u00a0\u00a0 \u00a0 \u00a0 \u00a0 \u00a0 \u00a0 \u00a0 \u00a0 \u00a0 \u00a0\u00a0\u00a0 \u00a0 \u00a0 \u00a0 \u00a0 \u00a0 \u00a0 \u00a0 \u00a0 \u00a0 \u00a0 \u00a0 \u00a0 \u00a0 \u00a0 \u00a0 \u00a0 \u00a0 \u00a0 \u00a0\u00a0\u00a0 \u00a0 \u00a0 \u00a0 \u00a0 \u00a0<\/strong><\/p>\n<p><strong>Data:<\/strong> <strong>22\/02\/2024\u00a0\u00a0\u00a0 \u00a0 \u00a0\u00a0<\/strong><\/p>\n<p><strong>T\u00edtulo:<\/strong>\u201cEfeitos do pranlucaste nas altera\u00e7\u00f5es fisiopatol\u00f3gicas de modelo animal de Esclerose M\u00faltipla.\u201d<\/p>\n<p><strong>Orientador:<\/strong>Dr\u00aa Sheila Esp\u00edrito Santo Ara\u00fajo \u00a0\u00a0\u2013 UENF<\/p>\n<p><strong>Banca:<\/strong><\/p>\n<p>Dr\u00aa Marinete Pinheiro Carrera \u2013 UENF<\/p>\n<p>Dr. Ant\u00f4nio Jesus Dorighetto Cogo \u2013 UENF<\/p>\n<p>Dr\u00aa Juliana Ferreira Vasques \u2013 UFRJ<\/p>\n<p>______________________________________________________________________________<\/p>\n<p><strong>5- LARYSSA DA SILVA LUZ FIRMINO\u00a0\u00a0\u00a0\u00a0\u00a0\u00a0\u00a0\u00a0\u00a0\u00a0\u00a0\u00a0\u00a0\u00a0\u00a0\u00a0\u00a0\u00a0\u00a0\u00a0\u00a0\u00a0\u00a0\u00a0\u00a0\u00a0 \u00a0 \u00a0 \u00a0 \u00a0 \u00a0 \u00a0 \u00a0 \u00a0 \u00a0 \u00a0 \u00a0 \u00a0 \u00a0 \u00a0 \u00a0 \u00a0 \u00a0 \u00a0 \u00a0 \u00a0 \u00a0 \u00a0 \u00a0 \u00a0 \u00a0 \u00a0 \u00a0 \u00a0 \u00a0 \u00a0 \u00a0 \u00a0 \u00a0 \u00a0 \u00a0 \u00a0 \u00a0 \u00a0 \u00a0 \u00a0 \u00a0 \u00a0 \u00a0 \u00a0 \u00a0 \u00a0 \u00a0 \u00a0 \u00a0 \u00a0 \u00a0 \u00a0 \u00a0 \u00a0 \u00a0 \u00a0 \u00a0 \u00a0 \u00a0 \u00a0 \u00a0 \u00a0 \u00a0 \u00a0 \u00a0 \u00a0 \u00a0 \u00a0<\/strong><\/p>\n<p><strong>Data:<\/strong> <strong>22\/02\/2024\u00a0\u00a0\u00a0 \u00a0 \u00a0\u00a0<\/strong><\/p>\n<p><strong>T\u00edtulo:<\/strong>&#8220;Regula\u00e7\u00e3o de corp\u00fasculos lip\u00eddicos e mediadores lip\u00eddicos inflamat\u00f3rios por compostos bioativos flavonoides.&#8221;<\/p>\n<p><strong>Orientador:<\/strong>Dr. Jo\u00e3o Luiz Mendes Wanderley \u2013 UFRJ\/UENF<\/p>\n<p><strong>Banca:<\/strong><\/p>\n<p>Dr. Cl\u00f3vis de Paula Santos \u2013 UENF<\/p>\n<p>Dr. Sergio Henrique Seabra\u2013 UENF<\/p>\n<p>Dr. Celso Lu\u00eds Ribeiro Belmiro \u2013 UFRJ<\/p>\n<p>________________________________________________________________________________<\/p>\n<p><strong>6- MAICLLEY FERREIRA PEREIRA\u00a0\u00a0\u00a0\u00a0\u00a0\u00a0\u00a0\u00a0\u00a0\u00a0\u00a0\u00a0\u00a0\u00a0\u00a0\u00a0\u00a0\u00a0\u00a0\u00a0\u00a0\u00a0\u00a0\u00a0\u00a0\u00a0\u00a0\u00a0\u00a0\u00a0 \u00a0 \u00a0 \u00a0 \u00a0 \u00a0 \u00a0 \u00a0 \u00a0 \u00a0 \u00a0 \u00a0 \u00a0 \u00a0 \u00a0 \u00a0 \u00a0 \u00a0 \u00a0 \u00a0 \u00a0 \u00a0 \u00a0 \u00a0 \u00a0 \u00a0 \u00a0 \u00a0 \u00a0 \u00a0 \u00a0 \u00a0 \u00a0 \u00a0 \u00a0 \u00a0 \u00a0 \u00a0 \u00a0 \u00a0 \u00a0 \u00a0 \u00a0 \u00a0 \u00a0 \u00a0 \u00a0 \u00a0 \u00a0 \u00a0 \u00a0 \u00a0 \u00a0 \u00a0 \u00a0 \u00a0 \u00a0 \u00a0 \u00a0 \u00a0 \u00a0 \u00a0 \u00a0 \u00a0 \u00a0 \u00a0 \u00a0 \u00a0 \u00a0 \u00a0 \u00a0 \u00a0 \u00a0 \u00a0 \u00a0 \u00a0 \u00a0 \u00a0 \u00a0 \u00a0 \u00a0<\/strong><\/p>\n<p><strong>Data:<\/strong> <strong>23\/02\/2024\u00a0\u00a0\u00a0 \u00a0 \u00a0\u00a0<\/strong><\/p>\n<p><strong>T\u00edtulo:<\/strong>&#8220;Efeito do Metalocomplexo ZnBS contra promastigota de <em>Leishmania amazonensis in vitro<\/em>.&#8221;<\/p>\n<p><strong>Orientador: <\/strong>Dr. Sergio Henrique Seabra \u2013 UENF<\/p>\n<p><strong>Banca:<\/strong><\/p>\n<p>Dr\u00aa Alba Luc\u00ednia Peixoto Rangel \u2013 UENF<\/p>\n<p>Dr. Andr\u00e9 Lacerda de Abreu Oliveira \u2013 UENF<\/p>\n<p>Dr. Jo\u00e3o Luiz Mendes Wanderley \u2013 UFRJ\/UENF<\/p>\n<p>______________________________________________________________________________<\/p>\n<p><strong>7- MAYARA CRISTINA DE FREITAS CORREIA\u00a0\u00a0\u00a0\u00a0\u00a0\u00a0\u00a0\u00a0\u00a0\u00a0\u00a0 \u00a0 \u00a0 \u00a0 \u00a0 \u00a0 \u00a0 \u00a0 \u00a0 \u00a0 \u00a0 \u00a0 \u00a0 \u00a0 \u00a0 \u00a0 \u00a0 \u00a0 \u00a0 \u00a0 \u00a0 \u00a0 \u00a0 \u00a0 \u00a0 \u00a0 \u00a0 \u00a0 \u00a0 \u00a0 \u00a0 \u00a0 \u00a0 \u00a0 \u00a0 \u00a0 \u00a0 \u00a0 \u00a0 \u00a0 \u00a0 \u00a0 \u00a0 \u00a0 \u00a0 \u00a0 \u00a0 \u00a0 \u00a0 \u00a0 \u00a0 \u00a0 \u00a0 \u00a0 \u00a0 \u00a0 \u00a0 \u00a0 \u00a0 \u00a0 \u00a0 \u00a0 \u00a0 \u00a0 \u00a0 \u00a0 \u00a0 \u00a0 \u00a0 \u00a0 \u00a0 \u00a0 \u00a0 \u00a0 \u00a0 \u00a0 \u00a0 \u00a0 \u00a0 \u00a0 \u00a0 \u00a0 \u00a0 \u00a0 \u00a0 \u00a0 \u00a0 \u00a0 \u00a0 \u00a0 \u00a0 \u00a0 \u00a0 \u00a0 \u00a0 \u00a0<\/strong><\/p>\n<p><strong>Data:<\/strong> <strong>23\/02\/2024\u00a0\u00a0\u00a0 \u00a0 \u00a0\u00a0\u00a0 \u00a0\u00a0<\/strong><\/p>\n<p><strong>T\u00edtulo:<\/strong>&#8220;Mecanismos de a\u00e7\u00e3o de imunossupressores usando levedura como modelo: integra\u00e7\u00e3o das vias de sinaliza\u00e7\u00e3o e transporte de c\u00e1lcio e pr\u00f3tons.&#8221;<\/p>\n<p><strong>Orientador:<\/strong>Dr\u00aa Anna Lvovna Okorokova Fa\u00e7anha \u2013 UENF<\/p>\n<p><strong>Banca:<\/strong><\/p>\n<p>Dr\u00aa \u00c9rica de Oliveira Mello \u2013 UENF<\/p>\n<p>Dr\u00aa Thatiana Lopes Bi\u00e1 Ventura Sim\u00e3o \u2013 UENF<\/p>\n<p>Dr. Rodrigo da Silva Gebara \u2013 Pref. de Carapebus<\/p>\n<p>____________________________________________________________________________________<\/p>\n<p><strong>\u00a0 8- HIGOR ALMEIDA CORDEIRO NOGUEIRA\u00a0\u00a0\u00a0\u00a0\u00a0\u00a0\u00a0\u00a0\u00a0\u00a0\u00a0\u00a0\u00a0\u00a0\u00a0 \u00a0 \u00a0 \u00a0 \u00a0 \u00a0 \u00a0 \u00a0 \u00a0 \u00a0 \u00a0 \u00a0 \u00a0 \u00a0 \u00a0 \u00a0 \u00a0 \u00a0 \u00a0 \u00a0 \u00a0 \u00a0 \u00a0 \u00a0 \u00a0 \u00a0 \u00a0 \u00a0 \u00a0 \u00a0 \u00a0 \u00a0 \u00a0 \u00a0 \u00a0 \u00a0 \u00a0 \u00a0 \u00a0 \u00a0 \u00a0 \u00a0 \u00a0 \u00a0 \u00a0 \u00a0 \u00a0 \u00a0 \u00a0 \u00a0 \u00a0 \u00a0 \u00a0 \u00a0 \u00a0 \u00a0 \u00a0 \u00a0 \u00a0 \u00a0 \u00a0 \u00a0 \u00a0 \u00a0 \u00a0 \u00a0 \u00a0 \u00a0 \u00a0 \u00a0 \u00a0 \u00a0 \u00a0 \u00a0 \u00a0 \u00a0 \u00a0 \u00a0 \u00a0 \u00a0 \u00a0 \u00a0 \u00a0 \u00a0 \u00a0 \u00a0 \u00a0 \u00a0 \u00a0 \u00a0 \u00a0 \u00a0 \u00a0 \u00a0 \u00a0 \u00a0 \u00a0 \u00a0 \u00a0 \u00a0 \u00a0\u00a0<\/strong><\/p>\n<p><strong>Data:<\/strong> <strong>26\/02\/2024\u00a0\u00a0\u00a0 \u00a0 \u00a0\u00a0\u00a0 \u00a0\u00a0<\/strong><\/p>\n<p><strong>T\u00edtulo:<\/strong>&#8220;IMPACTOS DA RA\u00c7\u00c3O AUTOCLAVADA NO CRESCIMENTO, ATIVIDADE DE MACR\u00d3FAGOS E MORFOLOGIA INTESTINAL EM CAMUNDONGOS SWISS E BALB\/c NUDE.&#8221;<\/p>\n<p><strong>Orientador: <\/strong>Dr. Cl\u00f3vis de Paula Santos \u2013 UENF<\/p>\n<p><strong>Banca:<\/strong><\/p>\n<p>Dr. Adolpho Marlon Antoniol de Moura \u2013 UENF\/FIOCRUZ<\/p>\n<p>Dr. Eul\u00f3gio Carlos Queiroz Carvalho \u2013 UENF<\/p>\n<p>Dr. Renato Augusto DaMatta \u2013 UENF<\/p>\n<p>Dr\u00aa Tha\u00eds Louvain de Souza &#8211; FMC<\/p>\n<p>___________________________________________________________________________________<\/p>\n<p><strong>\u00a09- LORENA MENDES DOS SANTOS\u00a0\u00a0\u00a0\u00a0 \u00a0\u00a0\u00a0\u00a0\u00a0\u00a0\u00a0\u00a0\u00a0\u00a0\u00a0\u00a0\u00a0\u00a0\u00a0\u00a0\u00a0\u00a0\u00a0\u00a0\u00a0\u00a0\u00a0\u00a0\u00a0\u00a0\u00a0 \u00a0 \u00a0 \u00a0 \u00a0 \u00a0 \u00a0 \u00a0 \u00a0 \u00a0 \u00a0 \u00a0 \u00a0 \u00a0 \u00a0 \u00a0 \u00a0 \u00a0 \u00a0 \u00a0 \u00a0 \u00a0 \u00a0 \u00a0 \u00a0 \u00a0 \u00a0 \u00a0 \u00a0 \u00a0 \u00a0 \u00a0 \u00a0 \u00a0 \u00a0 \u00a0 \u00a0 \u00a0 \u00a0 \u00a0 \u00a0 \u00a0 \u00a0 \u00a0 \u00a0 \u00a0 \u00a0 \u00a0 \u00a0 \u00a0 \u00a0 \u00a0 \u00a0 \u00a0 \u00a0 \u00a0 \u00a0 \u00a0 \u00a0 \u00a0 \u00a0 \u00a0 \u00a0 \u00a0 \u00a0 \u00a0 \u00a0 \u00a0 \u00a0 \u00a0 \u00a0 \u00a0 \u00a0 \u00a0 \u00a0 \u00a0 \u00a0 \u00a0 \u00a0 \u00a0 \u00a0 \u00a0 \u00a0 \u00a0 \u00a0 \u00a0 \u00a0 \u00a0 \u00a0 \u00a0 \u00a0 \u00a0 \u00a0 \u00a0 \u00a0 \u00a0 \u00a0 \u00a0 \u00a0 \u00a0 \u00a0 \u00a0 \u00a0 \u00a0 \u00a0 \u00a0 \u00a0 \u00a0 \u00a0<\/strong><\/p>\n<p><strong>Data:<\/strong> <strong>26\/02\/2024\u00a0\u00a0\u00a0 \u00a0 \u00a0\u00a0\u00a0 \u00a0\u00a0<\/strong><\/p>\n<p><strong>T\u00edtulo:<\/strong>&#8220;Padroniza\u00e7\u00e3o de par\u00e2metros para estudo da efic\u00e1cia <em>in vivo<\/em> do pept\u00eddeo antimicrobiano D-A36,42,44R37,38\u03b332-46VuDef bioinspirado no \u03b3-<em>core<\/em> das defensinas de plantas em modelo de infec\u00e7\u00e3o <em>Galleria mellonella-Candida<\/em> spp.&#8221;<\/p>\n<p><strong>Orientador:<\/strong>Dr. Andr\u00e9 de Oliveira Carvalho \u2013 UENF<\/p>\n<p><strong>Banca:<\/strong><\/p>\n<p>Dr. Jorge Hudson Petretski \u2013 UENF<\/p>\n<p>Dr. Francisco Jos\u00e9 Alves Lemos \u2013 UENF<\/p>\n<p>Dr\u00aa Desiely Silva Gusm\u00e3o \u2013 IFF<\/p>\n<p>__________________________________________________________________________________<\/p>\n<p><strong>\u00a010- L\u00cdCIA DA SILVA PAULA\u00a0\u00a0\u00a0\u00a0\u00a0\u00a0\u00a0\u00a0\u00a0\u00a0\u00a0\u00a0\u00a0\u00a0\u00a0\u00a0\u00a0\u00a0\u00a0\u00a0\u00a0\u00a0\u00a0\u00a0\u00a0\u00a0 \u00a0\u00a0\u00a0\u00a0\u00a0\u00a0\u00a0\u00a0\u00a0\u00a0\u00a0\u00a0\u00a0\u00a0\u00a0\u00a0\u00a0\u00a0 \u00a0 \u00a0 \u00a0 \u00a0 \u00a0 \u00a0 \u00a0 \u00a0 \u00a0 \u00a0 \u00a0 \u00a0 \u00a0 \u00a0 \u00a0 \u00a0 \u00a0 \u00a0 \u00a0 \u00a0 \u00a0 \u00a0 \u00a0 \u00a0 \u00a0 \u00a0 \u00a0 \u00a0 \u00a0 \u00a0 \u00a0 \u00a0 \u00a0 \u00a0 \u00a0 \u00a0 \u00a0 \u00a0 \u00a0 \u00a0 \u00a0 \u00a0 \u00a0 \u00a0 \u00a0 \u00a0 \u00a0 \u00a0 \u00a0 \u00a0 \u00a0 \u00a0 \u00a0 \u00a0 \u00a0 \u00a0 \u00a0 \u00a0 \u00a0 \u00a0 \u00a0 \u00a0 \u00a0 \u00a0 \u00a0 \u00a0 \u00a0 \u00a0 \u00a0 \u00a0 \u00a0 \u00a0 \u00a0 \u00a0 \u00a0 \u00a0 \u00a0 \u00a0 \u00a0 \u00a0 \u00a0 \u00a0 \u00a0 \u00a0 \u00a0 \u00a0 \u00a0 \u00a0 \u00a0 \u00a0 \u00a0 \u00a0 \u00a0 \u00a0 \u00a0 \u00a0 \u00a0 \u00a0 \u00a0 \u00a0 \u00a0 \u00a0 \u00a0 \u00a0 \u00a0 \u00a0 \u00a0 \u00a0 \u00a0 \u00a0 \u00a0 \u00a0 \u00a0 \u00a0 \u00a0 \u00a0 \u00a0 \u00a0 \u00a0 \u00a0 \u00a0 \u00a0 \u00a0<\/strong><\/p>\n<p><strong>Data:<\/strong> <strong>26\/02\/2024\u00a0\u00a0\u00a0 \u00a0 \u00a0\u00a0\u00a0 \u00a0\u00a0<\/strong><\/p>\n<p><strong>T\u00edtulo:&#8221;ARGINASE 1 MODULA POSITIVAMENTE O DESENVOLVIMENTO DE <em>Toxoplasma gondii <\/em>EM MACR\u00d3FAGOS RAW 264.7 ATIVADOS NO PERFIL M2.&#8221;<\/strong><\/p>\n<p><strong>Orientador: <\/strong>Dr. Renato Augusto DaMatta \u2013 UENF<\/p>\n<p><strong>Banca:<\/strong><\/p>\n<p>Dr. Pedro Souto Rodrigues \u2013 UENF<\/p>\n<p>Dr. Cl\u00f3vis de Paula Santos \u2013 UENF<\/p>\n<p>Dr. Marco Cesar Cunegundes Guimar\u00e3es \u2013 UFES<\/p>\n<p>_______________________________________________________________________________<\/p>\n<p><strong>11- RAQUEL RIBEIRO BARRETO NUNES\u00a0 \u00a0 \u00a0 \u00a0 \u00a0 \u00a0 \u00a0 \u00a0 \u00a0 \u00a0 \u00a0 \u00a0 \u00a0 \u00a0 \u00a0 \u00a0 \u00a0 \u00a0 \u00a0 \u00a0 \u00a0 \u00a0 \u00a0 \u00a0 \u00a0 \u00a0 \u00a0 \u00a0 \u00a0 \u00a0 \u00a0 \u00a0 \u00a0 \u00a0 \u00a0 \u00a0 \u00a0 \u00a0 \u00a0 \u00a0 \u00a0 \u00a0 \u00a0 \u00a0 \u00a0 \u00a0 \u00a0 \u00a0 \u00a0 \u00a0 \u00a0 \u00a0 \u00a0 \u00a0 \u00a0 \u00a0 \u00a0 \u00a0 \u00a0 \u00a0 \u00a0 \u00a0 \u00a0 \u00a0 \u00a0 \u00a0 \u00a0 \u00a0 \u00a0 \u00a0 \u00a0 \u00a0 \u00a0 \u00a0 \u00a0 \u00a0 \u00a0 \u00a0 \u00a0 \u00a0 \u00a0 \u00a0 \u00a0 \u00a0 \u00a0 \u00a0 \u00a0 \u00a0 \u00a0 \u00a0 \u00a0 \u00a0 \u00a0 \u00a0 \u00a0 \u00a0 \u00a0 \u00a0 \u00a0 \u00a0 \u00a0 \u00a0 \u00a0 \u00a0 \u00a0 \u00a0 \u00a0 \u00a0 \u00a0 \u00a0 \u00a0 \u00a0 \u00a0 \u00a0 \u00a0 \u00a0 \u00a0 \u00a0 \u00a0 \u00a0 \u00a0 \u00a0 \u00a0 \u00a0 \u00a0 \u00a0 \u00a0 \u00a0 \u00a0 \u00a0 \u00a0 \u00a0 \u00a0 \u00a0 \u00a0 \u00a0 \u00a0 \u00a0 \u00a0 \u00a0 \u00a0 \u00a0 \u00a0 \u00a0 Data:<\/strong> <strong>07\/03\/2024\u00a0\u00a0\u00a0 \u00a0 \u00a0\u00a0\u00a0 \u00a0\u00a0\u00a0 \u00a0\u00a0<\/strong><\/p>\n<p><strong>T\u00edtulo:<\/strong>&#8220;An\u00e1lise do Canal CRAC do helminto <em>Ascaris lumbricoides<\/em>.&#8221;<\/p>\n<p><strong>Orientador: <\/strong>Dr\u00aa Ana Eliza Zeraik \u2013 UENF<\/p>\n<p><strong>Banca:<\/strong><\/p>\n<p>Dr\u00aa Anna Lvovna Okorokova Fa\u00e7anha \u2013 UENF<\/p>\n<p>Dr\u00aa \u00c9rica de Oliveira Mello \u2013 UENF<\/p>\n<p>Dr. Jose Luiz de Souza Lopes \u2013 USP<\/p>\n<p>______________________________________________________________________________<\/p>\n<p><strong>\u00a012- MANUELA IZABEL PAES PINTO\u00a0 \u00a0 \u00a0 \u00a0 \u00a0 \u00a0 \u00a0 \u00a0 \u00a0 \u00a0 \u00a0 \u00a0 \u00a0 \u00a0 \u00a0 \u00a0 \u00a0 \u00a0 \u00a0 \u00a0 \u00a0 \u00a0 \u00a0 \u00a0 \u00a0 \u00a0 \u00a0 \u00a0 \u00a0 \u00a0 \u00a0 \u00a0 \u00a0 \u00a0 \u00a0 \u00a0 \u00a0 \u00a0 \u00a0 \u00a0 \u00a0 \u00a0 \u00a0 \u00a0 \u00a0 \u00a0 \u00a0 \u00a0 \u00a0 \u00a0 \u00a0 \u00a0 \u00a0 \u00a0 \u00a0 \u00a0 \u00a0 \u00a0 \u00a0 \u00a0 \u00a0 \u00a0 \u00a0 \u00a0 \u00a0 \u00a0 \u00a0 \u00a0 \u00a0 \u00a0 \u00a0 \u00a0 \u00a0 \u00a0 \u00a0 \u00a0 \u00a0 \u00a0 \u00a0 \u00a0 \u00a0 \u00a0 \u00a0 \u00a0 \u00a0 \u00a0 \u00a0 \u00a0 \u00a0 \u00a0 \u00a0 \u00a0 \u00a0 \u00a0 \u00a0 \u00a0 \u00a0 \u00a0 \u00a0 \u00a0 \u00a0 \u00a0 \u00a0 \u00a0 \u00a0 \u00a0 \u00a0 \u00a0 \u00a0 \u00a0 \u00a0 \u00a0 \u00a0 \u00a0 \u00a0 \u00a0 \u00a0 \u00a0 \u00a0 \u00a0 \u00a0 \u00a0 \u00a0 \u00a0 \u00a0 \u00a0 \u00a0 \u00a0 \u00a0 \u00a0 \u00a0 \u00a0 \u00a0 \u00a0 \u00a0 \u00a0 \u00a0 \u00a0 \u00a0 \u00a0 \u00a0 \u00a0 \u00a0 \u00a0 \u00a0 \u00a0 \u00a0 \u00a0 \u00a0Data:<\/strong> <strong>08\/03\/2024\u00a0\u00a0\u00a0 \u00a0 \u00a0\u00a0 \u00a0\u00a0\u00a0 \u00a0\u00a0\u00a0 \u00a0\u00a0<\/strong><\/p>\n<p><strong>T\u00edtulo:<\/strong>&#8220;Fosfatase calcineurina como hub de integra\u00e7\u00e3o da modula\u00e7\u00e3o da morfog\u00eanese e prolifera\u00e7\u00e3o da levedura de fiss\u00e3o por polifosfatos, Ca<sup>2+<\/sup> e pH.&#8221;<\/p>\n<p><strong>Orientador:<\/strong>Dr\u00aa Anna Lvovna Okorokova Fa\u00e7anha \u2013 UENF<\/p>\n<p><strong>Banca:<\/strong><\/p>\n<p>Dr\u00aa Nat\u00e1lia Deus de Oliveira Crespo \u2013 IFF<\/p>\n<p>Dr. Andr\u00e9 de Oliveira Carvalho \u2013 UENF<\/p>\n<p>Dr. Savio Bastos de Souza \u2013 UVV<\/p>\n<p>_______________________________________________________________________________<\/p>\n<p><strong>13- Milena de Farias Azeredo\u00a0\u00a0\u00a0\u00a0\u00a0\u00a0\u00a0\u00a0\u00a0\u00a0\u00a0\u00a0\u00a0\u00a0\u00a0\u00a0\u00a0\u00a0\u00a0\u00a0\u00a0\u00a0\u00a0\u00a0\u00a0\u00a0\u00a0\u00a0\u00a0\u00a0\u00a0\u00a0\u00a0\u00a0\u00a0\u00a0\u00a0\u00a0\u00a0\u00a0\u00a0\u00a0 \u00a0 \u00a0 \u00a0 \u00a0 \u00a0 \u00a0 \u00a0 \u00a0 \u00a0 \u00a0 \u00a0 \u00a0 \u00a0 \u00a0 \u00a0 \u00a0 \u00a0 \u00a0 \u00a0 \u00a0 \u00a0 \u00a0 \u00a0 \u00a0 \u00a0 \u00a0 \u00a0 \u00a0 \u00a0 \u00a0 \u00a0 \u00a0 \u00a0 \u00a0 \u00a0 \u00a0 \u00a0 \u00a0 \u00a0 \u00a0 \u00a0 \u00a0 \u00a0 \u00a0 \u00a0 \u00a0 \u00a0 \u00a0 \u00a0 \u00a0 \u00a0 \u00a0 \u00a0 \u00a0 \u00a0 \u00a0 \u00a0 \u00a0 \u00a0 \u00a0 \u00a0 \u00a0 \u00a0 \u00a0 \u00a0 \u00a0 \u00a0 \u00a0 \u00a0 \u00a0 \u00a0 \u00a0 \u00a0 \u00a0 \u00a0 \u00a0 \u00a0 \u00a0 \u00a0 \u00a0 \u00a0 \u00a0 \u00a0 \u00a0 \u00a0 \u00a0 \u00a0 \u00a0 \u00a0 \u00a0 \u00a0 \u00a0 \u00a0 \u00a0 \u00a0 \u00a0 \u00a0 \u00a0 \u00a0 \u00a0 \u00a0 \u00a0 \u00a0 \u00a0 \u00a0 \u00a0 \u00a0 \u00a0 \u00a0 \u00a0 \u00a0 \u00a0 \u00a0 \u00a0 \u00a0 \u00a0 \u00a0 \u00a0 \u00a0 \u00a0 \u00a0 \u00a0 \u00a0 \u00a0 \u00a0 \u00a0 \u00a0 \u00a0 \u00a0 \u00a0 \u00a0 \u00a0 \u00a0 \u00a0 Data:<\/strong> <strong>24\/05\/2024\u00a0\u00a0\u00a0 \u00a0\u00a0\u00a0 \u00a0\u00a0\u00a0 \u00a0\u00a0\u00a0 \u00a0\u00a0<\/strong><\/p>\n<p><strong>T\u00edtulo:<\/strong>&#8220;Ensaio de Invas\u00e3o de Eritr\u00f3citos Murinos por Merozoitos de <em>Plasmodium chabaudi<\/em> e Import\u00e2ncia da Fosfaltidiserina.&#8221;<\/p>\n<p><strong>Orientador:<\/strong>Dr. Renato Augusto DaMatta \u2013 UENF<\/p>\n<p><strong>Banca:<\/strong><\/p>\n<p>Dr. Jo\u00e3o Luiz Mendes Wanderley \u2013 UFRJ<\/p>\n<p>Dr. Sergio Henrique Seabra \u2013 UENF<\/p>\n<p>Dr. F\u00e1bio da Silva de Azevedo Fortes \u2013 UERJ<\/p>\n<p>_______________________________________________________________________________<\/p>\n<p><strong>14- Jeanne Campos de Sousa Gomes de Castro\u00a0 \u00a0 \u00a0 \u00a0 \u00a0 \u00a0 \u00a0 \u00a0 \u00a0 \u00a0 \u00a0 \u00a0 \u00a0 \u00a0 \u00a0 \u00a0 \u00a0 \u00a0 \u00a0 \u00a0 \u00a0 \u00a0 \u00a0 \u00a0 \u00a0 \u00a0 \u00a0 \u00a0 \u00a0 \u00a0 \u00a0 \u00a0 \u00a0 \u00a0 \u00a0 \u00a0 \u00a0 \u00a0 \u00a0 \u00a0 \u00a0 \u00a0 \u00a0 \u00a0 \u00a0 \u00a0 \u00a0 \u00a0 \u00a0 \u00a0 \u00a0 \u00a0 \u00a0 \u00a0 \u00a0 \u00a0 \u00a0 \u00a0 \u00a0 \u00a0 \u00a0 \u00a0 \u00a0 \u00a0 \u00a0 \u00a0 \u00a0 \u00a0 \u00a0 \u00a0 \u00a0 \u00a0 \u00a0 \u00a0 \u00a0 \u00a0 \u00a0 \u00a0 \u00a0 \u00a0 \u00a0 \u00a0 \u00a0 \u00a0 \u00a0 \u00a0 \u00a0 \u00a0 \u00a0 \u00a0 \u00a0 \u00a0 \u00a0 \u00a0 \u00a0 \u00a0 \u00a0 \u00a0 \u00a0 \u00a0 \u00a0 \u00a0 \u00a0 \u00a0 \u00a0 \u00a0 \u00a0 \u00a0 \u00a0 \u00a0 \u00a0 \u00a0 \u00a0 \u00a0 \u00a0 \u00a0 \u00a0 \u00a0 \u00a0 \u00a0 \u00a0 \u00a0 \u00a0 \u00a0 \u00a0 \u00a0 \u00a0 \u00a0 \u00a0 \u00a0 \u00a0 \u00a0 \u00a0 \u00a0 \u00a0 \u00a0 \u00a0 \u00a0 \u00a0 \u00a0 Data:<\/strong> <strong>08\/07\/2024\u00a0\u00a0\u00a0 \u00a0\u00a0\u00a0\u00a0\u00a0 \u00a0\u00a0\u00a0 \u00a0\u00a0\u00a0 \u00a0\u00a0<\/strong><\/p>\n<p><strong>T\u00edtulo:<\/strong>&#8220;An\u00e1lise ultraestrutural e molecular de Primasubulura jacchi, parasito de saguis h\u00edbridos (Callithrix penicillata x Callithrix jacchus).&#8221;<\/p>\n<p><strong>Orientador:<\/strong>Dr. Cl\u00f3vis de Paula Santos \u2013 UENF<\/p>\n<p><strong>Banca:<\/strong><\/p>\n<p>Dr. Antonio Henrique Almeida de Moraes Neto \u2013 Fiocruz<\/p>\n<p>Dr. Renato Augusto DaMatta \u2013 UENF<\/p>\n<p>Dr\u00aa Aleksandra Menezes de Oliveira \u2013 UFRJ\/Maca\u00e9<\/p>\n<p>_____________________________________________________________________________<\/p>\n<p>&nbsp;<\/p>\n<p>_____<\/p>\n","protected":false},"excerpt":{"rendered":"<p>Disserta\u00e7\u00f5es de Mestrado 2024 Clique no autor para acessar a tese completa: 1-\u00a0LORRAN YVES MACHADO DE SOUSA\u00a0 \u00a0 \u00a0 \u00a0&#8230;<\/p>\n","protected":false},"author":25,"featured_media":0,"parent":1229,"menu_order":0,"comment_status":"closed","ping_status":"closed","template":"","meta":{"footnotes":""},"class_list":["post-3641","page","type-page","status-publish","hentry"],"_links":{"self":[{"href":"https:\/\/uenf.br\/posgraduacao\/biociencias-biotecnologia\/wp-json\/wp\/v2\/pages\/3641","targetHints":{"allow":["GET"]}}],"collection":[{"href":"https:\/\/uenf.br\/posgraduacao\/biociencias-biotecnologia\/wp-json\/wp\/v2\/pages"}],"about":[{"href":"https:\/\/uenf.br\/posgraduacao\/biociencias-biotecnologia\/wp-json\/wp\/v2\/types\/page"}],"author":[{"embeddable":true,"href":"https:\/\/uenf.br\/posgraduacao\/biociencias-biotecnologia\/wp-json\/wp\/v2\/users\/25"}],"replies":[{"embeddable":true,"href":"https:\/\/uenf.br\/posgraduacao\/biociencias-biotecnologia\/wp-json\/wp\/v2\/comments?post=3641"}],"version-history":[{"count":0,"href":"https:\/\/uenf.br\/posgraduacao\/biociencias-biotecnologia\/wp-json\/wp\/v2\/pages\/3641\/revisions"}],"up":[{"embeddable":true,"href":"https:\/\/uenf.br\/posgraduacao\/biociencias-biotecnologia\/wp-json\/wp\/v2\/pages\/1229"}],"wp:attachment":[{"href":"https:\/\/uenf.br\/posgraduacao\/biociencias-biotecnologia\/wp-json\/wp\/v2\/media?parent=3641"}],"curies":[{"name":"wp","href":"https:\/\/api.w.org\/{rel}","templated":true}]}}