{"id":3666,"date":"2024-10-01T21:11:35","date_gmt":"2024-10-02T00:11:35","guid":{"rendered":"https:\/\/uenf.br\/posgraduacao\/biociencias-biotecnologia\/?page_id=3666"},"modified":"2025-10-01T10:56:11","modified_gmt":"2025-10-01T13:56:11","slug":"mestrado-e-doutorado-1o-2025","status":"publish","type":"page","link":"https:\/\/uenf.br\/posgraduacao\/biociencias-biotecnologia\/processo-seletivo\/mestrado-e-doutorado-1o-2025\/","title":{"rendered":"Mestrado e Doutorado 1\u00ba\/2025"},"content":{"rendered":"<h3><img loading=\"lazy\" decoding=\"async\" class=\"alignnone size-medium wp-image-3718\" src=\"https:\/\/uenf.br\/posgraduacao\/biociencias-biotecnologia\/wp-content\/uploads\/sites\/12\/2024\/10\/PGBB-2025-300x300.png\" alt=\"\" width=\"300\" height=\"300\" \/><\/h3>\n<h3><span style=\"color: #0978d9\">Mestrado e Doutorado 1\u00ba\/2025: <\/span><span style=\"color: #0772b0\"><strong><a style=\"color: #0772b0\" href=\"https:\/\/uenf.br\/posgraduacao\/biociencias-biotecnologia\/processo-seletivo\/mestrado-e-doutorado-1o-2025\/processo-seletivo-pgbb-2025-1o-resultado-final\/\">Resultado Final<\/a><\/strong><\/span><\/h3>\n<h3><span style=\"color: #0978d9\">Mestrado e Doutorado 1\u00ba\/2025: Edital e Formul\u00e1rios<\/span><\/h3>\n<p style=\"padding-left: 40px\">Clique <strong><span style=\"color: #4ea3ed\"><a style=\"color: #4ea3ed\" href=\"https:\/\/uenf.br\/posgraduacao\/biociencias-biotecnologia\/wp-content\/uploads\/sites\/12\/2024\/10\/EDITAL-PGBB-MS-DS-2025_1.pdf\" target=\"_blank\" rel=\"noopener\">EDITAL PGBB MS DS 2025_1<\/a><\/span> <\/strong>para acessar o Edital do processo seletivo.<\/p>\n<h4><span style=\"color: #0978d9\">Inscri\u00e7\u00f5es:<\/span><\/h4>\n<div style=\"padding-left: 40px\">\u2022 <strong>Per\u00edodo<\/strong>: <span style=\"color: #0978d9\">de<\/span> <span style=\"color: #0978d9\"><strong>1\/10\/2024 <\/strong>a<strong> 30\/10\/2024<\/strong><\/span><\/div>\n<div style=\"padding-left: 40px\">\u2022\u00a0<strong>N\u00famero de Vagas<\/strong>: <span style=\"color: #0978d9\">Mestrado: <strong>20<\/strong><\/span><\/div>\n<div style=\"padding-left: 40px\">\n<div style=\"padding-left: 80px\"><span style=\"color: #0978d9\">\u00a0 \u00a0 \u00a0 \u00a0 \u00a0 \u00a0 \u00a0 \u00a0 \u00a0 \u00a0 Doutorado: <strong>20<\/strong><\/span><\/div>\n<\/div>\n<div style=\"padding-left: 40px\">\u2022 <strong>\u00c1reas de Concentra\u00e7\u00e3o<\/strong>:<\/div>\n<div style=\"padding-left: 80px\"><span style=\"color: #0978d9\">Biologia\u00a0Celular e Molecular Vegetal e Ecossist\u00eamica;<\/span><\/div>\n<div style=\"padding-left: 80px\"><span style=\"color: #0978d9\">Biotecnologia e Biologia Celular e Molecular em Sa\u00fade<\/span><\/div>\n<div style=\"padding-left: 40px\">\u2022\u00a0<strong>N\u00e3o ser\u00e1 cobrada a\u00a0Taxa de Inscri\u00e7\u00e3o<\/strong><\/div>\n<p>Todas as inscri\u00e7\u00f5es acompanhadas da documenta\u00e7\u00e3o especificada no <a href=\"https:\/\/uenf.br\/posgraduacao\/biociencias-biotecnologia\/wp-content\/uploads\/sites\/12\/2024\/10\/EDITAL-PGBB-MS-DS-2025_1.pdf\">EDITAL PGBB MS DS 2025_1<\/a>, dever\u00e3o ser enviadas exclusivamente atrav\u00e9s do e-mail: c<a href=\"mailto:pgcbb@uenf.br\" target=\"_blank\" rel=\"noopener\">pgcbb@uenf.br<\/a>, at\u00e9 o dia 30\/10\/2024 \u00e0s 23:59 (hor\u00e1rio de Bras\u00edlia).<\/p>\n<div class=\"post-headline\">\n<h4><span style=\"color: #0978d9\">Formul\u00e1rios:\u00a0<\/span><\/h4>\n<\/div>\n<ul>\n<li class=\"post-headline\"><span style=\"color: #000000\"><a style=\"color: #000000\" href=\"https:\/\/uenf.br\/posgraduacao\/wp-content\/uploads\/2019\/12\/Fomulario-inscricao-Processo-seletivo_PG.pdf\">Formul\u00e1rio-de-Inscri\u00e7\u00e3o_UENF<\/a> <span style=\"color: #ff0000\">(NOVO FORMUL\u00c1RIO DA PROPPG)<\/span><\/span><\/li>\n<li class=\"post-headline\"><span style=\"color: #000000\"><a href=\"https:\/\/uenf.br\/posgraduacao\/biociencias-biotecnologia\/wp-content\/uploads\/sites\/12\/2025\/10\/Ficha-para-exame-ingles-PGBB-2026.pdf\">Ficha-para-exame-ingles-PGBB-2026<\/a> \u00a0(clique para baixar)<\/span><\/li>\n<li class=\"post-headline\"><span style=\"color: #000000\"><a href=\"https:\/\/uenf.br\/posgraduacao\/wp-content\/uploads\/2019\/12\/Fomulario-inscricao-Processo-seletivo_Carta.pdf\">Carta-de-Refer\u00eancia_UENF<\/a> <span style=\"color: #ff0000\">(NOVO FORMUL\u00c1RIO DA PROPPG)<\/span><\/span><\/li>\n<li><span style=\"color: #000000\"><a style=\"color: #000000\" href=\"https:\/\/uenf.br\/posgraduacao\/wp-content\/uploads\/2019\/12\/Recommendation-letter.pdf\">Recommendation letter form (English)\u00a0 \u00a0<\/a><\/span><span style=\"color: #ff0000\">(NOVO FORMUL\u00c1RIO DA PROPPG)<\/span><\/li>\n<\/ul>\n<h4><span style=\"color: #0978d9\">Avalia\u00e7\u00e3o de candidatos ao sistema de cotas da P\u00f3s-Gradua\u00e7\u00e3o:<\/span><\/h4>\n<ul>\n<li>Para maiores informa\u00e7\u00f5es, acesse o <span style=\"color: #097bbd\"><a style=\"color: #097bbd\" href=\"https:\/\/uenf.br\/posgraduacao\/biociencias-biotecnologia\/wp-content\/uploads\/sites\/12\/2024\/10\/EDITAL-PGBB-MS-DS-2025_1.pdf\" target=\"_blank\" rel=\"noopener\">Edital<\/a><\/span> e acesse<span style=\"color: #097bbd\"> <a style=\"color: #097bbd\" href=\"https:\/\/uenf.br\/posgraduacao\/avaliacao-socioeconomica-de-editais-da-pos-graduacao\/\" target=\"_blank\" rel=\"noopener\">aqui<\/a><\/span><\/li>\n<li>O formul\u00e1rio eletr\u00f4nico e a listagem da documenta\u00e7\u00e3o comprobat\u00f3ria a ser enviada pelo candidato est\u00e3o dispon\u00edveis no endere\u00e7o eletr\u00f4nico: <a href=\"https:\/\/uenf.br\/posgraduacao\/avaliacao-socioeconomica-de-editais-da-pos-graduacao\/\">https:\/\/uenf.br\/posgraduacao\/avaliacao-socioeconomica-de-editais-da-pos-graduacao\/<\/a><\/li>\n<\/ul>\n<p>&nbsp;<\/p>\n<p style=\"font-weight: 400\"><span style=\"color: #ab0505\"><strong>CRONOGRAMA GERAL DO PROCESSO SELETIVO PARA O MESTRADO:<\/strong><\/span><\/p>\n<p style=\"font-weight: 400\"><span style=\"text-decoration: underline\">In\u00edcio das inscri\u00e7\u00f5es: 01 de outubro de 2024<\/span><br \/>\n<span style=\"text-decoration: underline\">Fim das inscri\u00e7\u00f5es: 30 de outubro de 2024 \u00e0s 23:59 min<\/span><br \/>\nDivulga\u00e7\u00e3o da listagem preliminar das inscri\u00e7\u00f5es homologadas e n\u00e3o homologadas: 04 de novembro de 2024<br \/>\nApresenta\u00e7\u00e3o de recurso sobre a homologa\u00e7\u00e3o: 05 de novembro de 2024<br \/>\nDivulga\u00e7\u00e3o da listagem final da(os) candidata(os) homologada(os) ap\u00f3s recursos: 06 de novembro de 2024<br \/>\n<span style=\"text-decoration: underline\">Prova de ingl\u00eas: 07 de novembro de 2024<\/span><br \/>\n<span style=\"text-decoration: underline\">Entrevista: 12 a 14 de novembro de 2024<\/span><br \/>\nAn\u00e1lise de curriculum vitae: 08 a 14 de novembro de 2024<br \/>\nDivulga\u00e7\u00e3o da listagem preliminar das(os) candidatas(os) aprovadas(os): 19 de novembro de 2024<br \/>\nApresenta\u00e7\u00e3o de recurso: 21 de novembro de 2024<br \/>\n<span style=\"text-decoration: underline\">Divulga\u00e7\u00e3o do resultado: 22 de novembro de 2024<\/span><br \/>\nMatr\u00edcula das(os) candidatas(os) selecionadas(os) a definir: (2025)<\/p>\n<p><span style=\"color: #ab0505\"><strong>CRONOGRAMA GERAL DO PROCESSO SELETIVO PARA O DOUTORADO:<\/strong><\/span><\/p>\n<p><span style=\"text-decoration: underline\">In\u00edcio das inscri\u00e7\u00f5es: 01 de outubro de 2024<\/span><br \/>\n<span style=\"text-decoration: underline\">Fim das inscri\u00e7\u00f5es: 30 de outubro de 2024 \u00e0s 23:59 min<\/span><br \/>\nDivulga\u00e7\u00e3o da listagem preliminar das inscri\u00e7\u00f5es homologadas e n\u00e3o homologadas: 04 de novembro de 2024<br \/>\nApresenta\u00e7\u00e3o de recurso sobre a homologa\u00e7\u00e3o: 05 de novembro de 2024<br \/>\nDivulga\u00e7\u00e3o da listagem final da(os) candidata(os) homologada(os) ap\u00f3s recursos: 06 de novembro de 2024<br \/>\n<span style=\"text-decoration: underline\">Prova de ingl\u00eas: 07 de novembro de 2024<\/span><br \/>\n<span style=\"text-decoration: underline\">Entrevistas e apresenta\u00e7\u00e3o do pr\u00e9-projeto: 12 a 14 de novembro de 2024<\/span><br \/>\nAn\u00e1lise de curriculum vitae: 08 a 14 de novembro de 2024<br \/>\nDivulga\u00e7\u00e3o da listagem preliminar das(os) candidatas(os) aprovadas(os): 19 de novembro de 2024<br \/>\nApresenta\u00e7\u00e3o de recurso: 21 de novembro de 2024<br \/>\n<span style=\"text-decoration: underline\">Divulga\u00e7\u00e3o do resultado: 22 de novembro de 2024<\/span><br \/>\nMatr\u00edcula das(os) candidatas(os) selecionadas(os): a definir (2025)<\/p>\n<p>&nbsp;<\/p>\n<p>&nbsp;<\/p>\n","protected":false},"excerpt":{"rendered":"<p>Mestrado e Doutorado 1\u00ba\/2025: Resultado Final Mestrado e Doutorado 1\u00ba\/2025: Edital e Formul\u00e1rios Clique EDITAL PGBB MS DS 2025_1 para&#8230;<\/p>\n","protected":false},"author":25,"featured_media":0,"parent":86,"menu_order":0,"comment_status":"closed","ping_status":"closed","template":"","meta":{"footnotes":""},"class_list":["post-3666","page","type-page","status-publish","hentry"],"_links":{"self":[{"href":"https:\/\/uenf.br\/posgraduacao\/biociencias-biotecnologia\/wp-json\/wp\/v2\/pages\/3666","targetHints":{"allow":["GET"]}}],"collection":[{"href":"https:\/\/uenf.br\/posgraduacao\/biociencias-biotecnologia\/wp-json\/wp\/v2\/pages"}],"about":[{"href":"https:\/\/uenf.br\/posgraduacao\/biociencias-biotecnologia\/wp-json\/wp\/v2\/types\/page"}],"author":[{"embeddable":true,"href":"https:\/\/uenf.br\/posgraduacao\/biociencias-biotecnologia\/wp-json\/wp\/v2\/users\/25"}],"replies":[{"embeddable":true,"href":"https:\/\/uenf.br\/posgraduacao\/biociencias-biotecnologia\/wp-json\/wp\/v2\/comments?post=3666"}],"version-history":[{"count":0,"href":"https:\/\/uenf.br\/posgraduacao\/biociencias-biotecnologia\/wp-json\/wp\/v2\/pages\/3666\/revisions"}],"up":[{"embeddable":true,"href":"https:\/\/uenf.br\/posgraduacao\/biociencias-biotecnologia\/wp-json\/wp\/v2\/pages\/86"}],"wp:attachment":[{"href":"https:\/\/uenf.br\/posgraduacao\/biociencias-biotecnologia\/wp-json\/wp\/v2\/media?parent=3666"}],"curies":[{"name":"wp","href":"https:\/\/api.w.org\/{rel}","templated":true}]}}