{"id":3724,"date":"2024-10-24T14:37:05","date_gmt":"2024-10-24T17:37:05","guid":{"rendered":"https:\/\/uenf.br\/posgraduacao\/biociencias-biotecnologia\/?page_id=3724"},"modified":"2024-10-24T14:38:06","modified_gmt":"2024-10-24T17:38:06","slug":"programa-de-doutorado-sanduiche-no-exterior-pdse","status":"publish","type":"page","link":"https:\/\/uenf.br\/posgraduacao\/biociencias-biotecnologia\/processo-seletivo\/programa-de-doutorado-sanduiche-no-exterior-pdse\/","title":{"rendered":"Programa de Doutorado-sandu\u00edche no Exterior (PDSE)"},"content":{"rendered":"<ul>\n<li><a class=\"internal-link\" title=\"\" href=\"https:\/\/www.gov.br\/capes\/pt-br\/centrais-de-conteudo\/editais\/14102024_Edital_2477735_SEI_2477608_Edital_N__26_2024.pdf\" target=\"_self\" rel=\"noopener\" data-tippreview-image=\"\" data-tippreview-title=\"\" data-tippreview-enabled=\"false\">Edital n\u00ba 26\/2024 &#8211; Programa Institucional de Doutorado Sandu\u00edche no Exterior (PDSE) &#8211; Retifica\u00e7\u00e3o &#8211; formato, pdf, 48kb<\/a><\/li>\n<li><strong><span style=\"color: #065299\"><a class=\"internal-link\" style=\"color: #065299\" title=\"\" href=\"https:\/\/www.gov.br\/capes\/pt-br\/centrais-de-conteudo\/editais\/08102024_Edital_2474014_SEI_2472849_Edital_26_2024.pdf\" target=\"_self\" rel=\"noopener\" data-tippreview-image=\"\" data-tippreview-title=\"\" data-tippreview-enabled=\"false\">Edital n\u00ba 26\/2024 &#8211; Programa Institucional de Doutorado Sandu\u00edche no Exterior (PDSE)- formato, pdf, 135<\/a><\/span><\/strong><\/li>\n<li><a class=\"internal-link\" title=\"\" href=\"https:\/\/www.gov.br\/capes\/pt-br\/centrais-de-conteudo\/editais\/08102024_Edital_2391761_Anexo_III___Declaracao_Reconhecimento_da_Fluencia___Orient_Brasileiro.pdf\" target=\"_self\" rel=\"noopener\" data-tippreview-image=\"\" data-tippreview-title=\"\" data-tippreview-enabled=\"false\">Anexo III &#8211; Declara\u00e7\u00e3o de Reconhecimento de Flu\u00eancia Lingu\u00edstica Institui\u00e7\u00e3o Brasileira &#8211; formato, pdf, 114kb<\/a><\/li>\n<li><a class=\"internal-link\" title=\"\" href=\"https:\/\/www.gov.br\/capes\/pt-br\/centrais-de-conteudo\/editais\/08102024_Edital_2391763_Anexo_IV__Proficiencia_2024.pdf\" target=\"_self\" rel=\"noopener\" data-tippreview-image=\"\" data-tippreview-title=\"\" data-tippreview-enabled=\"false\">Anexo IV &#8211; Requisito de Profici\u00eancia em L\u00edngua Estrangeira &#8211; formato, pdf, 85kb<\/a><\/li>\n<li><a class=\"internal-link\" title=\"\" href=\"https:\/\/www.gov.br\/capes\/pt-br\/centrais-de-conteudo\/editais\/08102024_Edital_2391765_Anexo_V___MODELO_DA_DECLARACAO_DO_COORIENTADOR_NO_EXTERIOR_.pdf\" target=\"_self\" rel=\"noopener\" data-tippreview-image=\"\" data-tippreview-title=\"\" data-tippreview-enabled=\"false\">Anexo V &#8211; Modelo da Carta do Coorientador no Exterior &#8211; formato, pdf, 88kb<\/a><\/li>\n<\/ul>\n","protected":false},"excerpt":{"rendered":"<p>Edital n\u00ba 26\/2024 &#8211; Programa Institucional de Doutorado Sandu\u00edche no Exterior (PDSE) &#8211; Retifica\u00e7\u00e3o &#8211; formato, pdf, 48kb Edital n\u00ba&#8230;<\/p>\n","protected":false},"author":25,"featured_media":0,"parent":86,"menu_order":0,"comment_status":"closed","ping_status":"closed","template":"","meta":{"footnotes":""},"class_list":["post-3724","page","type-page","status-publish","hentry"],"_links":{"self":[{"href":"https:\/\/uenf.br\/posgraduacao\/biociencias-biotecnologia\/wp-json\/wp\/v2\/pages\/3724","targetHints":{"allow":["GET"]}}],"collection":[{"href":"https:\/\/uenf.br\/posgraduacao\/biociencias-biotecnologia\/wp-json\/wp\/v2\/pages"}],"about":[{"href":"https:\/\/uenf.br\/posgraduacao\/biociencias-biotecnologia\/wp-json\/wp\/v2\/types\/page"}],"author":[{"embeddable":true,"href":"https:\/\/uenf.br\/posgraduacao\/biociencias-biotecnologia\/wp-json\/wp\/v2\/users\/25"}],"replies":[{"embeddable":true,"href":"https:\/\/uenf.br\/posgraduacao\/biociencias-biotecnologia\/wp-json\/wp\/v2\/comments?post=3724"}],"version-history":[{"count":0,"href":"https:\/\/uenf.br\/posgraduacao\/biociencias-biotecnologia\/wp-json\/wp\/v2\/pages\/3724\/revisions"}],"up":[{"embeddable":true,"href":"https:\/\/uenf.br\/posgraduacao\/biociencias-biotecnologia\/wp-json\/wp\/v2\/pages\/86"}],"wp:attachment":[{"href":"https:\/\/uenf.br\/posgraduacao\/biociencias-biotecnologia\/wp-json\/wp\/v2\/media?parent=3724"}],"curies":[{"name":"wp","href":"https:\/\/api.w.org\/{rel}","templated":true}]}}