{"id":3838,"date":"2024-12-06T10:49:53","date_gmt":"2024-12-06T13:49:53","guid":{"rendered":"https:\/\/uenf.br\/posgraduacao\/biociencias-biotecnologia\/?page_id=3838"},"modified":"2025-01-29T14:38:07","modified_gmt":"2025-01-29T17:38:07","slug":"doutorado-sanduiche-no-exterior-edital-capes-pdse-2024-2","status":"publish","type":"page","link":"https:\/\/uenf.br\/posgraduacao\/biociencias-biotecnologia\/processo-seletivo\/doutorado-sanduiche-no-exterior-edital-capes-pdse-2024-2\/","title":{"rendered":"Doutorado Sandu\u00edche no Exterior Edital CAPES PDSE 2024.2"},"content":{"rendered":"<h1><a href=\"https:\/\/www.gov.br\/capes\/pt-br\/acesso-a-informacao\/acoes-e-programas\/bolsas\/bolsas-e-auxilios-internacionais\/encontre-aqui\/paises\/multinacional\/programa-de-doutorado-sanduiche-no-exterior-pdse\" target=\"_blank\" rel=\"noopener\"><strong style=\"font-size: 16px\">PROGRAMA DE DOUTORADO SANDU\u00cdCHE NO EXTERIOR (PDSE CAPES)<\/strong><\/a><\/h1>\n<div class=\"entry clr\">\n<p style=\"padding-left: 40px\">Per\u00edodo de<a href=\"https:\/\/uenf.br\/posgraduacao\/biociencias-biotecnologia\/wp-content\/uploads\/sites\/12\/2024\/12\/Edital_PDSE_PPGBB_UENF_2024_2.pdf\" target=\"_blank\" rel=\"noopener\"> inscri\u00e7\u00e3o na PGBB<\/a>: de <strong>17\/12\/2024 a 19\/01\/2025<\/strong><\/p>\n<p style=\"padding-left: 40px\">Divulga\u00e7\u00e3o do resultado: at\u00e9<strong> 24\/01\/2025<\/strong><\/p>\n<p>Sele\u00e7\u00e3o interna (na UENF) dos candidatos \u2013 at\u00e9 <strong>30 de janeiro de 2025<\/strong>.<\/p>\n<p>Inicio das atividades no exterior <strong>Setembro e Outubro de 2025.<\/strong><\/p>\n<p>Confere o Editais especificando os requisitos e o calend\u00e1rio completo abaixo:<\/p>\n<ul>\n<li><span style=\"color: #333399\"><strong><a style=\"color: #333399\" href=\"https:\/\/uenf.br\/posgraduacao\/biociencias-biotecnologia\/wp-content\/uploads\/sites\/12\/2024\/12\/Edital_PDSE_PPGBB_UENF_2024_2.pdf\" target=\"_blank\" rel=\"noopener\">Edital_PDSE_PPGBB_UENF_2024_2<\/a><\/strong><\/span><\/li>\n<li><span style=\"color: #0b68ba\"><a style=\"color: #0b68ba\" href=\"https:\/\/uenf.br\/posgraduacao\/biociencias-biotecnologia\/wp-content\/uploads\/sites\/12\/2024\/12\/SEI_86774913_Edital_de_Selecao_2024-2.pdf\" target=\"_blank\" rel=\"noopener\">Edital PDSE PROPPG UENF<\/a><\/span><\/li>\n<li><span style=\"color: #0b68ba\"><a class=\"internal-link\" style=\"color: #0b68ba\" title=\"\" href=\"https:\/\/www.gov.br\/capes\/pt-br\/centrais-de-conteudo\/editais\/14102024_Edital_2477735_SEI_2477608_Edital_N__26_2024.pdf\" target=\"_blank\" rel=\"noopener\" data-tippreview-image=\"\" data-tippreview-title=\"\" data-tippreview-enabled=\"false\">Edital n\u00ba 26\/2024 &#8211; Programa Institucional de Doutorado Sandu\u00edche no Exterior (PDSE) &#8211; Retifica\u00e7\u00e3o &#8211; formato, pdf, 48kb<\/a><\/span><\/li>\n<li><span style=\"color: #0b68ba\"><a class=\"internal-link\" style=\"color: #0b68ba\" title=\"\" href=\"https:\/\/www.gov.br\/capes\/pt-br\/centrais-de-conteudo\/editais\/08102024_Edital_2474014_SEI_2472849_Edital_26_2024.pdf\" target=\"_blank\" rel=\"noopener\" data-tippreview-image=\"\" data-tippreview-title=\"\" data-tippreview-enabled=\"false\">Edital n\u00ba 26\/2024 &#8211; Programa Institucional de Doutorado Sandu\u00edche no Exterior (PDSE)- formato, pdf, 135<\/a><\/span><\/li>\n<li><span style=\"color: #000000\"><a class=\"internal-link\" style=\"color: #000000\" title=\"\" href=\"https:\/\/www.gov.br\/capes\/pt-br\/centrais-de-conteudo\/editais\/08102024_Edital_2391753_Anexo_I___Termo_de_Outorga___1_.pdf\" target=\"_self\" data-tippreview-image=\"\" data-tippreview-title=\"\" data-tippreview-enabled=\"false\">Anexo I &#8211; Termo de Outorga e Aceite de Bolsa &#8211; formato, pdf, 238kb<\/a><\/span><\/li>\n<li><span style=\"color: #000000\"><a class=\"internal-link\" style=\"color: #000000\" title=\"\" href=\"https:\/\/www.gov.br\/capes\/pt-br\/centrais-de-conteudo\/editais\/08102024_Edital_2391760_Anexo_II___Declaracao_Reconhecimento_da_Fluencia_Linguistica_do_cooorientador_no_exterior__1_.pdf\" target=\"_self\" data-tippreview-image=\"\" data-tippreview-title=\"\" data-tippreview-enabled=\"false\">Anexo II &#8211; Declara\u00e7\u00e3o de Reconhecimento de Flu\u00eancia Lingu\u00edstica Institui\u00e7\u00e3o no Exterior &#8211; formato, pdf, 38kb<\/a><\/span><\/li>\n<li><span style=\"color: #000000\"><a class=\"internal-link\" style=\"color: #000000\" title=\"\" href=\"https:\/\/www.gov.br\/capes\/pt-br\/centrais-de-conteudo\/editais\/08102024_Edital_2391761_Anexo_III___Declaracao_Reconhecimento_da_Fluencia___Orient_Brasileiro.pdf\" target=\"_blank\" rel=\"noopener\" data-tippreview-image=\"\" data-tippreview-title=\"\" data-tippreview-enabled=\"false\">Anexo III &#8211; Declara\u00e7\u00e3o de Reconhecimento de Flu\u00eancia Lingu\u00edstica Institui\u00e7\u00e3o Brasileira &#8211; formato, pdf, 114kb<\/a><\/span><\/li>\n<li><span style=\"color: #000000\"><a class=\"internal-link\" style=\"color: #000000\" title=\"\" href=\"https:\/\/www.gov.br\/capes\/pt-br\/centrais-de-conteudo\/editais\/08102024_Edital_2391763_Anexo_IV__Proficiencia_2024.pdf\" target=\"_blank\" rel=\"noopener\" data-tippreview-image=\"\" data-tippreview-title=\"\" data-tippreview-enabled=\"false\">Anexo IV &#8211; Requisito de Profici\u00eancia em L\u00edngua Estrangeira &#8211; formato, pdf, 85kb<\/a><\/span><\/li>\n<li><span style=\"color: #000000\"><a class=\"internal-link\" style=\"color: #000000\" title=\"\" href=\"https:\/\/www.gov.br\/capes\/pt-br\/centrais-de-conteudo\/editais\/08102024_Edital_2391765_Anexo_V___MODELO_DA_DECLARACAO_DO_COORIENTADOR_NO_EXTERIOR_.pdf\" target=\"_blank\" rel=\"noopener\" data-tippreview-image=\"\" data-tippreview-title=\"\" data-tippreview-enabled=\"false\">Anexo V &#8211; Modelo da Carta do Coorientador no Exterior &#8211; formato, pdf, 88kb<\/a><\/span><\/li>\n<\/ul>\n<\/div>\n","protected":false},"excerpt":{"rendered":"<p>PROGRAMA DE DOUTORADO SANDU\u00cdCHE NO EXTERIOR (PDSE CAPES) Per\u00edodo de inscri\u00e7\u00e3o na PGBB: de 17\/12\/2024 a 19\/01\/2025 Divulga\u00e7\u00e3o do resultado:&#8230;<\/p>\n","protected":false},"author":25,"featured_media":0,"parent":86,"menu_order":0,"comment_status":"closed","ping_status":"closed","template":"","meta":{"footnotes":""},"class_list":["post-3838","page","type-page","status-publish","hentry"],"_links":{"self":[{"href":"https:\/\/uenf.br\/posgraduacao\/biociencias-biotecnologia\/wp-json\/wp\/v2\/pages\/3838","targetHints":{"allow":["GET"]}}],"collection":[{"href":"https:\/\/uenf.br\/posgraduacao\/biociencias-biotecnologia\/wp-json\/wp\/v2\/pages"}],"about":[{"href":"https:\/\/uenf.br\/posgraduacao\/biociencias-biotecnologia\/wp-json\/wp\/v2\/types\/page"}],"author":[{"embeddable":true,"href":"https:\/\/uenf.br\/posgraduacao\/biociencias-biotecnologia\/wp-json\/wp\/v2\/users\/25"}],"replies":[{"embeddable":true,"href":"https:\/\/uenf.br\/posgraduacao\/biociencias-biotecnologia\/wp-json\/wp\/v2\/comments?post=3838"}],"version-history":[{"count":0,"href":"https:\/\/uenf.br\/posgraduacao\/biociencias-biotecnologia\/wp-json\/wp\/v2\/pages\/3838\/revisions"}],"up":[{"embeddable":true,"href":"https:\/\/uenf.br\/posgraduacao\/biociencias-biotecnologia\/wp-json\/wp\/v2\/pages\/86"}],"wp:attachment":[{"href":"https:\/\/uenf.br\/posgraduacao\/biociencias-biotecnologia\/wp-json\/wp\/v2\/media?parent=3838"}],"curies":[{"name":"wp","href":"https:\/\/api.w.org\/{rel}","templated":true}]}}