{"id":3909,"date":"2025-02-10T14:58:19","date_gmt":"2025-02-10T17:58:19","guid":{"rendered":"https:\/\/uenf.br\/posgraduacao\/biociencias-biotecnologia\/?page_id=3909"},"modified":"2025-12-16T14:50:37","modified_gmt":"2025-12-16T17:50:37","slug":"2025-2","status":"publish","type":"page","link":"https:\/\/uenf.br\/posgraduacao\/biociencias-biotecnologia\/teses-defendidas\/2025-2\/","title":{"rendered":"2025"},"content":{"rendered":"<p><strong>TESES DEFENDIDAS 2025:<\/strong><\/p>\n<ul>\n<li>Clique no autor para acessar a tese completa:<\/li>\n<\/ul>\n<p><strong>1 &#8211; <a href=\"https:\/\/uenf.br\/posgraduacao\/biociencias-biotecnologia\/wp-content\/uploads\/sites\/12\/2025\/09\/YURI-SCHEIDEGGER-DE-CASTRO.pdf\">YURI SCHEIDEGGER DE CASTRO<\/a><\/strong><\/p>\n<p><strong>Data:<\/strong> 29\/01\/2025<\/p>\n<p><strong>T\u00edtulo:<\/strong> \u201cAVALIA\u00c7\u00c3O DO PAPEL DE LINF\u00d3CITOS T CD8 BRIGHT\/DIM NA HANSEN\u00cdASE.\u201d<\/p>\n<p><strong>Orientador:<\/strong> Dr\u00aa Alba Luc\u00ednia Peixoto Rangel \u2013 LBR\/UENF<\/p>\n<p><strong>Banca:<\/strong> Dr\u00aa Andrea Cristina V. Arnholdt \u2013 UENF<br \/>\nDr\u00aa Elena Lassounskaia \u2013 UENF<br \/>\nDr\u00aa L\u00e9a Cristina de Carvalho Castellucci \u2013 UFB<\/p>\n<p>__________________________________________________________________<\/p>\n<p><strong>2- <a href=\"https:\/\/uenf.br\/posgraduacao\/biociencias-biotecnologia\/wp-content\/uploads\/sites\/12\/2025\/03\/TESE-DOUGLAS-RIBEIRO-LUCAS-FINAL_compressed.pdf\">DOUGLAS RIBEIRO LUCAS<\/a><\/strong><\/p>\n<p><strong>Data: <\/strong>27\/02\/2025<\/p>\n<p><strong>T\u00edtulo:<\/strong> \u201cPEPT\u00cdDEOS BIOINSPIRADOS: ESTUDO DA INTERA\u00c7\u00c3O E O MECANISMO DE A\u00c7\u00c3O SOBRE LEVEDURAS PATOG\u00caNICAS.\u201d<\/p>\n<p><strong>Orientador:<\/strong> Dr\u00aa Alba Luc\u00ednia Peixoto Rangel \u2013 LBR\/UENF<\/p>\n<p><strong>Banca:<\/strong> Dr. Andr\u00e9 de Oliveira Carvalho \u2013 LFBM\/UENF<\/p>\n<p>Dr. Lu\u00eds Guilherme Mansor Basso \u2013 CCT\/UENF<\/p>\n<p>Dr. S\u00e9rgio Henrique Seabra \u2013 UENF<\/p>\n<p>Dr\u00aa Adriana Ferreira Uch\u00f4a \u2013 UFRN<\/p>\n<p>________________________________________________________________<\/p>\n<p><strong>3- <a href=\"https:\/\/uenf.br\/posgraduacao\/biociencias-biotecnologia\/wp-content\/uploads\/sites\/12\/2025\/08\/2025Tese-versao-final_Ana-Caroline-Mafra_UENF_PGBB.pdf\">ANA CAROLINE MAFRA BEZERRA<\/a><\/strong><\/p>\n<p><strong>Data:<\/strong> 28\/05\/2025<\/p>\n<p><strong>T\u00edtulo: &#8220;<\/strong>ADENOCARCINOMA PANCRE\u00c1TICO: AN\u00c1LISES BIOL\u00d3GICAS, IN VITRO, COM COMPOSTO DE COORDENA\u00c7\u00c3O DE COBRE E O ESTABELECIMENTO DE CULTIVO CELULAR DE C\u00c9LULAS TRONCO TUMORAIS ORIUNDAS DE UM MODELO HETEROT\u00cdPICO XENOGR\u00c1FICO&#8221;<\/p>\n<p><strong>Orientador:<\/strong> Milton Masahiko Kanashiro<\/p>\n<p><strong>Banca:<\/strong> Dr. Franz Viana Borges &#8211; IFF<\/p>\n<p>Dr. Sergio Henrique Seabra &#8211; UENF<\/p>\n<p>Dr. Rebeka da Concei\u00e7\u00e3o Souza<\/p>\n<p>_______________________________________________________________<\/p>\n<p><strong>4 &#8211; <a href=\"https:\/\/uenf.br\/posgraduacao\/biociencias-biotecnologia\/wp-content\/uploads\/sites\/12\/2025\/11\/Sara.pdf\">SARA N\u00c1LLIA DE OLIVEIRA COSTA<\/a><\/strong><\/p>\n<p><strong>Data:<\/strong> 27\/08\/2025<\/p>\n<p><strong>T\u00edtulo: &#8221;\u00a0<\/strong>RESPOSTAS MORFOL\u00d3GICAS E BIOQU\u00cdMICAS DE ESP\u00c9CIES DO G\u00caNERO PSIDIUM \u00c0 INFEC\u00c7\u00c3O POR MELOIDOGYNE ENTEROLOBII&#8221;<\/p>\n<p><strong>Orientador:<\/strong> Dr. K\u00e1tia Valevski Sales Fernandes &#8211; LQFPP\/UENF<\/p>\n<p>Dr. Juliana Martins Ribeiro &#8211; EMBRAPA<\/p>\n<p><strong>Banca:<\/strong><\/p>\n<p>Dr. Ana Eliza Zeraik &#8211; UENF<\/p>\n<p>Dr. Felipe Astolpho de Almeida &#8211; UENF<\/p>\n<p>Dr. Daniel Bas\u00edlio Zandonadi &#8211; UFRJ<\/p>\n<p>________________________________________________________________<\/p>\n<p><strong>5 &#8211; <a href=\"https:\/\/uenf.br\/posgraduacao\/biociencias-biotecnologia\/wp-content\/uploads\/sites\/12\/2025\/11\/Tese-Leticia-Lanes-Ferreira-Cunha.pdf\">LET\u00cdCIA LANES FERREIRA CUNHA<\/a><\/strong><\/p>\n<p><strong>Data:<\/strong> 29\/08\/2025<\/p>\n<p><strong>T\u00edtulo:<\/strong> &#8220;ARQUITETURA E FUNCIONAMENTO HIDR\u00c1ULICO DE ARVORES EM GRADIENTE DE RESTINGA&#8221;.<\/p>\n<p><strong>Orientador:<\/strong> Dra. Maura da Cunha &#8211; LBCT\/UENF<\/p>\n<p>Dra. Priscila Fernanda Simioni &#8211; UENF<\/p>\n<p><strong>Banca:<\/strong><\/p>\n<p>Dra. Helena Regina Pinto Lima &#8211; UFRRJ<\/p>\n<p>Dra. Valdirene Moreira Gomes &#8211; UENF<\/p>\n<p>Dr. Jo\u00e3o Victor de Souza Castelar &#8211; UERJ<\/p>\n<p>_________________________________________________________<\/p>\n<p><strong>6 &#8211; <a href=\"https:\/\/uenf.br\/posgraduacao\/biociencias-biotecnologia\/wp-content\/uploads\/sites\/12\/2025\/11\/KARLA_OLIVEIRA_TESE_2025.pdf\">KARLA LIVRAMENTO MENDON\u00c7A DE SOUZA OLIVEIRA<\/a><\/strong><\/p>\n<p><strong>T\u00edtulo:<\/strong> &#8220;ESTUDO DO USO DE PELE ARTIFICIAL CONSTRU\u00cdDA POR BIOIMPRESS\u00c3I 3D PARA TRATAMENTOS DE \u00daLCERAS EM RAROS, C\u00c3ES E GATOS.&#8221;<\/p>\n<p><strong>Orientador:<\/strong> Dr. Sergio Henrique Seabra &#8211; LBCT\/UENF<\/p>\n<p>Dr. Renato Augusto DaMatta<\/p>\n<p><strong>Banca:<\/strong><\/p>\n<p>Dra. Bruna Romana de Souza &#8211; UERJ<\/p>\n<p>Dra. Tainara Micaele Bezerra Peixoto &#8211; UENF<\/p>\n<p>Dr. Cl\u00f3vis de Paulo Santos &#8211; UENF<\/p>\n<p>Dr. Jefferson Rodrigues de Souza &#8211; UENF<\/p>\n<p>____________________________________________________________<\/p>\n<p><strong>7 &#8211; <a href=\"https:\/\/uenf.br\/posgraduacao\/biociencias-biotecnologia\/wp-content\/uploads\/sites\/12\/2025\/11\/RENATA-VASCONCELOS-M-FREITAS.pdf\">RENATA VASCONCELOS MOREIRA FREITAS\u00a0<\/a><\/strong><\/p>\n<p><strong>Data:<\/strong> 02\/09\/2025<\/p>\n<p><strong>T\u00edtulo:<\/strong> &#8220;COMPLEXOS MET\u00c1LICOS NO TRATAMENTO DE INFEC\u00c7\u00d5ES DO T<em>OXOPLASMA GONDII<\/em><\/p>\n<p><em>IN VITRO<\/em>.&#8221;<\/p>\n<p><strong>Orientador:<\/strong> Dr. Sergio Henrique Seabra &#8211; LBCT\/UENF<\/p>\n<p><strong>Banca:<\/strong><\/p>\n<p>Dra. Rossiane Claudia Vommaro &#8211; UFRJ<\/p>\n<p>Dr. Milton Masaiko Kanashiro &#8211; UENF<\/p>\n<p>Dr. Cl\u00f3vis de Paula Santos &#8211; UENF<\/p>\n<p>_______________________________________________________________<\/p>\n<p><strong>8 &#8211; <a href=\"https:\/\/uenf.br\/posgraduacao\/biociencias-biotecnologia\/wp-content\/uploads\/sites\/12\/2025\/12\/Resumo_Abstract_Tese_DADDaphne.pdf\">DAPHNE ALVES DIAS<\/a><\/strong><\/p>\n<p><strong>Data:<\/strong> 03\/09\/2025<\/p>\n<p><strong>T\u00edtulo:<\/strong> &#8220;CURCUMINA COMO MODULADOR MULTIFUNCIONAL DA PROLIFERA\u00c7\u00c3O E DIVIS\u00c3O CELULAR: MEMBRANA PLASM\u00c1TICA COMO ALVO PRIM\u00c1RIO E REFLEXOS SOBRE DIN\u00c2MICA ORGANELAR E FLUXOS DE H+ E Ca2+ EM LEVEDURA DE FISS\u00c3O COMO MODELO.&#8221;<\/p>\n<p><strong>Orientador:<\/strong> Dra. Anna L. Okorokova Fa\u00e7anha &#8211; LFBM\/UENF<\/p>\n<p><strong>Banca:<\/strong><\/p>\n<p>Dr. Andr\u00e9 de Oliveira Carvalho &#8211; UENF<\/p>\n<p>Dr. Ant\u00f4nio Jesus Dorighetto Cogo &#8211; UENF<\/p>\n<p>Dr. Claudio Akio Masuda &#8211; UFRJ<\/p>\n<p>_________________________________________________________<\/p>\n<p><strong>9 &#8211; <a href=\"https:\/\/uenf.br\/posgraduacao\/biociencias-biotecnologia\/wp-content\/uploads\/sites\/12\/2025\/12\/RESUMO_ABSTRACT-taynan.pdf\">TAYNAN MOTTA PORTAL<\/a><\/strong><\/p>\n<p><strong>Data:<\/strong> 22\/10\/2025<\/p>\n<p><strong>T\u00edtulo:<\/strong> &#8220;AN\u00c1LISE DO MECANISMO DE A\u00c7\u00c3O DOS GLICOSAMINOGLICANOS SOB ASPECTOS DA NEURORREGENERA\u00c7\u00c3O E NEUROPROTE\u00c7\u00c3O EM MODELO DE ASC\u00cdDIA.&#8221;<\/p>\n<p><strong>Orientador: <\/strong>Dr\u00aa Cintia Monteiro de Barros \u00a0\u2013 UFRJ\/UENF<\/p>\n<p><strong>Banca:<\/strong><\/p>\n<p>Dr\u00aa Nelilma Correia Romeiro \u00a0\u2013 UFRJ<\/p>\n<p>Dr\u00aa Michelle Fraz\u00e3o Muzitano &#8211; UFRJ\/UENF<\/p>\n<p>Dr. Pedro Moreno Pimentel Coelho &#8211; UFRJ<\/p>\n","protected":false},"excerpt":{"rendered":"<p>TESES DEFENDIDAS 2025: Clique no autor para acessar a tese completa: 1 &#8211; YURI SCHEIDEGGER DE CASTRO Data: 29\/01\/2025 T\u00edtulo:&#8230;<\/p>\n","protected":false},"author":25,"featured_media":0,"parent":1229,"menu_order":0,"comment_status":"closed","ping_status":"closed","template":"","meta":{"footnotes":""},"class_list":["post-3909","page","type-page","status-publish","hentry"],"_links":{"self":[{"href":"https:\/\/uenf.br\/posgraduacao\/biociencias-biotecnologia\/wp-json\/wp\/v2\/pages\/3909","targetHints":{"allow":["GET"]}}],"collection":[{"href":"https:\/\/uenf.br\/posgraduacao\/biociencias-biotecnologia\/wp-json\/wp\/v2\/pages"}],"about":[{"href":"https:\/\/uenf.br\/posgraduacao\/biociencias-biotecnologia\/wp-json\/wp\/v2\/types\/page"}],"author":[{"embeddable":true,"href":"https:\/\/uenf.br\/posgraduacao\/biociencias-biotecnologia\/wp-json\/wp\/v2\/users\/25"}],"replies":[{"embeddable":true,"href":"https:\/\/uenf.br\/posgraduacao\/biociencias-biotecnologia\/wp-json\/wp\/v2\/comments?post=3909"}],"version-history":[{"count":0,"href":"https:\/\/uenf.br\/posgraduacao\/biociencias-biotecnologia\/wp-json\/wp\/v2\/pages\/3909\/revisions"}],"up":[{"embeddable":true,"href":"https:\/\/uenf.br\/posgraduacao\/biociencias-biotecnologia\/wp-json\/wp\/v2\/pages\/1229"}],"wp:attachment":[{"href":"https:\/\/uenf.br\/posgraduacao\/biociencias-biotecnologia\/wp-json\/wp\/v2\/media?parent=3909"}],"curies":[{"name":"wp","href":"https:\/\/api.w.org\/{rel}","templated":true}]}}