{"id":3918,"date":"2025-02-10T15:06:08","date_gmt":"2025-02-10T18:06:08","guid":{"rendered":"https:\/\/uenf.br\/posgraduacao\/biociencias-biotecnologia\/?page_id=3918"},"modified":"2025-12-12T16:24:36","modified_gmt":"2025-12-12T19:24:36","slug":"2025-3","status":"publish","type":"page","link":"https:\/\/uenf.br\/posgraduacao\/biociencias-biotecnologia\/teses-defendidas-2\/2025-3\/","title":{"rendered":"Ano 2025"},"content":{"rendered":"<p><strong>Disserta\u00e7\u00e3o 2025<\/strong><\/p>\n<ul>\n<li>Clique no autor para acessar a disserta\u00e7\u00e3o completa:<\/li>\n<\/ul>\n<p><strong>1 &#8211; <a href=\"https:\/\/uenf.br\/posgraduacao\/biociencias-biotecnologia\/wp-content\/uploads\/sites\/12\/2025\/09\/ALLAN-DA-SILVA-CONCEICAO.pdf\">ALLAN DA SILVA CONCEI\u00c7\u00c3O<\/a><\/strong><\/p>\n<p><strong>Data:<\/strong> 11\/02\/2025<\/p>\n<p><strong>T\u00edtulo:<\/strong> \u201cAN\u00c1LISE DA EFIC\u00c1CIA in vivo DE PEPT\u00cdDEO ANTIMICROBIANO BIOINSPIRADO NO \u03b3-<br \/>\nCORE DA DEFENSINA DA PLANTA Vigna unguiculata EM MODELO DE INFEC\u00c7\u00c3O COM Candida<br \/>\nalbicans NO INSETO Galleria mellonella.\u201d<\/p>\n<p><strong>Orientador:<\/strong> Dr. Andr\u00e9 de Oliveira Carvalho \u2013 UENF<\/p>\n<p><strong>Banca:<\/strong> Dr\u00aa Ana Eliza Zeraik \u2013 UENF<br \/>\nDr. Ant\u00f4nio Jesus Dorighetto Cogo \u2013 UENF<br \/>\nDr\u00aa Desiely Silva Gusm\u00e3o Taouil \u2013 IFF<\/p>\n<p>______________________________________________________________________<\/p>\n<p><strong>2 &#8211; <a href=\"https:\/\/uenf.br\/posgraduacao\/biociencias-biotecnologia\/wp-content\/uploads\/sites\/12\/2025\/09\/VIVIANE-MOITIM-PEREIRA.pdf\">VIVIANE MOITIM PEREIRA<\/a><\/strong><\/p>\n<p><strong>Data:<\/strong> 20\/02\/2025<\/p>\n<p><strong>T\u00edtulo:<\/strong> \u201cAtividade nematicida do \u00f3leo essencial de aroeira vermelha (Schinus terebint hif olia<br \/>\nRaddi) e limoneno contra nematoides gastrintestinais de ovinos.\u201d<\/p>\n<p><strong>Orientador<\/strong>: Dr. Cl\u00f3vis de Paula Santos \u2013 UENF<\/p>\n<p><strong>Banca:<\/strong> Dr\u00aa Aleksandra Menezes de Oliveira \u2013 UFRJ\/MACA\u00c9<br \/>\nDr. Silv\u00e9rio de Paiva Freitas \u2013 UENF<br \/>\nDr. Francimar Fernandes Gomes \u2013 UENF<\/p>\n<p>____________________________________________________________________<\/p>\n<p><strong>3 &#8211; <a href=\"https:\/\/uenf.br\/posgraduacao\/biociencias-biotecnologia\/wp-content\/uploads\/sites\/12\/2025\/09\/ANA-LUIZA-DA-CONCEICAO-SILVA.pdf\">ANA LUIZA DA CONCEI\u00c7\u00c3O SILVA<\/a><\/strong><\/p>\n<p><strong>Data:<\/strong> 20\/02\/2025<\/p>\n<p><strong>T\u00edtulo:<\/strong> \u201cAtributos anat\u00f4micos e sua rela\u00e7\u00e3o com a ocorr\u00eancia de esp\u00e9cies de<br \/>\nMelastomataceae em \u00e1reas sob diferentes condi\u00e7\u00f5es ambientais.\u201d<\/p>\n<p><strong>Orientador:<\/strong> Dr\u00aa Maura da Cunha \u2013 UENF<br \/>\nDr\u00aa Lais de Almeida Bezerra \u2013 UENF<\/p>\n<p><strong>Banca:<\/strong> Dr\u00aa Helena Regina Pinto Lima \u2013 UFRRJ<br \/>\nDr\u00aa C\u00e1tia Callado \u2013 UERJ<br \/>\nDr\u00aa Priscila Fernanda Simioni \u2013 UENF<\/p>\n<p>___________________________________________________________________<\/p>\n<p><strong>4 &#8211; <a href=\"https:\/\/uenf.br\/posgraduacao\/biociencias-biotecnologia\/wp-content\/uploads\/sites\/12\/2025\/09\/JULIANA-CARDOSO-PESSANHA.pdf\">JULIANA CARDOSO PESSANHA<\/a><\/strong><\/p>\n<p><strong>Data:<\/strong> 25\/02\/2025<\/p>\n<p><strong>T\u00edtulo:<\/strong> \u201cPERFIL IMUNOL\u00d3GICO ASSOCIADO \u00c0 AN\u00c1LISE COMPORTAMENTAL DE<br \/>\nCAMUNDONGOS INFECTADOS COM CEPA N\u00c3O CLONAL VIRULENTA DE Toxoplasma gondii.\u201d<\/p>\n<p><strong>Orientador:<\/strong> Dr\u00aa Alba Luc\u00ednia Peixoto Rangel \u2013 UENF<\/p>\n<p><strong>Banca:<\/strong> Dr\u00aa Andrea Cristina Vet\u00f6 Arnholdt \u2013 UENF<br \/>\nDr. Milton Masahiko Kanashiro \u2013 UENF<br \/>\nDr. Edwards Fraz\u00e3o Teixeira \u2013 FIOCRUZ<\/p>\n<p>____________________________________________________________________<\/p>\n<p><strong>5 &#8211; <a href=\"https:\/\/uenf.br\/posgraduacao\/biociencias-biotecnologia\/wp-content\/uploads\/sites\/12\/2025\/09\/IGOR-NASCIMENTO-DE-CARVALHO.pdf\">IGOR NASCIMENTO DE CARVALHO<\/a><\/strong><\/p>\n<p><strong>Data<\/strong>: 25\/02\/2025<\/p>\n<p><strong>T\u00edtulo:<\/strong> \u201cAn\u00e1lise das tiol peroxidases Ohr, OsmC e Gpx na virul\u00eancia de Pseudomonas<br \/>\naeruginosa utilizando como modelo de infec\u00e7\u00e3o larvas de Galleria mellonella.\u201d<\/p>\n<p><strong>Orientador:<\/strong> Dr. Diogo de Abreu Meireles \u2013 UENF<\/p>\n<p><strong>Banca:<\/strong> Dr\u00aa Ana Eliza Zeraik \u2013 UENF<br \/>\nDr. Ant\u00f4nio Jesus D. Cogo \u2013 UENF<br \/>\nDr. Fernando Gomes \u2013 USP<\/p>\n<p>___________________________________________________________________<\/p>\n<p><strong>6 &#8211; <a href=\"https:\/\/uenf.br\/posgraduacao\/biociencias-biotecnologia\/wp-content\/uploads\/sites\/12\/2025\/09\/PEDRO-IGOR-ARAUJO-ZOCATELI.pdf\">PEDRO IGOR ARA\u00daJO ZOCATELI<\/a><\/strong><\/p>\n<p><strong>Data:<\/strong> 25\/02\/2025<\/p>\n<p><strong>T\u00edtulo:<\/strong> \u201cEfeito da hipometila\u00e7\u00e3o na intera\u00e7\u00e3o de milho com bact\u00e9rias promotoras do<br \/>\ncrescimento vegetal.\u201d<\/p>\n<p><strong>Orientador:<\/strong> Dr\u00aa Cl\u00edcia Grativol Gaspar de Matos \u2013 UENF<\/p>\n<p><strong>Banca:<\/strong> Dr\u00aa \u00c9rica de Oliveira Mello \u2013 UENF<br \/>\nDr\u00aa Ana Claudia Guerra Ara\u00fajo \u2013 EMBRAPA<br \/>\nDr. Daniel Bas\u00edlio Zandonadi \u2013 UVV<\/p>\n<p>__________________________________________________________________<\/p>\n<p><strong>7 &#8211; <a href=\"https:\/\/uenf.br\/posgraduacao\/biociencias-biotecnologia\/wp-content\/uploads\/sites\/12\/2025\/09\/CAROLINE-BITTENCOURT-MIRANDA.pdf\">CAROLINE BITTENCOURT MIRANDA<\/a><\/strong><\/p>\n<p><strong>Data<\/strong>: 26\/02\/2025<\/p>\n<p><strong>T\u00edtulo:<\/strong> \u201cEfeito do Diflubenzuron sobre larvas de nematoides gastrintestinais de equinos e<br \/>\novinos.\u201d<\/p>\n<p><strong>Orientador:<\/strong> Dr. Cl\u00f3vis de Paula Santos \u2013 UENF<\/p>\n<p><strong>Banca:<\/strong> Dr. Deivid Fran\u00e7a Freitas \u2013 UENF<br \/>\nDr. Fernando de Almeida Borges \u2013 UFMS<br \/>\nDr. Renato Augusto DaMatta \u2013 UENF<\/p>\n<p>___________________________________________________________________<\/p>\n<p><strong>8- <a href=\"https:\/\/uenf.br\/posgraduacao\/biociencias-biotecnologia\/wp-content\/uploads\/sites\/12\/2025\/09\/MIGUEL-EDUARDO-SALAZARA-AURICH.pdf\">MIGUEL EDUARDO SALAZARA AURICH<\/a><\/strong><\/p>\n<p><strong>Data:<\/strong> 26\/02\/2025<br \/>\n<strong>T\u00edtulo:<\/strong> \u201cEfeito da composi\u00e7\u00e3o lip\u00eddica e de \u00edons c\u00e1lcio na estrutura e fun\u00e7\u00e3o<br \/>\ndos pept\u00eddeos de fus\u00e3o do SARS-CoV-2.\u201d<\/p>\n<p><strong>Orientador:<\/strong> Dr. Lu\u00eds Guilherme Mansor Basso \u2013 UENF<\/p>\n<p><strong>Banca:<\/strong><\/p>\n<p>Dr. Andr\u00e9 de Oliveira Carvalho \u2013 UENF<br \/>\nDr. Luis Felipe Santos Mendes \u2013 USP<br \/>\nDr. Italo Augusto Cavini \u2013 USP<\/p>\n<p>___________________________________________________________________<\/p>\n<p><strong>8- <a href=\"https:\/\/uenf.br\/posgraduacao\/biociencias-biotecnologia\/wp-content\/uploads\/sites\/12\/2025\/08\/2025-Dissertac\u0327a\u0303o-Versa\u0303o-Final-Jose\u0301-Francisco-Marques-Cardoso.pdf\">\u00a0JOS\u00c9 FRANCISCO MARQUES CARDOSO<\/a><\/strong><\/p>\n<p><strong>Data:<\/strong> 28\/05\/2025<br \/>\n<strong>T\u00edtulo:<\/strong> \u201cA INFLU\u00caNCIA DO KICKBOXING NOS N\u00cdVEIS DE ANSIEDADE E<br \/>\nESTRESSE EM ESTUDANTES DA UENF\u201d<\/p>\n<p><strong>Orientador:<\/strong>Dr\u00aa. Olga Lima Tavares Machado<\/p>\n<p><strong>Banca:<\/strong><\/p>\n<p>Dr. Arnoldo Rocha Fa\u00e7anha \u2013 UENF<\/p>\n<p>Dr. Ant\u00f4nio Jesus\u00a0 Doriguetto Cogo\u00a0 \u2013 UENF<\/p>\n<p>Dr. Rafael Carvalho da Silva Mocarzel &#8211;\u00a0 Universidade Federal de S\u00e3o Paulo &#8211; UNIFESP<\/p>\n<p>___________________________________________________________________<\/p>\n<p><strong>9- <a href=\"https:\/\/uenf.br\/posgraduacao\/biociencias-biotecnologia\/wp-content\/uploads\/sites\/12\/2025\/08\/2025DISSERTACAO-VICTORIA-benazio-da-silvaversao-final-com-ficha.pdf\">\u00a0VICTORIA BENAZIO DA SILVA<\/a><\/strong><\/p>\n<p><strong>Data:<\/strong> 30\/05\/2025<br \/>\n<strong>T\u00edtulo:<\/strong> \u201cEFEITO DO FENTANIL EM RATOS NA SENSIBILIZA\u00c7\u00c3O<br \/>\nCOMPORTAMENTAL, NA PREFER\u00caNCIA CONDICIONADA POR<br \/>\nLUGAR E NA EXPRESS\u00c3O DA PROTE\u00cdNA ARC EM \u00c1REAS<br \/>\nENCEF\u00c1LICAS LIGADAS \u00c0 DEPEND\u00caNCIA QU\u00cdMICA.\u201d<\/p>\n<p><strong>Orientador:<\/strong> Dra. Marinete Pinheiro Carrera<\/p>\n<p><strong>Banca:<\/strong><\/p>\n<p>Dra. Alba Luc\u00ednia Peixoto Rangel\u00a0 \u2013 UENF<\/p>\n<p>Dr. Henrique Rocha Mendon\u00e7a- UFRJ-Maca\u00e9<\/p>\n<p>Dra. Rosemary Bastos- CCTA\/UENF<\/p>\n<p>_____________________________________________________________<br \/>\n<strong>10 &#8211; <a href=\"https:\/\/uenf.br\/posgraduacao\/biociencias-biotecnologia\/wp-content\/uploads\/sites\/12\/2025\/12\/PDF-Dissertac\u0327a\u0303o-Erika-Porto-versa\u0303o-correc\u0327a\u0303o-final-entrega-PGBB-1.pdf\">ERIKA FERREIRA DE MOURA PORTO<\/a><\/strong><\/p>\n<p><strong>Data:<\/strong> 28\/08\/2025<\/p>\n<p><strong>T\u00edtulo:<\/strong> &#8220;ASPECTOS CL\u00cdNICOS E GEN\u00c9TICOS DAS CARDIOPATIAS CONG\u00caNITAS N\u00c3O SINDR\u00d4MICAS EM UMA COORTE DE PACIENTES DO NORTE FLUMINENSE&#8221;<\/p>\n<p><strong>Orientador:<\/strong> Glauber Monteiro Dias &#8211; UENF<\/p>\n<p><strong>Banca:<\/strong><\/p>\n<p>Dr. Enrique Medina-Acosta &#8211; UENF<\/p>\n<p>Dr. Isaias Soares Paiva &#8211; UNIGRANRIO<\/p>\n<p>Dr. Arnoldo Rocha Fa\u00e7anha &#8211; UENF<\/p>\n<p>_______________________________________________________________<\/p>\n<p><strong>11 &#8211; <a href=\"https:\/\/uenf.br\/posgraduacao\/biociencias-biotecnologia\/wp-content\/uploads\/sites\/12\/2025\/12\/Isabela-Lohaine-da-Silva-Pereira-revisado.pdf\">ISABELA LOHAINE DA SILVA PEREIRA<\/a><\/strong><\/p>\n<p><strong>Data:<\/strong> 28\/04\/2025<\/p>\n<p><strong>T\u00edtulo:<\/strong> &#8220;ESTUDO DE MODULA\u00c7\u00c3O DA ATIVA\u00c7\u00c3O MICROBICIDA DOS MACR\u00d3FAGOS PELAS CEPAS DE\u00a0<em><i>Mycobacterium Kansasii<\/i><\/em>\u00a0PATOG\u00caNICAS.&#8221;<\/p>\n<p><strong>Orientador: <\/strong>Dr\u00aa Elena Lassounskaia\u00a0\u00a0\u00a0\u2013 UENF<\/p>\n<p><strong>Banca:<\/strong><\/p>\n<p>Dr. Glauber Monteiro Dias\u00a0\u00a0\u2013 UENF<\/p>\n<p>Dr\u00aa Rebeka da Concei\u00e7\u00e3o Souza\u00a0\u2013 UENF<\/p>\n<p>Dr\u00aa Giliane da Silva de Souza\u00a0\u2013 Imuno X-press<\/p>\n","protected":false},"excerpt":{"rendered":"<p>Disserta\u00e7\u00e3o 2025 Clique no autor para acessar a disserta\u00e7\u00e3o completa: 1 &#8211; ALLAN DA SILVA CONCEI\u00c7\u00c3O Data: 11\/02\/2025 T\u00edtulo: \u201cAN\u00c1LISE&#8230;<\/p>\n","protected":false},"author":25,"featured_media":0,"parent":277,"menu_order":0,"comment_status":"closed","ping_status":"closed","template":"","meta":{"footnotes":""},"class_list":["post-3918","page","type-page","status-publish","hentry"],"_links":{"self":[{"href":"https:\/\/uenf.br\/posgraduacao\/biociencias-biotecnologia\/wp-json\/wp\/v2\/pages\/3918","targetHints":{"allow":["GET"]}}],"collection":[{"href":"https:\/\/uenf.br\/posgraduacao\/biociencias-biotecnologia\/wp-json\/wp\/v2\/pages"}],"about":[{"href":"https:\/\/uenf.br\/posgraduacao\/biociencias-biotecnologia\/wp-json\/wp\/v2\/types\/page"}],"author":[{"embeddable":true,"href":"https:\/\/uenf.br\/posgraduacao\/biociencias-biotecnologia\/wp-json\/wp\/v2\/users\/25"}],"replies":[{"embeddable":true,"href":"https:\/\/uenf.br\/posgraduacao\/biociencias-biotecnologia\/wp-json\/wp\/v2\/comments?post=3918"}],"version-history":[{"count":0,"href":"https:\/\/uenf.br\/posgraduacao\/biociencias-biotecnologia\/wp-json\/wp\/v2\/pages\/3918\/revisions"}],"up":[{"embeddable":true,"href":"https:\/\/uenf.br\/posgraduacao\/biociencias-biotecnologia\/wp-json\/wp\/v2\/pages\/277"}],"wp:attachment":[{"href":"https:\/\/uenf.br\/posgraduacao\/biociencias-biotecnologia\/wp-json\/wp\/v2\/media?parent=3918"}],"curies":[{"name":"wp","href":"https:\/\/api.w.org\/{rel}","templated":true}]}}