{"id":4012,"date":"2025-02-11T15:12:30","date_gmt":"2025-02-11T18:12:30","guid":{"rendered":"https:\/\/uenf.br\/posgraduacao\/biociencias-biotecnologia\/?page_id=4012"},"modified":"2025-07-10T17:31:38","modified_gmt":"2025-07-10T20:31:38","slug":"teses-2023","status":"publish","type":"page","link":"https:\/\/uenf.br\/posgraduacao\/biociencias-biotecnologia\/teses-defendidas\/teses-2023\/","title":{"rendered":"Teses 2023"},"content":{"rendered":"<p><strong>Defesa de Tese 2023<\/strong><\/p>\n<ul>\n<li>Clique no autor para acessar a tese completa:<\/li>\n<\/ul>\n<p><strong>1- <a href=\"https:\/\/uenf.br\/posgraduacao\/biociencias-biotecnologia\/wp-content\/uploads\/sites\/12\/2025\/02\/FELIPE-FIGUEIROA-MOREIRA.pdf\">FELIPE FIGUEIR\u00d4A MOREIRA<\/a><\/strong><\/p>\n<p><strong>Data<\/strong>: 20\/03\/2023<\/p>\n<p><strong>T\u00edtulo:<\/strong> \u201cAVALIA\u00c7\u00c3O DOS COMPOSTOS DE COORDENA\u00c7\u00c3O DINUCLEARES DE FE(III) COM ATIVIDADE NANOMOLAR E ALTERA\u00c7\u00c3O ULTRAESTRUTURAL EM DIFERENTES FORMAS DE TRYPANOSOMA CRUZI.\u201d<\/p>\n<p><strong>Orientador:<\/strong> Dr. Sergio Henrique Seabra \u2013 LBCT\/UENF<\/p>\n<p><strong>Banca:<\/strong> Dr\u00aa Valdirene Moreira Gomes \u2013 UENF<\/p>\n<p>Dr. Milton Masahiko Kanashiro \u2013 UENF<\/p>\n<p>Dr. Kildare Rocha de Miranda \u2013 UFRJ<\/p>\n<p>_______________________________________________________________________________<\/p>\n<p><strong>2- <a href=\"https:\/\/uenf.br\/posgraduacao\/biociencias-biotecnologia\/wp-content\/uploads\/sites\/12\/2025\/02\/DHIEGO-DA-SILVA-OLIVEIRA.pdf\">DHIEGO DA SILVA OLIVEIRA<\/a><\/strong><\/p>\n<p><strong>Data:<\/strong> 28\/08\/2023<\/p>\n<p><strong>T\u00edtulo <\/strong>\u201cABORDAGEM INTEGRATIVA DE ATRIBUTOS FUNCIONAIS DE PLANTAS NA MATA ATL\u00c2NTICA EM DIFERENTES N\u00cdVEIS ORGANIZACIONAIS.\u201d<\/p>\n<p><strong>Orientador:<\/strong> Dr\u00aa Maura da Cunha \u2013 LBCT\/UENF<\/p>\n<p><strong>Banca:<\/strong> Dr\u00aa La\u00eds de Almeida Bezerra \u2013 UENF<\/p>\n<p>Dr\u00aa Cl\u00e1udia Franca Barros \u2013 JBRJ<\/p>\n<p>Dr. F\u00e1bio Lopes Olivares \u2013 UENF<\/p>\n<p>_____________________________________________________________________<\/p>\n<p><strong>3- <a href=\"https:\/\/uenf.br\/posgraduacao\/biociencias-biotecnologia\/wp-content\/uploads\/sites\/12\/2025\/02\/TATIANA-DE-MORAIS-LODI.pdf\">TATIANA DE MORAIS LODI<\/a><\/strong><\/p>\n<p><strong>Data:<\/strong> 29\/08\/2023<\/p>\n<p><strong>T\u00edtulo<\/strong> \u201cPROSPEC\u00c7\u00c3O DE UMA IMUNOTERAPIA PARA O TRATAMENTO DE ALERGIAS ALIMENTARES E ABORDAGENS EXPERIMENTAIS BASEADAS EM ESTUDOS IN S\u00cdLICO DE EP\u00cdTOPOS DE C\u00c9LULAS B E T ATRAV\u00c9S DE FERRAMENTAS DE BIOINFORM\u00c1TICA.&#8221;<\/p>\n<p><strong>Orientador:<\/strong> Dr\u00aa Olga Tavares Lima Machado \u2013 LQFPP\/UENF<\/p>\n<p><strong>Banca:<\/strong> Dr\u00aa Alba Luc\u00ednia Peixoto Rangel \u2013 UENF<\/p>\n<p>Dr. Milton Masahiko Kanashiro \u2013 UENF<\/p>\n<p>Dr. Maur\u00edcio Afonso Ver\u00edcimo \u2013 UF<\/p>\n<p>___________________________________________________________________<\/p>\n<p><strong>4- <a href=\"https:\/\/uenf.br\/posgraduacao\/biociencias-biotecnologia\/wp-content\/uploads\/sites\/12\/2025\/02\/ULLI-BARROS-OLIVEIRA.pdf\">ULLI BARROS OLIVEIRA<\/a><\/strong><\/p>\n<p><strong>Data:<\/strong> 06\/09\/2023<\/p>\n<p><strong>T\u00edtulo: <\/strong>\u201cGENES ELOVL EM INSETOS E O PAPEL DE ELOVL2 NO OVO DE TRIBOLIUM CASTANEUM (COLEOPTERA: TENEBRIONIDAE).\u201d<\/p>\n<p><strong>Orientador:<\/strong> Dr. Gustavo Lazzaro Rezende \u2013 LQFPP\/UENF<\/p>\n<p><strong>Banca<\/strong>: Dr\u00aa Antonia Elenir Amancio Oliveira \u2013 UENF<\/p>\n<p>Dr. Rodrigo Nunes da Fonseca \u2013 UFRJ<\/p>\n<p>Dr. David Majerowicz \u2013 UFRJ<\/p>\n<p>___________________________________________________________________<\/p>\n<p><strong>5- <a href=\"https:\/\/uenf.br\/posgraduacao\/biociencias-biotecnologia\/wp-content\/uploads\/sites\/12\/2025\/02\/RODRIGO-DA-SILVA-GEBARA.pdf\">RODRIGO DA SILVA GEBARA<\/a><\/strong><\/p>\n<p><strong>Data:<\/strong> 15\/09\/2023<\/p>\n<p><strong>T\u00edtulo: <\/strong>\u201cUM NOVO PEPT\u00cdDEO TERMOEST\u00c1VEL DE SEMENTES DE ADENANTHERA PAVONINA L. COM ATIVIDADE ANTIMICROBIANA, ANTIPROTEOL\u00cdTICA E AMILOL\u00cdTICA, ANTI-INFLAMAT\u00d3RIA E MECANISMO DE A\u00c7\u00c3O SOBRE LEVEDURAS.\u201d<\/p>\n<p><strong>Orientador:<\/strong> Dr. Andr\u00e9 de Oliveira Carvalho \u2013 LFBM\/UENF<\/p>\n<p><strong>Banca:<\/strong> Dr\u00aa Anna Lvovna Okorokova Fa\u00e7anha \u2013 UENF<\/p>\n<p>Dr\u00aa K\u00e1tia Valevski Sales Fernandes \u2013 UENF<\/p>\n<p>Dr\u00aa Maria Cristina Baracat Pereira \u2013 UFV<\/p>\n<p>___________________________________________________________________<\/p>\n<p><strong>6- <a href=\"https:\/\/uenf.br\/posgraduacao\/biociencias-biotecnologia\/wp-content\/uploads\/sites\/12\/2025\/02\/ARIELI-BERNARDO-PORTUGAL.pdf\">ARIELI BERNARDO PORTUGAL<\/a><\/strong><\/p>\n<p><strong>Data:<\/strong> 07\/12\/2023<\/p>\n<p><strong>T\u00edtulo: <\/strong>\u201cUM NOVO PEPT\u00cdDEO TERMOEST\u00c1VEL DE SEMENTES DE ADENANTHERA PAVONINA L. COM ATIVIDADE ANTIMICROBIANA, ANTIPROTEOL\u00cdTICA E AMILOL\u00cdTICA, ANTI-INFLAMAT\u00d3RIA E MECANISMO DE A\u00c7\u00c3O SOBRE LEVEDURAS.\u201d<\/p>\n<p><strong>Orientador:<\/strong> Dr. Jo\u00e3o Luiz Mendes Wanderley \u2013 UFRJ<\/p>\n<p><strong>Banca:<\/strong> Dr\u00aa Michelle Fraz\u00e3o Muzitano \u2013 UFRJ<\/p>\n<p>Dr. Sergio Henrique Seabra \u2013 LBCT\/UENF<\/p>\n<p>Dr\u00aa Suzana Passos Chaves \u2013 UFRJ<\/p>\n<p>___________________________________________________________________<\/p>\n","protected":false},"excerpt":{"rendered":"<p>Defesa de Tese 2023 Clique no autor para acessar a tese completa: 1- FELIPE FIGUEIR\u00d4A MOREIRA Data: 20\/03\/2023 T\u00edtulo: \u201cAVALIA\u00c7\u00c3O&#8230;<\/p>\n","protected":false},"author":25,"featured_media":0,"parent":1229,"menu_order":0,"comment_status":"closed","ping_status":"closed","template":"","meta":{"footnotes":""},"class_list":["post-4012","page","type-page","status-publish","hentry"],"_links":{"self":[{"href":"https:\/\/uenf.br\/posgraduacao\/biociencias-biotecnologia\/wp-json\/wp\/v2\/pages\/4012","targetHints":{"allow":["GET"]}}],"collection":[{"href":"https:\/\/uenf.br\/posgraduacao\/biociencias-biotecnologia\/wp-json\/wp\/v2\/pages"}],"about":[{"href":"https:\/\/uenf.br\/posgraduacao\/biociencias-biotecnologia\/wp-json\/wp\/v2\/types\/page"}],"author":[{"embeddable":true,"href":"https:\/\/uenf.br\/posgraduacao\/biociencias-biotecnologia\/wp-json\/wp\/v2\/users\/25"}],"replies":[{"embeddable":true,"href":"https:\/\/uenf.br\/posgraduacao\/biociencias-biotecnologia\/wp-json\/wp\/v2\/comments?post=4012"}],"version-history":[{"count":0,"href":"https:\/\/uenf.br\/posgraduacao\/biociencias-biotecnologia\/wp-json\/wp\/v2\/pages\/4012\/revisions"}],"up":[{"embeddable":true,"href":"https:\/\/uenf.br\/posgraduacao\/biociencias-biotecnologia\/wp-json\/wp\/v2\/pages\/1229"}],"wp:attachment":[{"href":"https:\/\/uenf.br\/posgraduacao\/biociencias-biotecnologia\/wp-json\/wp\/v2\/media?parent=4012"}],"curies":[{"name":"wp","href":"https:\/\/api.w.org\/{rel}","templated":true}]}}