{"id":4073,"date":"2025-02-17T15:04:57","date_gmt":"2025-02-17T18:04:57","guid":{"rendered":"https:\/\/uenf.br\/posgraduacao\/biociencias-biotecnologia\/?page_id=4073"},"modified":"2025-02-17T15:15:23","modified_gmt":"2025-02-17T18:15:23","slug":"2014-4","status":"publish","type":"page","link":"https:\/\/uenf.br\/posgraduacao\/biociencias-biotecnologia\/teses-defendidas-2\/2014-4\/","title":{"rendered":"2014"},"content":{"rendered":"<p><strong>DISSERTA\u00c7\u00c3O DE MESTRADO 2014<\/strong><\/p>\n<ul>\n<li>Clique no autor para acessar a tese completa:<\/li>\n<\/ul>\n<p><strong>1- <a href=\"https:\/\/uenf.br\/posgraduacao\/biociencias-biotecnologia\/wp-content\/uploads\/sites\/12\/2025\/02\/THAIS-PACHECO-SOARES.pdf\">THA\u00cdS PACHECO SOARES<\/a><\/strong><\/p>\n<p><strong>Data: <\/strong>18\/02\/2014<\/p>\n<p><strong>T\u00edtulo<\/strong>: \u201cEXPRESS\u00c3O DE Ric c1, UM IMPORTANTE AL\u00c9RGENO DE Ricinus communis, EM Escherichia coli E MUTA\u00c7\u00d5ES EM SEUS EPITOPOS ALERG\u00caNICOS.\u201d<\/p>\n<p><strong>Orientador: <\/strong>Olga Lima Tavares Machado<\/p>\n<p><strong>Banca:<\/strong><\/p>\n<p>Russolina Benedeta Zingali<\/p>\n<p>Goncalo Apolinario De Souza Filho<\/p>\n<p>Valdirene Moreira Gomes<\/p>\n<p>Andre De Oliveira Carvalho<\/p>\n<p>_________________________________________________________<\/p>\n<p><strong>2 &#8211; <a href=\"https:\/\/uenf.br\/posgraduacao\/biociencias-biotecnologia\/wp-content\/uploads\/sites\/12\/2025\/02\/FERNANDA-SILVA-DE-SOUZA.pdf\">FERNANDA SILVA DE SOUZA<\/a><\/strong><\/p>\n<p><strong>Data: <\/strong>20\/02\/2014<\/p>\n<p><strong>T\u00edtulo: <\/strong>\u201cAvalia\u00e7\u00e3o da entrada e desenvolvimento de subpopula\u00e7\u00e3o fosfatidilserina positiva de Toxoplasma gondii ap\u00f3s tratamento com putrescina\u201d<\/p>\n<p><strong>Orientador:<\/strong> Renato Augusto Damatta<\/p>\n<p><strong>Banca: <\/strong><\/p>\n<p>Fabio Da Silva De Azevedo Fortes<\/p>\n<p>Clovis De Paula Santos<\/p>\n<p>Alba Lucinia Peixoto Rangel Gama<\/p>\n<p>__________________________________________________________<\/p>\n<p><strong>3- <a href=\"https:\/\/uenf.br\/posgraduacao\/biociencias-biotecnologia\/wp-content\/uploads\/sites\/12\/2025\/02\/GESSIKA-SILVA-SOUZA.pdf\">GESSIKA SILVA SOUZA<\/a><\/strong><\/p>\n<p><strong>Data: <\/strong>24\/02\/2014<\/p>\n<p><strong>T\u00edtulo: <\/strong>\u201cSUPEREXPRESS\u00c3O DE UMA DEFENSINA CLONADA DE SEMENTE DE FEIJ\u00c3O-DE-CORDA (Vigna unguiculata L. Walp.) E CARACTERIZA\u00c7\u00c3O DE SUA ATIVIDADE SOBRE Leishmania amazonensis G\u00c9SSIKA SILVA\u201d<\/p>\n<p><strong>Orientador: <\/strong>Andre De Oliveira Carvalho<\/p>\n<p><strong>Banca:<\/strong><\/p>\n<p>Victor Martin Quintana Flores<\/p>\n<p>Edesio Jose Tenorio De Melo<\/p>\n<p>Marco Antonio Lopes Cruz<\/p>\n<p>__________________________________________________________<\/p>\n<p><strong>4 &#8211; <a href=\"https:\/\/uenf.br\/posgraduacao\/biociencias-biotecnologia\/wp-content\/uploads\/sites\/12\/2025\/02\/THIAGO-BARBOSA-DE-SOUZA.pdf\">THIAGO BARBOSA DE SOUZA<\/a><\/strong><\/p>\n<p><strong>Data: <\/strong>24\/02\/2014<\/p>\n<p><strong>T\u00edtulo: \u201c<\/strong>METILA\u00c7\u00c3O DE DINUCLEOT\u00cdDEOS CpG PROXIMAIS A REPETI\u00c7\u00c3O CONSERVADA (CTG)n NO \u00c9XON 1 DO GENE SRPX \u00c9 INDICATIVA DO ESTADO DE INATIVA\u00c7\u00c3O DO CROMOSSOMO X EM HUMANOS E EM SAGUIS\u201d<\/p>\n<p><strong>Orientador: <\/strong>Enrique Medina Acosta<\/p>\n<p><strong>Banca: <\/strong><\/p>\n<p>Beatriz Dos Santos Ferreira<\/p>\n<p>Leonardo Serafim Da Silveira<\/p>\n<p>Alvaro Fabricio Lopes Rios<\/p>\n<p>__________________________________________________________<\/p>\n<p><strong>5 &#8211; <a href=\"https:\/\/uenf.br\/posgraduacao\/biociencias-biotecnologia\/wp-content\/uploads\/sites\/12\/2025\/02\/VIVIANE-LAMIM-LOVATEL.pdf\">VIVIANE LAMIM LOVATEL<\/a><\/strong><\/p>\n<p><strong>Data<\/strong>: \u00a028\/03\/2014<\/p>\n<p><strong>T\u00edtulo: \u201c<\/strong>POLIMORFISMO DO LOCO STR (GAAA)n PROMOTOR-ASSOCIADO N\u00c3O EST\u00c1 CORRELACIONADO COM N\u00cdVEIS DIFERENCIADOS DE EXPRESS\u00c3O TRANSCRICIONAL DO GENE RP2\u201d<\/p>\n<p><strong>Orientador:<\/strong> Enrique Medina Acosta<\/p>\n<p><strong>Banca:<\/strong><\/p>\n<p>Newton De Medeiros Vidal<\/p>\n<p>Alvaro Fabricio Lopes Rios<\/p>\n<p>Claudia Caixeta Franco Andrade<\/p>\n<p>__________________________________________________________<\/p>\n<p><strong>6 &#8211; NADIA CASARIN MARTINS DA SILVA<\/strong><\/p>\n<p><strong>Data<\/strong>: \u00a029\/04\/2014<\/p>\n<p><strong>T\u00edtulo: <\/strong>\u201cPROTE\u00cdNAS DE LIGA\u00c7\u00c3O \u00c0 QUITINA DE TEGUMENTO DE Albizia lebbeck e Glycine max: ISOLAMENTO, CARACTERIZA\u00c7\u00c3O E EFICI\u00caNCIA NO CONTROLE DA PENETRA\u00c7\u00c3O DE BRUQU\u00cdDEOS\u201d<\/p>\n<p><strong>Orientador:<\/strong> Antonia Elenir Amancio Oliveira<\/p>\n<p><strong>Banca:<\/strong><\/p>\n<p>Francisco Jose Alves Lemos<\/p>\n<p>Luciana Belarmindo Da Silva<\/p>\n<p>Andre De Oliveira Carvalho<\/p>\n<p>__________________________________________________________<\/p>\n<p><strong>7 &#8211; <a href=\"https:\/\/uenf.br\/posgraduacao\/biociencias-biotecnologia\/wp-content\/uploads\/sites\/12\/2025\/02\/RHONIA-FRANCA-GOMES-ROSA.pdf\">RH\u00d4NIA FRAN\u00c7A GOMES ROSA<\/a><\/strong><\/p>\n<p><strong>Data<\/strong>: \u00a030\/05\/2014<\/p>\n<p><strong>T\u00edtulo: \u201c<\/strong>ASSOCIA\u00c7\u00c3O DA TOXOPLASMOSE OCULAR COM LINF\u00d3CITOS T\u03b3\u03b4 E COM POLIMORFISMOS DE NUCLEOT\u00cdDEO \u00daNICO NOS GENES IL10 E TNF\u0391 EM INDIV\u00cdDUOS DE DIFERENTES FAIXAS ET\u00c1RIAS\u201d<\/p>\n<p><strong>Orientador:<\/strong> Elena Lassounskaia<\/p>\n<p><strong>Banca:<\/strong><\/p>\n<p>Renato Augusto Damatta<\/p>\n<p>Alba Lucinia Peixoto Rangel Gama<\/p>\n<p>Milton Masahiko Kanashiro<\/p>\n<p>Regina Celia De Souza Campos Fernandes<\/p>\n<p>__________________________________________________________<\/p>\n<p><strong>8 &#8211; <a href=\"https:\/\/uenf.br\/posgraduacao\/biociencias-biotecnologia\/wp-content\/uploads\/sites\/12\/2025\/02\/THIAGO-TORRES-DE-AGUIAR.pdf\">THIAGO TORRES DE AGUIAR<\/a><\/strong><\/p>\n<p><strong>Data<\/strong>: \u00a002\/06\/2014<\/p>\n<p><strong>T\u00edtulo: <\/strong>\u201cCARACTERIZA\u00c7\u00c3O PARCIAL DO FATOR INDUTOR DE CORPOS LIP\u00cdDICOS EM MACR\u00d3FAGOS MURINOS PRESENTE NO SORO DE CAMUNDONGO\u201d<\/p>\n<p><strong>Orientador:<\/strong> Renato Augusto Damatta<\/p>\n<p><strong>Banca:<\/strong><\/p>\n<p>Olga Lima Tavares Machado<\/p>\n<p>Georgia Correa Atella<\/p>\n<p>Maria Raquel Garcia Vega<\/p>\n<p>__________________________________________________________<\/p>\n<p><strong>9 &#8211; <a href=\"https:\/\/uenf.br\/posgraduacao\/biociencias-biotecnologia\/wp-content\/uploads\/sites\/12\/2025\/02\/CRISTIANI-MIRANDA-DAVID-GOSSANI.pdf\">CRISTIANI MIRANDA DAVID GOSSANI<\/a><\/strong><\/p>\n<p><strong>Data<\/strong>: 07\/07\/2014<\/p>\n<p><strong>T\u00edtulo<\/strong>: \u201cEVOLU\u00c7\u00c3O DE GENES QUE CONFEREM RESIST\u00caNCIA A M\u00daLTIPLAS DROGAS EM FUNGOS\u201d<\/p>\n<p><strong>Orientador:<\/strong> Thiago Motta Venancio<\/p>\n<p><strong>Banca:<\/strong><\/p>\n<p>Arnoldo Rocha Facanha<\/p>\n<p>Alessandro Coutinho Ramos<\/p>\n<p>Rodrigo Nunes Da Fonseca<\/p>\n<p>__________________________________________________________<\/p>\n<p><strong>10 &#8211; <a href=\"https:\/\/uenf.br\/posgraduacao\/biociencias-biotecnologia\/wp-content\/uploads\/sites\/12\/2025\/02\/CRISTIANE-FERRANTE-TULLII.pdf\">CRISTIANE FERRANTE TULLII<\/a><\/strong><\/p>\n<p><strong>Data<\/strong>: 14\/08\/2014<\/p>\n<p><strong>T\u00edtulo: <\/strong>\u201cCOL\u00c9TERES ESTIPULARES EM PALICOUREA AUBL. (RUBIACEAE): ASPECTOS ESTRUTURAIS E FUNCIONAIS\u201d<\/p>\n<p><strong>Orientador:<\/strong> Maura Da Cunha<\/p>\n<p><strong>Banca:<\/strong><\/p>\n<p>Valdirene Moreira Gomes<\/p>\n<p>Claudete Santa Catarina<\/p>\n<p>Tarsila Maria Da Silva Moraes<\/p>\n<p>__________________________________________________________<\/p>\n<p><strong>11 &#8211; <a href=\"https:\/\/uenf.br\/posgraduacao\/biociencias-biotecnologia\/wp-content\/uploads\/sites\/12\/2025\/02\/LIVIA-FERREIRA-DA-SILVA.pdf\">LIVIA FERREIRA DA SILVA<\/a><\/strong><\/p>\n<p><strong>Data<\/strong>: 02\/10\/2014<\/p>\n<p><strong>T\u00edtulo: \u201cAN\u00c1LISE DA EXPRESS\u00c3O DOS GENES DICER E ARGONAUTA EM Aedes aegypti\u201d<\/strong><\/p>\n<p><strong>Orientador:<\/strong> Marilvia Dansa De Alencar<\/p>\n<p><strong>Banca:<\/strong><\/p>\n<p>Jorge Luiz Da Cunha Moraes<\/p>\n<p>Francisco Jose Alves Lemos<\/p>\n<p>Andrea Cristina Veto Arnholdt<\/p>\n<p>__________________________________________________________<\/p>\n<p><strong>12 &#8211; <a href=\"https:\/\/uenf.br\/posgraduacao\/biociencias-biotecnologia\/wp-content\/uploads\/sites\/12\/2025\/02\/FLAVIA-CAMILA-VIEIRA-DA-SILVA.pdf\">FLAVIA CAMILA VIEIRA DA SILVA<\/a><\/strong><\/p>\n<p><strong>Data<\/strong>: 02\/12\/2014<\/p>\n<p><strong>T\u00edtulo: <\/strong>\u201cPROTE\u00cdNA TRANSPORTADORA DE LIP\u00cdDEO DE Vigna unguiculata: OBTEN\u00c7\u00c3O RECOMBINANTE E AN\u00c1LISE DE SUA ATIVIDADE INIBIT\u00d3RIA SOBRE \uf061-AMILASE SALIVAR HUMANA E O ESTUDO DA CORRELA\u00c7\u00c3O DA ATIVIDADE INIBIT\u00d3RIA COM SUAS DIFERENTES REGI\u00d5ES ESTRUTURAIS\u201d<\/p>\n<p><strong>Orientador:<\/strong> Andre De Oliveira Carvalho<\/p>\n<p><strong>Banca:<\/strong><\/p>\n<p>Katia Valeviski Sales Fernandes<\/p>\n<p>Flavia Emenegilda Da Silva<\/p>\n<p>Francisco Jose Alves Lemos<\/p>\n<p>__________________________________________________________<\/p>\n<p><strong>13 &#8211; <a href=\"https:\/\/uenf.br\/posgraduacao\/biociencias-biotecnologia\/wp-content\/uploads\/sites\/12\/2025\/02\/MARIA-ELIZA-BRAMBILA-VIEIRA.pdf\">MARIA ELIZA BRAMBILA VIEIRA<\/a><\/strong><\/p>\n<p><strong>Data: <\/strong>18\/12\/2014<\/p>\n<p><strong>T\u00edtulo:<\/strong> \u201cPURIFICA\u00c7\u00c3O E CARACTERIZA\u00c7\u00c3O DE PEPT\u00cdDEO DE SEMENTES DE Lecythis pisonis CAMBESS (SAPUCAIA) E ESTUDO DE SUA ATIVIDADE ANTIMICROBIANA CONTRA Candida albicans\u201d<\/p>\n<p><strong>Orientador: <\/strong>Andre De Oliveira Carvalho<\/p>\n<p><strong>Banca:<\/strong><\/p>\n<p>Landi Veivi Guillermo Costilla<\/p>\n<p>Valdirene Moreira Gomes<\/p>\n<p>Aline Chaves Intorne<\/p>\n<p><strong>__________________________________________________________<\/strong><\/p>\n","protected":false},"excerpt":{"rendered":"<p>DISSERTA\u00c7\u00c3O DE MESTRADO 2014 Clique no autor para acessar a tese completa: 1- THA\u00cdS PACHECO SOARES Data: 18\/02\/2014 T\u00edtulo: \u201cEXPRESS\u00c3O&#8230;<\/p>\n","protected":false},"author":25,"featured_media":0,"parent":277,"menu_order":0,"comment_status":"closed","ping_status":"closed","template":"","meta":{"footnotes":""},"class_list":["post-4073","page","type-page","status-publish","hentry"],"_links":{"self":[{"href":"https:\/\/uenf.br\/posgraduacao\/biociencias-biotecnologia\/wp-json\/wp\/v2\/pages\/4073","targetHints":{"allow":["GET"]}}],"collection":[{"href":"https:\/\/uenf.br\/posgraduacao\/biociencias-biotecnologia\/wp-json\/wp\/v2\/pages"}],"about":[{"href":"https:\/\/uenf.br\/posgraduacao\/biociencias-biotecnologia\/wp-json\/wp\/v2\/types\/page"}],"author":[{"embeddable":true,"href":"https:\/\/uenf.br\/posgraduacao\/biociencias-biotecnologia\/wp-json\/wp\/v2\/users\/25"}],"replies":[{"embeddable":true,"href":"https:\/\/uenf.br\/posgraduacao\/biociencias-biotecnologia\/wp-json\/wp\/v2\/comments?post=4073"}],"version-history":[{"count":0,"href":"https:\/\/uenf.br\/posgraduacao\/biociencias-biotecnologia\/wp-json\/wp\/v2\/pages\/4073\/revisions"}],"up":[{"embeddable":true,"href":"https:\/\/uenf.br\/posgraduacao\/biociencias-biotecnologia\/wp-json\/wp\/v2\/pages\/277"}],"wp:attachment":[{"href":"https:\/\/uenf.br\/posgraduacao\/biociencias-biotecnologia\/wp-json\/wp\/v2\/media?parent=4073"}],"curies":[{"name":"wp","href":"https:\/\/api.w.org\/{rel}","templated":true}]}}