{"id":4248,"date":"2025-03-23T20:53:07","date_gmt":"2025-03-23T23:53:07","guid":{"rendered":"https:\/\/uenf.br\/posgraduacao\/biociencias-biotecnologia\/?page_id=4248"},"modified":"2025-12-16T17:26:38","modified_gmt":"2025-12-16T20:26:38","slug":"premios-de-discentes-e-docentes","status":"publish","type":"page","link":"https:\/\/uenf.br\/posgraduacao\/biociencias-biotecnologia\/produtividade-do-programa\/premios-de-discentes-e-docentes\/","title":{"rendered":"Premia\u00e7\u00f5es ou outros tipos de reconhecimento de docentes ou discentes\/egressos"},"content":{"rendered":"<ul>\n<li><span style=\"color: #3366ff\">2\u00ba lugar no 49 th Annual Meeting of the Brazilian Biophysical Society Unicamp, Campinas (2025)<\/span>: Miguel Eduardo Salazar Aurich<span style=\"text-decoration: underline\">\/orientador Prof. Luis Guilherme Mansor Basso<\/span>, trabalho \u201cEffect of Lipid Composition and Calcium Ions on the Structure and function of Sars-Cov -2 Fusion Peptides\u201d (<a href=\"https:\/\/eventos.galoa.com.br\/sbbf-2025\/page\/6119-home\">link<\/a> evento; <a href=\"https:\/\/uenf.br\/posgraduacao\/biociencias-biotecnologia\/wp-content\/uploads\/sites\/12\/2025\/12\/Miguel-Premiacao.pdf\">Certificado<\/a>).<\/li>\n<li><span style=\"color: #3366ff\">Men\u00e7\u00e3o Honrosa no 49 th Annual Meeting of the Brazilian Biophysical Society Unicamp, Campinas (2025)<\/span>: Marcos Joel Hernandez Pe\u00f1a<span style=\"text-decoration: underline\">\/orientador Prof. Luis Guilherme Mansor Basso<\/span>, trabalho \u201cExtracts from Helenium aromaticum and Orthopterygium huaucui as potential antimycobacterial agents\u201d (<a href=\"https:\/\/eventos.galoa.com.br\/sbbf-2025\/page\/6119-home\">link <\/a>evento; <a href=\"https:\/\/uenf.br\/posgraduacao\/biociencias-biotecnologia\/wp-content\/uploads\/sites\/12\/2025\/12\/Marcos-Joel-Premiacao.pdf\">Certificado<\/a>).<\/li>\n<li><span style=\"color: #3366ff\">Men\u00e7\u00e3o Honrosa do Pr\u00eamio Hor\u00e1cio Schneider no 70\u00ba International Congress of the Brazilian Genetics Society (2025)<\/span>: <span style=\"text-decoration: underline\">Let\u00edcia dos Santos Nascimento\/orientador Prof. Alvaro Fabr\u00edcio Lopes Rios<\/span>, trabalho \u201cGenetic editing of bovine mammary epithelial cells using CRISPR-CAS9 and ssODNs for the production of recombinant human fibronectin\u201d (<a href=\"https:\/\/sbg.org.br\/eventos\/genetica\/apresentacao\">link<\/a> evento; <a href=\"https:\/\/uenf.br\/posgraduacao\/biociencias-biotecnologia\/wp-content\/uploads\/sites\/12\/2025\/08\/Certificado-leticia.pdf\">Certificado<\/a>).<\/li>\n<li><span style=\"color: #3366ff\">1\u00ba lugar no Pr\u00eamio Eduardo Rosa de Melhor Tema Livre Oral no 42\u00ba Congresso Brasileiro de Arritmias Card\u00edacas &#8211; SOBRAC (2025)<\/span>: Yzabella Alves Campos Nogueira<span style=\"text-decoration: underline\">\/orientador Prof. Glauber Monteiro Dias<\/span>, trabalho \u201cDesenvolvimento de Modelo Experimental da S\u00edndrome Card\u00edaca do PRLAG2: Avalia\u00e7\u00e3o Cardiol\u00f3gica de Camundongos Portadores da Muta\u00e7\u00e3o PRKAG2 &#8211; P.HiS398GLN\u201d (<a href=\"https:\/\/sobrac.org\/sobrac2025\/\">link evento<\/a>; <a href=\"https:\/\/uenf.br\/posgraduacao\/biociencias-biotecnologia\/wp-content\/uploads\/sites\/12\/2025\/12\/2025-SOBRAC-1-LUGAR.pdf\">CERTIFICADO<\/a>.<\/li>\n<li><span style=\"color: #3366ff\">1\u00ba Lugar na Sess\u00e3o de Apresenta\u00e7\u00e3o Oral, Eixo II, no X Congresso Fluminense de P\u00f3s-Gradua\u00e7\u00e3o (2025)<\/span>: trabalho \u201cExplorando a interface STIM-Orai na ativa\u00e7\u00e3o do canal CRAC em parasitos helmintos\u201d; <span style=\"text-decoration: underline\">Yhony Sumari Misaico, orientadora Prof\u00aa Ana Eliza Zeraik. <\/span>(<a href=\"https:\/\/www.even3.com.br\/confict-conpg-2025\/\"><em>link<\/em><\/a><em> evento<\/em>; <a href=\"https:\/\/uenf.br\/posgraduacao\/biociencias-biotecnologia\/wp-content\/uploads\/sites\/12\/2025\/08\/Certificado-de-premiacao-_Yhony-Sumari_CONPG-2025.pdf\">Certificado <\/a>)<\/li>\n<\/ul>\n<ul>\n<li><span style=\"color: #3366ff\">Men\u00e7\u00e3o Honrosa no XII Simp\u00f3sio de Neuroci\u00eancias da UFF VII Simp\u00f3sio de Neuroci\u00eancias UFF-Fiocruz (2024)<\/span>: trabalho \u201cEfeitos do pranlucaste nas altera\u00e7\u00f5es fisiopatol\u00f3gicas de modelo animal de esclerose m\u00faltipla\u201d;\u00a0<span style=\"text-decoration: underline\">Ana Beatriz Miranda de S\u00e1, orientadora Profa Sheila Espirito Santo Araujo.\u00a0<\/span>(<a href=\"https:\/\/simposioneuroufffio.wixsite.com\/simposio\/premios\" target=\"_blank\" rel=\"noopener\"><em>link<\/em><\/a><em> evento<\/em>; <em><a href=\"https:\/\/uenf.br\/posgraduacao\/biociencias-biotecnologia\/wp-content\/uploads\/sites\/12\/2025\/03\/Ana-Beatriz-Miranda-de-Sa_Certificado-Mencao-Honrosa-UFF-FIOCRUZ-2024.pdf\">Certificado<\/a><\/em>)<\/li>\n<li><span style=\"color: #3366ff\">Men\u00e7\u00e3o Honrosa (3\u00ba lugar) na 2\u00aa edi\u00e7\u00e3o do Pr\u00eamio Carlos Chagas Filho<\/span>, categoria Biof\u00edsica Molecular, no 48\u00ba Congresso Anual da Sociedade Brasileira de Biof\u00edsica (SBBf)\/48th Annual Meeting of the Brazilian Biophysical Society (2024): trabalho \u201cStructural and functional analysis of the SARS-COV internal fusion peptide: biophysical mechanism of membrane fusion\u201d;\u00a0<span style=\"text-decoration: underline\">Marcos Joel Hernandez Pena, orientador Prof. Luis Guilherme Mansor Basso<\/span>.\u00a0(<a href=\"https:\/\/sbbfsecretaria.wixsite.com\/website-2\/general-5\"><em>link evento<\/em><\/a>; <em><a href=\"https:\/\/uenf.br\/portal\/noticias\/pesquisadores-da-uenf-conquistam-premios-em-congresso-nacional-de-biofisica\/\" target=\"_blank\" rel=\"noopener\">divulga\u00e7\u00e3o<\/a><\/em>)<\/li>\n<li><span style=\"color: #3366ff\">Men\u00e7\u00e3o Honrosa no 28\u00ba Congresso Brasileiro de Microscopia e Microan\u00e1lise<\/span>: <span style=\"text-decoration: underline\">Brunna Xavier Martins\/orientador Prof. Arnoldo Rocha Fa\u00e7anha<\/span>, trabalho \u201cCellular and metabolic reprogramming by TGF-beta increases V-ATPase expression and tumor malignancy\u201d (<em><a href=\"https:\/\/uenf.br\/posgraduacao\/biociencias-biotecnologia\/wp-content\/uploads\/sites\/12\/2025\/03\/Brunna-Xavier-Martins_Mencao-honrosa_28-Congresso-da-Sociedade-Brasileira-de-Microscopia-e-Microanalise-2021.pdf\">certificado<\/a><\/em>).<\/li>\n<li>\n<p style=\"font-weight: 400\"><span style=\"color: #3366ff\">Melhores Trabalhos na sess\u00e3o da \u00e1rea de Microbiologia Ambiental do 31<sup>o<\/sup> Congresso Brasileiro de Microbiologia<\/span> \u2013 CBM 2021: doutoranda <span style=\"text-decoration: underline\">Gabriela Petroceli Mota<\/span> (orientadora Aline Intorne), trabalho \u201cA <em>Enterobacter clocae<\/em> grows at high cadmium concentrations and protect <em>Salvinia auriculata<\/em>\u201d (<em><a href=\"https:\/\/uenf.br\/posgraduacao\/biociencias-biotecnologia\/wp-content\/uploads\/sites\/12\/2025\/03\/CBM-2021-Melhores-Trabalhos.pdf\">certificado CBM<\/a><\/em>)<\/p>\n<\/li>\n<li><span style=\"color: #3366ff\">1\u00b0 Lugar na Sess\u00e3o \u201cMinha Tese em 3 minutos\u201d<\/span>, Eixo 1 &#8211; Clima e sustentabilidade &amp; Eixo 2 &#8211; Fome zero, Sa\u00fade e bem-estar, IX Congresso Fluminense de P\u00f3s-Gradua\u00e7\u00e3o: doutorando PGBB <span style=\"text-decoration: underline\">Higor Almeida Cordeiro Nogueira<\/span>, orientador Prof. Enrique Medina-Acosta <em>(<\/em><em><a href=\"https:\/\/uenf.br\/posgraduacao\/biociencias-biotecnologia\/wp-content\/uploads\/sites\/12\/2025\/03\/Higor-Almeida-Cordeiro-Nogueira_CONPG.pdf\">certificado<\/a><\/em>)<\/li>\n<li><span style=\"color: #3366ff\">1\u00b0 Lugar na Sess\u00e3o de Banner<\/span>,\u00a0Eixo 2 \u2013 Fome zero, Sa\u00fade e bem-estar, IX Congresso Fluminense de P\u00f3s-Gradua\u00e7\u00e3o: mestrando PGBB <span style=\"text-decoration: underline\">Igor Nascimento Carvalho<\/span>, orientador Prof. Diogo de Abreu Meireles<\/li>\n<li><span style=\"color: #3366ff\">2\u00b0 Lugar na Sess\u00e3o de Apresenta\u00e7\u00e3o Oral<\/span>, Eixo 2 \u2013 Fome zero, Sa\u00fade e bem-estar, IX Congresso Fluminense de P\u00f3s-Gradua\u00e7\u00e3o: doutoranda PGBB <span style=\"text-decoration: underline\">Karla Livramento Mendon\u00e7a <\/span><span style=\"text-decoration: underline\">de Souza Oliveira<\/span>,\u00a0orientador Prof. S\u00e9rgio Henrique Seabra<\/li>\n<li><span style=\"color: #3366ff\">2\u00b0 Lugar na Sess\u00e3o de Banner<\/span>, Eixo 2 \u2013 Fome zero, Sa\u00fade e bem-estar, IX Congresso Fluminense de P\u00f3s-Gradua\u00e7\u00e3o: doutoranda PGBB <span style=\"text-decoration: underline\">Caroline Ribeiro Pessanha Porto,<\/span>\u00a0orientadora Profa. Olga Lima Tavares<\/li>\n<\/ul>\n<p style=\"font-weight: 400\">\n","protected":false},"excerpt":{"rendered":"<p>2\u00ba lugar no 49 th Annual Meeting of the Brazilian Biophysical Society Unicamp, Campinas (2025): Miguel Eduardo Salazar Aurich\/orientador Prof&#8230;.<\/p>\n","protected":false},"author":25,"featured_media":0,"parent":307,"menu_order":0,"comment_status":"closed","ping_status":"closed","template":"","meta":{"footnotes":""},"class_list":["post-4248","page","type-page","status-publish","hentry"],"_links":{"self":[{"href":"https:\/\/uenf.br\/posgraduacao\/biociencias-biotecnologia\/wp-json\/wp\/v2\/pages\/4248","targetHints":{"allow":["GET"]}}],"collection":[{"href":"https:\/\/uenf.br\/posgraduacao\/biociencias-biotecnologia\/wp-json\/wp\/v2\/pages"}],"about":[{"href":"https:\/\/uenf.br\/posgraduacao\/biociencias-biotecnologia\/wp-json\/wp\/v2\/types\/page"}],"author":[{"embeddable":true,"href":"https:\/\/uenf.br\/posgraduacao\/biociencias-biotecnologia\/wp-json\/wp\/v2\/users\/25"}],"replies":[{"embeddable":true,"href":"https:\/\/uenf.br\/posgraduacao\/biociencias-biotecnologia\/wp-json\/wp\/v2\/comments?post=4248"}],"version-history":[{"count":0,"href":"https:\/\/uenf.br\/posgraduacao\/biociencias-biotecnologia\/wp-json\/wp\/v2\/pages\/4248\/revisions"}],"up":[{"embeddable":true,"href":"https:\/\/uenf.br\/posgraduacao\/biociencias-biotecnologia\/wp-json\/wp\/v2\/pages\/307"}],"wp:attachment":[{"href":"https:\/\/uenf.br\/posgraduacao\/biociencias-biotecnologia\/wp-json\/wp\/v2\/media?parent=4248"}],"curies":[{"name":"wp","href":"https:\/\/api.w.org\/{rel}","templated":true}]}}