{"id":4306,"date":"2025-04-02T14:59:00","date_gmt":"2025-04-02T17:59:00","guid":{"rendered":"https:\/\/uenf.br\/posgraduacao\/biociencias-biotecnologia\/?page_id=4306"},"modified":"2025-04-02T15:11:15","modified_gmt":"2025-04-02T18:11:15","slug":"autoavaliacao-do-programa","status":"publish","type":"page","link":"https:\/\/uenf.br\/posgraduacao\/biociencias-biotecnologia\/apresentacao\/autoavaliacao-do-programa\/","title":{"rendered":"Autoavalia\u00e7\u00e3o do PGBB"},"content":{"rendered":"<p><span style=\"color: #035594\">O <strong>Question\u00e1rio de A<span class=\"il\">utoavalia\u00e7\u00e3o <\/span><\/strong><\/span>tem como base o <span style=\"color: #000000\">question\u00e1rio de <span class=\"il\">autoavalia\u00e7\u00e3o <\/span>prepa<\/span>rado pelo <strong><span style=\"color: #035594\">Comit\u00ea CB1 da CAPES<\/span><\/strong>. Seu preenchimento por todos os docentes credenciados, discentes matriculados, p\u00f3s-docs e egressos \u00e9 essencial para a <span class=\"il\">avalia<\/span>\u00e7\u00e3o quadrienal de nosso Programa.<\/p>\n<p>Al\u00e9m de constituir item obrigat\u00f3rio a ser avaliado pela CAPES conjuntamente com o nosso relat\u00f3rio quadrienal 2021-2024, uma plena ades\u00e3o com o devido preenchimento por todos os part\u00edcipes de nosso Programa ajudar\u00e1 na identifica\u00e7\u00e3o de eventuais problemas e nas provid\u00eancias para poss\u00edveis solu\u00e7\u00f5es.<\/p>\n<p>Acesso ao question\u00e1rio <a href=\"https:\/\/forms.gle\/MiZu2os9YZpg3AfN8\" target=\"_blank\" rel=\"noopener\"><strong><span style=\"color: #035594\">aqui<\/span><\/strong><\/a>.<\/p>\n","protected":false},"excerpt":{"rendered":"<p>O Question\u00e1rio de Autoavalia\u00e7\u00e3o tem como base o question\u00e1rio de autoavalia\u00e7\u00e3o preparado pelo Comit\u00ea CB1 da CAPES. Seu preenchimento por&#8230;<\/p>\n","protected":false},"author":25,"featured_media":0,"parent":652,"menu_order":1,"comment_status":"closed","ping_status":"closed","template":"","meta":{"footnotes":""},"class_list":["post-4306","page","type-page","status-publish","hentry"],"_links":{"self":[{"href":"https:\/\/uenf.br\/posgraduacao\/biociencias-biotecnologia\/wp-json\/wp\/v2\/pages\/4306","targetHints":{"allow":["GET"]}}],"collection":[{"href":"https:\/\/uenf.br\/posgraduacao\/biociencias-biotecnologia\/wp-json\/wp\/v2\/pages"}],"about":[{"href":"https:\/\/uenf.br\/posgraduacao\/biociencias-biotecnologia\/wp-json\/wp\/v2\/types\/page"}],"author":[{"embeddable":true,"href":"https:\/\/uenf.br\/posgraduacao\/biociencias-biotecnologia\/wp-json\/wp\/v2\/users\/25"}],"replies":[{"embeddable":true,"href":"https:\/\/uenf.br\/posgraduacao\/biociencias-biotecnologia\/wp-json\/wp\/v2\/comments?post=4306"}],"version-history":[{"count":0,"href":"https:\/\/uenf.br\/posgraduacao\/biociencias-biotecnologia\/wp-json\/wp\/v2\/pages\/4306\/revisions"}],"up":[{"embeddable":true,"href":"https:\/\/uenf.br\/posgraduacao\/biociencias-biotecnologia\/wp-json\/wp\/v2\/pages\/652"}],"wp:attachment":[{"href":"https:\/\/uenf.br\/posgraduacao\/biociencias-biotecnologia\/wp-json\/wp\/v2\/media?parent=4306"}],"curies":[{"name":"wp","href":"https:\/\/api.w.org\/{rel}","templated":true}]}}