{"id":4368,"date":"2025-05-22T14:52:51","date_gmt":"2025-05-22T17:52:51","guid":{"rendered":"https:\/\/uenf.br\/posgraduacao\/biociencias-biotecnologia\/?page_id=4368"},"modified":"2025-08-27T09:37:58","modified_gmt":"2025-08-27T12:37:58","slug":"1998-mestrado","status":"publish","type":"page","link":"https:\/\/uenf.br\/posgraduacao\/biociencias-biotecnologia\/1998-mestrado\/","title":{"rendered":"Ano 1998 Mestrado"},"content":{"rendered":"<p><strong>Disserta\u00e7\u00e3o de Mestrado 1998<\/strong><strong>:<\/strong><\/p>\n<p><strong>1 \u2013 SOLANGE RODRIGUES FERREIRA<\/strong><\/p>\n<p><strong>Data<\/strong>: 22\/01\/1998<\/p>\n<p><strong>T\u00edtulo<\/strong>: \u201cEFEITO DE INIBIDORES DE PROTE\u00cdNAS QUINASES NA INTERA\u00c7\u00c3O TOXOPLASMA GONDII COM MACR\u00d3FAGOS\u201d<\/p>\n<p><strong>Orientador: <\/strong>Wanderley de Souza<\/p>\n<p><strong>Banca: <\/strong>Andrea Arnould<\/p>\n<p>Maur\u00edlio Jos\u00e9 Soares<\/p>\n<p>Jos\u00e9 Xavier<\/p>\n<p>_______________________________________________<\/p>\n<p><strong>2 \u2013 ELAINE SOARES COIMBRA\u00a0\u00a0\u00a0 <\/strong><\/p>\n<p><strong>\u00a0Data<\/strong>: 20\/02\/1998<\/p>\n<p><strong>T\u00edtulo: \u201c<\/strong>ESTUDO DA COMPOSI\u00c7\u00c3O DA MEMBRANA DO VAC\u00daOLO ENDOC\u00cdTICO EM MACR\u00d3FAGOS INFECTADOS PELO <em>TRYPANOSOMA CRUZI<\/em>\u201d<\/p>\n<p><strong>Orientador: <\/strong>Tecia Maria Ulisses de Carvalho<\/p>\n<p>_______________________________________________<\/p>\n<p><strong>3\u2013 MARIA RAQUEL ALC\u00c2NTARA DE MIRANDA\u00a0\u00a0\u00a0\u00a0 <\/strong><\/p>\n<p><strong>\u00a0Data<\/strong>: 30\/03\/1998<\/p>\n<p><strong>T\u00edtulo: \u201c<\/strong>MODIFICA\u00c7\u00d5ES QUIMICAS DE VICILINAS DE VIGNA UNGUICULATA\u201d<\/p>\n<p><strong>Orientador: <\/strong>Jos\u00e9 Xavier Filho<\/p>\n<p>_______________________________________________<\/p>\n<p><strong>4 \u2013 SHEILA TAVARES PEREIRA\u00a0\u00a0\u00a0\u00a0\u00a0\u00a0\u00a0 <\/strong><\/p>\n<p><strong>\u00a0Data<\/strong>: 06\/1998<\/p>\n<p><strong>T\u00edtulo: \u201c<\/strong>ESTUDO MORFOL\u00d3GICO DO EPIT\u00c9LIO INTESTINAL DO AEDES AEGYPTI E SUA INTERA\u00c7\u00c3O COM O PLASMODIUM GALLINACEUM\u201d<\/p>\n<p><strong>Orientador: <\/strong>Paulo F P. Pimenta<\/p>\n<p>_______________________________________________<\/p>\n<p><strong>5 \u2013 MARCO ANT\u00d4NIO DE OLIVEIRA<\/strong><\/p>\n<p><strong>Data<\/strong>: 30\/06\/1998<\/p>\n<p><strong>T\u00edtulo<\/strong>: \u201cESTUDO DO CICLO BIOL\u00d3GICO DO Trypanossoma rangeli (Tejera,1920) NO HOSPEDEIRO INVERTEBRADO Rhodnius prolixus\u201d<\/p>\n<p><strong>Orientador: <\/strong>Wanderley de Souza<\/p>\n<p>_______________________________________________<\/p>\n<p><strong>6 \u2013 LEONARDO MONTEIRO DA GAMA<\/strong><\/p>\n<p><strong>Data<\/strong>: 01\/07\/1998<\/p>\n<p><strong>T\u00edtulo<\/strong>: \u201cPEPT\u00cdDEOS NATURALMENTE APRESENTADOS POR MACR\u00d3FAGOS INFECTADOS POR TOXOPLASMA GONDII E SUA INFLU\u00caNCIA NA RESPOSTA IMUNE MURINA\u201d<\/p>\n<p><strong>Orientador:<\/strong> Andrea Cristina Vet\u00f6 Arnholdt<\/p>\n<p>______________________________________________<\/p>\n<p><strong>7 \u2013 JORGE ANT\u00d4NIO DE ASSUNP\u00c7\u00c3O NUNES<\/strong><\/p>\n<p><strong>Data<\/strong>: 06\/06\/1998<\/p>\n<p><strong>T\u00edtulo<\/strong>: \u201c CARACTERIZA\u00c7\u00c3O FISION\u00d4MICA, ESTRUTURAL E FLOR\u00cdSTICA DA RESTINGA DO COMPLEXO LAGUNAR GRUSSA\u00cd\/ IQUIPARI (S\u00c3O JO\u00c3O DA BARRA \u2013RJ)\u201d<\/p>\n<p><strong>Orientador: <\/strong>Marcelo Trindade Nascimento\/ Eurico Cabral de Oliveira<\/p>\n<p>_______________________________________________<\/p>\n<p><strong>8 \u2013 ADRIANA PEREIRA CIFALI<\/strong><\/p>\n<p><strong>Data<\/strong>: 21\/08\/1998<\/p>\n<p><strong>T\u00edtulo<\/strong>: \u201cPURIFICA\u00c7\u00c3O E CARACTERIZA\u00c7\u00c3O PARCIAL DE N-acetil-\u03b2-D-glucosaminidase de Tritrichomonas foetus\u201d<\/p>\n<p><strong>Orientador: <\/strong>Benedito Prado Dias Filho<\/p>\n<p><strong>Banca:<\/strong>Celuta Sales Aviano<\/p>\n<p>T\u00e9cia Maria Ulisses de Carvalho<\/p>\n<p>Jos\u00e9 Xavier Filho<\/p>\n<p>_______________________________________________<\/p>\n<p><strong>9\u2013 JOSANE MITTMANN <\/strong><\/p>\n<p><strong>Data<\/strong>: 26\/08\/1998<\/p>\n<p><strong>T\u00edtulo<\/strong>: \u201cESTUDO CITOGEN\u00c9TICO E DA PLURIPOT\u00caNCIA DE C\u00c9LULAS MURINAS H\u00cdBRIDAS, OBTIDAS PELA FUS\u00c3O DE C\u00c9LULAS EMBRION\u00c1RIAS TRONCO E C\u00c9LULAS SOM\u00c1TICAS\u201d<\/p>\n<p><strong>Orientador: <\/strong>Oleg L. Serov<\/p>\n<p>_______________________________________________<\/p>\n<p><strong>10\u2013 MARIA DAS GRA\u00c7AS MACHADO FREIRE\u00a0\u00a0\u00a0\u00a0 <\/strong><\/p>\n<p><strong>\u00a0Data<\/strong>: 10\/09\/1998<\/p>\n<p><strong>T\u00edtulo: \u201c<\/strong>ISOLAMENTO E CARACTERIZA\u00c7\u00c3O DE UMA GLICOPROTEINA ISOLADA DE VENENO DE BOTROPS ATROX\u201d<\/p>\n<p><strong>Orientador: <\/strong>Wilmar Dias Da Silva<\/p>\n<p>_______________________________________________<\/p>\n<p><strong>11\u2013 ALEX PURY MAZUREC<\/strong><\/p>\n<p><strong>Data<\/strong>: 29\/09\/1998<\/p>\n<p><strong>T\u00edtulo<\/strong>: \u201cPRODU\u00c7\u00c3O, APORTE DE NUTRIENTES E DECOMPOSI\u00c7\u00c3O DA SERRAPILHEIRA EM MATA ATL\u00c2NTICA DE ENCOSTA EM DUAS ALTITUDES, NA SERRA DO IMB\u00c9, NORTE FLUMINENSE\u201d<\/p>\n<p><strong>Orientador: <\/strong>Dora Maria Villela<\/p>\n<p><strong>Banca: <\/strong>Fl\u00e1vio Luiz\u00e3o<\/p>\n<p>Ant\u00f4nio Carlos da Gama Rodrigues<\/p>\n<p>Carlos Eduardo Rezende<\/p>\n<p>_______________________________________________<\/p>\n<p><strong>12 \u2013 VAL\u00c9RIA VASCONCELOS P\u00c1SCOA LEMOS<\/strong><\/p>\n<p><strong>Data<\/strong>: 02\/10\/1998<\/p>\n<p><strong>T\u00edtulo<\/strong>: \u201cA MATRIZ PERITR\u00d3FICA DO MOSQUITO AEDES AEGYPTI (LINNAEUS, 1762): ASPECTOS DE SUA FORMA\u00c7\u00c3O, DEGRADA\u00c7\u00c3O, ESTRUTURA E FUN\u00c7\u00c3O COMO BARREIRA QU\u00cdMICA AO GRUPO HEME\u201d<\/p>\n<p><strong>Orientador: <\/strong>Francisco Jos\u00e9 Alves Lemos \/ Paulo Filemon P. Pimenta<\/p>\n<p>_______________________________________________<\/p>\n<p><strong>13\u2013 MARIA EUG\u00caNIA FERREIRA TOTTI\u00a0\u00a0\u00a0\u00a0\u00a0\u00a0\u00a0 <\/strong><\/p>\n<p><strong>\u00a0Data<\/strong>: 09\/10\/1998<\/p>\n<p><strong>T\u00edtulo: \u201c<\/strong>ASPECTOS EPIDEMIOL\u00d3GICOS RELACIONADOS \u00c0 SA\u00daDE AMBIENTAL E HUMANA NA COMUNIDADE DO MATADOURO (CAMPOS, RJ)\u201d<\/p>\n<p><strong>Orientador: <\/strong>Cristina Maria Magalh\u00e3es de Souza<\/p>\n<p>_______________________________________________<\/p>\n<p><strong>14\u2013 LUIZ FERNANDES\u00a0\u00a0\u00a0\u00a0\u00a0\u00a0 <\/strong><\/p>\n<p><strong>\u00a0Data<\/strong>: 26\/11\/1998<\/p>\n<p><strong>T\u00edtulo:<\/strong> \u201cEFEITO DE DIFERENTES DILUENTES NA CRIOPRESERVA\u00c7\u00c3O DO S\u00caMEN EQUINO\u201d<\/p>\n<p><strong>\u00a0Orientador: <\/strong>Jos\u00e9 Frederico Straggiotti Silva e G\u00edlson Mendes da Cruz<\/p>\n<p>_______________________________________________<\/p>\n<p><strong>15\u2013 MARCELO GOMES DE ALMEIDA<\/strong><\/p>\n<p><strong>Data<\/strong>: 04\/12\/1998<\/p>\n<p><strong>T\u00edtulo<\/strong>: \u201cESTUDO BIOGEOQU\u00cdMICO DE ELEMENTOS TRA\u00c7OS NA LAGOA DE CIMA, RJ\u201d<\/p>\n<p><strong>Orientador: <\/strong>Cristina Maria Magalh\u00e3es de Souza<\/p>\n<p>_______________________________________________<\/p>\n<p><strong>16\u2013 MARCEL REDLING MORENO\u00a0\u00a0\u00a0\u00a0 <\/strong><\/p>\n<p><strong>Data<\/strong>: 14\/12\/1998<\/p>\n<p><strong>T\u00edtulo:<\/strong> \u201cESTRUTURA E COMPOSI\u00c7\u00c3O FLOR\u00cdSTICA DO ESTRATO ARB\u00d3REO EM DUAS ZONAS ALTITUDINAIS NA MATA ATL\u00c2NTICA DE ENCOSTA DA REGI\u00c3O DO IMB\u00c9 RJ\u201d<\/p>\n<p><strong>Orientador: <\/strong>Marcelo Trindade Nascimento<\/p>\n<p>_______________________________________________<\/p>\n","protected":false},"excerpt":{"rendered":"<p>Disserta\u00e7\u00e3o de Mestrado 1998: 1 \u2013 SOLANGE RODRIGUES FERREIRA Data: 22\/01\/1998 T\u00edtulo: \u201cEFEITO DE INIBIDORES DE PROTE\u00cdNAS QUINASES NA INTERA\u00c7\u00c3O&#8230;<\/p>\n","protected":false},"author":25,"featured_media":0,"parent":0,"menu_order":0,"comment_status":"closed","ping_status":"closed","template":"","meta":{"footnotes":""},"class_list":["post-4368","page","type-page","status-publish","hentry"],"_links":{"self":[{"href":"https:\/\/uenf.br\/posgraduacao\/biociencias-biotecnologia\/wp-json\/wp\/v2\/pages\/4368","targetHints":{"allow":["GET"]}}],"collection":[{"href":"https:\/\/uenf.br\/posgraduacao\/biociencias-biotecnologia\/wp-json\/wp\/v2\/pages"}],"about":[{"href":"https:\/\/uenf.br\/posgraduacao\/biociencias-biotecnologia\/wp-json\/wp\/v2\/types\/page"}],"author":[{"embeddable":true,"href":"https:\/\/uenf.br\/posgraduacao\/biociencias-biotecnologia\/wp-json\/wp\/v2\/users\/25"}],"replies":[{"embeddable":true,"href":"https:\/\/uenf.br\/posgraduacao\/biociencias-biotecnologia\/wp-json\/wp\/v2\/comments?post=4368"}],"version-history":[{"count":0,"href":"https:\/\/uenf.br\/posgraduacao\/biociencias-biotecnologia\/wp-json\/wp\/v2\/pages\/4368\/revisions"}],"wp:attachment":[{"href":"https:\/\/uenf.br\/posgraduacao\/biociencias-biotecnologia\/wp-json\/wp\/v2\/media?parent=4368"}],"curies":[{"name":"wp","href":"https:\/\/api.w.org\/{rel}","templated":true}]}}